{"id":20076,"date":"2026-05-07T11:51:33","date_gmt":"2026-05-07T11:51:33","guid":{"rendered":"https:\/\/www.justice4all.org\/dile-al-gobernador-spanberger-los-virginianos-necesitan-acciones-colectivas\/"},"modified":"2026-05-07T12:20:40","modified_gmt":"2026-05-07T12:20:40","slug":"dile-al-gobernador-spanberger-los-virginianos-necesitan-acciones-colectivas","status":"publish","type":"page","link":"https:\/\/www.justice4all.org\/es\/que-hacemos\/vivienda\/dile-al-gobernador-spanberger-los-virginianos-necesitan-acciones-colectivas\/","title":{"rendered":"DILE AL GOBERNADOR SPANBERGER: LOS VIRGINIANOS NECESITAN ACCIONES COLECTIVAS"},"content":{"rendered":"\n\n\n\n\n<div id=\"block_15b25faede8eec6d9a49db84615eb735\" class=\"content-wrapper-block has-background-color has-susurra-background-color style-normal bg-width-full \">\n\t<div class=\"container-fluid\">\n\t\t<div class=\"row justify-content-center\">\n\t\t\t<div class=\"col-lg-10\">\n\t\t\t\t\t\t\t\t\t<div class=\"row row-content justify-content-center\">\n\t\t\t\t\t\t\n\n\n\n\n<style type=\"text\/css\">\n\t.edit-post-visual-editor [data-block=\"262d0d050e0dc23298599421c3dfd7be\"] {\n\t\twidth: calc((12 \/ 12) * 100%)!important;\n\t\tmin-width: calc((12 \/ 12) * 100%)!important;\n\t}\n<\/style>\n\n<div id=\"block_262d0d050e0dc23298599421c3dfd7be\" class=\"col-lg-12 custom-column-block\">\n\t<div class=\"custom-column-wrapper  has-background-color has-white-background-color\">\n\t\t\n\n<p><strong>\u00bfSab\u00edas que Virginia y Mississippi son los dos \u00fanicos estados que no permiten las demandas colectivas en los tribunales estatales?  <\/strong>Estos casos son importantes porque permiten a los residentes como t\u00fa unirse para obtener una indemnizaci\u00f3n y alg\u00fan tipo de alivio de las empresas y los propietarios que causan da\u00f1os a muchas personas a la vez. Todos los dem\u00e1s estados, aparte del nuestro y de Misisip\u00ed, permiten a las comunidades buscar y recibir justicia como grupo y obligar a los malos actores a poner fin a pr\u00e1cticas ilegales y perjudiciales que se ceban en quienes menos pueden permit\u00edrselo.  Los malos actores que habitualmente cometen estas pr\u00e1cticas son exactamente quienes te imaginas: grandes empresas, propietarios que supervisan miles de viviendas y concesionarios de autom\u00f3viles que a menudo enga\u00f1an a la gente para que haga malos tratos con los coches<a>.<\/a> Sin esta herramienta, cada persona debe luchar su caso de uno en uno en un sistema inasequible e inaccesible para la mayor\u00eda.  <\/p>\n\n\n\n<p>En el Centro de Justicia de Asistencia Jur\u00eddica, nuestros abogados representan regularmente a personas con bajos ingresos que son v\u00edctimas de empresas malintencionadas. Por desgracia, s\u00f3lo podemos presentar un n\u00famero limitado de demandas individuales. Por eso necesitamos que el Gobernador nos permita presentar demandas colectivas ante los tribunales para defender a nuestras comunidades.  <\/p>\n\n\n\n<p>Las personas con mayores ingresos o con grandes reclamaciones pueden a menudo presentar demandas colectivas ante un tribunal federal. Sin embargo, los residentes ordinarios, y especialmente los clientes con bajos ingresos, a menudo no pueden permitirse costosos pleitos. <\/p>\n\n\n\n<p>Este a\u00f1o, nuestra Asamblea General aprob\u00f3 un proyecto de ley para cambiar los procedimientos judiciales y permitir las demandas colectivas estatales. Desgraciadamente, la gobernadora Spanberger modific\u00f3 el proyecto de ley de forma que limita gravemente su eficacia. La Asamblea General rechaz\u00f3 acertadamente estas enmiendas, y la gobernadora Spanberger tiene de nuevo la oportunidad de firmar este proyecto de ley.    <\/p>\n\n\n\n<p><\/p>\n\n\n\n<p class=\"has-text-align-center has-purple-color has-text-color has-link-color wp-elements-e95a740f14b16b89ea0c190587b2ed72\" style=\"font-size:25px\"><strong>Qu\u00e9 puedes hacer t\u00fa:  <\/strong><\/p>\n\n\n\n<p class=\"has-text-align-center\"><strong>Utiliza el siguiente formulario para ponerte en contacto con la oficina de la Gobernadora Spanberger e instarla a que firme el SB 229 y el HB 449<\/strong><\/p>\n\n\n\n<p class=\"has-text-align-center\" style=\"font-size:17px\"><em>Comparte esta acci\u00f3n: Reenv\u00eda esto a vecinos, amigos y familiares. Uno de cada tres hogares de Virginia es inquilino, y nuestras voces importan. <\/em>\u00a1!<a id=\"_msocom_1\"><\/a><\/p>\n\n\n\t<\/div>\n<\/div>\n\n\n\n\n  <style type=\"text\/css\">\n    #block_b641e2341cb13e9c2677b7aa81ffc2db > div{\n                        margin-top: calc(0 * 16px);\n                                      \n                        padding-top: calc(0 * 16px);\n                                          }\n\n    @media screen and (min-width: 768px) and (max-width: 991px) {\n      #block_b641e2341cb13e9c2677b7aa81ffc2db > div{\n                              margin-top: calc(0 * 12px);  \n                                                  \n                              padding-top: calc(0 * 12px);\n                                                      }\n    }\n\n    @media screen and (min-width: 480px) and (max-width: 767px) {\n      #block_b641e2341cb13e9c2677b7aa81ffc2db > div{\n                              margin-top: calc(0 * 8px);  \n                                                  \n                              padding-top: calc(0 * 8px);\n                                                      }\n    }\n\n    @media screen and (max-width: 479px) {\n      #block_b641e2341cb13e9c2677b7aa81ffc2db > div{\n                              margin-top: calc(0 * 4px);  \n                                                  \n                              padding-top: calc(0 * 4px);\n                                                      }\n    }\n\n  <\/style>\n\n<style type=\"text\/css\">\n\t.edit-post-visual-editor [data-block=\"b641e2341cb13e9c2677b7aa81ffc2db\"] {\n\t\twidth: calc((10 \/ 12) * 100%)!important;\n\t\tmin-width: calc((10 \/ 12) * 100%)!important;\n\t}\n<\/style>\n\n<div id=\"block_b641e2341cb13e9c2677b7aa81ffc2db\" class=\"col-lg-10 custom-column-block\">\n\t<div class=\"custom-column-wrapper  \">\n\t\t\n\n\n    <div class=\"muster-embed muster-embed-action\" data-action-center-id=\"7e72716f-bdc3-490a-accc-8a2c0b518e91\" data-domain=\"https:\/\/mstr.app\" data-height=\"1300\" data-width=\"100%\" data-height-full=\"false\" data-css=\"\" id=\"muster-action-embed-7e72716f-bdc3-490a-accc-8a2c0b518e91\">\n      <script src=\"https:\/\/widgets.muster.com\/v2\/action-center-20250715.js\" widget-id=\"muster-action-embed-7e72716f-bdc3-490a-accc-8a2c0b518e91\"><\/script>\n    <\/div>\n  \n\n\n\t<\/div>\n<\/div>\n\n\t\t\t\t\t<\/div>\n\t\t\t\t\t\t\t\n\t\t\t<\/div>\n\t\t<\/div>\n\t<\/div>\n\n\t<style type=\"text\/css\">\n\t\t.edit-post-visual-editor [data-block=\"15b25faede8eec6d9a49db84615eb735\"] .block-editor-block-list__layout {\n\t\t\tjustify-content: center;\n\t\t}\n\n\t\t\t<\/style>\n<\/div>\n","protected":false},"excerpt":{"rendered":"","protected":false},"author":4,"featured_media":0,"parent":13137,"menu_order":0,"comment_status":"closed","ping_status":"closed","template":"","meta":{"footnotes":""},"lajc-tax-roles":[],"lajc-tax-issues":[91,86],"lajc-tax-locations":[],"class_list":["post-20076","page","type-page","status-publish","hentry","lajc-tax-issues-deuda-medica-y-de-consumo","lajc-tax-issues-vivienda"],"acf":[],"yoast_head":"<!-- This site is optimized with the Yoast SEO plugin v27.5 - https:\/\/yoast.com\/product\/yoast-seo-wordpress\/ -->\n<title>DILE AL GOBERNADOR SPANBERGER: LOS VIRGINIANOS NECESITAN ACCIONES COLECTIVAS - Legal Aid Justice Center<\/title>\n<meta name=\"robots\" content=\"index, follow, max-snippet:-1, max-image-preview:large, max-video-preview:-1\" \/>\n<link rel=\"canonical\" href=\"https:\/\/www.justice4all.org\/es\/que-hacemos\/vivienda\/dile-al-gobernador-spanberger-los-virginianos-necesitan-acciones-colectivas\/\" \/>\n<meta property=\"og:locale\" content=\"es_ES\" \/>\n<meta property=\"og:type\" content=\"article\" \/>\n<meta property=\"og:title\" content=\"DILE AL GOBERNADOR SPANBERGER: LOS VIRGINIANOS NECESITAN ACCIONES COLECTIVAS - Legal Aid Justice Center\" \/>\n<meta property=\"og:url\" content=\"https:\/\/www.justice4all.org\/es\/que-hacemos\/vivienda\/dile-al-gobernador-spanberger-los-virginianos-necesitan-acciones-colectivas\/\" \/>\n<meta property=\"og:site_name\" content=\"Legal Aid Justice Center\" \/>\n<meta property=\"article:modified_time\" content=\"2026-05-07T12:20:40+00:00\" \/>\n<meta name=\"twitter:card\" content=\"summary_large_image\" \/>\n<meta name=\"twitter:label1\" content=\"Tiempo de lectura\" \/>\n\t<meta name=\"twitter:data1\" content=\"2 minuto\" \/>\n<script type=\"application\/ld+json\" class=\"yoast-schema-graph\">{\"@context\":\"https:\\\/\\\/schema.org\",\"@graph\":[{\"@type\":\"WebPage\",\"@id\":\"https:\\\/\\\/www.justice4all.org\\\/es\\\/que-hacemos\\\/vivienda\\\/dile-al-gobernador-spanberger-los-virginianos-necesitan-acciones-colectivas\\\/\",\"url\":\"https:\\\/\\\/www.justice4all.org\\\/es\\\/que-hacemos\\\/vivienda\\\/dile-al-gobernador-spanberger-los-virginianos-necesitan-acciones-colectivas\\\/\",\"name\":\"DILE AL GOBERNADOR SPANBERGER: LOS VIRGINIANOS NECESITAN ACCIONES COLECTIVAS - Legal Aid Justice Center\",\"isPartOf\":{\"@id\":\"https:\\\/\\\/www.justice4all.org\\\/es\\\/#website\"},\"datePublished\":\"2026-05-07T11:51:33+00:00\",\"dateModified\":\"2026-05-07T12:20:40+00:00\",\"breadcrumb\":{\"@id\":\"https:\\\/\\\/www.justice4all.org\\\/es\\\/que-hacemos\\\/vivienda\\\/dile-al-gobernador-spanberger-los-virginianos-necesitan-acciones-colectivas\\\/#breadcrumb\"},\"inLanguage\":\"es\",\"potentialAction\":[{\"@type\":\"ReadAction\",\"target\":[\"https:\\\/\\\/www.justice4all.org\\\/es\\\/que-hacemos\\\/vivienda\\\/dile-al-gobernador-spanberger-los-virginianos-necesitan-acciones-colectivas\\\/\"]}]},{\"@type\":\"BreadcrumbList\",\"@id\":\"https:\\\/\\\/www.justice4all.org\\\/es\\\/que-hacemos\\\/vivienda\\\/dile-al-gobernador-spanberger-los-virginianos-necesitan-acciones-colectivas\\\/#breadcrumb\",\"itemListElement\":[{\"@type\":\"ListItem\",\"position\":1,\"name\":\"Home\",\"item\":\"https:\\\/\\\/www.justice4all.org\\\/es\\\/\"},{\"@type\":\"ListItem\",\"position\":2,\"name\":\"Qu\u00e9 hacemos\",\"item\":\"https:\\\/\\\/www.justice4all.org\\\/es\\\/que-hacemos\\\/\"},{\"@type\":\"ListItem\",\"position\":3,\"name\":\"Vivienda\",\"item\":\"https:\\\/\\\/www.justice4all.org\\\/es\\\/que-hacemos\\\/vivienda\\\/\"},{\"@type\":\"ListItem\",\"position\":4,\"name\":\"DILE AL GOBERNADOR SPANBERGER: LOS VIRGINIANOS NECESITAN ACCIONES COLECTIVAS\"}]},{\"@type\":\"WebSite\",\"@id\":\"https:\\\/\\\/www.justice4all.org\\\/es\\\/#website\",\"url\":\"https:\\\/\\\/www.justice4all.org\\\/es\\\/\",\"name\":\"Legal Aid Justice Center\",\"description\":\"\",\"potentialAction\":[{\"@type\":\"SearchAction\",\"target\":{\"@type\":\"EntryPoint\",\"urlTemplate\":\"https:\\\/\\\/www.justice4all.org\\\/es\\\/?s={search_term_string}\"},\"query-input\":{\"@type\":\"PropertyValueSpecification\",\"valueRequired\":true,\"valueName\":\"search_term_string\"}}],\"inLanguage\":\"es\"}]}<\/script>\n<!-- \/ Yoast SEO plugin. -->","yoast_head_json":{"title":"DILE AL GOBERNADOR SPANBERGER: LOS VIRGINIANOS NECESITAN ACCIONES COLECTIVAS - Legal Aid Justice Center","robots":{"index":"index","follow":"follow","max-snippet":"max-snippet:-1","max-image-preview":"max-image-preview:large","max-video-preview":"max-video-preview:-1"},"canonical":"https:\/\/www.justice4all.org\/es\/que-hacemos\/vivienda\/dile-al-gobernador-spanberger-los-virginianos-necesitan-acciones-colectivas\/","og_locale":"es_ES","og_type":"article","og_title":"DILE AL GOBERNADOR SPANBERGER: LOS VIRGINIANOS NECESITAN ACCIONES COLECTIVAS - Legal Aid Justice Center","og_url":"https:\/\/www.justice4all.org\/es\/que-hacemos\/vivienda\/dile-al-gobernador-spanberger-los-virginianos-necesitan-acciones-colectivas\/","og_site_name":"Legal Aid Justice Center","article_modified_time":"2026-05-07T12:20:40+00:00","twitter_card":"summary_large_image","twitter_misc":{"Tiempo de lectura":"2 minuto"},"schema":{"@context":"https:\/\/schema.org","@graph":[{"@type":"WebPage","@id":"https:\/\/www.justice4all.org\/es\/que-hacemos\/vivienda\/dile-al-gobernador-spanberger-los-virginianos-necesitan-acciones-colectivas\/","url":"https:\/\/www.justice4all.org\/es\/que-hacemos\/vivienda\/dile-al-gobernador-spanberger-los-virginianos-necesitan-acciones-colectivas\/","name":"DILE AL GOBERNADOR SPANBERGER: LOS VIRGINIANOS NECESITAN ACCIONES COLECTIVAS - Legal Aid Justice Center","isPartOf":{"@id":"https:\/\/www.justice4all.org\/es\/#website"},"datePublished":"2026-05-07T11:51:33+00:00","dateModified":"2026-05-07T12:20:40+00:00","breadcrumb":{"@id":"https:\/\/www.justice4all.org\/es\/que-hacemos\/vivienda\/dile-al-gobernador-spanberger-los-virginianos-necesitan-acciones-colectivas\/#breadcrumb"},"inLanguage":"es","potentialAction":[{"@type":"ReadAction","target":["https:\/\/www.justice4all.org\/es\/que-hacemos\/vivienda\/dile-al-gobernador-spanberger-los-virginianos-necesitan-acciones-colectivas\/"]}]},{"@type":"BreadcrumbList","@id":"https:\/\/www.justice4all.org\/es\/que-hacemos\/vivienda\/dile-al-gobernador-spanberger-los-virginianos-necesitan-acciones-colectivas\/#breadcrumb","itemListElement":[{"@type":"ListItem","position":1,"name":"Home","item":"https:\/\/www.justice4all.org\/es\/"},{"@type":"ListItem","position":2,"name":"Qu\u00e9 hacemos","item":"https:\/\/www.justice4all.org\/es\/que-hacemos\/"},{"@type":"ListItem","position":3,"name":"Vivienda","item":"https:\/\/www.justice4all.org\/es\/que-hacemos\/vivienda\/"},{"@type":"ListItem","position":4,"name":"DILE AL GOBERNADOR SPANBERGER: LOS VIRGINIANOS NECESITAN ACCIONES COLECTIVAS"}]},{"@type":"WebSite","@id":"https:\/\/www.justice4all.org\/es\/#website","url":"https:\/\/www.justice4all.org\/es\/","name":"Legal Aid Justice Center","description":"","potentialAction":[{"@type":"SearchAction","target":{"@type":"EntryPoint","urlTemplate":"https:\/\/www.justice4all.org\/es\/?s={search_term_string}"},"query-input":{"@type":"PropertyValueSpecification","valueRequired":true,"valueName":"search_term_string"}}],"inLanguage":"es"}]}},"_links":{"self":[{"href":"https:\/\/www.justice4all.org\/es\/wp-json\/wp\/v2\/pages\/20076","targetHints":{"allow":["GET"]}}],"collection":[{"href":"https:\/\/www.justice4all.org\/es\/wp-json\/wp\/v2\/pages"}],"about":[{"href":"https:\/\/www.justice4all.org\/es\/wp-json\/wp\/v2\/types\/page"}],"author":[{"embeddable":true,"href":"https:\/\/www.justice4all.org\/es\/wp-json\/wp\/v2\/users\/4"}],"replies":[{"embeddable":true,"href":"https:\/\/www.justice4all.org\/es\/wp-json\/wp\/v2\/comments?post=20076"}],"version-history":[{"count":0,"href":"https:\/\/www.justice4all.org\/es\/wp-json\/wp\/v2\/pages\/20076\/revisions"}],"up":[{"embeddable":true,"href":"https:\/\/www.justice4all.org\/es\/wp-json\/wp\/v2\/pages\/13137"}],"wp:attachment":[{"href":"https:\/\/www.justice4all.org\/es\/wp-json\/wp\/v2\/media?parent=20076"}],"wp:term":[{"taxonomy":"lajc-tax-roles","embeddable":true,"href":"https:\/\/www.justice4all.org\/es\/wp-json\/wp\/v2\/lajc-tax-roles?post=20076"},{"taxonomy":"lajc-tax-issues","embeddable":true,"href":"https:\/\/www.justice4all.org\/es\/wp-json\/wp\/v2\/lajc-tax-issues?post=20076"},{"taxonomy":"lajc-tax-locations","embeddable":true,"href":"https:\/\/www.justice4all.org\/es\/wp-json\/wp\/v2\/lajc-tax-locations?post=20076"}],"curies":[{"name":"wp","href":"https:\/\/api.w.org\/{rel}","templated":true}]}}