{"id":20008,"date":"2026-04-21T15:54:42","date_gmt":"2026-04-21T15:54:42","guid":{"rendered":"https:\/\/www.justice4all.org\/los-inquilinos-de-virginia-no-pueden-esperar-elimina-los-retrasos-en-las-protecciones-de-los-inquilinos\/"},"modified":"2026-04-21T17:46:00","modified_gmt":"2026-04-21T17:46:00","slug":"los-inquilinos-de-virginia-no-pueden-esperar-elimina-los-retrasos-en-las-protecciones-de-los-inquilinos","status":"publish","type":"page","link":"https:\/\/www.justice4all.org\/es\/los-inquilinos-de-virginia-no-pueden-esperar-elimina-los-retrasos-en-las-protecciones-de-los-inquilinos\/","title":{"rendered":"Los inquilinos de Virginia no pueden esperar - Elimina los retrasos en las protecciones de los inquilinos"},"content":{"rendered":"\n\n\n\n\n<div id=\"block_260e96a8342f48e847575f07f61c1e2e\" class=\"content-wrapper-block  style-normal bg-width-full \">\n\t<div class=\"container-fluid\">\n\t\t<div class=\"row justify-content-center\">\n\t\t\t<div class=\"col-lg-8\">\n\t\t\t\t\t\t\t\t\t<div class=\"row row-content justify-content-center\">\n\t\t\t\t\t\t\n\n\n\n\n<style type=\"text\/css\">\n\t.edit-post-visual-editor [data-block=\"305a425bd8b2e465baa742534d703c66\"] {\n\t\twidth: calc((12 \/ 12) * 100%)!important;\n\t\tmin-width: calc((12 \/ 12) * 100%)!important;\n\t}\n<\/style>\n\n<div id=\"block_305a425bd8b2e465baa742534d703c66\" class=\"col-lg-12 custom-column-block\">\n\t<div class=\"custom-column-wrapper  \">\n\t\t\n\n<p>Dile a tu Senador y Delegado del Estado: Los inquilinos de Virginia no pueden esperar - Elimina los retrasos en la protecci\u00f3n de los inquilinos<\/p>\n\n\n\n<p>La Asamblea General de Virginia aprob\u00f3 importantes proyectos de ley para proteger a los inquilinos. Pero el Senado a\u00f1adi\u00f3 retrasos innecesarios a protecciones fundamentales, lo que significa que no entrar\u00e1n en vigor este mes de julio como otros proyectos de ley. Estos retrasos significan que los inquilinos seguir\u00e1n sufriendo en viviendas inseguras y enfrent\u00e1ndose a las represalias de los propietarios durante meses m\u00e1s.  <\/p>\n\n\n\n<p>Afortunadamente, la Gobernadora modific\u00f3 estos proyectos de ley para que entraran en vigor el 1 de julio de 2026. Sin embargo, si el Senado rechaza sus enmiendas, los inquilinos de todo Virginia tendr\u00e1n que esperar hasta enero de 2027 para beneficiarse de estas nuevas protecciones. No podemos esperar. Los problemas de vivienda est\u00e1n ocurriendo ahora mismo. Los inquilinos necesitan estas protecciones AHORA.    <\/p>\n\n\n\n<p><strong>Lo que puedes hacer<\/strong> Ponte en contacto AHORA con tu Senador y Delegado del Estado e \u00ednstales a ACEPTAR las enmiendas de la Gobernadora Spanberger a estos importantes proyectos de ley de protecci\u00f3n de los inquilinos.<\/p>\n\n\n\n<p>Las facturas que se retrasan:<\/p>\n\n\n\n<ul class=\"wp-block-list\">\n<li>HB 329 (Delegado McClure), que reforzar\u00eda nuestro derecho a organizarnos para mejorar nuestra calidad de vida sin miedo a que nuestros caseros tomen represalias contra nosotros.<\/li>\n\n\n\n<li>HB 281 (Delegado Callsen) y HB 848 (Delegado Cousins), que nos ayudar\u00edan a responsabilizar a los propietarios cuando no mantengan viviendas seguras y saludables.<\/li>\n\n\n\n<li>HB 834 (Delegado McClure), que aumentar\u00eda los derechos de los inquilinos en caso de incendio u otros da\u00f1os graves en sus viviendas.<\/li>\n<\/ul>\n\n\n\n<p>\u00a1La justicia retrasada es justicia denegada! \u00a1Act\u00faa ya! <\/p>\n\n\n\n<p><strong>Instrucciones:<\/strong><\/p>\n\n\n\n<p>Personaliza tu mensaje:<\/p>\n\n\n\n<ul class=\"wp-block-list\">\n<li>Comparte tu experiencia como arrendatario que se enfrenta a costes elevados, condiciones inseguras o trato injusto<\/li>\n\n\n\n<li>Si no eres inquilino, explica por qu\u00e9 apoyas la protecci\u00f3n de los inquilinos como aliado<\/li>\n<\/ul>\n\n\n\n<p>Comparte esta acci\u00f3n: Reenv\u00eda esto a vecinos, amigos y familiares. Uno de cada tres hogares de Virginia es inquilino y nuestras voces importan. <\/p>\n\n\n\t<\/div>\n<\/div>\n\n\n\n\n\n<style type=\"text\/css\">\n\t.edit-post-visual-editor [data-block=\"305a425bd8b2e465baa742534d703c66\"] {\n\t\twidth: calc((12 \/ 12) * 100%)!important;\n\t\tmin-width: calc((12 \/ 12) * 100%)!important;\n\t}\n<\/style>\n\n<div id=\"block_305a425bd8b2e465baa742534d703c66\" class=\"col-lg-12 custom-column-block\">\n\t<div class=\"custom-column-wrapper  \">\n\t\t\n\n<p><em>Despl\u00e1zate por debajo del recuadro azul para ver una traducci\u00f3n al espa\u00f1ol del correo electr\u00f3nico que se env\u00eda a tu cargo electo.  <\/em><\/p>\n\n\n\t<\/div>\n<\/div>\n\n\n\n\n  <style type=\"text\/css\">\n    #block_2d2f9b0164e7a7b9527d3da8e8a0abbd > div{\n      \n                        padding-top: calc(2 * 16px);\n                          padding-bottom: calc(2 * 16px);\n                          padding-left: calc(2 * 16px);\n                          padding-right: calc(2 * 16px);\n                  }\n\n    @media screen and (min-width: 768px) and (max-width: 991px) {\n      #block_2d2f9b0164e7a7b9527d3da8e8a0abbd > div{\n          \n                              padding-top: calc(2 * 12px);\n                                padding-bottom: calc(2 * 12px);\n                                padding-left: calc(2 * 12px);\n                                padding-right: calc(2 * 12px);\n                        }\n    }\n\n    @media screen and (min-width: 480px) and (max-width: 767px) {\n      #block_2d2f9b0164e7a7b9527d3da8e8a0abbd > div{\n          \n                              padding-top: calc(2 * 8px);\n                                padding-bottom: calc(2 * 8px);\n                                padding-left: calc(2 * 8px);\n                                padding-right: calc(2 * 8px);\n                        }\n    }\n\n    @media screen and (max-width: 479px) {\n      #block_2d2f9b0164e7a7b9527d3da8e8a0abbd > div{\n          \n                              padding-top: calc(2 * 4px);\n                                padding-bottom: calc(2 * 4px);\n                                padding-left: calc(2 * 4px);\n                                padding-right: calc(2 * 4px);\n                        }\n    }\n\n  <\/style>\n\n<style type=\"text\/css\">\n\t.edit-post-visual-editor [data-block=\"2d2f9b0164e7a7b9527d3da8e8a0abbd\"] {\n\t\twidth: calc((12 \/ 12) * 100%)!important;\n\t\tmin-width: calc((12 \/ 12) * 100%)!important;\n\t}\n<\/style>\n\n<div id=\"block_2d2f9b0164e7a7b9527d3da8e8a0abbd\" class=\"col-lg-12 custom-column-block\">\n\t<div class=\"custom-column-wrapper  has-background-color has-blue-background-color\">\n\t\t\n\n\n    <div class=\"muster-embed muster-embed-action\" data-action-center-id=\"a048b046-f691-4384-8600-e6dd2f4f6922\" data-domain=\"https:\/\/mstr.app\" data-height=\"1000\" data-width=\"100%\" data-height-full=\"true\" data-css=\"\" id=\"muster-action-embed-a048b046-f691-4384-8600-e6dd2f4f6922\">\n      <script src=\"https:\/\/widgets.muster.com\/v2\/action-center-20250715.js\" widget-id=\"muster-action-embed-a048b046-f691-4384-8600-e6dd2f4f6922\"><\/script>\n    <\/div>\n  \n\n\n\t<\/div>\n<\/div>\n\n\n\n\n\n<style type=\"text\/css\">\n\t.edit-post-visual-editor [data-block=\"305a425bd8b2e465baa742534d703c66\"] {\n\t\twidth: calc((12 \/ 12) * 100%)!important;\n\t\tmin-width: calc((12 \/ 12) * 100%)!important;\n\t}\n<\/style>\n\n<div id=\"block_305a425bd8b2e465baa742534d703c66\" class=\"col-lg-12 custom-column-block\">\n\t<div class=\"custom-column-wrapper  \">\n\t\t\n\n<p><span style=\"text-decoration: underline;\">Correo electr\u00f3nico al cargo electo en espa\u00f1ol:<\/span><\/p>\n\n\n\n<p>Estimado\/a Senador\/a y Delegado\/a,<\/p>\n\n\n\n<p>Soy un inquiline orgullose, y le estoy escribiendo para pedirle que por favor, quite los atrasos innecesarios para las protecciones de inquilinos que pasaron la Asamblea General, especialmente HB329, HB281, HB848 y HB 834. \u00a1Los inquilinos de Virginia necesitan estas protecciones AYER! <\/p>\n\n\n\n<p>Llevamos a\u00f1os empujando para estos cambios importantes. Cada una de estas propuestas de ley viene de una necesidad real y urgente de inquilinos como yo, en toda Virginia. Estamos luchando seriamente contra el coste de la vivienda, las condiciones inseguras y la vivienda inestable.    <\/p>\n\n\n\n<p>Pedimos que quite los atrasos de:<\/p>\n\n\n\n<ul class=\"wp-block-list\">\n<li>  HB329 (Delegado McClure) que fortalecer\u00e1 nuestro derecho de organizarnos para mejorar nuestra calidad de vida sin miedo a que el arrendador nos haga una represalia.<\/li>\n\n\n\n<li>HB 281 (Delegado Callsen) y HB 848 (Delegado Cousins) que nos ayudar\u00e1 a reclamar a arrendadores cuando no mantengan la vivienda en condici\u00f3n segura y saludable.<\/li>\n\n\n\n<li>HB 834 (Delegado McClure) que aumentar\u00e1 los derechos de les inquilines en caso de incendio u otro da\u00f1o severo a su vivienda.<\/li>\n<\/ul>\n\n\n\n<p>Si estas protecciones cr\u00edticas est\u00e1n atrasadas, seguiremos sufriendo por muchos meses m\u00e1s con viviendas inseguras y acoso de los arrendadores. Justicia retrasada es justicia negada. <\/p>\n\n\n\n<p>Especialmente en un a\u00f1o cuando todo el mundo est\u00e1 preocupado con la crisis de asequibilidad y la crisis de vivienda, contamos en nuestros representantes elegidos de tomar acci\u00f3n decisiva y significativa tan pronto como sea posible.<\/p>\n\n\n\n<p>1 de cada 3 familias en Virginia somos inquilinos. Somos importantes. Merecemos hogares seguros y asequibles. Usted tiene el poder de quitar estos atrasos, y hacer que estas propuestas de ley se hagan efectivas en Julio de 2026.     <\/p>\n\n\n\n<p>Por favor, act\u00faa AHORA. Gracias por su compromiso con el bienestar de todas las personas en Virginia. <\/p>\n\n\n\n<p>Sinceramente,<\/p>\n\n\n\n<p>(Su nombre)<\/p>\n\n\n\n<p><\/p>\n\n\n\t<\/div>\n<\/div>\n\n\t\t\t\t\t<\/div>\n\t\t\t\t\t\t\t\n\t\t\t<\/div>\n\t\t<\/div>\n\t<\/div>\n\n\t<style type=\"text\/css\">\n\t\t.edit-post-visual-editor [data-block=\"260e96a8342f48e847575f07f61c1e2e\"] .block-editor-block-list__layout {\n\t\t\tjustify-content: center;\n\t\t}\n\n\t\t\t<\/style>\n<\/div>\n","protected":false},"excerpt":{"rendered":"","protected":false},"author":4,"featured_media":0,"parent":0,"menu_order":0,"comment_status":"closed","ping_status":"closed","template":"","meta":{"footnotes":""},"lajc-tax-roles":[],"lajc-tax-issues":[86],"lajc-tax-locations":[85],"class_list":["post-20008","page","type-page","status-publish","hentry","lajc-tax-issues-vivienda","lajc-tax-locations-richmond-es"],"acf":[],"yoast_head":"<!-- This site is optimized with the Yoast SEO plugin v27.4 - https:\/\/yoast.com\/product\/yoast-seo-wordpress\/ -->\n<title>Los inquilinos de Virginia no pueden esperar - Elimina los retrasos en las protecciones de los inquilinos - Legal Aid Justice Center<\/title>\n<meta name=\"robots\" content=\"index, follow, max-snippet:-1, max-image-preview:large, max-video-preview:-1\" \/>\n<link rel=\"canonical\" href=\"https:\/\/www.justice4all.org\/es\/los-inquilinos-de-virginia-no-pueden-esperar-elimina-los-retrasos-en-las-protecciones-de-los-inquilinos\/\" \/>\n<meta property=\"og:locale\" content=\"es_ES\" \/>\n<meta property=\"og:type\" content=\"article\" \/>\n<meta property=\"og:title\" content=\"Los inquilinos de Virginia no pueden esperar - Elimina los retrasos en las protecciones de los inquilinos - Legal Aid Justice Center\" \/>\n<meta property=\"og:url\" content=\"https:\/\/www.justice4all.org\/es\/los-inquilinos-de-virginia-no-pueden-esperar-elimina-los-retrasos-en-las-protecciones-de-los-inquilinos\/\" \/>\n<meta property=\"og:site_name\" content=\"Legal Aid Justice Center\" \/>\n<meta property=\"article:modified_time\" content=\"2026-04-21T17:46:00+00:00\" \/>\n<meta name=\"twitter:card\" content=\"summary_large_image\" \/>\n<meta name=\"twitter:label1\" content=\"Tiempo de lectura\" \/>\n\t<meta name=\"twitter:data1\" content=\"3 minuto\" \/>\n<script type=\"application\/ld+json\" class=\"yoast-schema-graph\">{\"@context\":\"https:\\\/\\\/schema.org\",\"@graph\":[{\"@type\":\"WebPage\",\"@id\":\"https:\\\/\\\/www.justice4all.org\\\/es\\\/los-inquilinos-de-virginia-no-pueden-esperar-elimina-los-retrasos-en-las-protecciones-de-los-inquilinos\\\/\",\"url\":\"https:\\\/\\\/www.justice4all.org\\\/es\\\/los-inquilinos-de-virginia-no-pueden-esperar-elimina-los-retrasos-en-las-protecciones-de-los-inquilinos\\\/\",\"name\":\"Los inquilinos de Virginia no pueden esperar - Elimina los retrasos en las protecciones de los inquilinos - Legal Aid Justice Center\",\"isPartOf\":{\"@id\":\"https:\\\/\\\/www.justice4all.org\\\/es\\\/#website\"},\"datePublished\":\"2026-04-21T15:54:42+00:00\",\"dateModified\":\"2026-04-21T17:46:00+00:00\",\"breadcrumb\":{\"@id\":\"https:\\\/\\\/www.justice4all.org\\\/es\\\/los-inquilinos-de-virginia-no-pueden-esperar-elimina-los-retrasos-en-las-protecciones-de-los-inquilinos\\\/#breadcrumb\"},\"inLanguage\":\"es\",\"potentialAction\":[{\"@type\":\"ReadAction\",\"target\":[\"https:\\\/\\\/www.justice4all.org\\\/es\\\/los-inquilinos-de-virginia-no-pueden-esperar-elimina-los-retrasos-en-las-protecciones-de-los-inquilinos\\\/\"]}]},{\"@type\":\"BreadcrumbList\",\"@id\":\"https:\\\/\\\/www.justice4all.org\\\/es\\\/los-inquilinos-de-virginia-no-pueden-esperar-elimina-los-retrasos-en-las-protecciones-de-los-inquilinos\\\/#breadcrumb\",\"itemListElement\":[{\"@type\":\"ListItem\",\"position\":1,\"name\":\"Home\",\"item\":\"https:\\\/\\\/www.justice4all.org\\\/es\\\/\"},{\"@type\":\"ListItem\",\"position\":2,\"name\":\"Los inquilinos de Virginia no pueden esperar &#8211; Elimina los retrasos en las protecciones de los inquilinos\"}]},{\"@type\":\"WebSite\",\"@id\":\"https:\\\/\\\/www.justice4all.org\\\/es\\\/#website\",\"url\":\"https:\\\/\\\/www.justice4all.org\\\/es\\\/\",\"name\":\"Legal Aid Justice Center\",\"description\":\"\",\"potentialAction\":[{\"@type\":\"SearchAction\",\"target\":{\"@type\":\"EntryPoint\",\"urlTemplate\":\"https:\\\/\\\/www.justice4all.org\\\/es\\\/?s={search_term_string}\"},\"query-input\":{\"@type\":\"PropertyValueSpecification\",\"valueRequired\":true,\"valueName\":\"search_term_string\"}}],\"inLanguage\":\"es\"}]}<\/script>\n<!-- \/ Yoast SEO plugin. -->","yoast_head_json":{"title":"Los inquilinos de Virginia no pueden esperar - Elimina los retrasos en las protecciones de los inquilinos - Legal Aid Justice Center","robots":{"index":"index","follow":"follow","max-snippet":"max-snippet:-1","max-image-preview":"max-image-preview:large","max-video-preview":"max-video-preview:-1"},"canonical":"https:\/\/www.justice4all.org\/es\/los-inquilinos-de-virginia-no-pueden-esperar-elimina-los-retrasos-en-las-protecciones-de-los-inquilinos\/","og_locale":"es_ES","og_type":"article","og_title":"Los inquilinos de Virginia no pueden esperar - Elimina los retrasos en las protecciones de los inquilinos - Legal Aid Justice Center","og_url":"https:\/\/www.justice4all.org\/es\/los-inquilinos-de-virginia-no-pueden-esperar-elimina-los-retrasos-en-las-protecciones-de-los-inquilinos\/","og_site_name":"Legal Aid Justice Center","article_modified_time":"2026-04-21T17:46:00+00:00","twitter_card":"summary_large_image","twitter_misc":{"Tiempo de lectura":"3 minuto"},"schema":{"@context":"https:\/\/schema.org","@graph":[{"@type":"WebPage","@id":"https:\/\/www.justice4all.org\/es\/los-inquilinos-de-virginia-no-pueden-esperar-elimina-los-retrasos-en-las-protecciones-de-los-inquilinos\/","url":"https:\/\/www.justice4all.org\/es\/los-inquilinos-de-virginia-no-pueden-esperar-elimina-los-retrasos-en-las-protecciones-de-los-inquilinos\/","name":"Los inquilinos de Virginia no pueden esperar - Elimina los retrasos en las protecciones de los inquilinos - Legal Aid Justice Center","isPartOf":{"@id":"https:\/\/www.justice4all.org\/es\/#website"},"datePublished":"2026-04-21T15:54:42+00:00","dateModified":"2026-04-21T17:46:00+00:00","breadcrumb":{"@id":"https:\/\/www.justice4all.org\/es\/los-inquilinos-de-virginia-no-pueden-esperar-elimina-los-retrasos-en-las-protecciones-de-los-inquilinos\/#breadcrumb"},"inLanguage":"es","potentialAction":[{"@type":"ReadAction","target":["https:\/\/www.justice4all.org\/es\/los-inquilinos-de-virginia-no-pueden-esperar-elimina-los-retrasos-en-las-protecciones-de-los-inquilinos\/"]}]},{"@type":"BreadcrumbList","@id":"https:\/\/www.justice4all.org\/es\/los-inquilinos-de-virginia-no-pueden-esperar-elimina-los-retrasos-en-las-protecciones-de-los-inquilinos\/#breadcrumb","itemListElement":[{"@type":"ListItem","position":1,"name":"Home","item":"https:\/\/www.justice4all.org\/es\/"},{"@type":"ListItem","position":2,"name":"Los inquilinos de Virginia no pueden esperar &#8211; Elimina los retrasos en las protecciones de los inquilinos"}]},{"@type":"WebSite","@id":"https:\/\/www.justice4all.org\/es\/#website","url":"https:\/\/www.justice4all.org\/es\/","name":"Legal Aid Justice Center","description":"","potentialAction":[{"@type":"SearchAction","target":{"@type":"EntryPoint","urlTemplate":"https:\/\/www.justice4all.org\/es\/?s={search_term_string}"},"query-input":{"@type":"PropertyValueSpecification","valueRequired":true,"valueName":"search_term_string"}}],"inLanguage":"es"}]}},"_links":{"self":[{"href":"https:\/\/www.justice4all.org\/es\/wp-json\/wp\/v2\/pages\/20008","targetHints":{"allow":["GET"]}}],"collection":[{"href":"https:\/\/www.justice4all.org\/es\/wp-json\/wp\/v2\/pages"}],"about":[{"href":"https:\/\/www.justice4all.org\/es\/wp-json\/wp\/v2\/types\/page"}],"author":[{"embeddable":true,"href":"https:\/\/www.justice4all.org\/es\/wp-json\/wp\/v2\/users\/4"}],"replies":[{"embeddable":true,"href":"https:\/\/www.justice4all.org\/es\/wp-json\/wp\/v2\/comments?post=20008"}],"version-history":[{"count":0,"href":"https:\/\/www.justice4all.org\/es\/wp-json\/wp\/v2\/pages\/20008\/revisions"}],"wp:attachment":[{"href":"https:\/\/www.justice4all.org\/es\/wp-json\/wp\/v2\/media?parent=20008"}],"wp:term":[{"taxonomy":"lajc-tax-roles","embeddable":true,"href":"https:\/\/www.justice4all.org\/es\/wp-json\/wp\/v2\/lajc-tax-roles?post=20008"},{"taxonomy":"lajc-tax-issues","embeddable":true,"href":"https:\/\/www.justice4all.org\/es\/wp-json\/wp\/v2\/lajc-tax-issues?post=20008"},{"taxonomy":"lajc-tax-locations","embeddable":true,"href":"https:\/\/www.justice4all.org\/es\/wp-json\/wp\/v2\/lajc-tax-locations?post=20008"}],"curies":[{"name":"wp","href":"https:\/\/api.w.org\/{rel}","templated":true}]}}