{"id":19976,"date":"2026-03-19T19:03:44","date_gmt":"2026-03-19T19:03:44","guid":{"rendered":"https:\/\/www.justice4all.org\/dile-a-la-junta-escolar-de-charlottesville-que-se-replantee-y-vuelva-a-votar-sobre-los-sro-en-las-escuelas\/"},"modified":"2026-03-19T19:17:55","modified_gmt":"2026-03-19T19:17:55","slug":"dile-a-la-junta-escolar-de-charlottesville-que-se-replantee-y-vuelva-a-votar-sobre-los-sro-en-las-escuelas","status":"publish","type":"page","link":"https:\/\/www.justice4all.org\/es\/dile-a-la-junta-escolar-de-charlottesville-que-se-replantee-y-vuelva-a-votar-sobre-los-sro-en-las-escuelas\/","title":{"rendered":"Dile al Consejo Escolar de Charlottesville que se replantee y vuelva a votar sobre los SRO en las escuelas"},"content":{"rendered":"\n\n\n\n\n<div id=\"block_f72ccbafdaa7b76d4c1a48e3b872cc0d\" class=\"content-wrapper-block  style-normal bg-width-full \">\n\t<div class=\"container-fluid\">\n\t\t<div class=\"row justify-content-center\">\n\t\t\t<div class=\"col-lg-10\">\n\t\t\t\t\t\t\t\t\t<div class=\"row row-content justify-content-center\">\n\t\t\t\t\t\t\n\n\n\n\n<style type=\"text\/css\">\n\t.edit-post-visual-editor [data-block=\"227bf3a7fbd6a8f013bd688761e4ee4f\"] {\n\t\twidth: calc((12 \/ 12) * 100%)!important;\n\t\tmin-width: calc((12 \/ 12) * 100%)!important;\n\t}\n<\/style>\n\n<div id=\"block_227bf3a7fbd6a8f013bd688761e4ee4f\" class=\"col-lg-12 custom-column-block\">\n\t<div class=\"custom-column-wrapper  \">\n\t\t\n\n<p><strong>\u00bfDebe volver la polic\u00eda a las escuelas de Charlottesville sin contar con la opini\u00f3n de la comunidad?<br\/><\/strong><br\/>Antes de la reciente elecci\u00f3n de sus nuevos miembros, nuestro Consejo Escolar vot\u00f3 4-2 a favor de que volviera la polic\u00eda armada a los recintos escolares:<\/p>\n\n\n\n<ul class=\"wp-block-list\">\n<li>Antes de escuchar todas las aportaciones de la comunidad<\/li>\n\n\n\n<li>Sin presentar datos que expliquen por qu\u00e9 las escuelas no pueden gestionarse sin polic\u00eda<\/li>\n\n\n\n<li>Sin un acuerdo finalizado con el Departamento de Polic\u00eda de Charlottesville<\/li>\n\n\n\n<li>Sin presentar alternativas restaurativas a la polic\u00eda escolar<\/li>\n\n\n\n<li>Sin tener en cuenta el impacto de los SRO en nuestros alumnos m\u00e1s vulnerables<\/li>\n<\/ul>\n\n\n\n<p>Se prometi\u00f3 a los miembros de la comunidad que la decisi\u00f3n sobre las SRO esperar\u00eda hasta que las voces p\u00fablicas pudieran ser tenidas en cuenta de forma significativa.<\/p>\n\n\n\t<\/div>\n<\/div>\n\n\n\n\n\n<style type=\"text\/css\">\n\t.edit-post-visual-editor [data-block=\"227bf3a7fbd6a8f013bd688761e4ee4f\"] {\n\t\twidth: calc((12 \/ 12) * 100%)!important;\n\t\tmin-width: calc((12 \/ 12) * 100%)!important;\n\t}\n<\/style>\n\n<div id=\"block_227bf3a7fbd6a8f013bd688761e4ee4f\" class=\"col-lg-12 custom-column-block\">\n\t<div class=\"custom-column-wrapper  \">\n\t\t\n\n<p>Rellena el siguiente formulario para enviar un correo electr\u00f3nico a la Junta Escolar de la Ciudad de Charlottesville y pedirles que se replanteen y vuelvan a votar sobre permitir la presencia policial en nuestras escuelas.<\/p>\n\n\n\t<\/div>\n<\/div>\n\n\n\n\n\n<style type=\"text\/css\">\n\t.edit-post-visual-editor [data-block=\"2f1815d0e12ba615f51dcabef03d8e75\"] {\n\t\twidth: calc((12 \/ 12) * 100%)!important;\n\t\tmin-width: calc((12 \/ 12) * 100%)!important;\n\t}\n<\/style>\n\n<div id=\"block_2f1815d0e12ba615f51dcabef03d8e75\" class=\"col-lg-12 custom-column-block\">\n\t<div class=\"custom-column-wrapper  has-background-color has-light-gray-background-color\">\n\t\t\n\n\n    <div class=\"muster-embed muster-embed-action\" data-action-center-id=\"e00b813b-9978-4ec9-9871-29529783f36a\" data-domain=\"https:\/\/mstr.app\" data-height=\"1000\" data-width=\"100%\" data-height-full=\"false\" data-css=\"\" id=\"muster-action-embed-e00b813b-9978-4ec9-9871-29529783f36a\">\n      <script src=\"https:\/\/widgets.muster.com\/v2\/action-center-20250715.js\" widget-id=\"muster-action-embed-e00b813b-9978-4ec9-9871-29529783f36a\"><\/script>\n    <\/div>\n  \n\n\n\t<\/div>\n<\/div>\n\n\t\t\t\t\t<\/div>\n\t\t\t\t\t\t\t\n\t\t\t<\/div>\n\t\t<\/div>\n\t<\/div>\n\n\t<style type=\"text\/css\">\n\t\t.edit-post-visual-editor [data-block=\"f72ccbafdaa7b76d4c1a48e3b872cc0d\"] .block-editor-block-list__layout {\n\t\t\tjustify-content: center;\n\t\t}\n\n\t\t\t<\/style>\n<\/div>\n","protected":false},"excerpt":{"rendered":"","protected":false},"author":4,"featured_media":0,"parent":0,"menu_order":0,"comment_status":"closed","ping_status":"closed","template":"","meta":{"footnotes":""},"lajc-tax-roles":[],"lajc-tax-issues":[83],"lajc-tax-locations":[92],"class_list":["post-19976","page","type-page","status-publish","hentry","lajc-tax-issues-youth-family-schools-es","lajc-tax-locations-charlottesville-es"],"acf":[],"yoast_head":"<!-- This site is optimized with the Yoast SEO plugin v27.3 - https:\/\/yoast.com\/product\/yoast-seo-wordpress\/ -->\n<title>Dile al Consejo Escolar de Charlottesville que se replantee y vuelva a votar sobre los SRO en las escuelas - Legal Aid Justice Center<\/title>\n<meta name=\"robots\" content=\"index, follow, max-snippet:-1, max-image-preview:large, max-video-preview:-1\" \/>\n<link rel=\"canonical\" href=\"https:\/\/www.justice4all.org\/es\/dile-a-la-junta-escolar-de-charlottesville-que-se-replantee-y-vuelva-a-votar-sobre-los-sro-en-las-escuelas\/\" \/>\n<meta property=\"og:locale\" content=\"es_ES\" \/>\n<meta property=\"og:type\" content=\"article\" \/>\n<meta property=\"og:title\" content=\"Dile al Consejo Escolar de Charlottesville que se replantee y vuelva a votar sobre los SRO en las escuelas - Legal Aid Justice Center\" \/>\n<meta property=\"og:url\" content=\"https:\/\/www.justice4all.org\/es\/dile-a-la-junta-escolar-de-charlottesville-que-se-replantee-y-vuelva-a-votar-sobre-los-sro-en-las-escuelas\/\" \/>\n<meta property=\"og:site_name\" content=\"Legal Aid Justice Center\" \/>\n<meta property=\"article:modified_time\" content=\"2026-03-19T19:17:55+00:00\" \/>\n<meta name=\"twitter:card\" content=\"summary_large_image\" \/>\n<meta name=\"twitter:label1\" content=\"Tiempo de lectura\" \/>\n\t<meta name=\"twitter:data1\" content=\"1 minuto\" \/>\n<script type=\"application\/ld+json\" class=\"yoast-schema-graph\">{\"@context\":\"https:\\\/\\\/schema.org\",\"@graph\":[{\"@type\":\"WebPage\",\"@id\":\"https:\\\/\\\/www.justice4all.org\\\/es\\\/dile-a-la-junta-escolar-de-charlottesville-que-se-replantee-y-vuelva-a-votar-sobre-los-sro-en-las-escuelas\\\/\",\"url\":\"https:\\\/\\\/www.justice4all.org\\\/es\\\/dile-a-la-junta-escolar-de-charlottesville-que-se-replantee-y-vuelva-a-votar-sobre-los-sro-en-las-escuelas\\\/\",\"name\":\"Dile al Consejo Escolar de Charlottesville que se replantee y vuelva a votar sobre los SRO en las escuelas - Legal Aid Justice Center\",\"isPartOf\":{\"@id\":\"https:\\\/\\\/www.justice4all.org\\\/es\\\/#website\"},\"datePublished\":\"2026-03-19T19:03:44+00:00\",\"dateModified\":\"2026-03-19T19:17:55+00:00\",\"breadcrumb\":{\"@id\":\"https:\\\/\\\/www.justice4all.org\\\/es\\\/dile-a-la-junta-escolar-de-charlottesville-que-se-replantee-y-vuelva-a-votar-sobre-los-sro-en-las-escuelas\\\/#breadcrumb\"},\"inLanguage\":\"es\",\"potentialAction\":[{\"@type\":\"ReadAction\",\"target\":[\"https:\\\/\\\/www.justice4all.org\\\/es\\\/dile-a-la-junta-escolar-de-charlottesville-que-se-replantee-y-vuelva-a-votar-sobre-los-sro-en-las-escuelas\\\/\"]}]},{\"@type\":\"BreadcrumbList\",\"@id\":\"https:\\\/\\\/www.justice4all.org\\\/es\\\/dile-a-la-junta-escolar-de-charlottesville-que-se-replantee-y-vuelva-a-votar-sobre-los-sro-en-las-escuelas\\\/#breadcrumb\",\"itemListElement\":[{\"@type\":\"ListItem\",\"position\":1,\"name\":\"Home\",\"item\":\"https:\\\/\\\/www.justice4all.org\\\/es\\\/\"},{\"@type\":\"ListItem\",\"position\":2,\"name\":\"Dile al Consejo Escolar de Charlottesville que se replantee y vuelva a votar sobre los SRO en las escuelas\"}]},{\"@type\":\"WebSite\",\"@id\":\"https:\\\/\\\/www.justice4all.org\\\/es\\\/#website\",\"url\":\"https:\\\/\\\/www.justice4all.org\\\/es\\\/\",\"name\":\"Legal Aid Justice Center\",\"description\":\"\",\"potentialAction\":[{\"@type\":\"SearchAction\",\"target\":{\"@type\":\"EntryPoint\",\"urlTemplate\":\"https:\\\/\\\/www.justice4all.org\\\/es\\\/?s={search_term_string}\"},\"query-input\":{\"@type\":\"PropertyValueSpecification\",\"valueRequired\":true,\"valueName\":\"search_term_string\"}}],\"inLanguage\":\"es\"}]}<\/script>\n<!-- \/ Yoast SEO plugin. -->","yoast_head_json":{"title":"Dile al Consejo Escolar de Charlottesville que se replantee y vuelva a votar sobre los SRO en las escuelas - Legal Aid Justice Center","robots":{"index":"index","follow":"follow","max-snippet":"max-snippet:-1","max-image-preview":"max-image-preview:large","max-video-preview":"max-video-preview:-1"},"canonical":"https:\/\/www.justice4all.org\/es\/dile-a-la-junta-escolar-de-charlottesville-que-se-replantee-y-vuelva-a-votar-sobre-los-sro-en-las-escuelas\/","og_locale":"es_ES","og_type":"article","og_title":"Dile al Consejo Escolar de Charlottesville que se replantee y vuelva a votar sobre los SRO en las escuelas - Legal Aid Justice Center","og_url":"https:\/\/www.justice4all.org\/es\/dile-a-la-junta-escolar-de-charlottesville-que-se-replantee-y-vuelva-a-votar-sobre-los-sro-en-las-escuelas\/","og_site_name":"Legal Aid Justice Center","article_modified_time":"2026-03-19T19:17:55+00:00","twitter_card":"summary_large_image","twitter_misc":{"Tiempo de lectura":"1 minuto"},"schema":{"@context":"https:\/\/schema.org","@graph":[{"@type":"WebPage","@id":"https:\/\/www.justice4all.org\/es\/dile-a-la-junta-escolar-de-charlottesville-que-se-replantee-y-vuelva-a-votar-sobre-los-sro-en-las-escuelas\/","url":"https:\/\/www.justice4all.org\/es\/dile-a-la-junta-escolar-de-charlottesville-que-se-replantee-y-vuelva-a-votar-sobre-los-sro-en-las-escuelas\/","name":"Dile al Consejo Escolar de Charlottesville que se replantee y vuelva a votar sobre los SRO en las escuelas - Legal Aid Justice Center","isPartOf":{"@id":"https:\/\/www.justice4all.org\/es\/#website"},"datePublished":"2026-03-19T19:03:44+00:00","dateModified":"2026-03-19T19:17:55+00:00","breadcrumb":{"@id":"https:\/\/www.justice4all.org\/es\/dile-a-la-junta-escolar-de-charlottesville-que-se-replantee-y-vuelva-a-votar-sobre-los-sro-en-las-escuelas\/#breadcrumb"},"inLanguage":"es","potentialAction":[{"@type":"ReadAction","target":["https:\/\/www.justice4all.org\/es\/dile-a-la-junta-escolar-de-charlottesville-que-se-replantee-y-vuelva-a-votar-sobre-los-sro-en-las-escuelas\/"]}]},{"@type":"BreadcrumbList","@id":"https:\/\/www.justice4all.org\/es\/dile-a-la-junta-escolar-de-charlottesville-que-se-replantee-y-vuelva-a-votar-sobre-los-sro-en-las-escuelas\/#breadcrumb","itemListElement":[{"@type":"ListItem","position":1,"name":"Home","item":"https:\/\/www.justice4all.org\/es\/"},{"@type":"ListItem","position":2,"name":"Dile al Consejo Escolar de Charlottesville que se replantee y vuelva a votar sobre los SRO en las escuelas"}]},{"@type":"WebSite","@id":"https:\/\/www.justice4all.org\/es\/#website","url":"https:\/\/www.justice4all.org\/es\/","name":"Legal Aid Justice Center","description":"","potentialAction":[{"@type":"SearchAction","target":{"@type":"EntryPoint","urlTemplate":"https:\/\/www.justice4all.org\/es\/?s={search_term_string}"},"query-input":{"@type":"PropertyValueSpecification","valueRequired":true,"valueName":"search_term_string"}}],"inLanguage":"es"}]}},"_links":{"self":[{"href":"https:\/\/www.justice4all.org\/es\/wp-json\/wp\/v2\/pages\/19976","targetHints":{"allow":["GET"]}}],"collection":[{"href":"https:\/\/www.justice4all.org\/es\/wp-json\/wp\/v2\/pages"}],"about":[{"href":"https:\/\/www.justice4all.org\/es\/wp-json\/wp\/v2\/types\/page"}],"author":[{"embeddable":true,"href":"https:\/\/www.justice4all.org\/es\/wp-json\/wp\/v2\/users\/4"}],"replies":[{"embeddable":true,"href":"https:\/\/www.justice4all.org\/es\/wp-json\/wp\/v2\/comments?post=19976"}],"version-history":[{"count":0,"href":"https:\/\/www.justice4all.org\/es\/wp-json\/wp\/v2\/pages\/19976\/revisions"}],"wp:attachment":[{"href":"https:\/\/www.justice4all.org\/es\/wp-json\/wp\/v2\/media?parent=19976"}],"wp:term":[{"taxonomy":"lajc-tax-roles","embeddable":true,"href":"https:\/\/www.justice4all.org\/es\/wp-json\/wp\/v2\/lajc-tax-roles?post=19976"},{"taxonomy":"lajc-tax-issues","embeddable":true,"href":"https:\/\/www.justice4all.org\/es\/wp-json\/wp\/v2\/lajc-tax-issues?post=19976"},{"taxonomy":"lajc-tax-locations","embeddable":true,"href":"https:\/\/www.justice4all.org\/es\/wp-json\/wp\/v2\/lajc-tax-locations?post=19976"}],"curies":[{"name":"wp","href":"https:\/\/api.w.org\/{rel}","templated":true}]}}