{"id":19891,"date":"2026-02-17T19:56:32","date_gmt":"2026-02-17T19:56:32","guid":{"rendered":"https:\/\/www.justice4all.org\/que-hacemos\/sanidad-y-prestaciones-publicas\/apoyar-la-igualdad-de-acceso-al-seguro-de-desempleo\/"},"modified":"2026-02-17T20:05:42","modified_gmt":"2026-02-17T20:05:42","slug":"apoyar-la-igualdad-de-acceso-al-seguro-de-desempleo","status":"publish","type":"page","link":"https:\/\/www.justice4all.org\/es\/que-hacemos\/sanidad-y-prestaciones-publicas\/apoyar-la-igualdad-de-acceso-al-seguro-de-desempleo\/","title":{"rendered":"Apoyar la igualdad de acceso al seguro de desempleo"},"content":{"rendered":"\n\n\n\n\n<div id=\"block_bb2707f4e5e78795f1e0f0d5b3f0dd31\" class=\"content-wrapper-block has-background-color has-susurra-background-color style-normal bg-width-contenedor \">\n\t<div class=\"container-fluid\">\n\t\t<div class=\"row justify-content-center\">\n\t\t\t<div class=\"col-lg-8\">\n\t\t\t\t\t\t\t\t\t<div class=\"row row-content justify-content-center\">\n\t\t\t\t\t\t\n\n\n\n\n<style type=\"text\/css\">\n\t.edit-post-visual-editor [data-block=\"0ce97096391940a173bf506c45ab1d1d\"] {\n\t\twidth: calc((12 \/ 12) * 100%)!important;\n\t\tmin-width: calc((12 \/ 12) * 100%)!important;\n\t}\n<\/style>\n\n<div id=\"block_0ce97096391940a173bf506c45ab1d1d\" class=\"col-lg-12 custom-column-block\">\n\t<div class=\"custom-column-wrapper  \">\n\t\t\n\n<p><strong>Apoya ya la igualdad de acceso al seguro de desempleo para los trabajadores de Virginia - <em>Dile al Senado de Virginia que apruebe la HB 1319<\/em><\/strong><\/p>\n\n\n\n<ul class=\"wp-block-list\">\n<li>Actualmente, la duraci\u00f3n m\u00e1xima de las prestaciones del seguro de desempleo (UI) de un trabajador de Virginia oscila entre 12 y 26 semanas, en funci\u00f3n de una f\u00f3rmula de ingresos que no tiene nada que ver con el tiempo que se tarda en encontrar un trabajo adecuado.  <\/li>\n\n\n\n<li><strong>Dos vecinos pueden perder empleos similares al mismo tiempo, y uno estar\u00e1 cubierto durante 26 semanas y el otro s\u00f3lo durante 12<\/strong>, aunque ambos cumplan los requisitos de b\u00fasqueda de trabajo.<\/li>\n\n\n\n<li>Los trabajadores pueden seguir desempleados y cumplir los dem\u00e1s requisitos, pero ya no pueden acceder a las prestaciones econ\u00f3micas y de reempleo de la UI.<\/li>\n<\/ul>\n\n\n\n<p><strong>La HB 1319 proporcionar\u00eda coherencia y conexi\u00f3n con el mercado laboral<\/strong><\/p>\n\n\n\n<ul class=\"wp-block-list\">\n<li>La ley HB 1319 permitir\u00eda a todos los trabajadores que cumplan los requisitos solicitar hasta 26 semanas de prestaciones de desempleo. (El importe de sus prestaciones semanales seguir\u00eda bas\u00e1ndose en el historial de ingresos anteriores).   <\/li>\n\n\n\n<li>Como ocurre actualmente, <strong>los trabajadores s\u00f3lo podr\u00e1n solicitar semanas cuando cumplan activamente los criterios de admisibilidad, como buscar trabajo.<\/strong><\/li>\n\n\n\n<li>Cubrir hasta 26 semanas a todos los trabajadores que de otro modo tendr\u00edan derecho a ello no s\u00f3lo beneficia a los trabajadores, sino tambi\u00e9n a la econom\u00eda del estado, ya que los trabajadores podr\u00e1n mantener mejor el gasto familiar mientras buscan su pr\u00f3ximo buen empleo.<\/li>\n\n\n\n<li>Otros diez estados, entre ellos MD, WV y DC, ya tienen esta elegibilidad uniforme de 26 semanas.<\/li>\n\n\n\n<li>Se prev\u00e9 que la ley HB 1319 aumente los impuestos medios de los empresarios por empleado en s\u00f3lo 23,15 $ al a\u00f1o, manteniendo bajos los costes del impuesto estatal de desempleo para los empresarios de la Commonwealth. Los empresarios de Virginia tienen algunos de los costes fiscales m\u00e1s bajos del pa\u00eds (en el 20% inferior de los estados desde 2014) y seguir\u00e1n teniendo tipos bajos incluso con estos cambios. <\/li>\n<\/ul>\n\n\n\n<p><strong>Utilizando el siguiente formulario, env\u00eda un correo electr\u00f3nico a los miembros del<\/strong> Comit\u00e9 de Finanzas del <strong>Senado e \u00ednstales a que aprueben la ley HB 1319, para que el acceso uniforme a las 26 semanas sea una realidad para los trabajadores desempleados de Virginia.<\/strong><br\/><br\/>S\u00f3lo tienes que rellenar tus datos para enviar un correo electr\u00f3nico a los miembros del Comit\u00e9 de Finanzas del Senado (los datos personales nunca se comparten con nadie m\u00e1s all\u00e1 de los destinatarios).  <br\/><\/p>\n\n\n\n<div class=\"muster-embed muster-embed-action\" data-action-center-id=\"d900631b-e4c4-4ca0-b417-a5b98ed4f608\" data-domain=\"https:\/\/mstr.app\" data-height=\"1000\" data-width=\"100%\" data-height-full=\"true\" data-css=\"\" id=\"muster-action-embed-d900631b-e4c4-4ca0-b417-a5b98ed4f608\">\n      <script src=\"https:\/\/widgets.muster.com\/v2\/action-center-20250715.js\" widget-id=\"muster-action-embed-d900631b-e4c4-4ca0-b417-a5b98ed4f608\"><\/script>\n    <\/div>\n\n\n\t<\/div>\n<\/div>\n\n\t\t\t\t\t<\/div>\n\t\t\t\t\t\t\t\n\t\t\t<\/div>\n\t\t<\/div>\n\t<\/div>\n\n\t<style type=\"text\/css\">\n\t\t.edit-post-visual-editor [data-block=\"bb2707f4e5e78795f1e0f0d5b3f0dd31\"] .block-editor-block-list__layout {\n\t\t\tjustify-content: center;\n\t\t}\n\n\t\t\t<\/style>\n<\/div>\n","protected":false},"excerpt":{"rendered":"","protected":false},"author":4,"featured_media":0,"parent":13136,"menu_order":0,"comment_status":"closed","ping_status":"closed","template":"","meta":{"footnotes":""},"lajc-tax-roles":[],"lajc-tax-issues":[90],"lajc-tax-locations":[],"class_list":["post-19891","page","type-page","status-publish","hentry","lajc-tax-issues-sanidad-y-prestaciones-publicas"],"acf":[],"yoast_head":"<!-- This site is optimized with the Yoast SEO plugin v27.3 - https:\/\/yoast.com\/product\/yoast-seo-wordpress\/ -->\n<title>Apoyar la igualdad de acceso al seguro de desempleo - Legal Aid Justice Center<\/title>\n<meta name=\"robots\" content=\"index, follow, max-snippet:-1, max-image-preview:large, max-video-preview:-1\" \/>\n<link rel=\"canonical\" href=\"https:\/\/www.justice4all.org\/es\/que-hacemos\/sanidad-y-prestaciones-publicas\/apoyar-la-igualdad-de-acceso-al-seguro-de-desempleo\/\" \/>\n<meta property=\"og:locale\" content=\"es_ES\" \/>\n<meta property=\"og:type\" content=\"article\" \/>\n<meta property=\"og:title\" content=\"Apoyar la igualdad de acceso al seguro de desempleo - Legal Aid Justice Center\" \/>\n<meta property=\"og:url\" content=\"https:\/\/www.justice4all.org\/es\/que-hacemos\/sanidad-y-prestaciones-publicas\/apoyar-la-igualdad-de-acceso-al-seguro-de-desempleo\/\" \/>\n<meta property=\"og:site_name\" content=\"Legal Aid Justice Center\" \/>\n<meta property=\"article:modified_time\" content=\"2026-02-17T20:05:42+00:00\" \/>\n<meta name=\"twitter:card\" content=\"summary_large_image\" \/>\n<meta name=\"twitter:label1\" content=\"Tiempo de lectura\" \/>\n\t<meta name=\"twitter:data1\" content=\"2 minuto\" \/>\n<script type=\"application\/ld+json\" class=\"yoast-schema-graph\">{\"@context\":\"https:\\\/\\\/schema.org\",\"@graph\":[{\"@type\":\"WebPage\",\"@id\":\"https:\\\/\\\/www.justice4all.org\\\/es\\\/que-hacemos\\\/sanidad-y-prestaciones-publicas\\\/apoyar-la-igualdad-de-acceso-al-seguro-de-desempleo\\\/\",\"url\":\"https:\\\/\\\/www.justice4all.org\\\/es\\\/que-hacemos\\\/sanidad-y-prestaciones-publicas\\\/apoyar-la-igualdad-de-acceso-al-seguro-de-desempleo\\\/\",\"name\":\"Apoyar la igualdad de acceso al seguro de desempleo - Legal Aid Justice Center\",\"isPartOf\":{\"@id\":\"https:\\\/\\\/www.justice4all.org\\\/es\\\/#website\"},\"datePublished\":\"2026-02-17T19:56:32+00:00\",\"dateModified\":\"2026-02-17T20:05:42+00:00\",\"breadcrumb\":{\"@id\":\"https:\\\/\\\/www.justice4all.org\\\/es\\\/que-hacemos\\\/sanidad-y-prestaciones-publicas\\\/apoyar-la-igualdad-de-acceso-al-seguro-de-desempleo\\\/#breadcrumb\"},\"inLanguage\":\"es\",\"potentialAction\":[{\"@type\":\"ReadAction\",\"target\":[\"https:\\\/\\\/www.justice4all.org\\\/es\\\/que-hacemos\\\/sanidad-y-prestaciones-publicas\\\/apoyar-la-igualdad-de-acceso-al-seguro-de-desempleo\\\/\"]}]},{\"@type\":\"BreadcrumbList\",\"@id\":\"https:\\\/\\\/www.justice4all.org\\\/es\\\/que-hacemos\\\/sanidad-y-prestaciones-publicas\\\/apoyar-la-igualdad-de-acceso-al-seguro-de-desempleo\\\/#breadcrumb\",\"itemListElement\":[{\"@type\":\"ListItem\",\"position\":1,\"name\":\"Home\",\"item\":\"https:\\\/\\\/www.justice4all.org\\\/es\\\/\"},{\"@type\":\"ListItem\",\"position\":2,\"name\":\"Qu\u00e9 hacemos\",\"item\":\"https:\\\/\\\/www.justice4all.org\\\/es\\\/que-hacemos\\\/\"},{\"@type\":\"ListItem\",\"position\":3,\"name\":\"Sanidad y prestaciones p\u00fablicas\",\"item\":\"https:\\\/\\\/www.justice4all.org\\\/es\\\/que-hacemos\\\/sanidad-y-prestaciones-publicas\\\/\"},{\"@type\":\"ListItem\",\"position\":4,\"name\":\"Apoyar la igualdad de acceso al seguro de desempleo\"}]},{\"@type\":\"WebSite\",\"@id\":\"https:\\\/\\\/www.justice4all.org\\\/es\\\/#website\",\"url\":\"https:\\\/\\\/www.justice4all.org\\\/es\\\/\",\"name\":\"Legal Aid Justice Center\",\"description\":\"\",\"potentialAction\":[{\"@type\":\"SearchAction\",\"target\":{\"@type\":\"EntryPoint\",\"urlTemplate\":\"https:\\\/\\\/www.justice4all.org\\\/es\\\/?s={search_term_string}\"},\"query-input\":{\"@type\":\"PropertyValueSpecification\",\"valueRequired\":true,\"valueName\":\"search_term_string\"}}],\"inLanguage\":\"es\"}]}<\/script>\n<!-- \/ Yoast SEO plugin. -->","yoast_head_json":{"title":"Apoyar la igualdad de acceso al seguro de desempleo - Legal Aid Justice Center","robots":{"index":"index","follow":"follow","max-snippet":"max-snippet:-1","max-image-preview":"max-image-preview:large","max-video-preview":"max-video-preview:-1"},"canonical":"https:\/\/www.justice4all.org\/es\/que-hacemos\/sanidad-y-prestaciones-publicas\/apoyar-la-igualdad-de-acceso-al-seguro-de-desempleo\/","og_locale":"es_ES","og_type":"article","og_title":"Apoyar la igualdad de acceso al seguro de desempleo - Legal Aid Justice Center","og_url":"https:\/\/www.justice4all.org\/es\/que-hacemos\/sanidad-y-prestaciones-publicas\/apoyar-la-igualdad-de-acceso-al-seguro-de-desempleo\/","og_site_name":"Legal Aid Justice Center","article_modified_time":"2026-02-17T20:05:42+00:00","twitter_card":"summary_large_image","twitter_misc":{"Tiempo de lectura":"2 minuto"},"schema":{"@context":"https:\/\/schema.org","@graph":[{"@type":"WebPage","@id":"https:\/\/www.justice4all.org\/es\/que-hacemos\/sanidad-y-prestaciones-publicas\/apoyar-la-igualdad-de-acceso-al-seguro-de-desempleo\/","url":"https:\/\/www.justice4all.org\/es\/que-hacemos\/sanidad-y-prestaciones-publicas\/apoyar-la-igualdad-de-acceso-al-seguro-de-desempleo\/","name":"Apoyar la igualdad de acceso al seguro de desempleo - Legal Aid Justice Center","isPartOf":{"@id":"https:\/\/www.justice4all.org\/es\/#website"},"datePublished":"2026-02-17T19:56:32+00:00","dateModified":"2026-02-17T20:05:42+00:00","breadcrumb":{"@id":"https:\/\/www.justice4all.org\/es\/que-hacemos\/sanidad-y-prestaciones-publicas\/apoyar-la-igualdad-de-acceso-al-seguro-de-desempleo\/#breadcrumb"},"inLanguage":"es","potentialAction":[{"@type":"ReadAction","target":["https:\/\/www.justice4all.org\/es\/que-hacemos\/sanidad-y-prestaciones-publicas\/apoyar-la-igualdad-de-acceso-al-seguro-de-desempleo\/"]}]},{"@type":"BreadcrumbList","@id":"https:\/\/www.justice4all.org\/es\/que-hacemos\/sanidad-y-prestaciones-publicas\/apoyar-la-igualdad-de-acceso-al-seguro-de-desempleo\/#breadcrumb","itemListElement":[{"@type":"ListItem","position":1,"name":"Home","item":"https:\/\/www.justice4all.org\/es\/"},{"@type":"ListItem","position":2,"name":"Qu\u00e9 hacemos","item":"https:\/\/www.justice4all.org\/es\/que-hacemos\/"},{"@type":"ListItem","position":3,"name":"Sanidad y prestaciones p\u00fablicas","item":"https:\/\/www.justice4all.org\/es\/que-hacemos\/sanidad-y-prestaciones-publicas\/"},{"@type":"ListItem","position":4,"name":"Apoyar la igualdad de acceso al seguro de desempleo"}]},{"@type":"WebSite","@id":"https:\/\/www.justice4all.org\/es\/#website","url":"https:\/\/www.justice4all.org\/es\/","name":"Legal Aid Justice Center","description":"","potentialAction":[{"@type":"SearchAction","target":{"@type":"EntryPoint","urlTemplate":"https:\/\/www.justice4all.org\/es\/?s={search_term_string}"},"query-input":{"@type":"PropertyValueSpecification","valueRequired":true,"valueName":"search_term_string"}}],"inLanguage":"es"}]}},"_links":{"self":[{"href":"https:\/\/www.justice4all.org\/es\/wp-json\/wp\/v2\/pages\/19891","targetHints":{"allow":["GET"]}}],"collection":[{"href":"https:\/\/www.justice4all.org\/es\/wp-json\/wp\/v2\/pages"}],"about":[{"href":"https:\/\/www.justice4all.org\/es\/wp-json\/wp\/v2\/types\/page"}],"author":[{"embeddable":true,"href":"https:\/\/www.justice4all.org\/es\/wp-json\/wp\/v2\/users\/4"}],"replies":[{"embeddable":true,"href":"https:\/\/www.justice4all.org\/es\/wp-json\/wp\/v2\/comments?post=19891"}],"version-history":[{"count":0,"href":"https:\/\/www.justice4all.org\/es\/wp-json\/wp\/v2\/pages\/19891\/revisions"}],"up":[{"embeddable":true,"href":"https:\/\/www.justice4all.org\/es\/wp-json\/wp\/v2\/pages\/13136"}],"wp:attachment":[{"href":"https:\/\/www.justice4all.org\/es\/wp-json\/wp\/v2\/media?parent=19891"}],"wp:term":[{"taxonomy":"lajc-tax-roles","embeddable":true,"href":"https:\/\/www.justice4all.org\/es\/wp-json\/wp\/v2\/lajc-tax-roles?post=19891"},{"taxonomy":"lajc-tax-issues","embeddable":true,"href":"https:\/\/www.justice4all.org\/es\/wp-json\/wp\/v2\/lajc-tax-issues?post=19891"},{"taxonomy":"lajc-tax-locations","embeddable":true,"href":"https:\/\/www.justice4all.org\/es\/wp-json\/wp\/v2\/lajc-tax-locations?post=19891"}],"curies":[{"name":"wp","href":"https:\/\/api.w.org\/{rel}","templated":true}]}}