{"id":19660,"date":"2026-01-19T13:39:47","date_gmt":"2026-01-19T13:39:47","guid":{"rendered":"https:\/\/www.justice4all.org\/actua-pon-fin-a-los-contratos-con-el-ice\/"},"modified":"2026-02-02T15:15:28","modified_gmt":"2026-02-02T15:15:28","slug":"actua-pon-fin-a-los-contratos-con-el-ice","status":"publish","type":"page","link":"https:\/\/www.justice4all.org\/es\/actua-pon-fin-a-los-contratos-con-el-ice\/","title":{"rendered":"Act\u00faa - Pon fin a los contratos con el ICE"},"content":{"rendered":"\n\n\n\n\n<div id=\"block_685e14dde04a221738cac717c32056b8\" class=\"content-wrapper-block has-background-color has-susurra-background-color style-normal bg-width-full \">\n\t<div class=\"container-fluid\">\n\t\t<div class=\"row justify-content-center\">\n\t\t\t<div class=\"col-lg-10\">\n\t\t\t\t\t\t\t\t\t<div class=\"row row-content justify-content-center\">\n\t\t\t\t\t\t\n\n\n\n\n<style type=\"text\/css\">\n\t.edit-post-visual-editor [data-block=\"c0fbf315529ffec68939c424c3512164\"] {\n\t\twidth: calc((12 \/ 12) * 100%)!important;\n\t\tmin-width: calc((12 \/ 12) * 100%)!important;\n\t}\n<\/style>\n\n<div id=\"block_c0fbf315529ffec68939c424c3512164\" class=\"col-lg-12 custom-column-block\">\n\t<div class=\"custom-column-wrapper  \">\n\t\t\n\n<p><strong>Utilizando el siguiente formulario, llama y\/o env\u00eda un correo electr\u00f3nico a los miembros del Subcomit\u00e9 3 de Seguridad P\u00fablica de la C\u00e1mara de Representantes e \u00ednstales a que apoyen la ley HB1438 que pone fin a los acuerdos 287(g) y limita la colaboraci\u00f3n no obligatoria entre las agencias de Virginia con las fuerzas de inmigraci\u00f3n.  <\/strong><br\/><br\/>S\u00f3lo tienes que rellenar tus datos para conectar autom\u00e1ticamente con los miembros del subcomit\u00e9 (la informaci\u00f3n personal nunca se comparte con nadie). Haz clic en \u00abTel\u00e9fono\u00bb o \u00abCorreo electr\u00f3nico\u00bb y hazles saber que quieres que apoyen la ley HB1438 <\/p>\n\n\n\t<\/div>\n<\/div>\n\n\n\n\n\n<style type=\"text\/css\">\n\t.edit-post-visual-editor [data-block=\"c0fbf315529ffec68939c424c3512164\"] {\n\t\twidth: calc((12 \/ 12) * 100%)!important;\n\t\tmin-width: calc((12 \/ 12) * 100%)!important;\n\t}\n<\/style>\n\n<div id=\"block_c0fbf315529ffec68939c424c3512164\" class=\"col-lg-12 custom-column-block\">\n\t<div class=\"custom-column-wrapper  \">\n\t\t\n\n\n    <div class=\"muster-embed muster-embed-action\" data-action-center-id=\"d2a5705a-9c45-451f-8a95-0d1c6008b94c\" data-domain=\"https:\/\/mstr.app\" data-height=\"1000\" data-width=\"100%\" data-height-full=\"true\" data-css=\"\" id=\"muster-action-embed-d2a5705a-9c45-451f-8a95-0d1c6008b94c\">\n      <script src=\"https:\/\/widgets.muster.com\/v2\/action-center-20250715.js\" widget-id=\"muster-action-embed-d2a5705a-9c45-451f-8a95-0d1c6008b94c\"><\/script>\n    <\/div>\n  \n\n\n\t<\/div>\n<\/div>\n\n\t\t\t\t\t<\/div>\n\t\t\t\t\t\t\t\n\t\t\t<\/div>\n\t\t<\/div>\n\t<\/div>\n\n\t<style type=\"text\/css\">\n\t\t.edit-post-visual-editor [data-block=\"685e14dde04a221738cac717c32056b8\"] .block-editor-block-list__layout {\n\t\t\tjustify-content: center;\n\t\t}\n\n\t\t\t<\/style>\n<\/div>\n","protected":false},"excerpt":{"rendered":"","protected":false},"author":4,"featured_media":0,"parent":0,"menu_order":0,"comment_status":"closed","ping_status":"closed","template":"","meta":{"footnotes":""},"lajc-tax-roles":[],"lajc-tax-issues":[],"lajc-tax-locations":[],"class_list":["post-19660","page","type-page","status-publish","hentry"],"acf":[],"yoast_head":"<!-- This site is optimized with the Yoast SEO plugin v27.4 - https:\/\/yoast.com\/product\/yoast-seo-wordpress\/ -->\n<title>Act\u00faa - Pon fin a los contratos con el ICE - Legal Aid Justice Center<\/title>\n<meta name=\"robots\" content=\"index, follow, max-snippet:-1, max-image-preview:large, max-video-preview:-1\" \/>\n<link rel=\"canonical\" href=\"https:\/\/www.justice4all.org\/es\/actua-pon-fin-a-los-contratos-con-el-ice\/\" \/>\n<meta property=\"og:locale\" content=\"es_ES\" \/>\n<meta property=\"og:type\" content=\"article\" \/>\n<meta property=\"og:title\" content=\"Act\u00faa - Pon fin a los contratos con el ICE - Legal Aid Justice Center\" \/>\n<meta property=\"og:url\" content=\"https:\/\/www.justice4all.org\/es\/actua-pon-fin-a-los-contratos-con-el-ice\/\" \/>\n<meta property=\"og:site_name\" content=\"Legal Aid Justice Center\" \/>\n<meta property=\"article:modified_time\" content=\"2026-02-02T15:15:28+00:00\" \/>\n<meta name=\"twitter:card\" content=\"summary_large_image\" \/>\n<meta name=\"twitter:label1\" content=\"Tiempo de lectura\" \/>\n\t<meta name=\"twitter:data1\" content=\"1 minuto\" \/>\n<script type=\"application\/ld+json\" class=\"yoast-schema-graph\">{\"@context\":\"https:\\\/\\\/schema.org\",\"@graph\":[{\"@type\":\"WebPage\",\"@id\":\"https:\\\/\\\/www.justice4all.org\\\/es\\\/actua-pon-fin-a-los-contratos-con-el-ice\\\/\",\"url\":\"https:\\\/\\\/www.justice4all.org\\\/es\\\/actua-pon-fin-a-los-contratos-con-el-ice\\\/\",\"name\":\"Act\u00faa - Pon fin a los contratos con el ICE - Legal Aid Justice Center\",\"isPartOf\":{\"@id\":\"https:\\\/\\\/www.justice4all.org\\\/es\\\/#website\"},\"datePublished\":\"2026-01-19T13:39:47+00:00\",\"dateModified\":\"2026-02-02T15:15:28+00:00\",\"breadcrumb\":{\"@id\":\"https:\\\/\\\/www.justice4all.org\\\/es\\\/actua-pon-fin-a-los-contratos-con-el-ice\\\/#breadcrumb\"},\"inLanguage\":\"es\",\"potentialAction\":[{\"@type\":\"ReadAction\",\"target\":[\"https:\\\/\\\/www.justice4all.org\\\/es\\\/actua-pon-fin-a-los-contratos-con-el-ice\\\/\"]}]},{\"@type\":\"BreadcrumbList\",\"@id\":\"https:\\\/\\\/www.justice4all.org\\\/es\\\/actua-pon-fin-a-los-contratos-con-el-ice\\\/#breadcrumb\",\"itemListElement\":[{\"@type\":\"ListItem\",\"position\":1,\"name\":\"Home\",\"item\":\"https:\\\/\\\/www.justice4all.org\\\/es\\\/\"},{\"@type\":\"ListItem\",\"position\":2,\"name\":\"Act\u00faa &#8211; Pon fin a los contratos con el ICE\"}]},{\"@type\":\"WebSite\",\"@id\":\"https:\\\/\\\/www.justice4all.org\\\/es\\\/#website\",\"url\":\"https:\\\/\\\/www.justice4all.org\\\/es\\\/\",\"name\":\"Legal Aid Justice Center\",\"description\":\"\",\"potentialAction\":[{\"@type\":\"SearchAction\",\"target\":{\"@type\":\"EntryPoint\",\"urlTemplate\":\"https:\\\/\\\/www.justice4all.org\\\/es\\\/?s={search_term_string}\"},\"query-input\":{\"@type\":\"PropertyValueSpecification\",\"valueRequired\":true,\"valueName\":\"search_term_string\"}}],\"inLanguage\":\"es\"}]}<\/script>\n<!-- \/ Yoast SEO plugin. -->","yoast_head_json":{"title":"Act\u00faa - Pon fin a los contratos con el ICE - Legal Aid Justice Center","robots":{"index":"index","follow":"follow","max-snippet":"max-snippet:-1","max-image-preview":"max-image-preview:large","max-video-preview":"max-video-preview:-1"},"canonical":"https:\/\/www.justice4all.org\/es\/actua-pon-fin-a-los-contratos-con-el-ice\/","og_locale":"es_ES","og_type":"article","og_title":"Act\u00faa - Pon fin a los contratos con el ICE - Legal Aid Justice Center","og_url":"https:\/\/www.justice4all.org\/es\/actua-pon-fin-a-los-contratos-con-el-ice\/","og_site_name":"Legal Aid Justice Center","article_modified_time":"2026-02-02T15:15:28+00:00","twitter_card":"summary_large_image","twitter_misc":{"Tiempo de lectura":"1 minuto"},"schema":{"@context":"https:\/\/schema.org","@graph":[{"@type":"WebPage","@id":"https:\/\/www.justice4all.org\/es\/actua-pon-fin-a-los-contratos-con-el-ice\/","url":"https:\/\/www.justice4all.org\/es\/actua-pon-fin-a-los-contratos-con-el-ice\/","name":"Act\u00faa - Pon fin a los contratos con el ICE - Legal Aid Justice Center","isPartOf":{"@id":"https:\/\/www.justice4all.org\/es\/#website"},"datePublished":"2026-01-19T13:39:47+00:00","dateModified":"2026-02-02T15:15:28+00:00","breadcrumb":{"@id":"https:\/\/www.justice4all.org\/es\/actua-pon-fin-a-los-contratos-con-el-ice\/#breadcrumb"},"inLanguage":"es","potentialAction":[{"@type":"ReadAction","target":["https:\/\/www.justice4all.org\/es\/actua-pon-fin-a-los-contratos-con-el-ice\/"]}]},{"@type":"BreadcrumbList","@id":"https:\/\/www.justice4all.org\/es\/actua-pon-fin-a-los-contratos-con-el-ice\/#breadcrumb","itemListElement":[{"@type":"ListItem","position":1,"name":"Home","item":"https:\/\/www.justice4all.org\/es\/"},{"@type":"ListItem","position":2,"name":"Act\u00faa &#8211; Pon fin a los contratos con el ICE"}]},{"@type":"WebSite","@id":"https:\/\/www.justice4all.org\/es\/#website","url":"https:\/\/www.justice4all.org\/es\/","name":"Legal Aid Justice Center","description":"","potentialAction":[{"@type":"SearchAction","target":{"@type":"EntryPoint","urlTemplate":"https:\/\/www.justice4all.org\/es\/?s={search_term_string}"},"query-input":{"@type":"PropertyValueSpecification","valueRequired":true,"valueName":"search_term_string"}}],"inLanguage":"es"}]}},"_links":{"self":[{"href":"https:\/\/www.justice4all.org\/es\/wp-json\/wp\/v2\/pages\/19660","targetHints":{"allow":["GET"]}}],"collection":[{"href":"https:\/\/www.justice4all.org\/es\/wp-json\/wp\/v2\/pages"}],"about":[{"href":"https:\/\/www.justice4all.org\/es\/wp-json\/wp\/v2\/types\/page"}],"author":[{"embeddable":true,"href":"https:\/\/www.justice4all.org\/es\/wp-json\/wp\/v2\/users\/4"}],"replies":[{"embeddable":true,"href":"https:\/\/www.justice4all.org\/es\/wp-json\/wp\/v2\/comments?post=19660"}],"version-history":[{"count":0,"href":"https:\/\/www.justice4all.org\/es\/wp-json\/wp\/v2\/pages\/19660\/revisions"}],"wp:attachment":[{"href":"https:\/\/www.justice4all.org\/es\/wp-json\/wp\/v2\/media?parent=19660"}],"wp:term":[{"taxonomy":"lajc-tax-roles","embeddable":true,"href":"https:\/\/www.justice4all.org\/es\/wp-json\/wp\/v2\/lajc-tax-roles?post=19660"},{"taxonomy":"lajc-tax-issues","embeddable":true,"href":"https:\/\/www.justice4all.org\/es\/wp-json\/wp\/v2\/lajc-tax-issues?post=19660"},{"taxonomy":"lajc-tax-locations","embeddable":true,"href":"https:\/\/www.justice4all.org\/es\/wp-json\/wp\/v2\/lajc-tax-locations?post=19660"}],"curies":[{"name":"wp","href":"https:\/\/api.w.org\/{rel}","templated":true}]}}