{"id":18715,"date":"2025-03-19T18:00:20","date_gmt":"2025-03-19T18:00:20","guid":{"rendered":"https:\/\/www.justice4all.org\/detener-la-expansion-de-la-acrj\/"},"modified":"2026-04-21T17:32:42","modified_gmt":"2026-04-21T17:32:42","slug":"detener-la-expansion-de-la-acrj","status":"publish","type":"page","link":"https:\/\/www.justice4all.org\/es\/detener-la-expansion-de-la-acrj\/","title":{"rendered":"Detener la expansi\u00f3n de la ACRJ"},"content":{"rendered":"\n<p class=\"has-text-align-center\"><strong>\u00a1Residentes de Charlottesville! Rellena el siguiente formulario para decir al Ayuntamiento de Charlottesville que vote no a la propuesta de ampliaci\u00f3n de la c\u00e1rcel de 73 millones de d\u00f3lares.  <\/strong><\/p>\n\n<p class=\"has-text-align-center\"><strong>En un momento en que deber\u00edamos invertir en soluciones que curen y eleven, esta ampliaci\u00f3n refuerza el actual sistema de castigo y aislamiento.  <\/strong><\/p>\n\n<div data-action-center-id=\"0fce24e9-4a1a-4d6a-aa3d-17a9bea00b8e\" data-domain=\"https:\/\/mstr.app\" data-height=\"1000\" data-width=\"800\" data-height-full=\"true\" data-css=\"\" align=\"center\" id=\"muster-widget-v2-action-center-0fce24e9-4a1a-4d6a-aa3d-17a9bea00b8e\">\n      <script src=\"https:\/\/widgets.muster.com\/v2\/action-center-20240730.js\" widget-id=\"muster-widget-v2-action-center-0fce24e9-4a1a-4d6a-aa3d-17a9bea00b8e\"><\/script>\n    <\/div>\n\n<p><\/p>\n","protected":false},"excerpt":{"rendered":"<p>\u00a1Residentes de Charlottesville! Rellena el siguiente formulario para decir al Ayuntamiento de Charlottesville que vote no a la propuesta de ampliaci\u00f3n de la c\u00e1rcel de 73 millones de d\u00f3lares. En un momento en que deber\u00edamos invertir en soluciones que curen y eleven, esta ampliaci\u00f3n refuerza el actual sistema de castigo y aislamiento.<\/p>\n","protected":false},"author":4,"featured_media":0,"parent":0,"menu_order":0,"comment_status":"closed","ping_status":"closed","template":"","meta":{"footnotes":""},"lajc-tax-roles":[],"lajc-tax-issues":[82],"lajc-tax-locations":[92],"class_list":["post-18715","page","type-page","status-publish","hentry","lajc-tax-issues-criminal-legal-system-es","lajc-tax-locations-charlottesville-es"],"acf":[],"yoast_head":"<!-- This site is optimized with the Yoast SEO plugin v27.4 - https:\/\/yoast.com\/product\/yoast-seo-wordpress\/ -->\n<title>Detener la expansi\u00f3n de la ACRJ - Legal Aid Justice Center<\/title>\n<meta name=\"robots\" content=\"index, follow, max-snippet:-1, max-image-preview:large, max-video-preview:-1\" \/>\n<link rel=\"canonical\" href=\"https:\/\/www.justice4all.org\/es\/detener-la-expansion-de-la-acrj\/\" \/>\n<meta property=\"og:locale\" content=\"es_ES\" \/>\n<meta property=\"og:type\" content=\"article\" \/>\n<meta property=\"og:title\" content=\"Detener la expansi\u00f3n de la ACRJ - Legal Aid Justice Center\" \/>\n<meta property=\"og:description\" content=\"\u00a1Residentes de Charlottesville! Rellena el siguiente formulario para decir al Ayuntamiento de Charlottesville que vote no a la propuesta de ampliaci\u00f3n de la c\u00e1rcel de 73 millones de d\u00f3lares. En un momento en que deber\u00edamos invertir en soluciones que curen y eleven, esta ampliaci\u00f3n refuerza el actual sistema de castigo y aislamiento.\" \/>\n<meta property=\"og:url\" content=\"https:\/\/www.justice4all.org\/es\/detener-la-expansion-de-la-acrj\/\" \/>\n<meta property=\"og:site_name\" content=\"Legal Aid Justice Center\" \/>\n<meta property=\"article:modified_time\" content=\"2026-04-21T17:32:42+00:00\" \/>\n<meta name=\"twitter:card\" content=\"summary_large_image\" \/>\n<script type=\"application\/ld+json\" class=\"yoast-schema-graph\">{\"@context\":\"https:\\\/\\\/schema.org\",\"@graph\":[{\"@type\":\"WebPage\",\"@id\":\"https:\\\/\\\/www.justice4all.org\\\/es\\\/detener-la-expansion-de-la-acrj\\\/\",\"url\":\"https:\\\/\\\/www.justice4all.org\\\/es\\\/detener-la-expansion-de-la-acrj\\\/\",\"name\":\"Detener la expansi\u00f3n de la ACRJ - Legal Aid Justice Center\",\"isPartOf\":{\"@id\":\"https:\\\/\\\/www.justice4all.org\\\/es\\\/#website\"},\"datePublished\":\"2025-03-19T18:00:20+00:00\",\"dateModified\":\"2026-04-21T17:32:42+00:00\",\"breadcrumb\":{\"@id\":\"https:\\\/\\\/www.justice4all.org\\\/es\\\/detener-la-expansion-de-la-acrj\\\/#breadcrumb\"},\"inLanguage\":\"es\",\"potentialAction\":[{\"@type\":\"ReadAction\",\"target\":[\"https:\\\/\\\/www.justice4all.org\\\/es\\\/detener-la-expansion-de-la-acrj\\\/\"]}]},{\"@type\":\"BreadcrumbList\",\"@id\":\"https:\\\/\\\/www.justice4all.org\\\/es\\\/detener-la-expansion-de-la-acrj\\\/#breadcrumb\",\"itemListElement\":[{\"@type\":\"ListItem\",\"position\":1,\"name\":\"Home\",\"item\":\"https:\\\/\\\/www.justice4all.org\\\/es\\\/\"},{\"@type\":\"ListItem\",\"position\":2,\"name\":\"Detener la expansi\u00f3n de la ACRJ\"}]},{\"@type\":\"WebSite\",\"@id\":\"https:\\\/\\\/www.justice4all.org\\\/es\\\/#website\",\"url\":\"https:\\\/\\\/www.justice4all.org\\\/es\\\/\",\"name\":\"Legal Aid Justice Center\",\"description\":\"\",\"potentialAction\":[{\"@type\":\"SearchAction\",\"target\":{\"@type\":\"EntryPoint\",\"urlTemplate\":\"https:\\\/\\\/www.justice4all.org\\\/es\\\/?s={search_term_string}\"},\"query-input\":{\"@type\":\"PropertyValueSpecification\",\"valueRequired\":true,\"valueName\":\"search_term_string\"}}],\"inLanguage\":\"es\"}]}<\/script>\n<!-- \/ Yoast SEO plugin. -->","yoast_head_json":{"title":"Detener la expansi\u00f3n de la ACRJ - Legal Aid Justice Center","robots":{"index":"index","follow":"follow","max-snippet":"max-snippet:-1","max-image-preview":"max-image-preview:large","max-video-preview":"max-video-preview:-1"},"canonical":"https:\/\/www.justice4all.org\/es\/detener-la-expansion-de-la-acrj\/","og_locale":"es_ES","og_type":"article","og_title":"Detener la expansi\u00f3n de la ACRJ - Legal Aid Justice Center","og_description":"\u00a1Residentes de Charlottesville! Rellena el siguiente formulario para decir al Ayuntamiento de Charlottesville que vote no a la propuesta de ampliaci\u00f3n de la c\u00e1rcel de 73 millones de d\u00f3lares. En un momento en que deber\u00edamos invertir en soluciones que curen y eleven, esta ampliaci\u00f3n refuerza el actual sistema de castigo y aislamiento.","og_url":"https:\/\/www.justice4all.org\/es\/detener-la-expansion-de-la-acrj\/","og_site_name":"Legal Aid Justice Center","article_modified_time":"2026-04-21T17:32:42+00:00","twitter_card":"summary_large_image","schema":{"@context":"https:\/\/schema.org","@graph":[{"@type":"WebPage","@id":"https:\/\/www.justice4all.org\/es\/detener-la-expansion-de-la-acrj\/","url":"https:\/\/www.justice4all.org\/es\/detener-la-expansion-de-la-acrj\/","name":"Detener la expansi\u00f3n de la ACRJ - Legal Aid Justice Center","isPartOf":{"@id":"https:\/\/www.justice4all.org\/es\/#website"},"datePublished":"2025-03-19T18:00:20+00:00","dateModified":"2026-04-21T17:32:42+00:00","breadcrumb":{"@id":"https:\/\/www.justice4all.org\/es\/detener-la-expansion-de-la-acrj\/#breadcrumb"},"inLanguage":"es","potentialAction":[{"@type":"ReadAction","target":["https:\/\/www.justice4all.org\/es\/detener-la-expansion-de-la-acrj\/"]}]},{"@type":"BreadcrumbList","@id":"https:\/\/www.justice4all.org\/es\/detener-la-expansion-de-la-acrj\/#breadcrumb","itemListElement":[{"@type":"ListItem","position":1,"name":"Home","item":"https:\/\/www.justice4all.org\/es\/"},{"@type":"ListItem","position":2,"name":"Detener la expansi\u00f3n de la ACRJ"}]},{"@type":"WebSite","@id":"https:\/\/www.justice4all.org\/es\/#website","url":"https:\/\/www.justice4all.org\/es\/","name":"Legal Aid Justice Center","description":"","potentialAction":[{"@type":"SearchAction","target":{"@type":"EntryPoint","urlTemplate":"https:\/\/www.justice4all.org\/es\/?s={search_term_string}"},"query-input":{"@type":"PropertyValueSpecification","valueRequired":true,"valueName":"search_term_string"}}],"inLanguage":"es"}]}},"_links":{"self":[{"href":"https:\/\/www.justice4all.org\/es\/wp-json\/wp\/v2\/pages\/18715","targetHints":{"allow":["GET"]}}],"collection":[{"href":"https:\/\/www.justice4all.org\/es\/wp-json\/wp\/v2\/pages"}],"about":[{"href":"https:\/\/www.justice4all.org\/es\/wp-json\/wp\/v2\/types\/page"}],"author":[{"embeddable":true,"href":"https:\/\/www.justice4all.org\/es\/wp-json\/wp\/v2\/users\/4"}],"replies":[{"embeddable":true,"href":"https:\/\/www.justice4all.org\/es\/wp-json\/wp\/v2\/comments?post=18715"}],"version-history":[{"count":0,"href":"https:\/\/www.justice4all.org\/es\/wp-json\/wp\/v2\/pages\/18715\/revisions"}],"wp:attachment":[{"href":"https:\/\/www.justice4all.org\/es\/wp-json\/wp\/v2\/media?parent=18715"}],"wp:term":[{"taxonomy":"lajc-tax-roles","embeddable":true,"href":"https:\/\/www.justice4all.org\/es\/wp-json\/wp\/v2\/lajc-tax-roles?post=18715"},{"taxonomy":"lajc-tax-issues","embeddable":true,"href":"https:\/\/www.justice4all.org\/es\/wp-json\/wp\/v2\/lajc-tax-issues?post=18715"},{"taxonomy":"lajc-tax-locations","embeddable":true,"href":"https:\/\/www.justice4all.org\/es\/wp-json\/wp\/v2\/lajc-tax-locations?post=18715"}],"curies":[{"name":"wp","href":"https:\/\/api.w.org\/{rel}","templated":true}]}}