{"id":18545,"date":"2025-01-23T20:42:04","date_gmt":"2025-01-23T20:42:04","guid":{"rendered":"https:\/\/www.justice4all.org\/?page_id=18545"},"modified":"2026-01-12T16:43:43","modified_gmt":"2026-01-12T16:43:43","slug":"acceso-de-los-no-ciudadanos-a-las-prestaciones-publicas","status":"publish","type":"page","link":"https:\/\/www.justice4all.org\/es\/conjunto-de-herramientas-de-respuesta-rapida\/acceso-de-los-no-ciudadanos-a-las-prestaciones-publicas\/","title":{"rendered":"Acceso de los no ciudadanos a las prestaciones p\u00fablicas"},"content":{"rendered":"\n\n\n\n\n<div id=\"block_44874c9e664e6a2751b63e69a939257c\" class=\"content-wrapper-block  style-normal bg-width-full \">\n\t<div class=\"container-fluid\">\n\t\t<div class=\"row justify-content-center\">\n\t\t\t<div class=\"col-lg-8\">\n\t\t\t\t\t\t\t\t\t<div class=\"row row-content justify-content-center\">\n\t\t\t\t\t\t\n\n\n\n\n<style type=\"text\/css\">\n\t.edit-post-visual-editor [data-block=\"f6fe5a5436ca9417414989c02642873e\"] {\n\t\twidth: calc((12 \/ 12) * 100%)!important;\n\t\tmin-width: calc((12 \/ 12) * 100%)!important;\n\t}\n<\/style>\n\n<div id=\"block_f6fe5a5436ca9417414989c02642873e\" class=\"col-lg-12 custom-column-block\">\n\t<div class=\"custom-column-wrapper  \">\n\t\t\n\n<p>El Centro de Justicia de Ayuda Legal est\u00e1 supervisando los cambios nuevos y propuestos en las normas de elegibilidad y privacidad en Virginia y a nivel federal. Desde julio de 2025, el Congreso de EEUU ha aprobado varios cambios en la elegibilidad para las prestaciones p\u00fablicas.   <\/p>\n\n\n\n<p>Te recomendamos que trabajes con un asistente para cumplimentar las solicitudes de SNAP y Medicaid. Un asistente puede ayudarte a asegurarte de que tu solicitud es correcta, responder a las preguntas que tengas sobre la inscripci\u00f3n en el programa y coordinarse con el Departamento de Servicios Sociales para garantizar que tu solicitud se tramita correctamente.   <\/p>\n\n\n\n<p>Para obtener ayuda con las solicitudes de Medicaid, ponte en contacto con cualquiera de nuestras oficinas <a href=\"https:\/\/www.justice4all.org\/es\/obtener-ayuda\/#AreasWeServe\" target=\"_blank\" rel=\"noreferrer noopener\">si vives dentro de nuestra \u00e1rea de servicio<\/a>. Si vives fuera de nuestra \u00e1rea de servicio, ponte en contacto con EnrollVA: 888-392-5132.   <\/p>\n\n\n\t<\/div>\n<\/div>\n\n\t\t\t\t\t<\/div>\n\t\t\t\t\t\t\t\n\t\t\t<\/div>\n\t\t<\/div>\n\t<\/div>\n\n\t<style type=\"text\/css\">\n\t\t.edit-post-visual-editor [data-block=\"44874c9e664e6a2751b63e69a939257c\"] .block-editor-block-list__layout {\n\t\t\tjustify-content: center;\n\t\t}\n\n\t\t\t<\/style>\n<\/div>\n\n\n\n  <style type=\"text\/css\">\n    #block_f833decd186b357dc07b0c64c2c2f4d5 {\n                                        margin-left: calc(6 * 16px);\n                          margin-right: calc(6 * 16px);\n              \n                                        padding-left: calc(6 * 16px);\n                          padding-right: calc(6 * 16px);\n                  }\n\n    @media screen and (min-width: 768px) and (max-width: 991px) {\n      #block_f833decd186b357dc07b0c64c2c2f4d5 {\n                                                  margin-left: calc(6 * 12px);  \n                                margin-right: calc(6 * 12px);  \n                    \n                                                  padding-left: calc(6 * 12px);\n                                padding-right: calc(6 * 12px);\n                        }\n    }\n\n    @media screen and (min-width: 480px) and (max-width: 767px) {\n      #block_f833decd186b357dc07b0c64c2c2f4d5 {\n                                                  margin-left: calc(6 * 8px);  \n                                margin-right: calc(6 * 8px);  \n                    \n                                                  padding-left: calc(6 * 8px);\n                                padding-right: calc(6 * 8px);\n                        }\n    }\n\n    @media screen and (max-width: 479px) {\n      #block_f833decd186b357dc07b0c64c2c2f4d5 {\n                                                  margin-left: calc(6 * 4px);  \n                                margin-right: calc(6 * 4px);  \n                    \n                                                  padding-left: calc(6 * 4px);\n                                padding-right: calc(6 * 4px);\n                        }\n    }\n\n  <\/style>\n\n\n<div id=\"block_f833decd186b357dc07b0c64c2c2f4d5\" class=\"content-wrapper-block  style-normal bg-width-full \">\n\t<div class=\"container-fluid\">\n\t\t<div class=\"row justify-content-center\">\n\t\t\t<div class=\"col-lg-12\">\n\t\t\t\t\t\t\t\t\t<div class=\"row row-content justify-content-center\">\n\t\t\t\t\t\t\n\n\n\n\n<style type=\"text\/css\">\n\t.edit-post-visual-editor [data-block=\"f6fe5a5436ca9417414989c02642873e\"] {\n\t\twidth: calc((12 \/ 12) * 100%)!important;\n\t\tmin-width: calc((12 \/ 12) * 100%)!important;\n\t}\n<\/style>\n\n<div id=\"block_f6fe5a5436ca9417414989c02642873e\" class=\"col-lg-12 custom-column-block\">\n\t<div class=\"custom-column-wrapper  \">\n\t\t\n\n<h2 class=\"wp-block-heading is-style-underlined-with-icon has-gunpowder-color has-text-color\">Preguntas m\u00e1s frecuentes<\/h2>\n\n\n\n<h2 class=\"wp-block-heading has-gunpowder-color has-text-color\" style=\"text-transform:uppercase\">Acceso de los no ciudadanos a las PRESTACIONES P\u00daBLICAS<\/h2>\n\n\n\t<\/div>\n<\/div>\n\n\n\n\n\n<style type=\"text\/css\">\n\t.edit-post-visual-editor [data-block=\"f6fe5a5436ca9417414989c02642873e\"] {\n\t\twidth: calc((12 \/ 12) * 100%)!important;\n\t\tmin-width: calc((12 \/ 12) * 100%)!important;\n\t}\n<\/style>\n\n<div id=\"block_f6fe5a5436ca9417414989c02642873e\" class=\"col-lg-12 custom-column-block\">\n\t<div class=\"custom-column-wrapper  \">\n\t\t\n\n\n\n\n\n<div id=\"block_8ce00e95942b4f5c310616426ac983b0\" class=\"accordion-section-block\">\n  <div class=\"container-fluid\">\n              <div class=\"accordion-section-heading-wrapper has-white-background-color has-background-color\">\n          <div class=\"row row-heading\">\n            <div class=\"col-sm-12\">\n              <h2>Tengo cobertura de Medicaid\/FAMIS, \u00bftengo que rescindir la cobertura?  <\/h2>\n              <p><\/p>\n              <span class=\"toggler\"><\/span>\n            <\/div>\n          <\/div>\n        <\/div>\n      \n      <div class=\"accordion-section-cols-wrapper has-whisper-background-color has-background-color\">\n        <div class=\"row row-cols\">\n          \n\n\n\n\n<style type=\"text\/css\">\n\t.edit-post-visual-editor [data-block=\"f6fe5a5436ca9417414989c02642873e\"] {\n\t\twidth: calc((12 \/ 12) * 100%)!important;\n\t\tmin-width: calc((12 \/ 12) * 100%)!important;\n\t}\n<\/style>\n\n<div id=\"block_f6fe5a5436ca9417414989c02642873e\" class=\"col-lg-12 custom-column-block\">\n\t<div class=\"custom-column-wrapper  \">\n\t\t\n\n<ul class=\"wp-block-list\">\n<li>No es necesario que canceles tu cobertura siempre que, en el momento de presentar la solicitud, estuvieras debidamente inscrito en ella. El Congreso ha aprobado recientemente cambios en las normas de elegibilidad de Medicaid\/FAMIS. Si t\u00fa o alg\u00fan miembro de tu unidad familiar dej\u00e1is de tener derecho a estas prestaciones, debes recibir un aviso del Departamento de Servicios Sociales explic\u00e1ndote la decisi\u00f3n, la fecha de entrada en vigor y por qu\u00e9 finaliza la cobertura. Si tienes alguna pregunta sobre estos avisos o no est\u00e1s de acuerdo con un aviso que recibas, visita nuestra <a href=\"https:\/\/www.justice4all.org\/es\/obtener-ayuda\/\" target=\"_blank\" rel=\"noreferrer noopener\">p\u00e1gina Consigue ayuda<\/a> para encontrar informaci\u00f3n de contacto de todas las oficinas del LAJC.     <\/li>\n<\/ul>\n\n\n\t<\/div>\n<\/div>\n\n        <\/div>\n      <\/div>\n  <\/div>\n<\/div>\n\n\n\n\n\n\n<div id=\"block_285558476014e77675227a63478c1504\" class=\"accordion-section-block\">\n  <div class=\"container-fluid\">\n              <div class=\"accordion-section-heading-wrapper has-white-background-color has-background-color\">\n          <div class=\"row row-heading\">\n            <div class=\"col-sm-12\">\n              <h2>No re\u00fano los requisitos para la cobertura de Medicaid\/FAMIS, pero mis hijos son ciudadanos estadounidenses y est\u00e1n cubiertos: \u00bftengo que darles de baja?  <\/h2>\n              <p><\/p>\n              <span class=\"toggler\"><\/span>\n            <\/div>\n          <\/div>\n        <\/div>\n      \n      <div class=\"accordion-section-cols-wrapper has-whisper-background-color has-background-color\">\n        <div class=\"row row-cols\">\n          \n\n\n\n\n<style type=\"text\/css\">\n\t.edit-post-visual-editor [data-block=\"f6fe5a5436ca9417414989c02642873e\"] {\n\t\twidth: calc((12 \/ 12) * 100%)!important;\n\t\tmin-width: calc((12 \/ 12) * 100%)!important;\n\t}\n<\/style>\n\n<div id=\"block_f6fe5a5436ca9417414989c02642873e\" class=\"col-lg-12 custom-column-block\">\n\t<div class=\"custom-column-wrapper  \">\n\t\t\n\n<ul class=\"wp-block-list\">\n<li>A partir del 9 de julio de 2025, los ciudadanos estadounidenses siguen siendo elegibles para la cobertura seg\u00fan las normas de elegibilidad de Medicaid\/FAMIS que exist\u00edan antes de enero de 2025. Si tu hijo ciudadano estadounidense cumpl\u00eda los requisitos entonces, sigue cumpli\u00e9ndolos ahora y no es necesario que canceles su cobertura. Si se cancela la cobertura de tu hijo o de otro miembro de la familia que sea ciudadano estadounidense, ponte en contacto con una de nuestras oficinas inmediatamente.    <\/li>\n<\/ul>\n\n\n\t<\/div>\n<\/div>\n\n        <\/div>\n      <\/div>\n  <\/div>\n<\/div>\n\n\n\n\n\n\n<div id=\"block_14655bb45ae7eeba292b94fab93d2702\" class=\"accordion-section-block\">\n  <div class=\"container-fluid\">\n              <div class=\"accordion-section-heading-wrapper has-white-background-color has-background-color\">\n          <div class=\"row row-heading\">\n            <div class=\"col-sm-12\">\n              <h2>El Departamento de Servicios Sociales (DSS) tiene toda mi informaci\u00f3n, \u00bfse la dar\u00e1 a otros organismos p\u00fablicos?  <\/h2>\n              <p><\/p>\n              <span class=\"toggler\"><\/span>\n            <\/div>\n          <\/div>\n        <\/div>\n      \n      <div class=\"accordion-section-cols-wrapper has-whisper-background-color has-background-color\">\n        <div class=\"row row-cols\">\n          \n\n\n\n\n<style type=\"text\/css\">\n\t.edit-post-visual-editor [data-block=\"f6fe5a5436ca9417414989c02642873e\"] {\n\t\twidth: calc((12 \/ 12) * 100%)!important;\n\t\tmin-width: calc((12 \/ 12) * 100%)!important;\n\t}\n<\/style>\n\n<div id=\"block_f6fe5a5436ca9417414989c02642873e\" class=\"col-lg-12 custom-column-block\">\n\t<div class=\"custom-column-wrapper  \">\n\t\t\n\n<ul class=\"wp-block-list\">\n<li>Varias \u00f3rdenes ejecutivas y cambios en la ley\/pol\u00edtica han cambiado la forma en que el estado comparte informaci\u00f3n personal con el gobierno federal. Aunque no est\u00e1 garantizado que tu informaci\u00f3n se comparta con el gobierno federal, debes asumir que es posible que se comparta. Existen normas seg\u00fan las cuales la informaci\u00f3n s\u00f3lo puede compartirse para introducir mejoras en el programa (como hacer que las solicitudes sean m\u00e1s eficientes), pero si la informaci\u00f3n se comparte o se utiliza indebidamente, puede llevar tiempo darse cuenta de que se utiliz\u00f3 indebidamente y puede que no haya formas de corregir el uso indebido o que \u00e9stas sean limitadas.   .  <\/li>\n<\/ul>\n\n\n\n<ul class=\"wp-block-list\">\n<li>El gobierno federal ha pedido a los estados que compartan toda la informaci\u00f3n de identificaci\u00f3n personal, incluidos nombres, fechas de nacimiento, direcciones y n\u00fameros de la seguridad social de todos los solicitantes y beneficiarios del SNAP desde enero de 2020 hasta la actualidad. Esta puesta en com\u00fan est\u00e1 siendo impugnada actualmente en un juicio, pero mientras el Tribunal estudia el caso en su totalidad, ha permitido al gobierno federal aceptar datos de los estados que quieran cumplir . Virginia dio permiso para compartir esta informaci\u00f3n con el gobierno federal el 30 de julio de 2025. En este momento, no sabemos cu\u00e1ntos datos se han enviado al gobierno federal, ni c\u00f3mo se est\u00e1n utilizando. Proporcionaremos m\u00e1s informaci\u00f3n a medida que sepamos m\u00e1s. <\/li>\n<\/ul>\n\n\n\t<\/div>\n<\/div>\n\n        <\/div>\n      <\/div>\n  <\/div>\n<\/div>\n\n\n\n\n\n\n<div id=\"block_d36f47f2c82473511d5dbb6bc5947997\" class=\"accordion-section-block\">\n  <div class=\"container-fluid\">\n              <div class=\"accordion-section-heading-wrapper has-white-background-color has-background-color\">\n          <div class=\"row row-heading\">\n            <div class=\"col-sm-12\">\n              <h2>\u00bfQui\u00e9n tiene derecho a las prestaciones del SNAP?  <\/h2>\n              <p><\/p>\n              <span class=\"toggler\"><\/span>\n            <\/div>\n          <\/div>\n        <\/div>\n      \n      <div class=\"accordion-section-cols-wrapper has-whisper-background-color has-background-color\">\n        <div class=\"row row-cols\">\n          \n\n\n\n\n<style type=\"text\/css\">\n\t.edit-post-visual-editor [data-block=\"f6fe5a5436ca9417414989c02642873e\"] {\n\t\twidth: calc((12 \/ 12) * 100%)!important;\n\t\tmin-width: calc((12 \/ 12) * 100%)!important;\n\t}\n<\/style>\n\n<div id=\"block_f6fe5a5436ca9417414989c02642873e\" class=\"col-lg-12 custom-column-block\">\n\t<div class=\"custom-column-wrapper  \">\n\t\t\n\n<p><strong>Tras los cambios en la elegibilidad para el SNAP promulgados en julio de 2025, las normas actualizadas de elegibilidad para el SNAP son:  <\/strong><\/p>\n\n\n\n<ul class=\"wp-block-list\">\n<li><strong>Tener bajos ingresos (normalmente entre el 150% y el 200% del nivel federal de pobreza, o 4.018 $ mensuales para una familia de 4 miembros).  <\/strong><\/li>\n<\/ul>\n\n\n\n<ul class=\"wp-block-list\">\n<li><strong>Poseer uno de los siguientes:  <\/strong><\/li>\n<\/ul>\n\n\n\n<p class=\"has-text-align-center\">Ciudadan\u00eda estadounidense  <\/p>\n\n\n\n<p class=\"has-text-align-center\">Residencia legal permanente durante al menos 5 a\u00f1os  <\/p>\n\n\n\n<p class=\"has-text-align-center\">Estatus de Entrante Haitiano o Cubano  <\/p>\n\n\n\n<p class=\"has-text-align-center\">Derecho a las prestaciones del Pacto de Libre Asociaci\u00f3n  <br \/><\/p>\n\n\n\n<ul class=\"wp-block-list\">\n<li><strong>Cumplir un requisito de trabajo si:  <\/strong><\/li>\n<\/ul>\n\n\n\n<ul class=\"wp-block-list\">\n<li><strong>Tienes entre 18 y 64 a\u00f1os y no cumples ninguna exenci\u00f3n.  <\/strong><br \/><\/li>\n<\/ul>\n\n\n\n<p class=\"has-text-align-center\"><em>Exenciones del requisito de trabajo:  <\/em><\/p>\n\n\n\n<p class=\"has-text-align-center\">Menores de 18 a\u00f1os  <\/p>\n\n\n\n<p class=\"has-text-align-center\">Personas con certificado m\u00e9dico de incapacidad laboral  <\/p>\n\n\n\n<p class=\"has-text-align-center\">Personas que reciben prestaciones por discapacidad  <\/p>\n\n\n\n<p class=\"has-text-align-center\">Personas que reciben prestaciones de desempleo  <\/p>\n\n\n\n<p class=\"has-text-align-center\">Padres\/cuidadores de un ni\u00f1o de 14 a\u00f1os o menor  <\/p>\n\n\n\n<p class=\"has-text-align-center\">Embarazadas  <\/p>\n\n\n\n<p class=\"has-text-align-center\">Ciertos grupos de indios americanos  <\/p>\n\n\n\n<ul class=\"wp-block-list\">\n<li>Ten en cuenta que el proyecto de ley del Congreso de julio de 2025 restring\u00eda la elegibilidad de los no ciudadanos y aplicaba requisitos de trabajo a nuevos grupos. Es posible que un hogar que antes ten\u00eda derecho a prestaciones deje de tenerlo con las nuevas normas.   <\/li>\n<\/ul>\n\n\n\n<p class=\"has-text-align-center\"><strong>Si crees que has perdido prestaciones debido a los cambios en las normas, ponte en contacto con cualquier oficina del LAJC.  <\/strong><\/p>\n\n\n\t<\/div>\n<\/div>\n\n        <\/div>\n      <\/div>\n  <\/div>\n<\/div>\n\n\n\n\n\n\n<div id=\"block_f2673124415ec2a2e511c15f52c83a06\" class=\"accordion-section-block\">\n  <div class=\"container-fluid\">\n              <div class=\"accordion-section-heading-wrapper has-white-background-color has-background-color\">\n          <div class=\"row row-heading\">\n            <div class=\"col-sm-12\">\n              <h2>\u00bfQui\u00e9n puede optar a las prestaciones de Medicaid\/ FAMIS?  <\/h2>\n              <p><\/p>\n              <span class=\"toggler\"><\/span>\n            <\/div>\n          <\/div>\n        <\/div>\n      \n      <div class=\"accordion-section-cols-wrapper has-whisper-background-color has-background-color\">\n        <div class=\"row row-cols\">\n          \n\n\n\n\n<style type=\"text\/css\">\n\t.edit-post-visual-editor [data-block=\"f6fe5a5436ca9417414989c02642873e\"] {\n\t\twidth: calc((12 \/ 12) * 100%)!important;\n\t\tmin-width: calc((12 \/ 12) * 100%)!important;\n\t}\n<\/style>\n\n<div id=\"block_f6fe5a5436ca9417414989c02642873e\" class=\"col-lg-12 custom-column-block\">\n\t<div class=\"custom-column-wrapper  \">\n\t\t\n\n<p>Tras los cambios en la elegibilidad para Medicaid promulgados en julio de 2025, las normas actualizadas de elegibilidad para Medicaid est\u00e1n cambiando, pero hay retrasos respecto a cu\u00e1ndo entrar\u00e1n en vigor los cambios.  <\/p>\n\n\n\n<p>Para determinar si tienes derecho a las prestaciones de Medicaid\/FAMIS, ponte en contacto con cualquier oficina del LAJC para hablar con un navegador de seguros m\u00e9dicos.  <\/p>\n\n\n\t<\/div>\n<\/div>\n\n        <\/div>\n      <\/div>\n  <\/div>\n<\/div>\n\n\n<div style=\"height:77px\" aria-hidden=\"true\" class=\"wp-block-spacer\"><\/div>\n\n\n\t<\/div>\n<\/div>\n\n\t\t\t\t\t<\/div>\n\t\t\t\t\t\t\t\n\t\t\t<\/div>\n\t\t<\/div>\n\t<\/div>\n\n\t<style type=\"text\/css\">\n\t\t.edit-post-visual-editor [data-block=\"f833decd186b357dc07b0c64c2c2f4d5\"] .block-editor-block-list__layout {\n\t\t\tjustify-content: center;\n\t\t}\n\n\t\t\t<\/style>\n<\/div>\n","protected":false},"excerpt":{"rendered":"","protected":false},"author":4,"featured_media":0,"parent":18507,"menu_order":4,"comment_status":"closed","ping_status":"closed","template":"","meta":{"footnotes":""},"lajc-tax-roles":[],"lajc-tax-issues":[],"lajc-tax-locations":[],"class_list":["post-18545","page","type-page","status-publish","hentry"],"acf":[],"yoast_head":"<!-- This site is optimized with the Yoast SEO plugin v27.4 - https:\/\/yoast.com\/product\/yoast-seo-wordpress\/ -->\n<title>Acceso de los no ciudadanos a las prestaciones p\u00fablicas - Legal Aid Justice Center<\/title>\n<meta name=\"robots\" content=\"index, follow, max-snippet:-1, max-image-preview:large, max-video-preview:-1\" \/>\n<link rel=\"canonical\" href=\"https:\/\/www.justice4all.org\/es\/conjunto-de-herramientas-de-respuesta-rapida\/acceso-de-los-no-ciudadanos-a-las-prestaciones-publicas\/\" \/>\n<meta property=\"og:locale\" content=\"es_ES\" \/>\n<meta property=\"og:type\" content=\"article\" \/>\n<meta property=\"og:title\" content=\"Acceso de los no ciudadanos a las prestaciones p\u00fablicas - Legal Aid Justice Center\" \/>\n<meta property=\"og:url\" content=\"https:\/\/www.justice4all.org\/es\/conjunto-de-herramientas-de-respuesta-rapida\/acceso-de-los-no-ciudadanos-a-las-prestaciones-publicas\/\" \/>\n<meta property=\"og:site_name\" content=\"Legal Aid Justice Center\" \/>\n<meta property=\"article:modified_time\" content=\"2026-01-12T16:43:43+00:00\" \/>\n<meta name=\"twitter:card\" content=\"summary_large_image\" \/>\n<meta name=\"twitter:label1\" content=\"Tiempo de lectura\" \/>\n\t<meta name=\"twitter:data1\" content=\"6 minuto\" \/>\n<script type=\"application\/ld+json\" class=\"yoast-schema-graph\">{\"@context\":\"https:\\\/\\\/schema.org\",\"@graph\":[{\"@type\":\"WebPage\",\"@id\":\"https:\\\/\\\/www.justice4all.org\\\/es\\\/conjunto-de-herramientas-de-respuesta-rapida\\\/acceso-de-los-no-ciudadanos-a-las-prestaciones-publicas\\\/\",\"url\":\"https:\\\/\\\/www.justice4all.org\\\/es\\\/conjunto-de-herramientas-de-respuesta-rapida\\\/acceso-de-los-no-ciudadanos-a-las-prestaciones-publicas\\\/\",\"name\":\"Acceso de los no ciudadanos a las prestaciones p\u00fablicas - Legal Aid Justice Center\",\"isPartOf\":{\"@id\":\"https:\\\/\\\/www.justice4all.org\\\/es\\\/#website\"},\"datePublished\":\"2025-01-23T20:42:04+00:00\",\"dateModified\":\"2026-01-12T16:43:43+00:00\",\"breadcrumb\":{\"@id\":\"https:\\\/\\\/www.justice4all.org\\\/es\\\/conjunto-de-herramientas-de-respuesta-rapida\\\/acceso-de-los-no-ciudadanos-a-las-prestaciones-publicas\\\/#breadcrumb\"},\"inLanguage\":\"es\",\"potentialAction\":[{\"@type\":\"ReadAction\",\"target\":[\"https:\\\/\\\/www.justice4all.org\\\/es\\\/conjunto-de-herramientas-de-respuesta-rapida\\\/acceso-de-los-no-ciudadanos-a-las-prestaciones-publicas\\\/\"]}]},{\"@type\":\"BreadcrumbList\",\"@id\":\"https:\\\/\\\/www.justice4all.org\\\/es\\\/conjunto-de-herramientas-de-respuesta-rapida\\\/acceso-de-los-no-ciudadanos-a-las-prestaciones-publicas\\\/#breadcrumb\",\"itemListElement\":[{\"@type\":\"ListItem\",\"position\":1,\"name\":\"Home\",\"item\":\"https:\\\/\\\/www.justice4all.org\\\/es\\\/\"},{\"@type\":\"ListItem\",\"position\":2,\"name\":\"Conjunto de herramientas de respuesta r\u00e1pida\",\"item\":\"https:\\\/\\\/www.justice4all.org\\\/es\\\/conjunto-de-herramientas-de-respuesta-rapida\\\/\"},{\"@type\":\"ListItem\",\"position\":3,\"name\":\"Acceso de los no ciudadanos a las prestaciones p\u00fablicas\"}]},{\"@type\":\"WebSite\",\"@id\":\"https:\\\/\\\/www.justice4all.org\\\/es\\\/#website\",\"url\":\"https:\\\/\\\/www.justice4all.org\\\/es\\\/\",\"name\":\"Legal Aid Justice Center\",\"description\":\"\",\"potentialAction\":[{\"@type\":\"SearchAction\",\"target\":{\"@type\":\"EntryPoint\",\"urlTemplate\":\"https:\\\/\\\/www.justice4all.org\\\/es\\\/?s={search_term_string}\"},\"query-input\":{\"@type\":\"PropertyValueSpecification\",\"valueRequired\":true,\"valueName\":\"search_term_string\"}}],\"inLanguage\":\"es\"}]}<\/script>\n<!-- \/ Yoast SEO plugin. -->","yoast_head_json":{"title":"Acceso de los no ciudadanos a las prestaciones p\u00fablicas - Legal Aid Justice Center","robots":{"index":"index","follow":"follow","max-snippet":"max-snippet:-1","max-image-preview":"max-image-preview:large","max-video-preview":"max-video-preview:-1"},"canonical":"https:\/\/www.justice4all.org\/es\/conjunto-de-herramientas-de-respuesta-rapida\/acceso-de-los-no-ciudadanos-a-las-prestaciones-publicas\/","og_locale":"es_ES","og_type":"article","og_title":"Acceso de los no ciudadanos a las prestaciones p\u00fablicas - Legal Aid Justice Center","og_url":"https:\/\/www.justice4all.org\/es\/conjunto-de-herramientas-de-respuesta-rapida\/acceso-de-los-no-ciudadanos-a-las-prestaciones-publicas\/","og_site_name":"Legal Aid Justice Center","article_modified_time":"2026-01-12T16:43:43+00:00","twitter_card":"summary_large_image","twitter_misc":{"Tiempo de lectura":"6 minuto"},"schema":{"@context":"https:\/\/schema.org","@graph":[{"@type":"WebPage","@id":"https:\/\/www.justice4all.org\/es\/conjunto-de-herramientas-de-respuesta-rapida\/acceso-de-los-no-ciudadanos-a-las-prestaciones-publicas\/","url":"https:\/\/www.justice4all.org\/es\/conjunto-de-herramientas-de-respuesta-rapida\/acceso-de-los-no-ciudadanos-a-las-prestaciones-publicas\/","name":"Acceso de los no ciudadanos a las prestaciones p\u00fablicas - Legal Aid Justice Center","isPartOf":{"@id":"https:\/\/www.justice4all.org\/es\/#website"},"datePublished":"2025-01-23T20:42:04+00:00","dateModified":"2026-01-12T16:43:43+00:00","breadcrumb":{"@id":"https:\/\/www.justice4all.org\/es\/conjunto-de-herramientas-de-respuesta-rapida\/acceso-de-los-no-ciudadanos-a-las-prestaciones-publicas\/#breadcrumb"},"inLanguage":"es","potentialAction":[{"@type":"ReadAction","target":["https:\/\/www.justice4all.org\/es\/conjunto-de-herramientas-de-respuesta-rapida\/acceso-de-los-no-ciudadanos-a-las-prestaciones-publicas\/"]}]},{"@type":"BreadcrumbList","@id":"https:\/\/www.justice4all.org\/es\/conjunto-de-herramientas-de-respuesta-rapida\/acceso-de-los-no-ciudadanos-a-las-prestaciones-publicas\/#breadcrumb","itemListElement":[{"@type":"ListItem","position":1,"name":"Home","item":"https:\/\/www.justice4all.org\/es\/"},{"@type":"ListItem","position":2,"name":"Conjunto de herramientas de respuesta r\u00e1pida","item":"https:\/\/www.justice4all.org\/es\/conjunto-de-herramientas-de-respuesta-rapida\/"},{"@type":"ListItem","position":3,"name":"Acceso de los no ciudadanos a las prestaciones p\u00fablicas"}]},{"@type":"WebSite","@id":"https:\/\/www.justice4all.org\/es\/#website","url":"https:\/\/www.justice4all.org\/es\/","name":"Legal Aid Justice Center","description":"","potentialAction":[{"@type":"SearchAction","target":{"@type":"EntryPoint","urlTemplate":"https:\/\/www.justice4all.org\/es\/?s={search_term_string}"},"query-input":{"@type":"PropertyValueSpecification","valueRequired":true,"valueName":"search_term_string"}}],"inLanguage":"es"}]}},"_links":{"self":[{"href":"https:\/\/www.justice4all.org\/es\/wp-json\/wp\/v2\/pages\/18545","targetHints":{"allow":["GET"]}}],"collection":[{"href":"https:\/\/www.justice4all.org\/es\/wp-json\/wp\/v2\/pages"}],"about":[{"href":"https:\/\/www.justice4all.org\/es\/wp-json\/wp\/v2\/types\/page"}],"author":[{"embeddable":true,"href":"https:\/\/www.justice4all.org\/es\/wp-json\/wp\/v2\/users\/4"}],"replies":[{"embeddable":true,"href":"https:\/\/www.justice4all.org\/es\/wp-json\/wp\/v2\/comments?post=18545"}],"version-history":[{"count":0,"href":"https:\/\/www.justice4all.org\/es\/wp-json\/wp\/v2\/pages\/18545\/revisions"}],"up":[{"embeddable":true,"href":"https:\/\/www.justice4all.org\/es\/wp-json\/wp\/v2\/pages\/18507"}],"wp:attachment":[{"href":"https:\/\/www.justice4all.org\/es\/wp-json\/wp\/v2\/media?parent=18545"}],"wp:term":[{"taxonomy":"lajc-tax-roles","embeddable":true,"href":"https:\/\/www.justice4all.org\/es\/wp-json\/wp\/v2\/lajc-tax-roles?post=18545"},{"taxonomy":"lajc-tax-issues","embeddable":true,"href":"https:\/\/www.justice4all.org\/es\/wp-json\/wp\/v2\/lajc-tax-issues?post=18545"},{"taxonomy":"lajc-tax-locations","embeddable":true,"href":"https:\/\/www.justice4all.org\/es\/wp-json\/wp\/v2\/lajc-tax-locations?post=18545"}],"curies":[{"name":"wp","href":"https:\/\/api.w.org\/{rel}","templated":true}]}}