{"id":18144,"date":"2024-09-11T13:44:20","date_gmt":"2024-09-11T13:44:20","guid":{"rendered":"https:\/\/www.justice4all.org\/?page_id=18144"},"modified":"2026-02-05T03:01:23","modified_gmt":"2026-02-05T03:01:23","slug":"clinica-de-cancelacion-de-antecedentes-penales-de-richmond","status":"publish","type":"page","link":"https:\/\/www.justice4all.org\/es\/clinica-de-cancelacion-de-antecedentes-penales-de-richmond\/","title":{"rendered":"Cl\u00ednica de cancelaci\u00f3n de antecedentes penales de Richmond"},"content":{"rendered":"\n\n\n  <style type=\"text\/css\">\n    #block_d3f622581d646f5445b1d22dece433a7 {\n                                        margin-left: calc(6 * 16px);\n                          margin-right: calc(6 * 16px);\n              \n                                        padding-left: calc(6 * 16px);\n                          padding-right: calc(6 * 16px);\n                  }\n\n    @media screen and (min-width: 768px) and (max-width: 991px) {\n      #block_d3f622581d646f5445b1d22dece433a7 {\n                                                  margin-left: calc(6 * 12px);  \n                                margin-right: calc(6 * 12px);  \n                    \n                                                  padding-left: calc(6 * 12px);\n                                padding-right: calc(6 * 12px);\n                        }\n    }\n\n    @media screen and (min-width: 480px) and (max-width: 767px) {\n      #block_d3f622581d646f5445b1d22dece433a7 {\n                                                  margin-left: calc(6 * 8px);  \n                                margin-right: calc(6 * 8px);  \n                    \n                                                  padding-left: calc(6 * 8px);\n                                padding-right: calc(6 * 8px);\n                        }\n    }\n\n    @media screen and (max-width: 479px) {\n      #block_d3f622581d646f5445b1d22dece433a7 {\n                                                  margin-left: calc(6 * 4px);  \n                                margin-right: calc(6 * 4px);  \n                    \n                                                  padding-left: calc(6 * 4px);\n                                padding-right: calc(6 * 4px);\n                        }\n    }\n\n  <\/style>\n\n\n<div id=\"block_d3f622581d646f5445b1d22dece433a7\" class=\"content-wrapper-block  style-normal bg-width-full \">\n\t<div class=\"container-fluid\">\n\t\t<div class=\"row justify-content-center\">\n\t\t\t<div class=\"col-lg-12\">\n\t\t\t\t\t\t\t\t\t<div class=\"row row-content justify-content-center\">\n\t\t\t\t\t\t\n\n\n\n\n<style type=\"text\/css\">\n\t.edit-post-visual-editor [data-block=\"2a7de4538c35d98e2f59b4382612ae40\"] {\n\t\twidth: calc((12 \/ 12) * 100%)!important;\n\t\tmin-width: calc((12 \/ 12) * 100%)!important;\n\t}\n<\/style>\n\n<div id=\"block_2a7de4538c35d98e2f59b4382612ae40\" class=\"col-lg-12 custom-column-block\">\n\t<div class=\"custom-column-wrapper  \">\n\t\t\n\n<h2 class=\"wp-block-heading is-style-underlined-with-icon has-gunpowder-color has-text-color has-medium-font-size\">Richmond<\/h2>\n\n\n\n<h2 class=\"wp-block-heading has-gunpowder-color has-text-color has-link-color has-x-large-font-size wp-elements-d03ef5a742ba93efe8012d1859ac23d6\">Cl\u00ednica de cancelaci\u00f3n de antecedentes penales<\/h2>\n\n\n\t<\/div>\n<\/div>\n\n\n\n\n\n<style type=\"text\/css\">\n\t.edit-post-visual-editor [data-block=\"2a7de4538c35d98e2f59b4382612ae40\"] {\n\t\twidth: calc((12 \/ 12) * 100%)!important;\n\t\tmin-width: calc((12 \/ 12) * 100%)!important;\n\t}\n<\/style>\n\n<div id=\"block_2a7de4538c35d98e2f59b4382612ae40\" class=\"col-lg-12 custom-column-block\">\n\t<div class=\"custom-column-wrapper  \">\n\t\t\n\n<p>Si deseas asistir a la cl\u00ednica de eliminaci\u00f3n de antecedentes penales el 22 de noviembre de 2024, responde a las siguientes preguntas para que podamos tener todo preparado para tu petici\u00f3n de eliminaci\u00f3n de antecedentes penales para esa fecha.<\/p>\n\n\n\n<p>Ninguno de los datos que facilites ser\u00e1 compartido con nadie antes de la cl\u00ednica de eliminaci\u00f3n de antecedentes penales, salvo con el personal del Centro de Justicia de Asistencia Jur\u00eddica y, en la medida en que sea necesario para obtener los antecedentes penales para tu petici\u00f3n, con las oficinas de los Fiscales de la Commonwealth de Richmond.<\/p>\n\n\n\n<p>Por favor, ten en cuenta que s\u00f3lo <strong>las no condenas (nolle prosequi, sobreseimientos directos, absoluci\u00f3n tras juicio) que fueron imputadas en Richmond, VA<\/strong> pueden ser borradas en esta cl\u00ednica. Algunas condenas podr\u00e1n ser selladas en 2025. <a href=\"https:\/\/www.justice4all.org\/new-record-sealing-law-information\/\">Consulta https:\/\/www.justice4all.org\/new-record-sealing-law-information\/<\/a> para m\u00e1s detalles. Por favor, inscr\u00edbete s\u00f3lo si tienes alguna condena no firme en tu expediente. Los sobreseimientos diferidos (en los que puedes haber tenido que pagar las costas judiciales y\/o completar la libertad condicional, los servicios comunitarios, etc. antes de obtener el sobreseimiento) NO suelen ser aptos para el sellado, a menos que t\u00fa o tu abogado y el fiscal del Estado lo hay\u00e1is acordado en el papeleo de disposici\u00f3n final. Si crees que hubo tal acuerdo, inscr\u00edbete y podremos comprobarlo.     <\/p>\n\n\n\n<p>Si determinamos que no cumples los requisitos, te lo haremos saber y te invitaremos a asistir a la sesi\u00f3n informativa sobre la nueva ley de sellado de antecedentes que entrar\u00e1 en vigor en 2025.<\/p>\n\n\n\t<\/div>\n<\/div>\n\n\n\n\n\n<style type=\"text\/css\">\n\t.edit-post-visual-editor [data-block=\"b520b4eb1e51ddf24503117d87be5e1a\"] {\n\t\twidth: calc((6 \/ 12) * 100%)!important;\n\t\tmin-width: calc((6 \/ 12) * 100%)!important;\n\t}\n<\/style>\n\n<div id=\"block_b520b4eb1e51ddf24503117d87be5e1a\" class=\"col-lg-6 custom-column-block\">\n\t<div class=\"custom-column-wrapper  \">\n\t\t\n\n<p class=\"has-purple-color has-text-color has-link-color wp-elements-c0400284f9cf379a72608a9c79f12220\"><strong>UBICACI\u00d3N:<\/strong><\/p>\n\n\n\n<p><strong>Biblioteca P\u00fablica de Richmond<\/strong><br\/>101 E Franklin St, Richmond, VA 23219<\/p>\n\n\n\t<\/div>\n<\/div>\n\n\n\n\n\n<style type=\"text\/css\">\n\t.edit-post-visual-editor [data-block=\"b520b4eb1e51ddf24503117d87be5e1a\"] {\n\t\twidth: calc((6 \/ 12) * 100%)!important;\n\t\tmin-width: calc((6 \/ 12) * 100%)!important;\n\t}\n<\/style>\n\n<div id=\"block_b520b4eb1e51ddf24503117d87be5e1a\" class=\"col-lg-6 custom-column-block\">\n\t<div class=\"custom-column-wrapper  \">\n\t\t\n\n<p class=\"has-purple-color has-text-color has-link-color wp-elements-3a4b20b5449f3cf59491621c06326568\"><strong>FECHA Y HORA:<\/strong><\/p>\n\n\n\n<p><strong>22 de noviembre de 2024<\/strong><\/p>\n\n\n\n<p>11 h - 16 h<\/p>\n\n\n\t<\/div>\n<\/div>\n\n\n\n\n\n<style type=\"text\/css\">\n\t.edit-post-visual-editor [data-block=\"2a7de4538c35d98e2f59b4382612ae40\"] {\n\t\twidth: calc((12 \/ 12) * 100%)!important;\n\t\tmin-width: calc((12 \/ 12) * 100%)!important;\n\t}\n<\/style>\n\n<div id=\"block_2a7de4538c35d98e2f59b4382612ae40\" class=\"col-lg-12 custom-column-block\">\n\t<div class=\"custom-column-wrapper  \">\n\t\t\n\n<p><\/p>\n\n\n\n<p class=\"has-purple-color has-text-color has-link-color wp-elements-7bc99a8b24869ad1122192b3dcf4d84e\"><strong>INSCRIPCI\u00d3N:<\/strong><\/p>\n\n\n\n<p><strong>La inscripci\u00f3n est\u00e1 cerrada.<\/strong> S\u00edguenos en las redes sociales o visita nuestra <a href=\"https:\/\/www.justice4all.org\/es\/que-hacemos\/sistema-juridico-penal\/cancelacion-de-antecedentes-penales\/\">p\u00e1gina sobre eliminaci\u00f3n de antecedentes penales<\/a> para mantenerte informado sobre los pr\u00f3ximos cursos y sesiones informativas sobre eliminaci\u00f3n de antecedentes penales.<\/p>\n\n\n\n<ul class=\"wp-block-social-links has-icon-color is-style-logos-only is-layout-flex wp-block-social-links-is-layout-flex\">\n\n\n\n<\/ul>\n\n\n\t<\/div>\n<\/div>\n\n\t\t\t\t\t<\/div>\n\t\t\t\t\t\t\t\n\t\t\t<\/div>\n\t\t<\/div>\n\t<\/div>\n\n\t<style type=\"text\/css\">\n\t\t.edit-post-visual-editor [data-block=\"d3f622581d646f5445b1d22dece433a7\"] .block-editor-block-list__layout {\n\t\t\tjustify-content: center;\n\t\t}\n\n\t\t\t<\/style>\n<\/div>\n","protected":false},"excerpt":{"rendered":"","protected":false},"author":4,"featured_media":0,"parent":0,"menu_order":4,"comment_status":"closed","ping_status":"closed","template":"","meta":{"footnotes":""},"lajc-tax-roles":[],"lajc-tax-issues":[],"lajc-tax-locations":[],"class_list":["post-18144","page","type-page","status-publish","hentry"],"acf":[],"yoast_head":"<!-- This site is optimized with the Yoast SEO plugin v27.3 - https:\/\/yoast.com\/product\/yoast-seo-wordpress\/ -->\n<title>Cl\u00ednica de cancelaci\u00f3n de antecedentes penales de Richmond - Legal Aid Justice Center<\/title>\n<meta name=\"robots\" content=\"index, follow, max-snippet:-1, max-image-preview:large, max-video-preview:-1\" \/>\n<link rel=\"canonical\" href=\"https:\/\/www.justice4all.org\/es\/clinica-de-cancelacion-de-antecedentes-penales-de-richmond\/\" \/>\n<meta property=\"og:locale\" content=\"es_ES\" \/>\n<meta property=\"og:type\" content=\"article\" \/>\n<meta property=\"og:title\" content=\"Cl\u00ednica de cancelaci\u00f3n de antecedentes penales de Richmond - Legal Aid Justice Center\" \/>\n<meta property=\"og:url\" content=\"https:\/\/www.justice4all.org\/es\/clinica-de-cancelacion-de-antecedentes-penales-de-richmond\/\" \/>\n<meta property=\"og:site_name\" content=\"Legal Aid Justice Center\" \/>\n<meta property=\"article:modified_time\" content=\"2026-02-05T03:01:23+00:00\" \/>\n<meta name=\"twitter:card\" content=\"summary_large_image\" \/>\n<meta name=\"twitter:label1\" content=\"Tiempo de lectura\" \/>\n\t<meta name=\"twitter:data1\" content=\"2 minuto\" \/>\n<script type=\"application\/ld+json\" class=\"yoast-schema-graph\">{\"@context\":\"https:\\\/\\\/schema.org\",\"@graph\":[{\"@type\":\"WebPage\",\"@id\":\"https:\\\/\\\/www.justice4all.org\\\/es\\\/clinica-de-cancelacion-de-antecedentes-penales-de-richmond\\\/\",\"url\":\"https:\\\/\\\/www.justice4all.org\\\/es\\\/clinica-de-cancelacion-de-antecedentes-penales-de-richmond\\\/\",\"name\":\"Cl\u00ednica de cancelaci\u00f3n de antecedentes penales de Richmond - Legal Aid Justice Center\",\"isPartOf\":{\"@id\":\"https:\\\/\\\/www.justice4all.org\\\/es\\\/#website\"},\"datePublished\":\"2024-09-11T13:44:20+00:00\",\"dateModified\":\"2026-02-05T03:01:23+00:00\",\"breadcrumb\":{\"@id\":\"https:\\\/\\\/www.justice4all.org\\\/es\\\/clinica-de-cancelacion-de-antecedentes-penales-de-richmond\\\/#breadcrumb\"},\"inLanguage\":\"es\",\"potentialAction\":[{\"@type\":\"ReadAction\",\"target\":[\"https:\\\/\\\/www.justice4all.org\\\/es\\\/clinica-de-cancelacion-de-antecedentes-penales-de-richmond\\\/\"]}]},{\"@type\":\"BreadcrumbList\",\"@id\":\"https:\\\/\\\/www.justice4all.org\\\/es\\\/clinica-de-cancelacion-de-antecedentes-penales-de-richmond\\\/#breadcrumb\",\"itemListElement\":[{\"@type\":\"ListItem\",\"position\":1,\"name\":\"Home\",\"item\":\"https:\\\/\\\/www.justice4all.org\\\/es\\\/\"},{\"@type\":\"ListItem\",\"position\":2,\"name\":\"Cl\u00ednica de cancelaci\u00f3n de antecedentes penales de Richmond\"}]},{\"@type\":\"WebSite\",\"@id\":\"https:\\\/\\\/www.justice4all.org\\\/es\\\/#website\",\"url\":\"https:\\\/\\\/www.justice4all.org\\\/es\\\/\",\"name\":\"Legal Aid Justice Center\",\"description\":\"\",\"potentialAction\":[{\"@type\":\"SearchAction\",\"target\":{\"@type\":\"EntryPoint\",\"urlTemplate\":\"https:\\\/\\\/www.justice4all.org\\\/es\\\/?s={search_term_string}\"},\"query-input\":{\"@type\":\"PropertyValueSpecification\",\"valueRequired\":true,\"valueName\":\"search_term_string\"}}],\"inLanguage\":\"es\"}]}<\/script>\n<!-- \/ Yoast SEO plugin. -->","yoast_head_json":{"title":"Cl\u00ednica de cancelaci\u00f3n de antecedentes penales de Richmond - Legal Aid Justice Center","robots":{"index":"index","follow":"follow","max-snippet":"max-snippet:-1","max-image-preview":"max-image-preview:large","max-video-preview":"max-video-preview:-1"},"canonical":"https:\/\/www.justice4all.org\/es\/clinica-de-cancelacion-de-antecedentes-penales-de-richmond\/","og_locale":"es_ES","og_type":"article","og_title":"Cl\u00ednica de cancelaci\u00f3n de antecedentes penales de Richmond - Legal Aid Justice Center","og_url":"https:\/\/www.justice4all.org\/es\/clinica-de-cancelacion-de-antecedentes-penales-de-richmond\/","og_site_name":"Legal Aid Justice Center","article_modified_time":"2026-02-05T03:01:23+00:00","twitter_card":"summary_large_image","twitter_misc":{"Tiempo de lectura":"2 minuto"},"schema":{"@context":"https:\/\/schema.org","@graph":[{"@type":"WebPage","@id":"https:\/\/www.justice4all.org\/es\/clinica-de-cancelacion-de-antecedentes-penales-de-richmond\/","url":"https:\/\/www.justice4all.org\/es\/clinica-de-cancelacion-de-antecedentes-penales-de-richmond\/","name":"Cl\u00ednica de cancelaci\u00f3n de antecedentes penales de Richmond - Legal Aid Justice Center","isPartOf":{"@id":"https:\/\/www.justice4all.org\/es\/#website"},"datePublished":"2024-09-11T13:44:20+00:00","dateModified":"2026-02-05T03:01:23+00:00","breadcrumb":{"@id":"https:\/\/www.justice4all.org\/es\/clinica-de-cancelacion-de-antecedentes-penales-de-richmond\/#breadcrumb"},"inLanguage":"es","potentialAction":[{"@type":"ReadAction","target":["https:\/\/www.justice4all.org\/es\/clinica-de-cancelacion-de-antecedentes-penales-de-richmond\/"]}]},{"@type":"BreadcrumbList","@id":"https:\/\/www.justice4all.org\/es\/clinica-de-cancelacion-de-antecedentes-penales-de-richmond\/#breadcrumb","itemListElement":[{"@type":"ListItem","position":1,"name":"Home","item":"https:\/\/www.justice4all.org\/es\/"},{"@type":"ListItem","position":2,"name":"Cl\u00ednica de cancelaci\u00f3n de antecedentes penales de Richmond"}]},{"@type":"WebSite","@id":"https:\/\/www.justice4all.org\/es\/#website","url":"https:\/\/www.justice4all.org\/es\/","name":"Legal Aid Justice Center","description":"","potentialAction":[{"@type":"SearchAction","target":{"@type":"EntryPoint","urlTemplate":"https:\/\/www.justice4all.org\/es\/?s={search_term_string}"},"query-input":{"@type":"PropertyValueSpecification","valueRequired":true,"valueName":"search_term_string"}}],"inLanguage":"es"}]}},"_links":{"self":[{"href":"https:\/\/www.justice4all.org\/es\/wp-json\/wp\/v2\/pages\/18144","targetHints":{"allow":["GET"]}}],"collection":[{"href":"https:\/\/www.justice4all.org\/es\/wp-json\/wp\/v2\/pages"}],"about":[{"href":"https:\/\/www.justice4all.org\/es\/wp-json\/wp\/v2\/types\/page"}],"author":[{"embeddable":true,"href":"https:\/\/www.justice4all.org\/es\/wp-json\/wp\/v2\/users\/4"}],"replies":[{"embeddable":true,"href":"https:\/\/www.justice4all.org\/es\/wp-json\/wp\/v2\/comments?post=18144"}],"version-history":[{"count":0,"href":"https:\/\/www.justice4all.org\/es\/wp-json\/wp\/v2\/pages\/18144\/revisions"}],"wp:attachment":[{"href":"https:\/\/www.justice4all.org\/es\/wp-json\/wp\/v2\/media?parent=18144"}],"wp:term":[{"taxonomy":"lajc-tax-roles","embeddable":true,"href":"https:\/\/www.justice4all.org\/es\/wp-json\/wp\/v2\/lajc-tax-roles?post=18144"},{"taxonomy":"lajc-tax-issues","embeddable":true,"href":"https:\/\/www.justice4all.org\/es\/wp-json\/wp\/v2\/lajc-tax-issues?post=18144"},{"taxonomy":"lajc-tax-locations","embeddable":true,"href":"https:\/\/www.justice4all.org\/es\/wp-json\/wp\/v2\/lajc-tax-locations?post=18144"}],"curies":[{"name":"wp","href":"https:\/\/api.w.org\/{rel}","templated":true}]}}