{"id":17752,"date":"2024-03-08T17:25:33","date_gmt":"2024-03-08T17:25:33","guid":{"rendered":"https:\/\/www.justice4all.org\/que-hacemos\/lugar-de-trabajo\/acabar-con-la-exencion-de-los-trabajadores-agricolas\/"},"modified":"2025-03-10T20:24:11","modified_gmt":"2025-03-10T20:24:11","slug":"acabar-con-la-exencion-de-los-trabajadores-agricolas","status":"publish","type":"page","link":"https:\/\/www.justice4all.org\/es\/que-hacemos\/lugar-de-trabajo\/acabar-con-la-exencion-de-los-trabajadores-agricolas\/","title":{"rendered":"Acabar con la exenci\u00f3n de los trabajadores agr\u00edcolas"},"content":{"rendered":"\n<p class=\"has-medium-font-size\"><\/p>\n\n\n\n\n\n<div id=\"block_561f0e3cd24436aa37f160e12b480db8\" class=\"content-wrapper-block  style-normal bg-width-full \">\n\t<div class=\"container-fluid\">\n\t\t<div class=\"row justify-content-center\">\n\t\t\t<div class=\"col-lg-8\">\n\t\t\t\t\t\t\t\t\t<div class=\"row row-content justify-content-center\">\n\t\t\t\t\t\t\n\n\n\n\n<style type=\"text\/css\">\n\t.edit-post-visual-editor [data-block=\"a2ed45d60b332de1eb759ac310cab94e\"] {\n\t\twidth: calc((12 \/ 12) * 100%)!important;\n\t\tmin-width: calc((12 \/ 12) * 100%)!important;\n\t}\n<\/style>\n\n<div id=\"block_a2ed45d60b332de1eb759ac310cab94e\" class=\"col-lg-12 custom-column-block\">\n\t<div class=\"custom-column-wrapper  \">\n\t\t\n\n<p class=\"has-text-align-center has-purple-color has-text-color has-link-color has-medium-font-size wp-elements-5f1a405e1d64d1aa4234336eca8c3bac\"><strong><strong>\u00a1Dile al Gobernador Youngkin que firme la ley HB1625 e incluya a los trabajadores agr\u00edcolas en las protecciones del salario m\u00ednimo!<\/strong><\/strong><\/p>\n\n\n\n<p class=\"has-text-align-center\"><strong>Rellena el siguiente formulario y \u00fanete a nosotros y a m\u00e1s de 70 organizaciones de Virginia para pedir al Gobernador que firme la ley HB1625 e incluya a los trabajadores agr\u00edcolas y a los trabajadores migrantes H-2 en las protecciones del salario m\u00ednimo de Virginia.<\/strong><\/p>\n\n\n\t<\/div>\n<\/div>\n\n\n\n\n\n<style type=\"text\/css\">\n\t.edit-post-visual-editor [data-block=\"f8c839e8d4fc00d92c7540f3f84150a7\"] {\n\t\twidth: calc((12 \/ 12) * 100%)!important;\n\t\tmin-width: calc((12 \/ 12) * 100%)!important;\n\t}\n<\/style>\n\n<div id=\"block_f8c839e8d4fc00d92c7540f3f84150a7\" class=\"col-lg-12 custom-column-block\">\n\t<div class=\"custom-column-wrapper  has-background-color has-light-gray-background-color\">\n\t\t\n\n\n    <div data-action-center-id=\"9befa25c-e05d-48d9-8c97-5cd42bee40ca\" data-domain=\"https:\/\/mstr.app\" data-height=\"1000\" data-width=\"1000\" data-height-full=\"true\" data-css=\"\" id=\"muster-widget-v2-action-center-9befa25c-e05d-48d9-8c97-5cd42bee40ca\">\n      <script src=\"https:\/\/widgets.muster.com\/v2\/action-center-20240730.js\" widget-id=\"muster-widget-v2-action-center-9befa25c-e05d-48d9-8c97-5cd42bee40ca\"><\/script>\n    <\/div>\n  \n\n\n\t<\/div>\n<\/div>\n\n\n\n\n\n<style type=\"text\/css\">\n\t.edit-post-visual-editor [data-block=\"a2ed45d60b332de1eb759ac310cab94e\"] {\n\t\twidth: calc((12 \/ 12) * 100%)!important;\n\t\tmin-width: calc((12 \/ 12) * 100%)!important;\n\t}\n<\/style>\n\n<div id=\"block_a2ed45d60b332de1eb759ac310cab94e\" class=\"col-lg-12 custom-column-block\">\n\t<div class=\"custom-column-wrapper  \">\n\t\t\n\n<figure class=\"wp-block-image size-large\"><img loading=\"lazy\" decoding=\"async\" width=\"1024\" height=\"683\" src=\"https:\/\/www.justice4all.org\/wp-content\/uploads\/2023\/07\/IMG_0997-1024x683.jpg\" alt=\"\" class=\"wp-image-10316\" style=\"aspect-ratio:16\/9;object-fit:cover\" srcset=\"https:\/\/www.justice4all.org\/wp-content\/uploads\/2023\/07\/IMG_0997-1024x683.jpg 1024w, https:\/\/www.justice4all.org\/wp-content\/uploads\/2023\/07\/IMG_0997-300x200.jpg 300w, https:\/\/www.justice4all.org\/wp-content\/uploads\/2023\/07\/IMG_0997-768x512.jpg 768w, https:\/\/www.justice4all.org\/wp-content\/uploads\/2023\/07\/IMG_0997-1536x1024.jpg 1536w, https:\/\/www.justice4all.org\/wp-content\/uploads\/2023\/07\/IMG_0997-2048x1365.jpg 2048w\" sizes=\"auto, (max-width: 1024px) 100vw, 1024px\" \/><\/figure>\n\n\n\t<\/div>\n<\/div>\n\n\t\t\t\t\t<\/div>\n\t\t\t\t\t\t\t\n\t\t\t<\/div>\n\t\t<\/div>\n\t<\/div>\n\n\t<style type=\"text\/css\">\n\t\t.edit-post-visual-editor [data-block=\"561f0e3cd24436aa37f160e12b480db8\"] .block-editor-block-list__layout {\n\t\t\tjustify-content: center;\n\t\t}\n\n\t\t\t<\/style>\n<\/div>\n","protected":false},"excerpt":{"rendered":"","protected":false},"author":4,"featured_media":0,"parent":10480,"menu_order":1,"comment_status":"closed","ping_status":"closed","template":"","meta":{"footnotes":""},"lajc-tax-roles":[],"lajc-tax-issues":[80],"lajc-tax-locations":[],"class_list":["post-17752","page","type-page","status-publish","hentry","lajc-tax-issues-workplace-es"],"acf":[],"yoast_head":"<!-- This site is optimized with the Yoast SEO plugin v27.4 - https:\/\/yoast.com\/product\/yoast-seo-wordpress\/ -->\n<title>Acabar con la exenci\u00f3n de los trabajadores agr\u00edcolas - Legal Aid Justice Center<\/title>\n<meta name=\"robots\" content=\"index, follow, max-snippet:-1, max-image-preview:large, max-video-preview:-1\" \/>\n<link rel=\"canonical\" href=\"https:\/\/www.justice4all.org\/es\/que-hacemos\/lugar-de-trabajo\/acabar-con-la-exencion-de-los-trabajadores-agricolas\/\" \/>\n<meta property=\"og:locale\" content=\"es_ES\" \/>\n<meta property=\"og:type\" content=\"article\" \/>\n<meta property=\"og:title\" content=\"Acabar con la exenci\u00f3n de los trabajadores agr\u00edcolas - Legal Aid Justice Center\" \/>\n<meta property=\"og:url\" content=\"https:\/\/www.justice4all.org\/es\/que-hacemos\/lugar-de-trabajo\/acabar-con-la-exencion-de-los-trabajadores-agricolas\/\" \/>\n<meta property=\"og:site_name\" content=\"Legal Aid Justice Center\" \/>\n<meta property=\"article:modified_time\" content=\"2025-03-10T20:24:11+00:00\" \/>\n<meta property=\"og:image\" content=\"https:\/\/www.justice4all.org\/wp-content\/uploads\/2023\/07\/IMG_0997-1024x683.jpg\" \/>\n<meta name=\"twitter:card\" content=\"summary_large_image\" \/>\n<script type=\"application\/ld+json\" class=\"yoast-schema-graph\">{\"@context\":\"https:\\\/\\\/schema.org\",\"@graph\":[{\"@type\":\"WebPage\",\"@id\":\"https:\\\/\\\/www.justice4all.org\\\/es\\\/que-hacemos\\\/lugar-de-trabajo\\\/acabar-con-la-exencion-de-los-trabajadores-agricolas\\\/\",\"url\":\"https:\\\/\\\/www.justice4all.org\\\/es\\\/que-hacemos\\\/lugar-de-trabajo\\\/acabar-con-la-exencion-de-los-trabajadores-agricolas\\\/\",\"name\":\"Acabar con la exenci\u00f3n de los trabajadores agr\u00edcolas - Legal Aid Justice Center\",\"isPartOf\":{\"@id\":\"https:\\\/\\\/www.justice4all.org\\\/es\\\/#website\"},\"primaryImageOfPage\":{\"@id\":\"https:\\\/\\\/www.justice4all.org\\\/es\\\/que-hacemos\\\/lugar-de-trabajo\\\/acabar-con-la-exencion-de-los-trabajadores-agricolas\\\/#primaryimage\"},\"image\":{\"@id\":\"https:\\\/\\\/www.justice4all.org\\\/es\\\/que-hacemos\\\/lugar-de-trabajo\\\/acabar-con-la-exencion-de-los-trabajadores-agricolas\\\/#primaryimage\"},\"thumbnailUrl\":\"https:\\\/\\\/www.justice4all.org\\\/wp-content\\\/uploads\\\/2023\\\/07\\\/IMG_0997-1024x683.jpg\",\"datePublished\":\"2024-03-08T17:25:33+00:00\",\"dateModified\":\"2025-03-10T20:24:11+00:00\",\"breadcrumb\":{\"@id\":\"https:\\\/\\\/www.justice4all.org\\\/es\\\/que-hacemos\\\/lugar-de-trabajo\\\/acabar-con-la-exencion-de-los-trabajadores-agricolas\\\/#breadcrumb\"},\"inLanguage\":\"es\",\"potentialAction\":[{\"@type\":\"ReadAction\",\"target\":[\"https:\\\/\\\/www.justice4all.org\\\/es\\\/que-hacemos\\\/lugar-de-trabajo\\\/acabar-con-la-exencion-de-los-trabajadores-agricolas\\\/\"]}]},{\"@type\":\"ImageObject\",\"inLanguage\":\"es\",\"@id\":\"https:\\\/\\\/www.justice4all.org\\\/es\\\/que-hacemos\\\/lugar-de-trabajo\\\/acabar-con-la-exencion-de-los-trabajadores-agricolas\\\/#primaryimage\",\"url\":\"https:\\\/\\\/www.justice4all.org\\\/wp-content\\\/uploads\\\/2023\\\/07\\\/IMG_0997-1024x683.jpg\",\"contentUrl\":\"https:\\\/\\\/www.justice4all.org\\\/wp-content\\\/uploads\\\/2023\\\/07\\\/IMG_0997-1024x683.jpg\"},{\"@type\":\"BreadcrumbList\",\"@id\":\"https:\\\/\\\/www.justice4all.org\\\/es\\\/que-hacemos\\\/lugar-de-trabajo\\\/acabar-con-la-exencion-de-los-trabajadores-agricolas\\\/#breadcrumb\",\"itemListElement\":[{\"@type\":\"ListItem\",\"position\":1,\"name\":\"Home\",\"item\":\"https:\\\/\\\/www.justice4all.org\\\/es\\\/\"},{\"@type\":\"ListItem\",\"position\":2,\"name\":\"Qu\u00e9 hacemos\",\"item\":\"https:\\\/\\\/www.justice4all.org\\\/es\\\/que-hacemos\\\/\"},{\"@type\":\"ListItem\",\"position\":3,\"name\":\"Lugar de trabajo\",\"item\":\"https:\\\/\\\/www.justice4all.org\\\/es\\\/que-hacemos\\\/lugar-de-trabajo\\\/\"},{\"@type\":\"ListItem\",\"position\":4,\"name\":\"Acabar con la exenci\u00f3n de los trabajadores agr\u00edcolas\"}]},{\"@type\":\"WebSite\",\"@id\":\"https:\\\/\\\/www.justice4all.org\\\/es\\\/#website\",\"url\":\"https:\\\/\\\/www.justice4all.org\\\/es\\\/\",\"name\":\"Legal Aid Justice Center\",\"description\":\"\",\"potentialAction\":[{\"@type\":\"SearchAction\",\"target\":{\"@type\":\"EntryPoint\",\"urlTemplate\":\"https:\\\/\\\/www.justice4all.org\\\/es\\\/?s={search_term_string}\"},\"query-input\":{\"@type\":\"PropertyValueSpecification\",\"valueRequired\":true,\"valueName\":\"search_term_string\"}}],\"inLanguage\":\"es\"}]}<\/script>\n<!-- \/ Yoast SEO plugin. -->","yoast_head_json":{"title":"Acabar con la exenci\u00f3n de los trabajadores agr\u00edcolas - Legal Aid Justice Center","robots":{"index":"index","follow":"follow","max-snippet":"max-snippet:-1","max-image-preview":"max-image-preview:large","max-video-preview":"max-video-preview:-1"},"canonical":"https:\/\/www.justice4all.org\/es\/que-hacemos\/lugar-de-trabajo\/acabar-con-la-exencion-de-los-trabajadores-agricolas\/","og_locale":"es_ES","og_type":"article","og_title":"Acabar con la exenci\u00f3n de los trabajadores agr\u00edcolas - Legal Aid Justice Center","og_url":"https:\/\/www.justice4all.org\/es\/que-hacemos\/lugar-de-trabajo\/acabar-con-la-exencion-de-los-trabajadores-agricolas\/","og_site_name":"Legal Aid Justice Center","article_modified_time":"2025-03-10T20:24:11+00:00","og_image":[{"url":"https:\/\/www.justice4all.org\/wp-content\/uploads\/2023\/07\/IMG_0997-1024x683.jpg","type":"","width":"","height":""}],"twitter_card":"summary_large_image","schema":{"@context":"https:\/\/schema.org","@graph":[{"@type":"WebPage","@id":"https:\/\/www.justice4all.org\/es\/que-hacemos\/lugar-de-trabajo\/acabar-con-la-exencion-de-los-trabajadores-agricolas\/","url":"https:\/\/www.justice4all.org\/es\/que-hacemos\/lugar-de-trabajo\/acabar-con-la-exencion-de-los-trabajadores-agricolas\/","name":"Acabar con la exenci\u00f3n de los trabajadores agr\u00edcolas - Legal Aid Justice Center","isPartOf":{"@id":"https:\/\/www.justice4all.org\/es\/#website"},"primaryImageOfPage":{"@id":"https:\/\/www.justice4all.org\/es\/que-hacemos\/lugar-de-trabajo\/acabar-con-la-exencion-de-los-trabajadores-agricolas\/#primaryimage"},"image":{"@id":"https:\/\/www.justice4all.org\/es\/que-hacemos\/lugar-de-trabajo\/acabar-con-la-exencion-de-los-trabajadores-agricolas\/#primaryimage"},"thumbnailUrl":"https:\/\/www.justice4all.org\/wp-content\/uploads\/2023\/07\/IMG_0997-1024x683.jpg","datePublished":"2024-03-08T17:25:33+00:00","dateModified":"2025-03-10T20:24:11+00:00","breadcrumb":{"@id":"https:\/\/www.justice4all.org\/es\/que-hacemos\/lugar-de-trabajo\/acabar-con-la-exencion-de-los-trabajadores-agricolas\/#breadcrumb"},"inLanguage":"es","potentialAction":[{"@type":"ReadAction","target":["https:\/\/www.justice4all.org\/es\/que-hacemos\/lugar-de-trabajo\/acabar-con-la-exencion-de-los-trabajadores-agricolas\/"]}]},{"@type":"ImageObject","inLanguage":"es","@id":"https:\/\/www.justice4all.org\/es\/que-hacemos\/lugar-de-trabajo\/acabar-con-la-exencion-de-los-trabajadores-agricolas\/#primaryimage","url":"https:\/\/www.justice4all.org\/wp-content\/uploads\/2023\/07\/IMG_0997-1024x683.jpg","contentUrl":"https:\/\/www.justice4all.org\/wp-content\/uploads\/2023\/07\/IMG_0997-1024x683.jpg"},{"@type":"BreadcrumbList","@id":"https:\/\/www.justice4all.org\/es\/que-hacemos\/lugar-de-trabajo\/acabar-con-la-exencion-de-los-trabajadores-agricolas\/#breadcrumb","itemListElement":[{"@type":"ListItem","position":1,"name":"Home","item":"https:\/\/www.justice4all.org\/es\/"},{"@type":"ListItem","position":2,"name":"Qu\u00e9 hacemos","item":"https:\/\/www.justice4all.org\/es\/que-hacemos\/"},{"@type":"ListItem","position":3,"name":"Lugar de trabajo","item":"https:\/\/www.justice4all.org\/es\/que-hacemos\/lugar-de-trabajo\/"},{"@type":"ListItem","position":4,"name":"Acabar con la exenci\u00f3n de los trabajadores agr\u00edcolas"}]},{"@type":"WebSite","@id":"https:\/\/www.justice4all.org\/es\/#website","url":"https:\/\/www.justice4all.org\/es\/","name":"Legal Aid Justice Center","description":"","potentialAction":[{"@type":"SearchAction","target":{"@type":"EntryPoint","urlTemplate":"https:\/\/www.justice4all.org\/es\/?s={search_term_string}"},"query-input":{"@type":"PropertyValueSpecification","valueRequired":true,"valueName":"search_term_string"}}],"inLanguage":"es"}]}},"_links":{"self":[{"href":"https:\/\/www.justice4all.org\/es\/wp-json\/wp\/v2\/pages\/17752","targetHints":{"allow":["GET"]}}],"collection":[{"href":"https:\/\/www.justice4all.org\/es\/wp-json\/wp\/v2\/pages"}],"about":[{"href":"https:\/\/www.justice4all.org\/es\/wp-json\/wp\/v2\/types\/page"}],"author":[{"embeddable":true,"href":"https:\/\/www.justice4all.org\/es\/wp-json\/wp\/v2\/users\/4"}],"replies":[{"embeddable":true,"href":"https:\/\/www.justice4all.org\/es\/wp-json\/wp\/v2\/comments?post=17752"}],"version-history":[{"count":0,"href":"https:\/\/www.justice4all.org\/es\/wp-json\/wp\/v2\/pages\/17752\/revisions"}],"up":[{"embeddable":true,"href":"https:\/\/www.justice4all.org\/es\/wp-json\/wp\/v2\/pages\/10480"}],"wp:attachment":[{"href":"https:\/\/www.justice4all.org\/es\/wp-json\/wp\/v2\/media?parent=17752"}],"wp:term":[{"taxonomy":"lajc-tax-roles","embeddable":true,"href":"https:\/\/www.justice4all.org\/es\/wp-json\/wp\/v2\/lajc-tax-roles?post=17752"},{"taxonomy":"lajc-tax-issues","embeddable":true,"href":"https:\/\/www.justice4all.org\/es\/wp-json\/wp\/v2\/lajc-tax-issues?post=17752"},{"taxonomy":"lajc-tax-locations","embeddable":true,"href":"https:\/\/www.justice4all.org\/es\/wp-json\/wp\/v2\/lajc-tax-locations?post=17752"}],"curies":[{"name":"wp","href":"https:\/\/api.w.org\/{rel}","templated":true}]}}