{"id":17529,"date":"2020-12-14T10:59:33","date_gmt":"2020-12-14T10:59:33","guid":{"rendered":"https:\/\/www.justice4all.org\/que-hacemos\/vivienda\/unidad-de-vivienda-material-de-acogida\/"},"modified":"2026-02-05T03:01:45","modified_gmt":"2026-02-05T03:01:45","slug":"unidad-de-vivienda-material-de-acogida","status":"publish","type":"page","link":"https:\/\/www.justice4all.org\/es\/que-hacemos\/vivienda\/unidad-de-vivienda-material-de-acogida\/","title":{"rendered":"Unidad de Vivienda - Material de acogida"},"content":{"rendered":"\n\n\n\n\n<div id=\"block_c606cb557a13f53aa1a6a21b14e25b40\" class=\"content-wrapper-block  style-normal bg-width-full \">\n\t<div class=\"container-fluid\">\n\t\t<div class=\"row justify-content-center\">\n\t\t\t<div class=\"col-lg-12\">\n\t\t\t\t\t\t\t\t\t<div class=\"row row-content justify-content-center\">\n\t\t\t\t\t\t\n\n\n\n\n<style type=\"text\/css\">\n\t.edit-post-visual-editor [data-block=\"89c688439464c7a368b210325b0fb3f3\"] {\n\t\twidth: calc((12 \/ 12) * 100%)!important;\n\t\tmin-width: calc((12 \/ 12) * 100%)!important;\n\t}\n<\/style>\n\n<div id=\"block_89c688439464c7a368b210325b0fb3f3\" class=\"col-lg-12 custom-column-block\">\n\t<div class=\"custom-column-wrapper  \">\n\t\t\n\n<h2 class=\"wp-block-heading has-text-align-center has-black-color has-text-color\" style=\"font-size:52px;font-style:normal;font-weight:300\"><strong>UNIDAD DE VIVIENDA<\/strong> - MATERIAL DE ACOGIDA<\/h2>\n\n\n\n<hr class=\"wp-block-separator has-alpha-channel-opacity is-style-gradient-primary\" \/>\n\n\n\n<h2 class=\"wp-block-heading is-style-underlined-with-icon has-black-color has-text-color\">V\u00cdDEO DE FORMACI\u00d3N<\/h2>\n\n\n\n<div style=\"text-align: center\"><\/div>\n\n\n\n\n\n\n\n<div id=\"block_c99d8e08992aaaa73d9f65ae84b2bbb2\" class=\"custom-accordion-block\">\n  <div class=\"container-fluid\">\n    <div class=\"underlined-title-with-icon\">\n      <h4>RECURSOS<\/h4>\n    <\/div>\n\n    <div class=\"custom-accordion-items\">\n              \n\n\n\n\n\n<div id=\"block_4cd9c62bdce4693f72819f642215e35d\" class=\"custom-accordion-content-block custom-accordion-item\">\n  <span class=\"item-title\">Community Resources (legal and non-legal)<\/span>\n  <div class=\"item-content\">\n    <div class=\"row\">\n      \n\n\n\n\n<style type=\"text\/css\">\n\t.edit-post-visual-editor [data-block=\"89c688439464c7a368b210325b0fb3f3\"] {\n\t\twidth: calc((12 \/ 12) * 100%)!important;\n\t\tmin-width: calc((12 \/ 12) * 100%)!important;\n\t}\n<\/style>\n\n<div id=\"block_89c688439464c7a368b210325b0fb3f3\" class=\"col-lg-12 custom-column-block\">\n\t<div class=\"custom-column-wrapper  \">\n\t\t\n\n<ul class=\"wp-block-list\">\n<li><a href=\"https:\/\/www.justice4all.org\/wp-content\/uploads\/2024\/02\/Frequently-Used-Community-Resources_03.01.22.pdf\">Recursos comunitarios de uso frecuente<\/a><\/li>\n\n\n\n<li><a href=\"https:\/\/www.justice4all.org\/wp-content\/uploads\/2024\/02\/RVA-Resource-List.pdf\">Lista de recursos de la RVA<\/a><\/li>\n\n\n\n<li><a href=\"https:\/\/www.justice4all.org\/wp-content\/uploads\/2024\/02\/Utility-Disconnections.pdf\">Desconexi\u00f3n de servicios p\u00fablicos  <\/a><\/li>\n<\/ul>\n\n\n\t<\/div>\n<\/div>\n\n    <\/div>\n  <\/div>\n<\/div>\n\n\n\n\n\n\n<div id=\"block_ca5696f0f8fe66b15a968b42c3abda15\" class=\"custom-accordion-content-block custom-accordion-item\">\n  <span class=\"item-title\">Templates<\/span>\n  <div class=\"item-content\">\n    <div class=\"row\">\n      \n\n\n\n\n<style type=\"text\/css\">\n\t.edit-post-visual-editor [data-block=\"89c688439464c7a368b210325b0fb3f3\"] {\n\t\twidth: calc((12 \/ 12) * 100%)!important;\n\t\tmin-width: calc((12 \/ 12) * 100%)!important;\n\t}\n<\/style>\n\n<div id=\"block_89c688439464c7a368b210325b0fb3f3\" class=\"col-lg-12 custom-column-block\">\n\t<div class=\"custom-column-wrapper  \">\n\t\t\n\n<ul class=\"wp-block-list\">\n<li><a href=\"https:\/\/www.justice4all.org\/wp-content\/uploads\/2024\/02\/Authorization-for-Release-of-Information-NO-SSN-HIPAA-Compliant.docx\">Autorizaci\u00f3n de divulgaci\u00f3n de informaci\u00f3n<\/a><\/li>\n\n\n\n<li><a href=\"https:\/\/www.justice4all.org\/wp-content\/uploads\/2024\/02\/Blank-SOI-Discrimination-Letter.docx\" target=\"_blank\" rel=\"noreferrer noopener\">Carta de discriminaci\u00f3n SOI en blanco<\/a><\/li>\n\n\n\n<li><a href=\"https:\/\/www.justice4all.org\/wp-content\/uploads\/2024\/02\/Demand-Letter-Mold.docx\" target=\"_blank\" rel=\"noreferrer noopener\">Moho de la carta de reclamaci\u00f3n<\/a><\/li>\n\n\n\n<li><a href=\"https:\/\/www.justice4all.org\/wp-content\/uploads\/2024\/02\/Letter-RE-Landlord-Repairs.docx\">Carta RE Arrendador Reparaciones<\/a><\/li>\n\n\n\n<li><a href=\"https:\/\/www.justice4all.org\/wp-content\/uploads\/2024\/02\/No-contact-letter-template.docx\">Modelo de carta de no contacto<\/a><\/li>\n\n\n\n<li><a href=\"https:\/\/www.justice4all.org\/wp-content\/uploads\/2024\/02\/Remedy-by-Repair-Letter-Template.docx\">Modelo de carta de reparaci\u00f3n<\/a><\/li>\n\n\n\n<li><a href=\"https:\/\/www.justice4all.org\/wp-content\/uploads\/2024\/02\/RRHA-HCVP-Informal-Hearing-Request.pdf\">RRHA HCVP - Solicitud de audiencia informal<\/a><\/li>\n<\/ul>\n\n\n\t<\/div>\n<\/div>\n\n    <\/div>\n  <\/div>\n<\/div>\n\n\n\n\n\n\n<div id=\"block_4060c9fa9f43c6c7c603bd13c4ad26f2\" class=\"custom-accordion-content-block custom-accordion-item\">\n  <span class=\"item-title\">Treatises and Guides<\/span>\n  <div class=\"item-content\">\n    <div class=\"row\">\n      \n\n\n\n\n<style type=\"text\/css\">\n\t.edit-post-visual-editor [data-block=\"89c688439464c7a368b210325b0fb3f3\"] {\n\t\twidth: calc((12 \/ 12) * 100%)!important;\n\t\tmin-width: calc((12 \/ 12) * 100%)!important;\n\t}\n<\/style>\n\n<div id=\"block_89c688439464c7a368b210325b0fb3f3\" class=\"col-lg-12 custom-column-block\">\n\t<div class=\"custom-column-wrapper  \">\n\t\t\n\n<ul class=\"wp-block-list\">\n<li><a href=\"https:\/\/legalaidjusticecenter.sharepoint.com\/:f:\/s\/EconomicJustice2\/Enu9j_QAeIpEkW2-jZfCUjUBXeH45nj1vCJm5TRaHaWFzQ?e=eH4eyf\" target=\"_blank\" rel=\"noreferrer noopener\">Folletos y One-Pagers<\/a><\/li>\n\n\n\n<li><a href=\"https:\/\/www.justice4all.org\/wp-content\/uploads\/2024\/02\/2023-Pro-bono-Housing-Training.pdf\">2023 Formaci\u00f3n pro bono para la vivienda<\/a><\/li>\n\n\n\n<li><a href=\"https:\/\/www.justice4all.org\/wp-content\/uploads\/2024\/02\/District-Court-Bench-Book.pdf\">Tribunal de distrito<\/a><\/li>\n\n\n\n<li><a href=\"https:\/\/legalaidjusticecenter.sharepoint.com\/:w:\/s\/EconomicJustice2\/EccABctusKdEuGSpHwgE0DUBYSikHuegP3FLZ0IGOIrNgQ?e=LKsCcL\" target=\"_blank\" rel=\"noreferrer noopener\">Agravio<\/a><a href=\"https:\/\/www.justice4all.org\/wp-content\/uploads\/2024\/02\/Grievance-Procedure-KYR.docx\" target=\"_blank\" rel=\"noreferrer noopener\">nce Procedure KYR<\/a><\/li>\n\n\n\n<li><a href=\"https:\/\/www.justice4all.org\/wp-content\/uploads\/2024\/02\/HUD-Guidebook.pdf\">Gu\u00eda HUD<\/a><\/li>\n\n\n\n<li><a href=\"https:\/\/www.justice4all.org\/wp-content\/uploads\/2024\/02\/Important-VA-Cases-for-Unlawful-Detainer-Cases.pdf\">Casos importantes de VA para casos de detenci\u00f3n ilegal<\/a><\/li>\n\n\n\n<li><a href=\"https:\/\/www.justice4all.org\/wp-content\/uploads\/2024\/02\/Memo-Appeal-of-Formal-Administrative-Hearing-Decision-in-VA.docx\" target=\"_blank\" rel=\"noreferrer noopener\">Memor\u00e1ndum de Recurso de Apelaci\u00f3n contra la Decisi\u00f3n de Audiencia Administrativa en VA<\/a><\/li>\n\n\n\n<li><a href=\"https:\/\/www.justice4all.org\/wp-content\/uploads\/2024\/02\/RA-in-Private-HOusing-VA.pdf\" target=\"_blank\" rel=\"noreferrer noopener\">RA en vivienda privada VA<\/a><\/li>\n\n\n\n<li><a href=\"https:\/\/www.justice4all.org\/wp-content\/uploads\/2024\/02\/Subsidy-Guide.docx\" target=\"_blank\" rel=\"noreferrer noopener\">Gu\u00eda de subvenciones<\/a><\/li>\n<\/ul>\n\n\n\t<\/div>\n<\/div>\n\n    <\/div>\n  <\/div>\n<\/div>\n\n          <\/div>\n  <\/div>\n<\/div>\n\n\t<\/div>\n<\/div>\n\n\t\t\t\t\t<\/div>\n\t\t\t\t\t\t\t\n\t\t\t<\/div>\n\t\t<\/div>\n\t<\/div>\n\n\t<style type=\"text\/css\">\n\t\t.edit-post-visual-editor [data-block=\"c606cb557a13f53aa1a6a21b14e25b40\"] .block-editor-block-list__layout {\n\t\t\tjustify-content: center;\n\t\t}\n\n\t\t\t<\/style>\n<\/div>\n","protected":false},"excerpt":{"rendered":"","protected":false},"author":4,"featured_media":0,"parent":13137,"menu_order":3,"comment_status":"closed","ping_status":"closed","template":"","meta":{"footnotes":""},"lajc-tax-roles":[],"lajc-tax-issues":[86],"lajc-tax-locations":[85],"class_list":["post-17529","page","type-page","status-publish","hentry","lajc-tax-issues-vivienda","lajc-tax-locations-richmond-es"],"acf":[],"yoast_head":"<!-- This site is optimized with the Yoast SEO plugin v27.5 - https:\/\/yoast.com\/product\/yoast-seo-wordpress\/ -->\n<title>Unidad de Vivienda - Material de acogida - Legal Aid Justice Center<\/title>\n<meta name=\"robots\" content=\"index, follow, max-snippet:-1, max-image-preview:large, max-video-preview:-1\" \/>\n<link rel=\"canonical\" href=\"https:\/\/www.justice4all.org\/es\/que-hacemos\/vivienda\/unidad-de-vivienda-material-de-acogida\/\" \/>\n<meta property=\"og:locale\" content=\"es_ES\" \/>\n<meta property=\"og:type\" content=\"article\" \/>\n<meta property=\"og:title\" content=\"Unidad de Vivienda - Material de acogida - Legal Aid Justice Center\" \/>\n<meta property=\"og:url\" content=\"https:\/\/www.justice4all.org\/es\/que-hacemos\/vivienda\/unidad-de-vivienda-material-de-acogida\/\" \/>\n<meta property=\"og:site_name\" content=\"Legal Aid Justice Center\" \/>\n<meta property=\"article:modified_time\" content=\"2026-02-05T03:01:45+00:00\" \/>\n<meta name=\"twitter:card\" content=\"summary_large_image\" \/>\n<meta name=\"twitter:label1\" content=\"Tiempo de lectura\" \/>\n\t<meta name=\"twitter:data1\" content=\"1 minuto\" \/>\n<script type=\"application\/ld+json\" class=\"yoast-schema-graph\">{\"@context\":\"https:\\\/\\\/schema.org\",\"@graph\":[{\"@type\":\"WebPage\",\"@id\":\"https:\\\/\\\/www.justice4all.org\\\/es\\\/que-hacemos\\\/vivienda\\\/unidad-de-vivienda-material-de-acogida\\\/\",\"url\":\"https:\\\/\\\/www.justice4all.org\\\/es\\\/que-hacemos\\\/vivienda\\\/unidad-de-vivienda-material-de-acogida\\\/\",\"name\":\"Unidad de Vivienda - Material de acogida - Legal Aid Justice Center\",\"isPartOf\":{\"@id\":\"https:\\\/\\\/www.justice4all.org\\\/es\\\/#website\"},\"datePublished\":\"2020-12-14T10:59:33+00:00\",\"dateModified\":\"2026-02-05T03:01:45+00:00\",\"breadcrumb\":{\"@id\":\"https:\\\/\\\/www.justice4all.org\\\/es\\\/que-hacemos\\\/vivienda\\\/unidad-de-vivienda-material-de-acogida\\\/#breadcrumb\"},\"inLanguage\":\"es\",\"potentialAction\":[{\"@type\":\"ReadAction\",\"target\":[\"https:\\\/\\\/www.justice4all.org\\\/es\\\/que-hacemos\\\/vivienda\\\/unidad-de-vivienda-material-de-acogida\\\/\"]}]},{\"@type\":\"BreadcrumbList\",\"@id\":\"https:\\\/\\\/www.justice4all.org\\\/es\\\/que-hacemos\\\/vivienda\\\/unidad-de-vivienda-material-de-acogida\\\/#breadcrumb\",\"itemListElement\":[{\"@type\":\"ListItem\",\"position\":1,\"name\":\"Home\",\"item\":\"https:\\\/\\\/www.justice4all.org\\\/es\\\/\"},{\"@type\":\"ListItem\",\"position\":2,\"name\":\"Qu\u00e9 hacemos\",\"item\":\"https:\\\/\\\/www.justice4all.org\\\/es\\\/que-hacemos\\\/\"},{\"@type\":\"ListItem\",\"position\":3,\"name\":\"Vivienda\",\"item\":\"https:\\\/\\\/www.justice4all.org\\\/es\\\/que-hacemos\\\/vivienda\\\/\"},{\"@type\":\"ListItem\",\"position\":4,\"name\":\"Unidad de Vivienda &#8211; Material de acogida\"}]},{\"@type\":\"WebSite\",\"@id\":\"https:\\\/\\\/www.justice4all.org\\\/es\\\/#website\",\"url\":\"https:\\\/\\\/www.justice4all.org\\\/es\\\/\",\"name\":\"Legal Aid Justice Center\",\"description\":\"\",\"potentialAction\":[{\"@type\":\"SearchAction\",\"target\":{\"@type\":\"EntryPoint\",\"urlTemplate\":\"https:\\\/\\\/www.justice4all.org\\\/es\\\/?s={search_term_string}\"},\"query-input\":{\"@type\":\"PropertyValueSpecification\",\"valueRequired\":true,\"valueName\":\"search_term_string\"}}],\"inLanguage\":\"es\"}]}<\/script>\n<!-- \/ Yoast SEO plugin. -->","yoast_head_json":{"title":"Unidad de Vivienda - Material de acogida - Legal Aid Justice Center","robots":{"index":"index","follow":"follow","max-snippet":"max-snippet:-1","max-image-preview":"max-image-preview:large","max-video-preview":"max-video-preview:-1"},"canonical":"https:\/\/www.justice4all.org\/es\/que-hacemos\/vivienda\/unidad-de-vivienda-material-de-acogida\/","og_locale":"es_ES","og_type":"article","og_title":"Unidad de Vivienda - Material de acogida - Legal Aid Justice Center","og_url":"https:\/\/www.justice4all.org\/es\/que-hacemos\/vivienda\/unidad-de-vivienda-material-de-acogida\/","og_site_name":"Legal Aid Justice Center","article_modified_time":"2026-02-05T03:01:45+00:00","twitter_card":"summary_large_image","twitter_misc":{"Tiempo de lectura":"1 minuto"},"schema":{"@context":"https:\/\/schema.org","@graph":[{"@type":"WebPage","@id":"https:\/\/www.justice4all.org\/es\/que-hacemos\/vivienda\/unidad-de-vivienda-material-de-acogida\/","url":"https:\/\/www.justice4all.org\/es\/que-hacemos\/vivienda\/unidad-de-vivienda-material-de-acogida\/","name":"Unidad de Vivienda - Material de acogida - Legal Aid Justice Center","isPartOf":{"@id":"https:\/\/www.justice4all.org\/es\/#website"},"datePublished":"2020-12-14T10:59:33+00:00","dateModified":"2026-02-05T03:01:45+00:00","breadcrumb":{"@id":"https:\/\/www.justice4all.org\/es\/que-hacemos\/vivienda\/unidad-de-vivienda-material-de-acogida\/#breadcrumb"},"inLanguage":"es","potentialAction":[{"@type":"ReadAction","target":["https:\/\/www.justice4all.org\/es\/que-hacemos\/vivienda\/unidad-de-vivienda-material-de-acogida\/"]}]},{"@type":"BreadcrumbList","@id":"https:\/\/www.justice4all.org\/es\/que-hacemos\/vivienda\/unidad-de-vivienda-material-de-acogida\/#breadcrumb","itemListElement":[{"@type":"ListItem","position":1,"name":"Home","item":"https:\/\/www.justice4all.org\/es\/"},{"@type":"ListItem","position":2,"name":"Qu\u00e9 hacemos","item":"https:\/\/www.justice4all.org\/es\/que-hacemos\/"},{"@type":"ListItem","position":3,"name":"Vivienda","item":"https:\/\/www.justice4all.org\/es\/que-hacemos\/vivienda\/"},{"@type":"ListItem","position":4,"name":"Unidad de Vivienda &#8211; Material de acogida"}]},{"@type":"WebSite","@id":"https:\/\/www.justice4all.org\/es\/#website","url":"https:\/\/www.justice4all.org\/es\/","name":"Legal Aid Justice Center","description":"","potentialAction":[{"@type":"SearchAction","target":{"@type":"EntryPoint","urlTemplate":"https:\/\/www.justice4all.org\/es\/?s={search_term_string}"},"query-input":{"@type":"PropertyValueSpecification","valueRequired":true,"valueName":"search_term_string"}}],"inLanguage":"es"}]}},"_links":{"self":[{"href":"https:\/\/www.justice4all.org\/es\/wp-json\/wp\/v2\/pages\/17529","targetHints":{"allow":["GET"]}}],"collection":[{"href":"https:\/\/www.justice4all.org\/es\/wp-json\/wp\/v2\/pages"}],"about":[{"href":"https:\/\/www.justice4all.org\/es\/wp-json\/wp\/v2\/types\/page"}],"author":[{"embeddable":true,"href":"https:\/\/www.justice4all.org\/es\/wp-json\/wp\/v2\/users\/4"}],"replies":[{"embeddable":true,"href":"https:\/\/www.justice4all.org\/es\/wp-json\/wp\/v2\/comments?post=17529"}],"version-history":[{"count":0,"href":"https:\/\/www.justice4all.org\/es\/wp-json\/wp\/v2\/pages\/17529\/revisions"}],"up":[{"embeddable":true,"href":"https:\/\/www.justice4all.org\/es\/wp-json\/wp\/v2\/pages\/13137"}],"wp:attachment":[{"href":"https:\/\/www.justice4all.org\/es\/wp-json\/wp\/v2\/media?parent=17529"}],"wp:term":[{"taxonomy":"lajc-tax-roles","embeddable":true,"href":"https:\/\/www.justice4all.org\/es\/wp-json\/wp\/v2\/lajc-tax-roles?post=17529"},{"taxonomy":"lajc-tax-issues","embeddable":true,"href":"https:\/\/www.justice4all.org\/es\/wp-json\/wp\/v2\/lajc-tax-issues?post=17529"},{"taxonomy":"lajc-tax-locations","embeddable":true,"href":"https:\/\/www.justice4all.org\/es\/wp-json\/wp\/v2\/lajc-tax-locations?post=17529"}],"curies":[{"name":"wp","href":"https:\/\/api.w.org\/{rel}","templated":true}]}}