{"id":17256,"date":"2023-07-31T14:36:09","date_gmt":"2023-07-31T14:36:09","guid":{"rendered":"https:\/\/www.justice4all.org\/dar\/por-que-apoyar-al-lajc\/"},"modified":"2023-08-22T14:02:48","modified_gmt":"2023-08-22T14:02:48","slug":"por-que-apoyar-al-lajc","status":"publish","type":"page","link":"https:\/\/www.justice4all.org\/es\/dar\/por-que-apoyar-al-lajc\/","title":{"rendered":"\u00bfPor qu\u00e9 apoyar al LAJC?"},"content":{"rendered":"\n\n\n\n\n<div id=\"block_9ae54291692649267f59b18681de8bff\" class=\"content-wrapper-block  style-normal bg-width-full \">\n\t<div class=\"container-fluid\">\n\t\t<div class=\"row justify-content-center\">\n\t\t\t<div class=\"col-lg-12\">\n\t\t\t\t\t\t\t\t\t<div class=\"row row-content justify-content-center\">\n\t\t\t\t\t\t\n\n\n\n\n<style type=\"text\/css\">\n\t.edit-post-visual-editor [data-block=\"bbd62c562ca571f20694c67d2bb754f2\"] {\n\t\twidth: calc((12 \/ 12) * 100%)!important;\n\t\tmin-width: calc((12 \/ 12) * 100%)!important;\n\t}\n<\/style>\n\n<div id=\"block_bbd62c562ca571f20694c67d2bb754f2\" class=\"col-lg-12 custom-column-block\">\n\t<div class=\"custom-column-wrapper  \">\n\t\t\n\n\n\n\n\n<div id=\"block_4eb1224cc933d32aa55af2bd4d61ab42\" class=\"custom-accordion-block\">\n  <div class=\"container-fluid\">\n    <div class=\"underlined-title-with-icon\">\n      <h4>Por qu\u00e9 apoyar al LAJC<\/h4>\n    <\/div>\n\n    <div class=\"custom-accordion-items\">\n              \n\n\n\n\n\n<div id=\"block_091f96679b80a586120b9e201bd924e0\" class=\"custom-accordion-content-block custom-accordion-item item-active\">\n  <span class=\"item-title\">In the fight against poverty, we get results.  <\/span>\n  <div class=\"item-content\">\n    <div class=\"row\">\n      \n\n\n\n\n<style type=\"text\/css\">\n\t.edit-post-visual-editor [data-block=\"bbd62c562ca571f20694c67d2bb754f2\"] {\n\t\twidth: calc((12 \/ 12) * 100%)!important;\n\t\tmin-width: calc((12 \/ 12) * 100%)!important;\n\t}\n<\/style>\n\n<div id=\"block_bbd62c562ca571f20694c67d2bb754f2\" class=\"col-lg-12 custom-column-block\">\n\t<div class=\"custom-column-wrapper  \">\n\t\t\n\n<ul class=\"wp-block-list\">\n<li>Cada a\u00f1o, defendemos <strong><mark style=\"background-color:rgba(0, 0, 0, 0)\" class=\"has-inline-color has-purple-color\">defendemos a<\/mark> <\/strong>a miles de personas ante los tribunales y fuera de ellos contra el desahucio, la explotaci\u00f3n econ\u00f3mica, la deportaci\u00f3n, la denegaci\u00f3n de derechos afirmativos a la educaci\u00f3n y las prestaciones p\u00fablicas, y mucho m\u00e1s.<br\/><\/li>\n\n\n\n<li>Junto con socios comunitarios y coaliciones, nuestras campa\u00f1as de impacto han <strong>\n  <mark style=\"background-color:rgba(0, 0, 0, 0)\" class=\"has-inline-color has-purple-color\">conseguido nuevos derechos<\/mark>\n<\/strong>como el derecho a conducir legalmente independientemente de la situaci\u00f3n migratoria.<br\/><\/li>\n\n\n\n<li>Hemos <strong>\n  <mark style=\"background-color:rgba(0, 0, 0, 0)\" class=\"has-inline-color has-purple-color\">hecho valer los derechos existentes<\/mark>\n<\/strong>como obligar al Estado a liberar m\u00e1s de mil millones de d\u00f3lares en prestaciones de desempleo retenidas ilegalmente durante la pandemia.<br\/><\/li>\n\n\n\n<li>Hemos <strong>\n  <mark style=\"background-color:rgba(0, 0, 0, 0)\" class=\"has-inline-color has-purple-color\">puesto fin a pol\u00edticas abusivas o inconstitucionales<\/mark>\n<\/strong>como el encarcelamiento repetido de alcoh\u00f3licos sin vivienda y las leyes locales de zonificaci\u00f3n originadas en Jim Crow.<br\/><\/li>\n\n\n\n<li>Y hemos protegido o <strong><mark style=\"background-color:rgba(0, 0, 0, 0)\" class=\"has-inline-color has-purple-color\">asegurado nuevas inversiones<\/mark> <\/strong>en nuestro bienestar colectivo, como la ampliaci\u00f3n de la educaci\u00f3n preescolar y la obtenci\u00f3n de millones de d\u00f3lares para una financiaci\u00f3n equitativa de la educaci\u00f3n.<\/li>\n<\/ul>\n\n\n\n<p>Si la justicia es su objetivo, somos un gran retorno de la inversi\u00f3n.  <\/p>\n\n\n\t<\/div>\n<\/div>\n\n    <\/div>\n  <\/div>\n<\/div>\n\n\n\n\n\n\n<div id=\"block_2ddfdbab3ee2de5f3e1a6f1dad6ec2dc\" class=\"custom-accordion-content-block custom-accordion-item\">\n  <span class=\"item-title\">We are committed to the long-term fight for racial justice.<\/span>\n  <div class=\"item-content\">\n    <div class=\"row\">\n      \n\n\n\n\n<style type=\"text\/css\">\n\t.edit-post-visual-editor [data-block=\"bbd62c562ca571f20694c67d2bb754f2\"] {\n\t\twidth: calc((12 \/ 12) * 100%)!important;\n\t\tmin-width: calc((12 \/ 12) * 100%)!important;\n\t}\n<\/style>\n\n<div id=\"block_bbd62c562ca571f20694c67d2bb754f2\" class=\"col-lg-12 custom-column-block\">\n\t<div class=\"custom-column-wrapper  \">\n\t\t\n\n<p>No hay victorias r\u00e1pidas cuando se trata de <strong>\n  <mark style=\"background-color:rgba(0, 0, 0, 0)\" class=\"has-inline-color has-purple-color\">luchar contra el racismo sist\u00e9mico y la pobreza<\/mark>\n<\/strong>. Por ejemplo:<\/p>\n\n\n\n<ul class=\"wp-block-list\">\n<li>Tard\u00f3 <strong>\n  <mark style=\"background-color:rgba(0, 0, 0, 0)\" class=\"has-inline-color has-purple-color\">seis a\u00f1os<\/mark>\n<\/strong> para derogar la forma m\u00e1s siniestra de prisi\u00f3n de deudores de Virginia, que suspend\u00eda autom\u00e1ticamente entre 300.000 y 400.000 permisos de conducir al a\u00f1o por no poder pagar deudas judiciales.<br\/><\/li>\n\n\n\n<li>El esfuerzo con y en nombre de los residentes de viviendas p\u00fablicas para evitar la demolici\u00f3n de sus hogares y lograr la sustituci\u00f3n de una por una de las unidades de vivienda p\u00fablica en Charlottesville <strong>\n  <mark style=\"background-color:rgba(0, 0, 0, 0)\" class=\"has-inline-color has-purple-color\">se prolong\u00f3 durante d\u00e9cadas<\/mark>\n<\/strong>.<br\/><\/li>\n\n\n\n<li>Y tenemos varios casos grandes que han estado pendientes durante <strong>\n  <mark style=\"background-color:rgba(0, 0, 0, 0)\" class=\"has-inline-color has-purple-color\">m\u00e1s de cinco a\u00f1os<\/mark>\n<\/strong>.<\/li>\n<\/ul>\n\n\n\n<p>Lograr un cambio estructural requiere tiempo, persistencia, recursos sostenidos y la capacidad de adaptar la estrategia y las t\u00e1cticas a circunstancias complejas y siempre cambiantes.  <\/p>\n\n\n\t<\/div>\n<\/div>\n\n    <\/div>\n  <\/div>\n<\/div>\n\n\n\n\n\n\n<div id=\"block_b40b0b45adfeacd8b87be5462d057551\" class=\"custom-accordion-content-block custom-accordion-item\">\n  <span class=\"item-title\">We are accountable to the people and communities we serve. <\/span>\n  <div class=\"item-content\">\n    <div class=\"row\">\n      \n\n\n\n\n<style type=\"text\/css\">\n\t.edit-post-visual-editor [data-block=\"bbd62c562ca571f20694c67d2bb754f2\"] {\n\t\twidth: calc((12 \/ 12) * 100%)!important;\n\t\tmin-width: calc((12 \/ 12) * 100%)!important;\n\t}\n<\/style>\n\n<div id=\"block_bbd62c562ca571f20694c67d2bb754f2\" class=\"col-lg-12 custom-column-block\">\n\t<div class=\"custom-column-wrapper  \">\n\t\t\n\n<p>Para crear un cambio a largo plazo, sostenible e impulsado por la comunidad, LAJC aboga por:<\/p>\n\n\n\n<ul class=\"wp-block-list\">\n<li>Construir relaciones de confianza significativas, continuas y responsables con las comunidades directamente afectadas por la injusticia sist\u00e9mica.<br\/><\/li>\n\n\n\n<li>Apoyar a esas comunidades para que ejerzan su propio poder contra los sistemas que crean y perpet\u00faan la pobreza.<br\/><\/li>\n\n\n\n<li>Combinar los servicios directos y la defensa sist\u00e9mica de forma que nos permita construir un poder a largo plazo para dar forma a nuestro futuro y, al mismo tiempo, responder a las necesidades m\u00e1s urgentes de una comunidad.  <\/li>\n<\/ul>\n\n\n\t<\/div>\n<\/div>\n\n    <\/div>\n  <\/div>\n<\/div>\n\n          <\/div>\n  <\/div>\n<\/div>\n\n\t<\/div>\n<\/div>\n\n\t\t\t\t\t<\/div>\n\t\t\t\t\t\t\t\n\t\t\t<\/div>\n\t\t<\/div>\n\t<\/div>\n\n\t<style type=\"text\/css\">\n\t\t.edit-post-visual-editor [data-block=\"9ae54291692649267f59b18681de8bff\"] .block-editor-block-list__layout {\n\t\t\tjustify-content: center;\n\t\t}\n\n\t\t\t<\/style>\n<\/div>\n\n\n\n\n\n<div id=\"block_9ae54291692649267f59b18681de8bff\" class=\"content-wrapper-block  style-normal bg-width-full \">\n\t<div class=\"container-fluid\">\n\t\t<div class=\"row justify-content-center\">\n\t\t\t<div class=\"col-lg-12\">\n\t\t\t\t\t\t\t\t\t<div class=\"row row-content justify-content-center\">\n\t\t\t\t\t\t\n\n\n\n\n<style type=\"text\/css\">\n\t.edit-post-visual-editor [data-block=\"bbd62c562ca571f20694c67d2bb754f2\"] {\n\t\twidth: calc((12 \/ 12) * 100%)!important;\n\t\tmin-width: calc((12 \/ 12) * 100%)!important;\n\t}\n<\/style>\n\n<div id=\"block_bbd62c562ca571f20694c67d2bb754f2\" class=\"col-lg-12 custom-column-block\">\n\t<div class=\"custom-column-wrapper  \">\n\t\t\n\n\n\n\n\n<div id=\"block_4d687f828fedcc1f58cce2c38f4fba3d\" class=\"content-wrapper-block has-background-color has-gradiente primario-background-color style-normal bg-width-full \">\n\t<div class=\"container-fluid\">\n\t\t<div class=\"row justify-content-center\">\n\t\t\t<div class=\"col-lg-12\">\n\t\t\t\t\t\t\t\t\t<div class=\"row row-content justify-content-center\">\n\t\t\t\t\t\t\n\n\n\n\n<style type=\"text\/css\">\n\t.edit-post-visual-editor [data-block=\"6e65e12393ffe894b460f943beaa702f\"] {\n\t\twidth: calc((10 \/ 12) * 100%)!important;\n\t\tmin-width: calc((10 \/ 12) * 100%)!important;\n\t}\n<\/style>\n\n<div id=\"block_6e65e12393ffe894b460f943beaa702f\" class=\"col-lg-10 custom-column-block\">\n\t<div class=\"custom-column-wrapper  \">\n\t\t\n\n<h2 class=\"wp-block-heading\"><strong>Eficaz + Comprometido + Responsable = LAJC<\/strong><\/h2>\n\n\n\n<p><\/p>\n\n\n\t<\/div>\n<\/div>\n\n\n\n\n\n<style type=\"text\/css\">\n\t.edit-post-visual-editor [data-block=\"6e65e12393ffe894b460f943beaa702f\"] {\n\t\twidth: calc((10 \/ 12) * 100%)!important;\n\t\tmin-width: calc((10 \/ 12) * 100%)!important;\n\t}\n<\/style>\n\n<div id=\"block_6e65e12393ffe894b460f943beaa702f\" class=\"col-lg-10 custom-column-block\">\n\t<div class=\"custom-column-wrapper  \">\n\t\t\n\n<p class=\"has-small-font-size\"><strong>Nuestro trabajo est\u00e1 impulsado por la comunidad, pero nuestra capacidad para llevarlo a cabo depende de su apoyo financiero. Contamos con su apoyo porque, a diferencia de la financiaci\u00f3n gubernamental o de fundaciones, cada d\u00f3lar que dona al LAJC no est\u00e1 sujeto a normas que impidan ejercer presi\u00f3n pol\u00edtica, organizarse o interponer demandas.<\/strong><\/p>\n\n\n\n<p class=\"has-small-font-size\"><strong>Su apoyo nos ayuda a centrar las voces de los miembros de la comunidad directamente afectados a la hora de dirigir los recursos all\u00ed donde tendr\u00e1n mayor impacto.  <\/strong><\/p>\n\n\n\n<p class=\"has-small-font-size\"><strong>As\u00ed que, por favor, \u00fanase a nosotros y a las personas y comunidades a las que servimos en la lucha por el cambio estructural necesario para acabar con la pobreza. Por favor, done al Centro de Justicia de Asistencia Jur\u00eddica.  <\/strong><\/p>\n\n\n\t<\/div>\n<\/div>\n\n\n\n\n\n<style type=\"text\/css\">\n\t.edit-post-visual-editor [data-block=\"bbd62c562ca571f20694c67d2bb754f2\"] {\n\t\twidth: calc((12 \/ 12) * 100%)!important;\n\t\tmin-width: calc((12 \/ 12) * 100%)!important;\n\t}\n<\/style>\n\n<div id=\"block_bbd62c562ca571f20694c67d2bb754f2\" class=\"col-lg-12 custom-column-block\">\n\t<div class=\"custom-column-wrapper  \">\n\t\t\n\n<div style=\"height:146px\" aria-hidden=\"true\" class=\"wp-block-spacer\"><\/div>\n\n\n\n<div class=\"wp-block-buttons is-layout-flex wp-block-buttons-is-layout-flex\">\n<div class=\"wp-block-button has-custom-width wp-block-button__width-100 has-custom-font-size is-style-secondary has-medium-font-size\"><a class=\"wp-block-button__link has-text-align-center wp-element-button\" href=\"https:\/\/form-renderer-app.donorperfect.io\/give\/legal-aid-justice-center\/website-main-donation-form\">DONAR<\/a><\/div>\n<\/div>\n\n\n\t<\/div>\n<\/div>\n\n\t\t\t\t\t<\/div>\n\t\t\t\t\t\t\t\n\t\t\t<\/div>\n\t\t<\/div>\n\t<\/div>\n\n\t<style type=\"text\/css\">\n\t\t.edit-post-visual-editor [data-block=\"4d687f828fedcc1f58cce2c38f4fba3d\"] .block-editor-block-list__layout {\n\t\t\tjustify-content: center;\n\t\t}\n\n\t\t\t<\/style>\n<\/div>\n\n\n\n<div style=\"height:0px\" aria-hidden=\"true\" class=\"wp-block-spacer\"><\/div>\n\n\n\t<\/div>\n<\/div>\n\n\t\t\t\t\t<\/div>\n\t\t\t\t\t\t\t\n\t\t\t<\/div>\n\t\t<\/div>\n\t<\/div>\n\n\t<style type=\"text\/css\">\n\t\t.edit-post-visual-editor [data-block=\"9ae54291692649267f59b18681de8bff\"] .block-editor-block-list__layout {\n\t\t\tjustify-content: center;\n\t\t}\n\n\t\t\t<\/style>\n<\/div>\n\n<div style=\"height:313px\" aria-hidden=\"true\" class=\"wp-block-spacer\"><\/div>\n","protected":false},"excerpt":{"rendered":"","protected":false},"author":4,"featured_media":0,"parent":10467,"menu_order":1,"comment_status":"closed","ping_status":"closed","template":"","meta":{"footnotes":""},"lajc-tax-roles":[115],"lajc-tax-issues":[],"lajc-tax-locations":[],"class_list":["post-17256","page","type-page","status-publish","hentry","lajc-tax-roles-desarrollo"],"acf":[],"yoast_head":"<!-- This site is optimized with the Yoast SEO plugin v27.3 - https:\/\/yoast.com\/product\/yoast-seo-wordpress\/ -->\n<title>\u00bfPor qu\u00e9 apoyar al LAJC? - Legal Aid Justice Center<\/title>\n<meta name=\"robots\" content=\"index, follow, max-snippet:-1, max-image-preview:large, max-video-preview:-1\" \/>\n<link rel=\"canonical\" href=\"https:\/\/www.justice4all.org\/es\/dar\/por-que-apoyar-al-lajc\/\" \/>\n<meta property=\"og:locale\" content=\"es_ES\" \/>\n<meta property=\"og:type\" content=\"article\" \/>\n<meta property=\"og:title\" content=\"\u00bfPor qu\u00e9 apoyar al LAJC? - Legal Aid Justice Center\" \/>\n<meta property=\"og:url\" content=\"https:\/\/www.justice4all.org\/es\/dar\/por-que-apoyar-al-lajc\/\" \/>\n<meta property=\"og:site_name\" content=\"Legal Aid Justice Center\" \/>\n<meta property=\"article:modified_time\" content=\"2023-08-22T14:02:48+00:00\" \/>\n<meta name=\"twitter:card\" content=\"summary_large_image\" \/>\n<meta name=\"twitter:label1\" content=\"Tiempo de lectura\" \/>\n\t<meta name=\"twitter:data1\" content=\"3 minuto\" \/>\n<script type=\"application\/ld+json\" class=\"yoast-schema-graph\">{\"@context\":\"https:\\\/\\\/schema.org\",\"@graph\":[{\"@type\":\"WebPage\",\"@id\":\"https:\\\/\\\/www.justice4all.org\\\/es\\\/dar\\\/por-que-apoyar-al-lajc\\\/\",\"url\":\"https:\\\/\\\/www.justice4all.org\\\/es\\\/dar\\\/por-que-apoyar-al-lajc\\\/\",\"name\":\"\u00bfPor qu\u00e9 apoyar al LAJC? - Legal Aid Justice Center\",\"isPartOf\":{\"@id\":\"https:\\\/\\\/www.justice4all.org\\\/es\\\/#website\"},\"datePublished\":\"2023-07-31T14:36:09+00:00\",\"dateModified\":\"2023-08-22T14:02:48+00:00\",\"breadcrumb\":{\"@id\":\"https:\\\/\\\/www.justice4all.org\\\/es\\\/dar\\\/por-que-apoyar-al-lajc\\\/#breadcrumb\"},\"inLanguage\":\"es\",\"potentialAction\":[{\"@type\":\"ReadAction\",\"target\":[\"https:\\\/\\\/www.justice4all.org\\\/es\\\/dar\\\/por-que-apoyar-al-lajc\\\/\"]}]},{\"@type\":\"BreadcrumbList\",\"@id\":\"https:\\\/\\\/www.justice4all.org\\\/es\\\/dar\\\/por-que-apoyar-al-lajc\\\/#breadcrumb\",\"itemListElement\":[{\"@type\":\"ListItem\",\"position\":1,\"name\":\"Home\",\"item\":\"https:\\\/\\\/www.justice4all.org\\\/es\\\/\"},{\"@type\":\"ListItem\",\"position\":2,\"name\":\"Dar\",\"item\":\"https:\\\/\\\/www.justice4all.org\\\/es\\\/?page_id=10467\"},{\"@type\":\"ListItem\",\"position\":3,\"name\":\"\u00bfPor qu\u00e9 apoyar al LAJC?\"}]},{\"@type\":\"WebSite\",\"@id\":\"https:\\\/\\\/www.justice4all.org\\\/es\\\/#website\",\"url\":\"https:\\\/\\\/www.justice4all.org\\\/es\\\/\",\"name\":\"Legal Aid Justice Center\",\"description\":\"\",\"potentialAction\":[{\"@type\":\"SearchAction\",\"target\":{\"@type\":\"EntryPoint\",\"urlTemplate\":\"https:\\\/\\\/www.justice4all.org\\\/es\\\/?s={search_term_string}\"},\"query-input\":{\"@type\":\"PropertyValueSpecification\",\"valueRequired\":true,\"valueName\":\"search_term_string\"}}],\"inLanguage\":\"es\"}]}<\/script>\n<!-- \/ Yoast SEO plugin. -->","yoast_head_json":{"title":"\u00bfPor qu\u00e9 apoyar al LAJC? - Legal Aid Justice Center","robots":{"index":"index","follow":"follow","max-snippet":"max-snippet:-1","max-image-preview":"max-image-preview:large","max-video-preview":"max-video-preview:-1"},"canonical":"https:\/\/www.justice4all.org\/es\/dar\/por-que-apoyar-al-lajc\/","og_locale":"es_ES","og_type":"article","og_title":"\u00bfPor qu\u00e9 apoyar al LAJC? - Legal Aid Justice Center","og_url":"https:\/\/www.justice4all.org\/es\/dar\/por-que-apoyar-al-lajc\/","og_site_name":"Legal Aid Justice Center","article_modified_time":"2023-08-22T14:02:48+00:00","twitter_card":"summary_large_image","twitter_misc":{"Tiempo de lectura":"3 minuto"},"schema":{"@context":"https:\/\/schema.org","@graph":[{"@type":"WebPage","@id":"https:\/\/www.justice4all.org\/es\/dar\/por-que-apoyar-al-lajc\/","url":"https:\/\/www.justice4all.org\/es\/dar\/por-que-apoyar-al-lajc\/","name":"\u00bfPor qu\u00e9 apoyar al LAJC? - Legal Aid Justice Center","isPartOf":{"@id":"https:\/\/www.justice4all.org\/es\/#website"},"datePublished":"2023-07-31T14:36:09+00:00","dateModified":"2023-08-22T14:02:48+00:00","breadcrumb":{"@id":"https:\/\/www.justice4all.org\/es\/dar\/por-que-apoyar-al-lajc\/#breadcrumb"},"inLanguage":"es","potentialAction":[{"@type":"ReadAction","target":["https:\/\/www.justice4all.org\/es\/dar\/por-que-apoyar-al-lajc\/"]}]},{"@type":"BreadcrumbList","@id":"https:\/\/www.justice4all.org\/es\/dar\/por-que-apoyar-al-lajc\/#breadcrumb","itemListElement":[{"@type":"ListItem","position":1,"name":"Home","item":"https:\/\/www.justice4all.org\/es\/"},{"@type":"ListItem","position":2,"name":"Dar","item":"https:\/\/www.justice4all.org\/es\/?page_id=10467"},{"@type":"ListItem","position":3,"name":"\u00bfPor qu\u00e9 apoyar al LAJC?"}]},{"@type":"WebSite","@id":"https:\/\/www.justice4all.org\/es\/#website","url":"https:\/\/www.justice4all.org\/es\/","name":"Legal Aid Justice Center","description":"","potentialAction":[{"@type":"SearchAction","target":{"@type":"EntryPoint","urlTemplate":"https:\/\/www.justice4all.org\/es\/?s={search_term_string}"},"query-input":{"@type":"PropertyValueSpecification","valueRequired":true,"valueName":"search_term_string"}}],"inLanguage":"es"}]}},"_links":{"self":[{"href":"https:\/\/www.justice4all.org\/es\/wp-json\/wp\/v2\/pages\/17256","targetHints":{"allow":["GET"]}}],"collection":[{"href":"https:\/\/www.justice4all.org\/es\/wp-json\/wp\/v2\/pages"}],"about":[{"href":"https:\/\/www.justice4all.org\/es\/wp-json\/wp\/v2\/types\/page"}],"author":[{"embeddable":true,"href":"https:\/\/www.justice4all.org\/es\/wp-json\/wp\/v2\/users\/4"}],"replies":[{"embeddable":true,"href":"https:\/\/www.justice4all.org\/es\/wp-json\/wp\/v2\/comments?post=17256"}],"version-history":[{"count":0,"href":"https:\/\/www.justice4all.org\/es\/wp-json\/wp\/v2\/pages\/17256\/revisions"}],"up":[{"embeddable":true,"href":"https:\/\/www.justice4all.org\/es\/wp-json\/wp\/v2\/pages\/10467"}],"wp:attachment":[{"href":"https:\/\/www.justice4all.org\/es\/wp-json\/wp\/v2\/media?parent=17256"}],"wp:term":[{"taxonomy":"lajc-tax-roles","embeddable":true,"href":"https:\/\/www.justice4all.org\/es\/wp-json\/wp\/v2\/lajc-tax-roles?post=17256"},{"taxonomy":"lajc-tax-issues","embeddable":true,"href":"https:\/\/www.justice4all.org\/es\/wp-json\/wp\/v2\/lajc-tax-issues?post=17256"},{"taxonomy":"lajc-tax-locations","embeddable":true,"href":"https:\/\/www.justice4all.org\/es\/wp-json\/wp\/v2\/lajc-tax-locations?post=17256"}],"curies":[{"name":"wp","href":"https:\/\/api.w.org\/{rel}","templated":true}]}}