{"id":17222,"date":"2023-08-08T19:26:11","date_gmt":"2023-08-08T19:26:11","guid":{"rendered":"https:\/\/www.justice4all.org\/pruebas-borrarme\/"},"modified":"2023-08-08T19:29:19","modified_gmt":"2023-08-08T19:29:19","slug":"pruebas-borrarme","status":"publish","type":"page","link":"https:\/\/www.justice4all.org\/es\/pruebas-borrarme\/","title":{"rendered":"pruebas - borrarme"},"content":{"rendered":"\n<p>probar a a\u00f1adir una nueva p\u00e1gina para ver c\u00f3mo funciona la traducci\u00f3n<\/p>\n\n<figure class=\"wp-block-image size-large\"><img loading=\"lazy\" decoding=\"async\" width=\"1024\" height=\"683\" src=\"https:\/\/www.justice4all.org\/wp-content\/uploads\/2023\/07\/IMG_1079-1024x683.jpg\" alt=\"\" class=\"wp-image-10374\" srcset=\"https:\/\/www.justice4all.org\/wp-content\/uploads\/2023\/07\/IMG_1079-1024x683.jpg 1024w, https:\/\/www.justice4all.org\/wp-content\/uploads\/2023\/07\/IMG_1079-300x200.jpg 300w, https:\/\/www.justice4all.org\/wp-content\/uploads\/2023\/07\/IMG_1079-768x512.jpg 768w, https:\/\/www.justice4all.org\/wp-content\/uploads\/2023\/07\/IMG_1079-1536x1024.jpg 1536w, https:\/\/www.justice4all.org\/wp-content\/uploads\/2023\/07\/IMG_1079-2048x1365.jpg 2048w\" sizes=\"auto, (max-width: 1024px) 100vw, 1024px\" \/><\/figure>\n","protected":false},"excerpt":{"rendered":"<p>probar a a\u00f1adir una nueva p\u00e1gina para ver c\u00f3mo funciona la traducci\u00f3n<\/p>\n","protected":false},"author":4,"featured_media":0,"parent":0,"menu_order":0,"comment_status":"closed","ping_status":"closed","template":"","meta":{"footnotes":""},"lajc-tax-roles":[],"lajc-tax-issues":[],"lajc-tax-locations":[],"class_list":["post-17222","page","type-page","status-publish","hentry"],"acf":[],"yoast_head":"<!-- This site is optimized with the Yoast SEO plugin v27.5 - https:\/\/yoast.com\/product\/yoast-seo-wordpress\/ -->\n<title>pruebas - borrarme - Legal Aid Justice Center<\/title>\n<meta name=\"robots\" content=\"index, follow, max-snippet:-1, max-image-preview:large, max-video-preview:-1\" \/>\n<link rel=\"canonical\" href=\"https:\/\/www.justice4all.org\/es\/pruebas-borrarme\/\" \/>\n<meta property=\"og:locale\" content=\"es_ES\" \/>\n<meta property=\"og:type\" content=\"article\" \/>\n<meta property=\"og:title\" content=\"pruebas - borrarme - Legal Aid Justice Center\" \/>\n<meta property=\"og:description\" content=\"probar a a\u00f1adir una nueva p\u00e1gina para ver c\u00f3mo funciona la traducci\u00f3n\" \/>\n<meta property=\"og:url\" content=\"https:\/\/www.justice4all.org\/es\/pruebas-borrarme\/\" \/>\n<meta property=\"og:site_name\" content=\"Legal Aid Justice Center\" \/>\n<meta property=\"article:modified_time\" content=\"2023-08-08T19:29:19+00:00\" \/>\n<meta property=\"og:image\" content=\"https:\/\/www.justice4all.org\/wp-content\/uploads\/2023\/07\/IMG_1079-1024x683.jpg\" \/>\n<meta name=\"twitter:card\" content=\"summary_large_image\" \/>\n<script type=\"application\/ld+json\" class=\"yoast-schema-graph\">{\"@context\":\"https:\\\/\\\/schema.org\",\"@graph\":[{\"@type\":\"WebPage\",\"@id\":\"https:\\\/\\\/www.justice4all.org\\\/es\\\/pruebas-borrarme\\\/\",\"url\":\"https:\\\/\\\/www.justice4all.org\\\/es\\\/pruebas-borrarme\\\/\",\"name\":\"pruebas - borrarme - Legal Aid Justice Center\",\"isPartOf\":{\"@id\":\"https:\\\/\\\/www.justice4all.org\\\/es\\\/#website\"},\"primaryImageOfPage\":{\"@id\":\"https:\\\/\\\/www.justice4all.org\\\/es\\\/pruebas-borrarme\\\/#primaryimage\"},\"image\":{\"@id\":\"https:\\\/\\\/www.justice4all.org\\\/es\\\/pruebas-borrarme\\\/#primaryimage\"},\"thumbnailUrl\":\"https:\\\/\\\/www.justice4all.org\\\/wp-content\\\/uploads\\\/2023\\\/07\\\/IMG_1079-1024x683.jpg\",\"datePublished\":\"2023-08-08T19:26:11+00:00\",\"dateModified\":\"2023-08-08T19:29:19+00:00\",\"breadcrumb\":{\"@id\":\"https:\\\/\\\/www.justice4all.org\\\/es\\\/pruebas-borrarme\\\/#breadcrumb\"},\"inLanguage\":\"es\",\"potentialAction\":[{\"@type\":\"ReadAction\",\"target\":[\"https:\\\/\\\/www.justice4all.org\\\/es\\\/pruebas-borrarme\\\/\"]}]},{\"@type\":\"ImageObject\",\"inLanguage\":\"es\",\"@id\":\"https:\\\/\\\/www.justice4all.org\\\/es\\\/pruebas-borrarme\\\/#primaryimage\",\"url\":\"https:\\\/\\\/www.justice4all.org\\\/wp-content\\\/uploads\\\/2023\\\/07\\\/IMG_1079-1024x683.jpg\",\"contentUrl\":\"https:\\\/\\\/www.justice4all.org\\\/wp-content\\\/uploads\\\/2023\\\/07\\\/IMG_1079-1024x683.jpg\"},{\"@type\":\"BreadcrumbList\",\"@id\":\"https:\\\/\\\/www.justice4all.org\\\/es\\\/pruebas-borrarme\\\/#breadcrumb\",\"itemListElement\":[{\"@type\":\"ListItem\",\"position\":1,\"name\":\"Home\",\"item\":\"https:\\\/\\\/www.justice4all.org\\\/es\\\/\"},{\"@type\":\"ListItem\",\"position\":2,\"name\":\"pruebas &#8211; borrarme\"}]},{\"@type\":\"WebSite\",\"@id\":\"https:\\\/\\\/www.justice4all.org\\\/es\\\/#website\",\"url\":\"https:\\\/\\\/www.justice4all.org\\\/es\\\/\",\"name\":\"Legal Aid Justice Center\",\"description\":\"\",\"potentialAction\":[{\"@type\":\"SearchAction\",\"target\":{\"@type\":\"EntryPoint\",\"urlTemplate\":\"https:\\\/\\\/www.justice4all.org\\\/es\\\/?s={search_term_string}\"},\"query-input\":{\"@type\":\"PropertyValueSpecification\",\"valueRequired\":true,\"valueName\":\"search_term_string\"}}],\"inLanguage\":\"es\"}]}<\/script>\n<!-- \/ Yoast SEO plugin. -->","yoast_head_json":{"title":"pruebas - borrarme - Legal Aid Justice Center","robots":{"index":"index","follow":"follow","max-snippet":"max-snippet:-1","max-image-preview":"max-image-preview:large","max-video-preview":"max-video-preview:-1"},"canonical":"https:\/\/www.justice4all.org\/es\/pruebas-borrarme\/","og_locale":"es_ES","og_type":"article","og_title":"pruebas - borrarme - Legal Aid Justice Center","og_description":"probar a a\u00f1adir una nueva p\u00e1gina para ver c\u00f3mo funciona la traducci\u00f3n","og_url":"https:\/\/www.justice4all.org\/es\/pruebas-borrarme\/","og_site_name":"Legal Aid Justice Center","article_modified_time":"2023-08-08T19:29:19+00:00","og_image":[{"url":"https:\/\/www.justice4all.org\/wp-content\/uploads\/2023\/07\/IMG_1079-1024x683.jpg","type":"","width":"","height":""}],"twitter_card":"summary_large_image","schema":{"@context":"https:\/\/schema.org","@graph":[{"@type":"WebPage","@id":"https:\/\/www.justice4all.org\/es\/pruebas-borrarme\/","url":"https:\/\/www.justice4all.org\/es\/pruebas-borrarme\/","name":"pruebas - borrarme - Legal Aid Justice Center","isPartOf":{"@id":"https:\/\/www.justice4all.org\/es\/#website"},"primaryImageOfPage":{"@id":"https:\/\/www.justice4all.org\/es\/pruebas-borrarme\/#primaryimage"},"image":{"@id":"https:\/\/www.justice4all.org\/es\/pruebas-borrarme\/#primaryimage"},"thumbnailUrl":"https:\/\/www.justice4all.org\/wp-content\/uploads\/2023\/07\/IMG_1079-1024x683.jpg","datePublished":"2023-08-08T19:26:11+00:00","dateModified":"2023-08-08T19:29:19+00:00","breadcrumb":{"@id":"https:\/\/www.justice4all.org\/es\/pruebas-borrarme\/#breadcrumb"},"inLanguage":"es","potentialAction":[{"@type":"ReadAction","target":["https:\/\/www.justice4all.org\/es\/pruebas-borrarme\/"]}]},{"@type":"ImageObject","inLanguage":"es","@id":"https:\/\/www.justice4all.org\/es\/pruebas-borrarme\/#primaryimage","url":"https:\/\/www.justice4all.org\/wp-content\/uploads\/2023\/07\/IMG_1079-1024x683.jpg","contentUrl":"https:\/\/www.justice4all.org\/wp-content\/uploads\/2023\/07\/IMG_1079-1024x683.jpg"},{"@type":"BreadcrumbList","@id":"https:\/\/www.justice4all.org\/es\/pruebas-borrarme\/#breadcrumb","itemListElement":[{"@type":"ListItem","position":1,"name":"Home","item":"https:\/\/www.justice4all.org\/es\/"},{"@type":"ListItem","position":2,"name":"pruebas &#8211; borrarme"}]},{"@type":"WebSite","@id":"https:\/\/www.justice4all.org\/es\/#website","url":"https:\/\/www.justice4all.org\/es\/","name":"Legal Aid Justice Center","description":"","potentialAction":[{"@type":"SearchAction","target":{"@type":"EntryPoint","urlTemplate":"https:\/\/www.justice4all.org\/es\/?s={search_term_string}"},"query-input":{"@type":"PropertyValueSpecification","valueRequired":true,"valueName":"search_term_string"}}],"inLanguage":"es"}]}},"_links":{"self":[{"href":"https:\/\/www.justice4all.org\/es\/wp-json\/wp\/v2\/pages\/17222","targetHints":{"allow":["GET"]}}],"collection":[{"href":"https:\/\/www.justice4all.org\/es\/wp-json\/wp\/v2\/pages"}],"about":[{"href":"https:\/\/www.justice4all.org\/es\/wp-json\/wp\/v2\/types\/page"}],"author":[{"embeddable":true,"href":"https:\/\/www.justice4all.org\/es\/wp-json\/wp\/v2\/users\/4"}],"replies":[{"embeddable":true,"href":"https:\/\/www.justice4all.org\/es\/wp-json\/wp\/v2\/comments?post=17222"}],"version-history":[{"count":0,"href":"https:\/\/www.justice4all.org\/es\/wp-json\/wp\/v2\/pages\/17222\/revisions"}],"wp:attachment":[{"href":"https:\/\/www.justice4all.org\/es\/wp-json\/wp\/v2\/media?parent=17222"}],"wp:term":[{"taxonomy":"lajc-tax-roles","embeddable":true,"href":"https:\/\/www.justice4all.org\/es\/wp-json\/wp\/v2\/lajc-tax-roles?post=17222"},{"taxonomy":"lajc-tax-issues","embeddable":true,"href":"https:\/\/www.justice4all.org\/es\/wp-json\/wp\/v2\/lajc-tax-issues?post=17222"},{"taxonomy":"lajc-tax-locations","embeddable":true,"href":"https:\/\/www.justice4all.org\/es\/wp-json\/wp\/v2\/lajc-tax-locations?post=17222"}],"curies":[{"name":"wp","href":"https:\/\/api.w.org\/{rel}","templated":true}]}}