{"id":13216,"date":"2020-08-19T08:31:52","date_gmt":"2020-08-19T08:31:52","guid":{"rendered":"https:\/\/lajc2023stg.wpengine.com\/multas-y-tasas\/"},"modified":"2020-08-19T08:31:52","modified_gmt":"2020-08-19T08:31:52","slug":"multas-y-tasas","status":"publish","type":"page","link":"https:\/\/www.justice4all.org\/es\/multas-y-tasas\/","title":{"rendered":"Multas y tasas"},"content":{"rendered":"<div class=\"lajc-m-content\">\n<h2><a href=\"#Survey\">Cu\u00e9ntenos su experiencia<\/a><\/h2>\n<p>Los sistemas penales y de tr\u00e1fico de Virginia imponen cientos de millones de d\u00f3lares cada a\u00f1o en deudas judiciales, una combinaci\u00f3n de grav\u00e1menes que incluye desde multas a honorarios de abogados de oficio o la constituci\u00f3n de jurados. Estos sistemas afectan de forma desproporcionada a las personas con rentas bajas y a las personas de color, y agotan los recursos de las comunidades.<\/p>\n<p>\t\t\t\t\t\t\t\t\t\t<img width=\"1024\" height=\"683\" src=\"https:\/\/www.justice4all.org\/wp-content\/uploads\/2021\/10\/court-debt-photo-CRRJ-website-1536x1024-1-1024x683.jpeg\" alt=\"\" decoding=\"async\" loading=\"lazy\" srcset=\"https:\/\/www.justice4all.org\/wp-content\/uploads\/2021\/10\/court-debt-photo-CRRJ-website-1536x1024-1-1024x683.jpeg 1024w, https:\/\/www.justice4all.org\/wp-content\/uploads\/2021\/10\/court-debt-photo-CRRJ-website-1536x1024-1-300x200.jpeg 300w, https:\/\/www.justice4all.org\/wp-content\/uploads\/2021\/10\/court-debt-photo-CRRJ-website-1536x1024-1-768x512.jpeg 768w, https:\/\/www.justice4all.org\/wp-content\/uploads\/2021\/10\/court-debt-photo-CRRJ-website-1536x1024-1.jpeg 1536w\" sizes=\"auto, (max-width: 1024px) 100vw, 1024px\">\t\t\t\t\t\t\t\t\t\t\t<\/p>\n<p>Legal Aid Justice Center no se ocupa directamente de casos penales o de tr\u00e1fico. Pero las evaluaciones financieras realizadas en estos casos a menudo afectan a las personas durante a\u00f1os despu\u00e9s de la sentencia. Trabajamos para reducir el impacto y las consecuencias colaterales de esa deuda.<\/p>\n<p><strong>Entre los trabajos del LAJC se incluyen:<\/strong><\/p>\n<ul>\n<li>Poner fin a la ley de Virginia que suspend\u00eda los permisos de conducir por impago de deudas judiciales, inconstitucional, contraproducente y devastadora para cientos de miles de conductores con bajos ingresos y sus familias;<\/li>\n<li>Poner fin a la ley de Virginia que obliga a encarcelar a las personas que conducen con el carn\u00e9 de conducir suspendido, ya que a muchas se les suspendi\u00f3 por deudas judiciales impagadas;<\/li>\n<li>Aprobaci\u00f3n de una ley que obliga a los tribunales de Virginia a publicar las pol\u00edticas de los planes de pago de deudas judiciales y elaboraci\u00f3n de dos informes que ponen de manifiesto las grandes diferencias entre las pol\u00edticas y que, con frecuencia, no tienen debidamente en cuenta la pobreza.  <\/li>\n<li>Impulso de una moratoria temporal del cobro de multas y tasas en la era COVID-19.<\/li>\n<\/ul>\n<p><strong>\u00bfQuiere saber m\u00e1s sobre la deuda judicial penal y c\u00f3mo puede afectarle?  <\/strong><\/p>\n<p>Haga clic en los enlaces siguientes para obtener m\u00e1s informaci\u00f3n:<\/p>\n<ul>\n<li><strong style=\"font-size: 15px; letter-spacing: 0.1em;\"><a href=\"https:\/\/www.justice4all.org\/es\/que-hacemos\/sistema-juridico-penal\/multas-y-tasas\/costas-judiciales-penales\/\">Costas judiciales penales<\/a><\/strong><\/li>\n<li style=\"font-weight: 400;\"><strong><br \/>\n  <a href=\"https:\/\/www.justice4all.org\/deferred-dispositions-and-court-costs\/\">Disposiciones aplazadas y gastos judiciales<\/a><br \/>\n<\/strong><strong><br \/>\n  <a href=\"https:\/\/www.justice4all.org\/deferred-dispositions-and-court-costs\/\"> Costas judiciales<\/a><br \/>\n<\/strong><\/li>\n<li style=\"font-weight: 400;\"><strong><a href=\"https:\/\/www.justice4all.org\/es\/que-hacemos\/sistema-juridico-penal\/multas-y-tasas\/beneficiarios-del-ssa-con-deudas-penales\/\">Beneficiarios del SSA con deudas penales<\/a><\/strong><\/li>\n<li style=\"font-weight: 400;\"><strong><a href=\"https:\/\/www.justice4all.org\/es\/que-hacemos\/sistema-juridico-penal\/multas-y-tasas\/intereses-de-la-deuda-del-tribunal\/\">Intereses de la deuda del Tribunal<\/a><\/strong><\/li>\n<li style=\"font-weight: 400;\"><strong><a href=\"https:\/\/www.justice4all.org\/es\/que-hacemos\/sistema-juridico-penal\/multas-y-tasas\/honorarios-del-abogado-de-oficio\/\">Honorarios del abogado de oficio<\/a><\/strong><\/li>\n<\/ul>\n<p>Desde el gran \u00e9xito de nuestra campa\u00f1a \u00abConduzca hacia abajo la deuda\u00bb, que consigui\u00f3 que ya no se perdiera la licencia por impago de deudas judiciales, hemos participado en una serie de sesiones de escucha sobre la propia deuda judicial. Sabemos que la deuda judicial est\u00e1 perjudicando a muchas personas en todo el Estado y a las comunidades que ya soportan la carga m\u00e1s pesada del sistema jur\u00eddico penal. Dado que son muchos los aspectos de la vida de las personas que se ven afectados por la deuda judicial, y que existen distintos tipos de deuda judicial, nos embarcamos en estas sesiones de escucha para conocer las prioridades de la reforma de las multas y tasas identificadas por las personas y comunidades directamente afectadas.<\/p>\n<h2>Si usted o un ser querido se ha visto afectado por multas y tasas de un caso judicial, \u00a1queremos saber de usted!<\/h2>\n<p>  \u00bfAlguna vez ha tenido deudas penales o de tr\u00e1fico que le haya costado pagar? \u00bfC\u00f3mo afect\u00f3 a su vida? Si desea contarnos sus problemas con las deudas judiciales y lo que desea que cambien, h\u00e1ganoslo saber rellenando el siguiente formulario. Las multas y tasas judiciales incluyen las multas asociadas a una condena concreta y los costes que cobran los tribunales por tramitar su causa penal.  <\/p>\n<form data-form_id=\"5\" id=\"fluentform_5\" data-form_instance=\"ff_form_instance_5_3\"><input type=\"hidden\" name=\"__fluent_form_embded_post_id\" value=\"6598\"><input type=\"hidden\" id=\"_fluentform_5_fluentformnonce\" name=\"_fluentform_5_fluentformnonce\" value=\"8f66dad901\"><input type=\"hidden\" name=\"_wp_http_referer\" value=\"\/wp-admin\/admin-ajax.php\"><label for=\"ff_5_description\">\u00bfC\u00f3mo han afectado a su vida las multas y tasas judiciales?<\/label> <textarea name=\"description\" id=\"ff_5_description\" rows=\"3\" cols=\"2\" data-name=\"description\"><\/textarea><label for=\"ff_5_description_1\">\u00bfHa tenido que hacer frente al pago de indemnizaciones? Si es as\u00ed, \u00bfc\u00f3mo le afect\u00f3?<\/label> <textarea name=\"description_1\" id=\"ff_5_description_1\" rows=\"3\" cols=\"2\" data-name=\"description_1\"><\/textarea><label for=\"ff_5_description_2\">Si pudiera cambiar algo de la forma en que se gestionan las deudas judiciales en Virginia, \u00bfqu\u00e9 cambiar\u00eda?<\/label> <textarea name=\"description_2\" id=\"ff_5_description_2\" rows=\"2\" cols=\"2\" data-name=\"description_2\"><\/textarea><label>\u00bfQuiere estar en contacto con nosotros para saber qu\u00e9 hacemos y c\u00f3mo puede ayudarnos?<\/label> <label class=\"ff-el-form-check-label\" for=\"checkbox_9bc67a53013452b3b7a437741989185d\"><input type=\"checkbox\" name=\"checkbox[]\" data-name=\"checkbox\" value=\"S\u00ed\" id=\"checkbox_9bc67a53013452b3b7a437741989185d\">  S\u00ed<\/label><label class=\"ff-el-form-check-label\" for=\"checkbox_7049f0ea9928261ef0259231c7b64278\"><input type=\"checkbox\" name=\"checkbox[]\" data-name=\"checkbox\" value=\"No\" id=\"checkbox_7049f0ea9928261ef0259231c7b64278\">  No<\/label><label>\u00bfPodemos ponernos en contacto con usted para conocer mejor su historia y su punto de vista?<\/label> <label class=\"ff-el-form-check-label\" for=\"checkbox_1_44feb9ab48a730d13c14a7cfcb61f8b9\"><input type=\"checkbox\" name=\"checkbox_1[]\" data-name=\"checkbox_1\" value=\"S\u00ed\" id=\"checkbox_1_44feb9ab48a730d13c14a7cfcb61f8b9\">  S\u00ed<\/label><label class=\"ff-el-form-check-label\" for=\"checkbox_1_d714e38686031e4e3c9cdd5e70bac232\"><input type=\"checkbox\" name=\"checkbox_1[]\" data-name=\"checkbox_1\" value=\"No\" id=\"checkbox_1_d714e38686031e4e3c9cdd5e70bac232\">  No<\/label><label for=\"ff_5_input_text_1\">Si le parece bien que nos pongamos en contacto con usted o quiere suscribirse a nuestro bolet\u00edn de multas y tasas, por favor, ponga su nombre y la mejor manera de contactar con usted:<\/label> <input type=\"text\" name=\"input_text_1\" data-name=\"input_text_1\" id=\"ff_5_input_text_1\"><label for=\"ff_5_email_1\">Direcci\u00f3n de correo electr\u00f3nico:<\/label> <input type=\"email\" name=\"email_1\" id=\"ff_5_email_1\" placeholder=\"Direcci\u00f3n de correo electr\u00f3nico\" data-name=\"email_1\"><label for=\"ff_5_input_text\">N\u00famero de tel\u00e9fono<\/label> <input type=\"text\" name=\"input_text\" placeholder=\"N\u00famero de tel\u00e9fono\" data-name=\"input_text\" id=\"ff_5_input_text\"><button type=\"submit\">Enviar formulario<\/button><\/form>\n<h2>Recursos:<\/h2>\n<ul>\n<li><a href=\"http:\/\/www.justice4all.org\/wp-content\/uploads\/2021\/10\/appendix_b.pdf\">Tasas de los tribunales de distrito de Virginia<\/a><\/li>\n<li><a href=\"http:\/\/www.justice4all.org\/wp-content\/uploads\/2021\/10\/appendix_b-1.pdf\">Tasas del Tribunal de Circuito de Virginia<\/a><\/li>\n<li>Informe del Instituto Vera: <a href=\"http:\/\/www.justice4all.org\/wp-content\/uploads\/2021\/10\/the-high-price-of-using-justice-fines-and-fees-virginia.pdf\">El alto precio de utilizar las multas y tasas judiciales para financiar el gobierno en Virginia<\/a><\/li>\n<\/ul>\n<\/div>\n","protected":false},"excerpt":{"rendered":"<p>Cu\u00e9ntenos su experiencia Los sistemas penales y de tr\u00e1fico de Virginia imponen cientos de millones de d\u00f3lares cada a\u00f1o en deudas judiciales, una combinaci\u00f3n de grav\u00e1menes que incluye desde multas a honorarios de abogados de oficio o la constituci\u00f3n de jurados. Estos sistemas afectan de forma desproporcionada a las personas con rentas bajas y a [&hellip;]<\/p>\n","protected":false},"author":4,"featured_media":0,"parent":0,"menu_order":0,"comment_status":"closed","ping_status":"closed","template":"","meta":{"footnotes":""},"lajc-tax-roles":[],"lajc-tax-issues":[],"lajc-tax-locations":[],"class_list":["post-13216","page","type-page","status-publish","hentry"],"acf":[],"yoast_head":"<!-- This site is optimized with the Yoast SEO plugin v27.5 - https:\/\/yoast.com\/product\/yoast-seo-wordpress\/ -->\n<title>Multas y tasas - Legal Aid Justice Center<\/title>\n<meta name=\"robots\" content=\"index, follow, max-snippet:-1, max-image-preview:large, max-video-preview:-1\" \/>\n<link rel=\"canonical\" href=\"https:\/\/www.justice4all.org\/es\/multas-y-tasas\/\" \/>\n<meta property=\"og:locale\" content=\"es_ES\" \/>\n<meta property=\"og:type\" content=\"article\" \/>\n<meta property=\"og:title\" content=\"Multas y tasas - Legal Aid Justice Center\" \/>\n<meta property=\"og:description\" content=\"Cu\u00e9ntenos su experiencia Los sistemas penales y de tr\u00e1fico de Virginia imponen cientos de millones de d\u00f3lares cada a\u00f1o en deudas judiciales, una combinaci\u00f3n de grav\u00e1menes que incluye desde multas a honorarios de abogados de oficio o la constituci\u00f3n de jurados. Estos sistemas afectan de forma desproporcionada a las personas con rentas bajas y a [&hellip;]\" \/>\n<meta property=\"og:url\" content=\"https:\/\/www.justice4all.org\/es\/multas-y-tasas\/\" \/>\n<meta property=\"og:site_name\" content=\"Legal Aid Justice Center\" \/>\n<meta property=\"og:image\" content=\"https:\/\/www.justice4all.org\/wp-content\/uploads\/2021\/10\/court-debt-photo-CRRJ-website-1536x1024-1-1024x683.jpeg\" \/>\n<meta name=\"twitter:card\" content=\"summary_large_image\" \/>\n<meta name=\"twitter:label1\" content=\"Tiempo de lectura\" \/>\n\t<meta name=\"twitter:data1\" content=\"3 minuto\" \/>\n<script type=\"application\/ld+json\" class=\"yoast-schema-graph\">{\"@context\":\"https:\\\/\\\/schema.org\",\"@graph\":[{\"@type\":\"WebPage\",\"@id\":\"https:\\\/\\\/www.justice4all.org\\\/es\\\/multas-y-tasas\\\/\",\"url\":\"https:\\\/\\\/www.justice4all.org\\\/es\\\/multas-y-tasas\\\/\",\"name\":\"Multas y tasas - Legal Aid Justice Center\",\"isPartOf\":{\"@id\":\"https:\\\/\\\/www.justice4all.org\\\/es\\\/#website\"},\"primaryImageOfPage\":{\"@id\":\"https:\\\/\\\/www.justice4all.org\\\/es\\\/multas-y-tasas\\\/#primaryimage\"},\"image\":{\"@id\":\"https:\\\/\\\/www.justice4all.org\\\/es\\\/multas-y-tasas\\\/#primaryimage\"},\"thumbnailUrl\":\"https:\\\/\\\/www.justice4all.org\\\/wp-content\\\/uploads\\\/2021\\\/10\\\/court-debt-photo-CRRJ-website-1536x1024-1-1024x683.jpeg\",\"datePublished\":\"2020-08-19T08:31:52+00:00\",\"breadcrumb\":{\"@id\":\"https:\\\/\\\/www.justice4all.org\\\/es\\\/multas-y-tasas\\\/#breadcrumb\"},\"inLanguage\":\"es\",\"potentialAction\":[{\"@type\":\"ReadAction\",\"target\":[\"https:\\\/\\\/www.justice4all.org\\\/es\\\/multas-y-tasas\\\/\"]}]},{\"@type\":\"ImageObject\",\"inLanguage\":\"es\",\"@id\":\"https:\\\/\\\/www.justice4all.org\\\/es\\\/multas-y-tasas\\\/#primaryimage\",\"url\":\"https:\\\/\\\/www.justice4all.org\\\/wp-content\\\/uploads\\\/2021\\\/10\\\/court-debt-photo-CRRJ-website-1536x1024-1-1024x683.jpeg\",\"contentUrl\":\"https:\\\/\\\/www.justice4all.org\\\/wp-content\\\/uploads\\\/2021\\\/10\\\/court-debt-photo-CRRJ-website-1536x1024-1-1024x683.jpeg\"},{\"@type\":\"BreadcrumbList\",\"@id\":\"https:\\\/\\\/www.justice4all.org\\\/es\\\/multas-y-tasas\\\/#breadcrumb\",\"itemListElement\":[{\"@type\":\"ListItem\",\"position\":1,\"name\":\"Home\",\"item\":\"https:\\\/\\\/www.justice4all.org\\\/es\\\/\"},{\"@type\":\"ListItem\",\"position\":2,\"name\":\"Multas y tasas\"}]},{\"@type\":\"WebSite\",\"@id\":\"https:\\\/\\\/www.justice4all.org\\\/es\\\/#website\",\"url\":\"https:\\\/\\\/www.justice4all.org\\\/es\\\/\",\"name\":\"Legal Aid Justice Center\",\"description\":\"\",\"potentialAction\":[{\"@type\":\"SearchAction\",\"target\":{\"@type\":\"EntryPoint\",\"urlTemplate\":\"https:\\\/\\\/www.justice4all.org\\\/es\\\/?s={search_term_string}\"},\"query-input\":{\"@type\":\"PropertyValueSpecification\",\"valueRequired\":true,\"valueName\":\"search_term_string\"}}],\"inLanguage\":\"es\"}]}<\/script>\n<!-- \/ Yoast SEO plugin. -->","yoast_head_json":{"title":"Multas y tasas - Legal Aid Justice Center","robots":{"index":"index","follow":"follow","max-snippet":"max-snippet:-1","max-image-preview":"max-image-preview:large","max-video-preview":"max-video-preview:-1"},"canonical":"https:\/\/www.justice4all.org\/es\/multas-y-tasas\/","og_locale":"es_ES","og_type":"article","og_title":"Multas y tasas - Legal Aid Justice Center","og_description":"Cu\u00e9ntenos su experiencia Los sistemas penales y de tr\u00e1fico de Virginia imponen cientos de millones de d\u00f3lares cada a\u00f1o en deudas judiciales, una combinaci\u00f3n de grav\u00e1menes que incluye desde multas a honorarios de abogados de oficio o la constituci\u00f3n de jurados. Estos sistemas afectan de forma desproporcionada a las personas con rentas bajas y a [&hellip;]","og_url":"https:\/\/www.justice4all.org\/es\/multas-y-tasas\/","og_site_name":"Legal Aid Justice Center","og_image":[{"url":"https:\/\/www.justice4all.org\/wp-content\/uploads\/2021\/10\/court-debt-photo-CRRJ-website-1536x1024-1-1024x683.jpeg","type":"","width":"","height":""}],"twitter_card":"summary_large_image","twitter_misc":{"Tiempo de lectura":"3 minuto"},"schema":{"@context":"https:\/\/schema.org","@graph":[{"@type":"WebPage","@id":"https:\/\/www.justice4all.org\/es\/multas-y-tasas\/","url":"https:\/\/www.justice4all.org\/es\/multas-y-tasas\/","name":"Multas y tasas - Legal Aid Justice Center","isPartOf":{"@id":"https:\/\/www.justice4all.org\/es\/#website"},"primaryImageOfPage":{"@id":"https:\/\/www.justice4all.org\/es\/multas-y-tasas\/#primaryimage"},"image":{"@id":"https:\/\/www.justice4all.org\/es\/multas-y-tasas\/#primaryimage"},"thumbnailUrl":"https:\/\/www.justice4all.org\/wp-content\/uploads\/2021\/10\/court-debt-photo-CRRJ-website-1536x1024-1-1024x683.jpeg","datePublished":"2020-08-19T08:31:52+00:00","breadcrumb":{"@id":"https:\/\/www.justice4all.org\/es\/multas-y-tasas\/#breadcrumb"},"inLanguage":"es","potentialAction":[{"@type":"ReadAction","target":["https:\/\/www.justice4all.org\/es\/multas-y-tasas\/"]}]},{"@type":"ImageObject","inLanguage":"es","@id":"https:\/\/www.justice4all.org\/es\/multas-y-tasas\/#primaryimage","url":"https:\/\/www.justice4all.org\/wp-content\/uploads\/2021\/10\/court-debt-photo-CRRJ-website-1536x1024-1-1024x683.jpeg","contentUrl":"https:\/\/www.justice4all.org\/wp-content\/uploads\/2021\/10\/court-debt-photo-CRRJ-website-1536x1024-1-1024x683.jpeg"},{"@type":"BreadcrumbList","@id":"https:\/\/www.justice4all.org\/es\/multas-y-tasas\/#breadcrumb","itemListElement":[{"@type":"ListItem","position":1,"name":"Home","item":"https:\/\/www.justice4all.org\/es\/"},{"@type":"ListItem","position":2,"name":"Multas y tasas"}]},{"@type":"WebSite","@id":"https:\/\/www.justice4all.org\/es\/#website","url":"https:\/\/www.justice4all.org\/es\/","name":"Legal Aid Justice Center","description":"","potentialAction":[{"@type":"SearchAction","target":{"@type":"EntryPoint","urlTemplate":"https:\/\/www.justice4all.org\/es\/?s={search_term_string}"},"query-input":{"@type":"PropertyValueSpecification","valueRequired":true,"valueName":"search_term_string"}}],"inLanguage":"es"}]}},"_links":{"self":[{"href":"https:\/\/www.justice4all.org\/es\/wp-json\/wp\/v2\/pages\/13216","targetHints":{"allow":["GET"]}}],"collection":[{"href":"https:\/\/www.justice4all.org\/es\/wp-json\/wp\/v2\/pages"}],"about":[{"href":"https:\/\/www.justice4all.org\/es\/wp-json\/wp\/v2\/types\/page"}],"author":[{"embeddable":true,"href":"https:\/\/www.justice4all.org\/es\/wp-json\/wp\/v2\/users\/4"}],"replies":[{"embeddable":true,"href":"https:\/\/www.justice4all.org\/es\/wp-json\/wp\/v2\/comments?post=13216"}],"version-history":[{"count":0,"href":"https:\/\/www.justice4all.org\/es\/wp-json\/wp\/v2\/pages\/13216\/revisions"}],"wp:attachment":[{"href":"https:\/\/www.justice4all.org\/es\/wp-json\/wp\/v2\/media?parent=13216"}],"wp:term":[{"taxonomy":"lajc-tax-roles","embeddable":true,"href":"https:\/\/www.justice4all.org\/es\/wp-json\/wp\/v2\/lajc-tax-roles?post=13216"},{"taxonomy":"lajc-tax-issues","embeddable":true,"href":"https:\/\/www.justice4all.org\/es\/wp-json\/wp\/v2\/lajc-tax-issues?post=13216"},{"taxonomy":"lajc-tax-locations","embeddable":true,"href":"https:\/\/www.justice4all.org\/es\/wp-json\/wp\/v2\/lajc-tax-locations?post=13216"}],"curies":[{"name":"wp","href":"https:\/\/api.w.org\/{rel}","templated":true}]}}