{"id":13179,"date":"2022-07-21T13:47:58","date_gmt":"2022-07-21T13:47:58","guid":{"rendered":"https:\/\/lajc2023stg.wpengine.com\/conozca-sus-derechos-disciplina-escolar\/"},"modified":"2022-07-21T13:47:58","modified_gmt":"2022-07-21T13:47:58","slug":"conozca-sus-derechos-disciplina-escolar","status":"publish","type":"page","link":"https:\/\/www.justice4all.org\/es\/conozca-sus-derechos-disciplina-escolar\/","title":{"rendered":"Conozca sus derechos: Disciplina escolar"},"content":{"rendered":"<div class=\"lajc-m-content\">\n<p>Los alumnos tienen derechos en cuanto a cu\u00e1ndo y c\u00f3mo pueden ser sancionados por determinados comportamientos. Los centros escolares tienen normas diferentes sobre las suspensiones que pueden imponerse a los alumnos y su duraci\u00f3n. El c\u00f3digo de conducta de tu centro escolar debe contener todas estas normas y estar disponible en Internet. Seg\u00fan la ley de Virginia, los alumnos pueden ser suspendidos o expulsados de la escuela por <b><br \/>\n  <i>causa suficiente.<\/i><br \/>\n<\/b><b><i> <\/i><\/b> <\/p>\n<p>Existen algunas protecciones y procesos adicionales para los estudiantes con discapacidad. Puede obtener m\u00e1s informaci\u00f3n <a href=\"https:\/\/peatc.org\/wp-content\/uploads\/2020\/12\/Manifestation-Determination.pdf\">aqu\u00ed<\/a>.  <\/p>\n<p>Tambi\u00e9n es importante tener en cuenta que algunos incidentes que ocurren en la escuela pueden (y a veces es obligatorio) ser denunciados a las fuerzas del orden.<\/p>\n<p>\t\t\t\t\t\t\t\t\t\t\t\t<a href=\"\">Tipos de disciplina excluyente, en general:  <\/a><\/p>\n<ul>\n<li data-leveltext=\"\uf0b7\" data-font=\"Symbol\" data-listid=\"1\" data-list-defn-props=\"{\" aria-setsize=\"-1\" data-aria-posinset=\"1\" data-aria-level=\"1\">Suspensi\u00f3n de corta duraci\u00f3n:\n<ul>\n<li data-leveltext=\"\uf0b7\" data-font=\"Symbol\" data-listid=\"1\" data-list-defn-props=\"{\" aria-setsize=\"-1\" data-aria-posinset=\"1\" data-aria-level=\"1\">10 d\u00edas lectivos consecutivos o menos  <\/li>\n<\/ul>\n<\/li>\n<\/ul>\n<ul>\n<li data-leveltext=\"\uf0b7\" data-font=\"Symbol\" data-listid=\"1\" data-list-defn-props=\"{\" aria-setsize=\"-1\" data-aria-posinset=\"2\" data-aria-level=\"1\">Suspensi\u00f3n de larga duraci\u00f3n:\n<ul>\n<li data-leveltext=\"\uf0b7\" data-font=\"Symbol\" data-listid=\"1\" data-list-defn-props=\"{\" aria-setsize=\"-1\" data-aria-posinset=\"2\" data-aria-level=\"1\">11-45 d\u00edas lectivos consecutivos  <\/li>\n<\/ul>\n<\/li>\n<\/ul>\n<ul>\n<li data-leveltext=\"\uf0b7\" data-font=\"Symbol\" data-listid=\"1\" data-list-defn-props=\"{\" aria-setsize=\"-1\" data-aria-posinset=\"1\" data-aria-level=\"1\">Expulsi\u00f3n:\n<ul>\n<li data-leveltext=\"\uf0b7\" data-font=\"Symbol\" data-listid=\"1\" data-list-defn-props=\"{\" aria-setsize=\"-1\" data-aria-posinset=\"1\" data-aria-level=\"1\">365 d\u00edas naturales  <\/li>\n<\/ul>\n<\/li>\n<\/ul>\n<p><a href=\"https:\/\/www.justice4all.org\/es\/conozca-sus-derechos-expulsiones\/\">Obtenga m\u00e1s informaci\u00f3n sobre sus derechos en materia de medidas disciplinarias de exclusi\u00f3n aqu\u00ed.<\/a><\/p>\n<p>\t\t\t\t\t\t\t\t\t\t\t\t<a href=\"\">Excepciones de suspensi\u00f3n y expulsi\u00f3n:  <\/a><\/p>\n<ul>\n<li data-leveltext=\"\uf0b7\" data-font=\"Symbol\" data-listid=\"1\" data-list-defn-props=\"{\"335552541\":1,\"335559684\":-2,\"335559685\":720,\"335559991\":360,\"469769226\":\"Symbol\",\"469769242\":[8226],\"469777803\":\"left\",\"469777804\":\"\uf0b7\",\"469777815\":\"hybridMultilevel\"}\" aria-setsize=\"-1\" data-aria-posinset=\"2\" data-aria-level=\"1\"><strong>Los alumnos no pueden ser suspendidos s\u00f3lo por absentismo escolar.  <\/strong><\/li>\n<li data-leveltext=\"\uf0b7\" data-font=\"Symbol\" data-listid=\"1\" data-list-defn-props=\"{\"335552541\":1,\"335559684\":-2,\"335559685\":720,\"335559991\":360,\"469769226\":\"Symbol\",\"469769242\":[8226],\"469777803\":\"left\",\"469777804\":\"\uf0b7\",\"469777815\":\"hybridMultilevel\"}\" aria-setsize=\"-1\" data-aria-posinset=\"3\" data-aria-level=\"1\">Los alumnos de preescolar a 3er grado pueden ser suspendidos por no m\u00e1s de 3 d\u00edas escolares a la vez, y no expulsados, excepto en estas circunstancias.\n<ul>\n<li data-leveltext=\"\uf0b7\" data-font=\"Symbol\" data-listid=\"1\" data-list-defn-props=\"{\"335552541\":1,\"335559684\":-2,\"335559685\":720,\"335559991\":360,\"469769226\":\"Symbol\",\"469769242\":[8226],\"469777803\":\"left\",\"469777804\":\"\uf0b7\",\"469777815\":\"hybridMultilevel\"}\" aria-setsize=\"-1\" data-aria-posinset=\"3\" data-aria-level=\"1\">Da\u00f1o f\u00edsico o amenaza cre\u00edble de da\u00f1o f\u00edsico,  <\/li>\n<li data-leveltext=\"\uf0b7\" data-font=\"Symbol\" data-listid=\"1\" data-list-defn-props=\"{\"335552541\":1,\"335559684\":-2,\"335559685\":720,\"335559991\":360,\"469769226\":\"Symbol\",\"469769242\":[8226],\"469777803\":\"left\",\"469777804\":\"\uf0b7\",\"469777815\":\"hybridMultilevel\"}\" aria-setsize=\"-1\" data-aria-posinset=\"3\" data-aria-level=\"1\">Posesi\u00f3n de arma de fuego y objetos relacionados  <\/li>\n<li data-leveltext=\"\uf0b7\" data-font=\"Symbol\" data-listid=\"1\" data-list-defn-props=\"{\"335552541\":1,\"335559684\":-2,\"335559685\":720,\"335559991\":360,\"469769226\":\"Symbol\",\"469769242\":[8226],\"469777803\":\"left\",\"469777804\":\"\uf0b7\",\"469777815\":\"hybridMultilevel\"}\" aria-setsize=\"-1\" data-aria-posinset=\"3\" data-aria-level=\"1\">Posesi\u00f3n de drogas y objetos relacionados  <\/li>\n<li data-leveltext=\"\uf0b7\" data-font=\"Symbol\" data-listid=\"1\" data-list-defn-props=\"{\"335552541\":1,\"335559684\":-2,\"335559685\":720,\"335559991\":360,\"469769226\":\"Symbol\",\"469769242\":[8226],\"469777803\":\"left\",\"469777804\":\"\uf0b7\",\"469777815\":\"hybridMultilevel\"}\" aria-setsize=\"-1\" data-aria-posinset=\"3\" data-aria-level=\"1\">El consejo escolar, el superintendente o la persona designada constatan la presencia de <b>circunstancias agravantes<\/b> <\/li>\n<\/ul>\n<\/li>\n<li data-leveltext=\"\uf0b7\" data-font=\"Symbol\" data-listid=\"1\" data-list-defn-props=\"{\"335552541\":1,\"335559684\":-2,\"335559685\":720,\"335559991\":360,\"469769226\":\"Symbol\",\"469769242\":[8226],\"469777803\":\"left\",\"469777804\":\"\uf0b7\",\"469777815\":\"hybridMultilevel\"}\" aria-setsize=\"-1\" data-aria-posinset=\"3\" data-aria-level=\"1\"><strong>Por lo general, los centros escolares no pueden suspender ni expulsar a los alumnos por conductas que tengan lugar fuera del recinto escolar, aunque den lugar a cargos juveniles.  <\/strong>\n<ul>\n<li data-leveltext=\"\uf0b7\" data-font=\"Symbol\" data-listid=\"1\" data-list-defn-props=\"{\"335552541\":1,\"335559684\":-2,\"335559685\":720,\"335559991\":360,\"469769226\":\"Symbol\",\"469769242\":[8226],\"469777803\":\"left\",\"469777804\":\"\uf0b7\",\"469777815\":\"hybridMultilevel\"}\" aria-setsize=\"-1\" data-aria-posinset=\"3\" data-aria-level=\"1\">SIN EMBARGO, existe una excepci\u00f3n para los delitos graves. Los alumnos pueden ser suspendidos hasta diez d\u00edas por determinadas infracciones si la infracci\u00f3n implica una lesi\u00f3n intencionada a un alumno de la misma escuela.  <\/li>\n<\/ul>\n<\/li>\n<\/ul>\n<p>\t\t\t\t\t\t\t\t\t\t\t\t<a href=\"\">El debido proceso en la disciplina escolar:  <\/a><\/p>\n<ul>\n<li data-leveltext=\"\uf0b7\" data-font=\"Symbol\" data-listid=\"1\" data-list-defn-props=\"{\"335552541\":1,\"335559684\":-2,\"335559685\":720,\"335559991\":360,\"469769226\":\"Symbol\",\"469769242\":[8226],\"469777803\":\"left\",\"469777804\":\"\uf0b7\",\"469777815\":\"hybridMultilevel\"}\" aria-setsize=\"-1\" data-aria-posinset=\"1\" data-aria-level=\"1\">El director tiene la obligaci\u00f3n de explicar al ni\u00f1o por qu\u00e9 se propone disciplinarlo <b>y<\/b> darle la oportunidad de exponer su versi\u00f3n.  <\/li>\n<li data-leveltext=\"\uf0b7\" data-font=\"Symbol\" data-listid=\"1\" data-list-defn-props=\"{\"335552541\":1,\"335559684\":-2,\"335559685\":720,\"335559991\":360,\"469769226\":\"Symbol\",\"469769242\":[8226],\"469777803\":\"left\",\"469777804\":\"\uf0b7\",\"469777815\":\"hybridMultilevel\"}\" aria-setsize=\"-1\" data-aria-posinset=\"2\" data-aria-level=\"1\">Los padres tienen derecho a que se les notifique el incidente, la acci\u00f3n disciplinaria propuesta y <b>tienen derecho a apelar<\/b>.  <\/li>\n<li data-leveltext=\"\uf0b7\" data-font=\"Symbol\" data-listid=\"1\" data-list-defn-props=\"{\"335552541\":1,\"335559684\":-2,\"335559685\":720,\"335559991\":360,\"469769226\":\"Symbol\",\"469769242\":[8226],\"469777803\":\"left\",\"469777804\":\"\uf0b7\",\"469777815\":\"hybridMultilevel\"}\" aria-setsize=\"-1\" data-aria-posinset=\"3\" data-aria-level=\"1\"><strong>NOTA<\/strong>: Los incidentes en la escuela pueden constituir la base de cargos juveniles o criminales y cualquier declaraci\u00f3n escrita dada en este proceso puede ser utilizada en ese procedimiento. \u00a1Cuidado con las declaraciones escritas!  <\/li>\n<li data-leveltext=\"\uf0b7\" data-font=\"Symbol\" data-listid=\"1\" data-list-defn-props=\"{\"335552541\":1,\"335559684\":-2,\"335559685\":720,\"335559991\":360,\"469769226\":\"Symbol\",\"469769242\":[8226],\"469777803\":\"left\",\"469777804\":\"\uf0b7\",\"469777815\":\"hybridMultilevel\"}\" aria-setsize=\"-1\" data-aria-posinset=\"4\" data-aria-level=\"1\">Los <strong>plazos para recurrir una medida disciplinaria pueden ser muy breves<\/strong>, a veces de s\u00f3lo tres d\u00edas tras la recepci\u00f3n de la notificaci\u00f3n por escrito. La duraci\u00f3n debe estar escrita en el c\u00f3digo de conducta estudiantil.  <\/li>\n<li data-leveltext=\"\uf0b7\" data-font=\"Symbol\" data-listid=\"1\" data-list-defn-props=\"{\"335552541\":1,\"335559684\":-2,\"335559685\":720,\"335559991\":360,\"469769226\":\"Symbol\",\"469769242\":[8226],\"469777803\":\"left\",\"469777804\":\"\uf0b7\",\"469777815\":\"hybridMultilevel\"}\" aria-setsize=\"-1\" data-aria-posinset=\"4\" data-aria-level=\"1\"><strong>La decisi\u00f3n de expulsar a un alumno debe basarse en estos factores:<\/strong>\n<ul>\n<li data-leveltext=\"\uf0b7\" data-font=\"Symbol\" data-listid=\"1\" data-list-defn-props=\"{\"335552541\":1,\"335559684\":-2,\"335559685\":720,\"335559991\":360,\"469769226\":\"Symbol\",\"469769242\":[8226],\"469777803\":\"left\",\"469777804\":\"\uf0b7\",\"469777815\":\"hybridMultilevel\"}\" aria-setsize=\"-1\" data-aria-posinset=\"1\" data-aria-level=\"1\">Naturaleza y gravedad de la infracci\u00f3n  <\/li>\n<li data-leveltext=\"\uf0b7\" data-font=\"Symbol\" data-listid=\"1\" data-list-defn-props=\"{\"335552541\":1,\"335559684\":-2,\"335559685\":720,\"335559991\":360,\"469769226\":\"Symbol\",\"469769242\":[8226],\"469777803\":\"left\",\"469777804\":\"\uf0b7\",\"469777815\":\"hybridMultilevel\"}\" aria-setsize=\"-1\" data-aria-posinset=\"1\" data-aria-level=\"1\">El grado de peligro para la comunidad escolar  <\/li>\n<li data-leveltext=\"\uf0b7\" data-font=\"Symbol\" data-listid=\"1\" data-list-defn-props=\"{\"335552541\":1,\"335559684\":-2,\"335559685\":720,\"335559991\":360,\"469769226\":\"Symbol\",\"469769242\":[8226],\"469777803\":\"left\",\"469777804\":\"\uf0b7\",\"469777815\":\"hybridMultilevel\"}\" aria-setsize=\"-1\" data-aria-posinset=\"1\" data-aria-level=\"1\">Historial disciplinario del alumno  <\/li>\n<li data-leveltext=\"\uf0b7\" data-font=\"Symbol\" data-listid=\"1\" data-list-defn-props=\"{\"335552541\":1,\"335559684\":-2,\"335559685\":720,\"335559991\":360,\"469769226\":\"Symbol\",\"469769242\":[8226],\"469777803\":\"left\",\"469777804\":\"\uf0b7\",\"469777815\":\"hybridMultilevel\"}\" aria-setsize=\"-1\" data-aria-posinset=\"1\" data-aria-level=\"1\">La disponibilidad e idoneidad de una plaza o programa educativo alternativo.  <\/li>\n<li data-leveltext=\"\uf0b7\" data-font=\"Symbol\" data-listid=\"1\" data-list-defn-props=\"{\"335552541\":1,\"335559684\":-2,\"335559685\":720,\"335559991\":360,\"469769226\":\"Symbol\",\"469769242\":[8226],\"469777803\":\"left\",\"469777804\":\"\uf0b7\",\"469777815\":\"hybridMultilevel\"}\" aria-setsize=\"-1\" data-aria-posinset=\"1\" data-aria-level=\"1\">Edad y curso del alumno  <\/li>\n<li data-leveltext=\"\uf0b7\" data-font=\"Symbol\" data-listid=\"1\" data-list-defn-props=\"{\"335552541\":1,\"335559684\":-2,\"335559685\":720,\"335559991\":360,\"469769226\":\"Symbol\",\"469769242\":[8226],\"469777803\":\"left\",\"469777804\":\"\uf0b7\",\"469777815\":\"hybridMultilevel\"}\" aria-setsize=\"-1\" data-aria-posinset=\"1\" data-aria-level=\"1\">Los resultados de cualquier evaluaci\u00f3n de salud mental, abuso de sustancias o educaci\u00f3n especial.  <\/li>\n<li data-leveltext=\"\uf0b7\" data-font=\"Symbol\" data-listid=\"1\" data-list-defn-props=\"{\"335552541\":1,\"335559684\":-2,\"335559685\":720,\"335559991\":360,\"469769226\":\"Symbol\",\"469769242\":[8226],\"469777803\":\"left\",\"469777804\":\"\uf0b7\",\"469777815\":\"hybridMultilevel\"}\" aria-setsize=\"-1\" data-aria-posinset=\"1\" data-aria-level=\"1\">El expediente acad\u00e9mico y de asistencia de los alumnos  <\/li>\n<li data-leveltext=\"\uf0b7\" data-font=\"Symbol\" data-listid=\"1\" data-list-defn-props=\"{\"335552541\":1,\"335559684\":-2,\"335559685\":720,\"335559991\":360,\"469769226\":\"Symbol\",\"469769242\":[8226],\"469777803\":\"left\",\"469777804\":\"\uf0b7\",\"469777815\":\"hybridMultilevel\"}\" aria-setsize=\"-1\" data-aria-posinset=\"1\" data-aria-level=\"1\">Otros asuntos que el superintendente o la persona designada consideren oportunos.  <\/li>\n<\/ul>\n<\/li>\n<\/ul>\n<p>\t\t\t<a href=\"https:\/\/www.justice4all.org\/wp-content\/uploads\/\" role=\"button\"><br \/>\n  Descargar como pdf<br \/>\n\t\t\t\t\t<\/a><br \/>\n\t\t\t<a href=\"https:\/\/www.justice4all.org\/wp-content\/uploads\/\" role=\"button\"><br \/>\n  Download in English<br \/>\n\t\t\t\t\t<\/a><\/div>\n","protected":false},"excerpt":{"rendered":"<p>Los alumnos tienen derechos en cuanto a cu\u00e1ndo y c\u00f3mo pueden ser sancionados por determinados comportamientos. Los centros escolares tienen normas diferentes sobre las suspensiones que pueden imponerse a los alumnos y su duraci\u00f3n. El c\u00f3digo de conducta de tu centro escolar debe contener todas estas normas y estar disponible en Internet. Seg\u00fan la ley [&hellip;]<\/p>\n","protected":false},"author":4,"featured_media":0,"parent":0,"menu_order":0,"comment_status":"closed","ping_status":"closed","template":"","meta":{"footnotes":""},"lajc-tax-roles":[],"lajc-tax-issues":[],"lajc-tax-locations":[],"class_list":["post-13179","page","type-page","status-publish","hentry"],"acf":[],"yoast_head":"<!-- This site is optimized with the Yoast SEO plugin v27.5 - https:\/\/yoast.com\/product\/yoast-seo-wordpress\/ -->\n<title>Conozca sus derechos: Disciplina escolar - Legal Aid Justice Center<\/title>\n<meta name=\"description\" content=\"Los alumnos tienen derechos en cuanto a cu\u00e1ndo y c\u00f3mo pueden ser sancionados por determinados comportamientos. Los centros escolares tienen normas diferentes sobre las suspensiones y la duraci\u00f3n de las mismas.\" \/>\n<meta name=\"robots\" content=\"index, follow, max-snippet:-1, max-image-preview:large, max-video-preview:-1\" \/>\n<link rel=\"canonical\" href=\"https:\/\/www.justice4all.org\/es\/conozca-sus-derechos-disciplina-escolar\/\" \/>\n<meta property=\"og:locale\" content=\"es_ES\" \/>\n<meta property=\"og:type\" content=\"article\" \/>\n<meta property=\"og:title\" content=\"Conozca sus derechos: Disciplina escolar - Legal Aid Justice Center\" \/>\n<meta property=\"og:description\" content=\"Los alumnos tienen derechos en cuanto a cu\u00e1ndo y c\u00f3mo pueden ser sancionados por determinados comportamientos. Los centros escolares tienen normas diferentes sobre las suspensiones y la duraci\u00f3n de las mismas.\" \/>\n<meta property=\"og:url\" content=\"https:\/\/www.justice4all.org\/es\/conozca-sus-derechos-disciplina-escolar\/\" \/>\n<meta property=\"og:site_name\" content=\"Legal Aid Justice Center\" \/>\n<meta name=\"twitter:card\" content=\"summary_large_image\" \/>\n<meta name=\"twitter:label1\" content=\"Tiempo de lectura\" \/>\n\t<meta name=\"twitter:data1\" content=\"3 minuto\" \/>\n<script type=\"application\/ld+json\" class=\"yoast-schema-graph\">{\"@context\":\"https:\\\/\\\/schema.org\",\"@graph\":[{\"@type\":\"WebPage\",\"@id\":\"https:\\\/\\\/www.justice4all.org\\\/es\\\/conozca-sus-derechos-disciplina-escolar\\\/\",\"url\":\"https:\\\/\\\/www.justice4all.org\\\/es\\\/conozca-sus-derechos-disciplina-escolar\\\/\",\"name\":\"Conozca sus derechos: Disciplina escolar - Legal Aid Justice Center\",\"isPartOf\":{\"@id\":\"https:\\\/\\\/www.justice4all.org\\\/es\\\/#website\"},\"datePublished\":\"2022-07-21T13:47:58+00:00\",\"description\":\"Los alumnos tienen derechos en cuanto a cu\u00e1ndo y c\u00f3mo pueden ser sancionados por determinados comportamientos. Los centros escolares tienen normas diferentes sobre las suspensiones y la duraci\u00f3n de las mismas.\",\"breadcrumb\":{\"@id\":\"https:\\\/\\\/www.justice4all.org\\\/es\\\/conozca-sus-derechos-disciplina-escolar\\\/#breadcrumb\"},\"inLanguage\":\"es\",\"potentialAction\":[{\"@type\":\"ReadAction\",\"target\":[\"https:\\\/\\\/www.justice4all.org\\\/es\\\/conozca-sus-derechos-disciplina-escolar\\\/\"]}]},{\"@type\":\"BreadcrumbList\",\"@id\":\"https:\\\/\\\/www.justice4all.org\\\/es\\\/conozca-sus-derechos-disciplina-escolar\\\/#breadcrumb\",\"itemListElement\":[{\"@type\":\"ListItem\",\"position\":1,\"name\":\"Home\",\"item\":\"https:\\\/\\\/www.justice4all.org\\\/es\\\/\"},{\"@type\":\"ListItem\",\"position\":2,\"name\":\"Conozca sus derechos: Disciplina escolar\"}]},{\"@type\":\"WebSite\",\"@id\":\"https:\\\/\\\/www.justice4all.org\\\/es\\\/#website\",\"url\":\"https:\\\/\\\/www.justice4all.org\\\/es\\\/\",\"name\":\"Legal Aid Justice Center\",\"description\":\"\",\"potentialAction\":[{\"@type\":\"SearchAction\",\"target\":{\"@type\":\"EntryPoint\",\"urlTemplate\":\"https:\\\/\\\/www.justice4all.org\\\/es\\\/?s={search_term_string}\"},\"query-input\":{\"@type\":\"PropertyValueSpecification\",\"valueRequired\":true,\"valueName\":\"search_term_string\"}}],\"inLanguage\":\"es\"}]}<\/script>\n<!-- \/ Yoast SEO plugin. -->","yoast_head_json":{"title":"Conozca sus derechos: Disciplina escolar - Legal Aid Justice Center","description":"Los alumnos tienen derechos en cuanto a cu\u00e1ndo y c\u00f3mo pueden ser sancionados por determinados comportamientos. Los centros escolares tienen normas diferentes sobre las suspensiones y la duraci\u00f3n de las mismas.","robots":{"index":"index","follow":"follow","max-snippet":"max-snippet:-1","max-image-preview":"max-image-preview:large","max-video-preview":"max-video-preview:-1"},"canonical":"https:\/\/www.justice4all.org\/es\/conozca-sus-derechos-disciplina-escolar\/","og_locale":"es_ES","og_type":"article","og_title":"Conozca sus derechos: Disciplina escolar - Legal Aid Justice Center","og_description":"Los alumnos tienen derechos en cuanto a cu\u00e1ndo y c\u00f3mo pueden ser sancionados por determinados comportamientos. Los centros escolares tienen normas diferentes sobre las suspensiones y la duraci\u00f3n de las mismas.","og_url":"https:\/\/www.justice4all.org\/es\/conozca-sus-derechos-disciplina-escolar\/","og_site_name":"Legal Aid Justice Center","twitter_card":"summary_large_image","twitter_misc":{"Tiempo de lectura":"3 minuto"},"schema":{"@context":"https:\/\/schema.org","@graph":[{"@type":"WebPage","@id":"https:\/\/www.justice4all.org\/es\/conozca-sus-derechos-disciplina-escolar\/","url":"https:\/\/www.justice4all.org\/es\/conozca-sus-derechos-disciplina-escolar\/","name":"Conozca sus derechos: Disciplina escolar - Legal Aid Justice Center","isPartOf":{"@id":"https:\/\/www.justice4all.org\/es\/#website"},"datePublished":"2022-07-21T13:47:58+00:00","description":"Los alumnos tienen derechos en cuanto a cu\u00e1ndo y c\u00f3mo pueden ser sancionados por determinados comportamientos. Los centros escolares tienen normas diferentes sobre las suspensiones y la duraci\u00f3n de las mismas.","breadcrumb":{"@id":"https:\/\/www.justice4all.org\/es\/conozca-sus-derechos-disciplina-escolar\/#breadcrumb"},"inLanguage":"es","potentialAction":[{"@type":"ReadAction","target":["https:\/\/www.justice4all.org\/es\/conozca-sus-derechos-disciplina-escolar\/"]}]},{"@type":"BreadcrumbList","@id":"https:\/\/www.justice4all.org\/es\/conozca-sus-derechos-disciplina-escolar\/#breadcrumb","itemListElement":[{"@type":"ListItem","position":1,"name":"Home","item":"https:\/\/www.justice4all.org\/es\/"},{"@type":"ListItem","position":2,"name":"Conozca sus derechos: Disciplina escolar"}]},{"@type":"WebSite","@id":"https:\/\/www.justice4all.org\/es\/#website","url":"https:\/\/www.justice4all.org\/es\/","name":"Legal Aid Justice Center","description":"","potentialAction":[{"@type":"SearchAction","target":{"@type":"EntryPoint","urlTemplate":"https:\/\/www.justice4all.org\/es\/?s={search_term_string}"},"query-input":{"@type":"PropertyValueSpecification","valueRequired":true,"valueName":"search_term_string"}}],"inLanguage":"es"}]}},"_links":{"self":[{"href":"https:\/\/www.justice4all.org\/es\/wp-json\/wp\/v2\/pages\/13179","targetHints":{"allow":["GET"]}}],"collection":[{"href":"https:\/\/www.justice4all.org\/es\/wp-json\/wp\/v2\/pages"}],"about":[{"href":"https:\/\/www.justice4all.org\/es\/wp-json\/wp\/v2\/types\/page"}],"author":[{"embeddable":true,"href":"https:\/\/www.justice4all.org\/es\/wp-json\/wp\/v2\/users\/4"}],"replies":[{"embeddable":true,"href":"https:\/\/www.justice4all.org\/es\/wp-json\/wp\/v2\/comments?post=13179"}],"version-history":[{"count":0,"href":"https:\/\/www.justice4all.org\/es\/wp-json\/wp\/v2\/pages\/13179\/revisions"}],"wp:attachment":[{"href":"https:\/\/www.justice4all.org\/es\/wp-json\/wp\/v2\/media?parent=13179"}],"wp:term":[{"taxonomy":"lajc-tax-roles","embeddable":true,"href":"https:\/\/www.justice4all.org\/es\/wp-json\/wp\/v2\/lajc-tax-roles?post=13179"},{"taxonomy":"lajc-tax-issues","embeddable":true,"href":"https:\/\/www.justice4all.org\/es\/wp-json\/wp\/v2\/lajc-tax-issues?post=13179"},{"taxonomy":"lajc-tax-locations","embeddable":true,"href":"https:\/\/www.justice4all.org\/es\/wp-json\/wp\/v2\/lajc-tax-locations?post=13179"}],"curies":[{"name":"wp","href":"https:\/\/api.w.org\/{rel}","templated":true}]}}