{"id":13161,"date":"2021-11-03T06:46:18","date_gmt":"2021-11-03T06:46:18","guid":{"rendered":"https:\/\/lajc2023stg.wpengine.com\/datos-financieros\/"},"modified":"2021-11-03T06:46:18","modified_gmt":"2021-11-03T06:46:18","slug":"datos-financieros","status":"publish","type":"page","link":"https:\/\/www.justice4all.org\/es\/datos-financieros\/","title":{"rendered":"Datos financieros"},"content":{"rendered":"<div class=\"lajc-m-content\">\n<p style=\"font-size: 15px; background-color: #ffffff;\">La transparencia financiera es importante para nosotros. A continuaci\u00f3n encontrar\u00e1 los estados financieros auditados y los formularios 990 del LAJC. <a style=\"font-family: proxima-nova, sans-serif; font-size: 15px; letter-spacing: 0.1em;\" href=\"mailto:twallace@justice4all.org\">P\u00f3ngase en contacto con nosotros<\/a> si tiene alguna duda.<\/p>\n<p><a href=\"https:\/\/www.justice4all.org\/wp-content\/uploads\/\">LAJC FY22 Estados financieros auditados  <\/a><br \/>LAJC 2021 990  <\/p>\n<p><a href=\"https:\/\/www.justice4all.org\/wp-content\/uploads\/\">LAJC FY21 Estados financieros auditados  <\/a><br \/><a href=\"https:\/\/www.justice4all.org\/wp-content\/uploads\/\">LAJC 2020 990  <\/a><\/p>\n<p><a href=\"https:\/\/www.justice4all.org\/wp-content\/uploads\/\">LAJC FY20 Estados financieros auditados  <\/a><br \/><a href=\"https:\/\/www.justice4all.org\/wp-content\/uploads\/\">LAJC 2019 990  <\/a><\/p>\n<p><a href=\"https:\/\/www.justice4all.org\/wp-content\/uploads\/\">LAJC FY19 Estados Financieros Auditados  <\/a><br \/><a href=\"https:\/\/www.justice4all.org\/wp-content\/uploads\/\">LAJC 2018 990  <\/a><\/p>\n<p style=\"font-size: 15px; background-color: #ffffff; font-family: proxima-nova, sans-serif;\"><a href=\"https:\/\/www.justice4all.org\/wp-content\/uploads\/\">LAJC FY18 Estados Financieros Auditados  <\/a><br \/><a href=\"https:\/\/www.justice4all.org\/wp-content\/uploads\/\">LAJC 2017 990  <\/a><\/p>\n<p style=\"font-size: 15px; background-color: #ffffff; font-family: proxima-nova, sans-serif;\"><a style=\"font-size: 15px;\" href=\"https:\/\/www.justice4all.org\/wp-content\/uploads\/2018\/11\/FY17-Audited-Financial-Statements.pdf\" target=\"_blank\" rel=\"noopener noreferrer\">LAJC FY17 Estados Financieros Auditados<\/a><br \/><a style=\"font-size: 15px;\" href=\"https:\/\/www.justice4all.org\/wp-content\/uploads\/2018\/11\/2016-Form-990-signed.pdf\" target=\"_blank\" rel=\"noopener noreferrer\">LAJC 2016 990  <\/a><\/p>\n<p style=\"font-size: 15px; background-color: #ffffff; font-family: proxima-nova, sans-serif;\"><a style=\"font-size: 15px;\" href=\"https:\/\/www.justice4all.org\/wp-content\/uploads\/2018\/11\/FY16-Audited-Financial-Statements.pdf\" target=\"_blank\" rel=\"noopener noreferrer\">LAJC FY16 Estados financieros auditados<\/a><br \/><a style=\"font-size: 15px;\" href=\"https:\/\/www.justice4all.org\/wp-content\/uploads\/2018\/11\/2015-Final-990-Signed.pdf\" target=\"_blank\" rel=\"noopener noreferrer\">LAJC 2015 990<\/a><\/p>\n<p style=\"font-size: 15px; background-color: #ffffff; font-family: proxima-nova, sans-serif;\"><a style=\"font-size: 15px;\" href=\"https:\/\/www.justice4all.org\/wp-content\/uploads\/2018\/11\/FY15-Audited-Financial-Statements.pdf\" target=\"_blank\" rel=\"noopener noreferrer\">LAJC FY15 Estados financieros auditados<\/a><br \/><a style=\"font-size: 15px;\" href=\"https:\/\/www.justice4all.org\/wp-content\/uploads\/2018\/11\/2014-Form-990-Signed.pdf\" target=\"_blank\" rel=\"noopener noreferrer\">LAJC 2014 990<\/a><\/p>\n<p style=\"font-size: 15px; background-color: #ffffff; font-family: proxima-nova, sans-serif;\"><a style=\"font-size: 15px;\" href=\"https:\/\/www.justice4all.org\/wp-content\/uploads\/2018\/11\/FY14-Audited-Financial-Statements.pdf\" target=\"_blank\" rel=\"noopener noreferrer\">LAJC FY14 Estados Financieros Auditados<\/a><br \/><a style=\"font-size: 15px;\" href=\"https:\/\/www.justice4all.org\/wp-content\/uploads\/2018\/11\/2013-Form-990-reduced-size.pdf\" target=\"_blank\" rel=\"noopener noreferrer\">LAJC 2013 990<\/a><\/p>\n<\/div>\n","protected":false},"excerpt":{"rendered":"<p>La transparencia financiera es importante para nosotros. A continuaci\u00f3n encontrar\u00e1 los estados financieros auditados y los formularios 990 del LAJC. P\u00f3ngase en contacto con nosotros si tiene alguna duda. LAJC FY22 Estados financieros auditados LAJC 2021 990 LAJC FY21 Estados financieros auditados LAJC 2020 990 LAJC FY20 Estados financieros auditados LAJC 2019 990 LAJC FY19 [&hellip;]<\/p>\n","protected":false},"author":4,"featured_media":0,"parent":0,"menu_order":0,"comment_status":"closed","ping_status":"closed","template":"","meta":{"footnotes":""},"lajc-tax-roles":[],"lajc-tax-issues":[],"lajc-tax-locations":[],"class_list":["post-13161","page","type-page","status-publish","hentry"],"acf":[],"yoast_head":"<!-- This site is optimized with the Yoast SEO plugin v27.5 - https:\/\/yoast.com\/product\/yoast-seo-wordpress\/ -->\n<title>Datos financieros - Legal Aid Justice Center<\/title>\n<meta name=\"robots\" content=\"index, follow, max-snippet:-1, max-image-preview:large, max-video-preview:-1\" \/>\n<link rel=\"canonical\" href=\"https:\/\/www.justice4all.org\/es\/datos-financieros\/\" \/>\n<meta property=\"og:locale\" content=\"es_ES\" \/>\n<meta property=\"og:type\" content=\"article\" \/>\n<meta property=\"og:title\" content=\"Datos financieros - Legal Aid Justice Center\" \/>\n<meta property=\"og:description\" content=\"La transparencia financiera es importante para nosotros. A continuaci\u00f3n encontrar\u00e1 los estados financieros auditados y los formularios 990 del LAJC. P\u00f3ngase en contacto con nosotros si tiene alguna duda. LAJC FY22 Estados financieros auditados LAJC 2021 990 LAJC FY21 Estados financieros auditados LAJC 2020 990 LAJC FY20 Estados financieros auditados LAJC 2019 990 LAJC FY19 [&hellip;]\" \/>\n<meta property=\"og:url\" content=\"https:\/\/www.justice4all.org\/es\/datos-financieros\/\" \/>\n<meta property=\"og:site_name\" content=\"Legal Aid Justice Center\" \/>\n<meta name=\"twitter:card\" content=\"summary_large_image\" \/>\n<script type=\"application\/ld+json\" class=\"yoast-schema-graph\">{\"@context\":\"https:\\\/\\\/schema.org\",\"@graph\":[{\"@type\":\"WebPage\",\"@id\":\"https:\\\/\\\/www.justice4all.org\\\/es\\\/datos-financieros\\\/\",\"url\":\"https:\\\/\\\/www.justice4all.org\\\/es\\\/datos-financieros\\\/\",\"name\":\"Datos financieros - Legal Aid Justice Center\",\"isPartOf\":{\"@id\":\"https:\\\/\\\/www.justice4all.org\\\/es\\\/#website\"},\"datePublished\":\"2021-11-03T06:46:18+00:00\",\"breadcrumb\":{\"@id\":\"https:\\\/\\\/www.justice4all.org\\\/es\\\/datos-financieros\\\/#breadcrumb\"},\"inLanguage\":\"es\",\"potentialAction\":[{\"@type\":\"ReadAction\",\"target\":[\"https:\\\/\\\/www.justice4all.org\\\/es\\\/datos-financieros\\\/\"]}]},{\"@type\":\"BreadcrumbList\",\"@id\":\"https:\\\/\\\/www.justice4all.org\\\/es\\\/datos-financieros\\\/#breadcrumb\",\"itemListElement\":[{\"@type\":\"ListItem\",\"position\":1,\"name\":\"Home\",\"item\":\"https:\\\/\\\/www.justice4all.org\\\/es\\\/\"},{\"@type\":\"ListItem\",\"position\":2,\"name\":\"Datos financieros\"}]},{\"@type\":\"WebSite\",\"@id\":\"https:\\\/\\\/www.justice4all.org\\\/es\\\/#website\",\"url\":\"https:\\\/\\\/www.justice4all.org\\\/es\\\/\",\"name\":\"Legal Aid Justice Center\",\"description\":\"\",\"potentialAction\":[{\"@type\":\"SearchAction\",\"target\":{\"@type\":\"EntryPoint\",\"urlTemplate\":\"https:\\\/\\\/www.justice4all.org\\\/es\\\/?s={search_term_string}\"},\"query-input\":{\"@type\":\"PropertyValueSpecification\",\"valueRequired\":true,\"valueName\":\"search_term_string\"}}],\"inLanguage\":\"es\"}]}<\/script>\n<!-- \/ Yoast SEO plugin. -->","yoast_head_json":{"title":"Datos financieros - Legal Aid Justice Center","robots":{"index":"index","follow":"follow","max-snippet":"max-snippet:-1","max-image-preview":"max-image-preview:large","max-video-preview":"max-video-preview:-1"},"canonical":"https:\/\/www.justice4all.org\/es\/datos-financieros\/","og_locale":"es_ES","og_type":"article","og_title":"Datos financieros - Legal Aid Justice Center","og_description":"La transparencia financiera es importante para nosotros. A continuaci\u00f3n encontrar\u00e1 los estados financieros auditados y los formularios 990 del LAJC. P\u00f3ngase en contacto con nosotros si tiene alguna duda. LAJC FY22 Estados financieros auditados LAJC 2021 990 LAJC FY21 Estados financieros auditados LAJC 2020 990 LAJC FY20 Estados financieros auditados LAJC 2019 990 LAJC FY19 [&hellip;]","og_url":"https:\/\/www.justice4all.org\/es\/datos-financieros\/","og_site_name":"Legal Aid Justice Center","twitter_card":"summary_large_image","schema":{"@context":"https:\/\/schema.org","@graph":[{"@type":"WebPage","@id":"https:\/\/www.justice4all.org\/es\/datos-financieros\/","url":"https:\/\/www.justice4all.org\/es\/datos-financieros\/","name":"Datos financieros - Legal Aid Justice Center","isPartOf":{"@id":"https:\/\/www.justice4all.org\/es\/#website"},"datePublished":"2021-11-03T06:46:18+00:00","breadcrumb":{"@id":"https:\/\/www.justice4all.org\/es\/datos-financieros\/#breadcrumb"},"inLanguage":"es","potentialAction":[{"@type":"ReadAction","target":["https:\/\/www.justice4all.org\/es\/datos-financieros\/"]}]},{"@type":"BreadcrumbList","@id":"https:\/\/www.justice4all.org\/es\/datos-financieros\/#breadcrumb","itemListElement":[{"@type":"ListItem","position":1,"name":"Home","item":"https:\/\/www.justice4all.org\/es\/"},{"@type":"ListItem","position":2,"name":"Datos financieros"}]},{"@type":"WebSite","@id":"https:\/\/www.justice4all.org\/es\/#website","url":"https:\/\/www.justice4all.org\/es\/","name":"Legal Aid Justice Center","description":"","potentialAction":[{"@type":"SearchAction","target":{"@type":"EntryPoint","urlTemplate":"https:\/\/www.justice4all.org\/es\/?s={search_term_string}"},"query-input":{"@type":"PropertyValueSpecification","valueRequired":true,"valueName":"search_term_string"}}],"inLanguage":"es"}]}},"_links":{"self":[{"href":"https:\/\/www.justice4all.org\/es\/wp-json\/wp\/v2\/pages\/13161","targetHints":{"allow":["GET"]}}],"collection":[{"href":"https:\/\/www.justice4all.org\/es\/wp-json\/wp\/v2\/pages"}],"about":[{"href":"https:\/\/www.justice4all.org\/es\/wp-json\/wp\/v2\/types\/page"}],"author":[{"embeddable":true,"href":"https:\/\/www.justice4all.org\/es\/wp-json\/wp\/v2\/users\/4"}],"replies":[{"embeddable":true,"href":"https:\/\/www.justice4all.org\/es\/wp-json\/wp\/v2\/comments?post=13161"}],"version-history":[{"count":0,"href":"https:\/\/www.justice4all.org\/es\/wp-json\/wp\/v2\/pages\/13161\/revisions"}],"wp:attachment":[{"href":"https:\/\/www.justice4all.org\/es\/wp-json\/wp\/v2\/media?parent=13161"}],"wp:term":[{"taxonomy":"lajc-tax-roles","embeddable":true,"href":"https:\/\/www.justice4all.org\/es\/wp-json\/wp\/v2\/lajc-tax-roles?post=13161"},{"taxonomy":"lajc-tax-issues","embeddable":true,"href":"https:\/\/www.justice4all.org\/es\/wp-json\/wp\/v2\/lajc-tax-issues?post=13161"},{"taxonomy":"lajc-tax-locations","embeddable":true,"href":"https:\/\/www.justice4all.org\/es\/wp-json\/wp\/v2\/lajc-tax-locations?post=13161"}],"curies":[{"name":"wp","href":"https:\/\/api.w.org\/{rel}","templated":true}]}}