{"id":13158,"date":"2022-06-29T13:23:27","date_gmt":"2022-06-29T13:23:27","guid":{"rendered":"https:\/\/lajc2023stg.wpengine.com\/presunciones-contra-la-libertad-bajo-fianza\/"},"modified":"2022-06-29T13:23:27","modified_gmt":"2022-06-29T13:23:27","slug":"presunciones-contra-la-libertad-bajo-fianza","status":"publish","type":"page","link":"https:\/\/www.justice4all.org\/es\/presunciones-contra-la-libertad-bajo-fianza\/","title":{"rendered":"Presunciones contra la libertad bajo fianza"},"content":{"rendered":"<div class=\"lajc-m-content\">\n<h2>Las presunciones contra la libertad bajo fianza fueron una traici\u00f3n a un principio central estadounidense:<\/h2>\n<h2>inocente hasta que se demuestre lo contrario<\/h2>\n<p><b>Imagine que le detienen y le llevan ante un magistrado.<\/b>&nbsp;<\/p>\n<p>Su mente se hincha de preocupaciones sobre su presunto delito, su familia y su situaci\u00f3n financiera. Mientras trabajas para reunir tus emociones y miedos, se te indica que  <b>ser\u00e1 detenido a menos que pueda demostrar por qu\u00e9 merece la libertad bajo fianza.<\/b>&nbsp;  Es probable que tengas que hacerlo por tu cuenta,  <b>sin ning\u00fan abogado que le ayude<\/b>Y a menudo el juez te informar\u00e1 de que es mejor que guardes silencio porque podr\u00eda perjudicarte en el futuro.  &nbsp;<\/p>\n<p>Esa fue la dolorosa realidad de muchas personas arrojadas al sistema jur\u00eddico penal y obligadas a desenvolverse solas en \u00e9l.  <b>En 2021, la Asamblea General de Virginia derog\u00f3 el perjudicial sistema de presumir que alguien debe ser detenido bas\u00e1ndose \u00fanicamente en la acusaci\u00f3n. En su lugar, las decisiones sobre las fianzas se devolvieron a los jueces y magistrados<\/b>  para examinar cada caso y tomar decisiones sobre la puesta en libertad, incluida la imposici\u00f3n de las condiciones necesarias para la seguridad y la comparecencia ante el tribunal.<\/p>\n<p>La legislaci\u00f3n sustituy\u00f3 el injusto sistema de presunciones por factores espec\u00edficos que debe aplicar el funcionario judicial.&nbsp;  Estos factores son una mejor manera de abordar los problemas de seguridad individualizados y de formar a los funcionarios judiciales para que eval\u00faen las situaciones directamente en lugar de utilizar los delitos como indicador.  <b>Hacer cualquier otra cosa niega a una persona su presunci\u00f3n de inocencia.<\/b><\/p>\n<p>\t\t\t<a href=\"https:\/\/www.justice4all.org\/es\/presunciones-contra-la-libertad-bajo-fianza-no-respaldadas-por-datos\/\" role=\"button\"><br \/>\n  Un nuevo informe muestra que los datos no respaldan  <br \/>Presunciones contra la fianza.  <\/p>\n<p>M\u00e1s informaci\u00f3n<br \/>\n\t\t\t\t\t<\/a><\/p>\n<h2>Volver a un sistema de presunciones contra la libertad bajo fianza<br \/>\n<\/h2>\n<h2>Perjudicar\u00eda a Virginia<\/h2>\n<p><b>Las presunciones contra la libertad bajo fianza dieron lugar a una detenci\u00f3n injusta<\/b><\/p>\n<p>Las presunciones contra la excarcelaci\u00f3n provocan desigualdades en nuestro sistema jur\u00eddico: quienes tienen recursos suelen poder superar las presunciones, mientras que las personas que no pueden permitirse un abogado permanecen detenidas mientras esperan a que se resuelva su caso. Los virginianos negros y morenos tienen m\u00e1s probabilidades de no poder contratar a su propio abogado, aunque esto afecta tambi\u00e9n a muchos virginianos blancos de clase trabajadora y pobres.<\/p>\n<p><b>Las presunciones contra la libertad bajo fianza nos hicieron menos seguros<\/b><\/p>\n<ul>\n<li>La seguridad p\u00fablica abarca mucho m\u00e1s que las cifras de detenciones. La seguridad p\u00fablica significa que los miembros de la comunidad mantienen su vivienda y su seguridad laboral, pueden estar en casa para cuidar de sus hijos y levantar y apoyar a su comunidad.\n<\/li>\n<li>La detenci\u00f3n es profundamente desestabilizadora y traumatizante y despoja a las personas de mucho m\u00e1s que su libertad individual. Numerosos estudios demuestran que tan s\u00f3lo tres d\u00edas de detenci\u00f3n pueden desarraigar completamente a una persona y provocar inestabilidad en la vivienda, p\u00e9rdida de empleo y desestabilizaci\u00f3n familiar. Esta desestabilizaci\u00f3n y trauma puede llevar a los individuos a tomar malas decisiones. Los datos confirman que el encarcelamiento de personas antes del juicio durante cualquier periodo de tiempo se asocia a una mayor probabilidad de una nueva detenci\u00f3n antes del juicio.\n<\/p>\n<\/li>\n<li>Las personas que no presentan riesgo de fuga y no suponen un peligro para el p\u00fablico o para s\u00ed mismas deber\u00edan poder defender su causa penal desde la seguridad de sus hogares y con el apoyo de sus familias, en lugar de entre rejas.<\/li>\n<\/ul>\n<p><b>Las presunciones contra la libertad bajo fianza cuestan a nuestra Comunidad  <\/b><\/p>\n<ul>\n<li>En los seis primeros meses tras la entrada en vigor de la derogaci\u00f3n de las presunciones, hubo 8.482 personas que fueron acusadas de al menos un delito que anteriormente habr\u00eda desencadenado una presunci\u00f3n contra la libertad bajo fianza.  <b>Anualmente se presum\u00eda que unos 17.000 virginianos necesitaban prisi\u00f3n preventiva bas\u00e1ndose \u00fanicamente en los cargos.<\/b>\n<\/p>\n<\/li>\n<li>Virginia calcula que cada una de esas 17.000 personas detenidas habr\u00eda permanecido retenida 47,54 d\u00edas.  <b><b>Es decir, 806.469 d\u00edas de detenci\u00f3n al a\u00f1o que no se basan en nada espec\u00edfico de su caso o de la persona acusada.<\/b><\/b>\n<\/p>\n<\/li>\n<li>En 2020, la ayuda estatal total estimada para las c\u00e1rceles locales fue de 37,58 d\u00f3lares de media por persona detenida y d\u00eda.\n<\/p>\n<\/li>\n<\/ul>\n<p><b>Al eliminar las presunciones contra la libertad bajo fianza, Virginia ha ahorrado probablemente hasta 30,3 millones de d\u00f3lares al a\u00f1o.  <\/b> <\/p>\n<\/p>\n<p>Para comparar, eso es lo que cuesta educar a 5.400 alumnos durante un a\u00f1o completo en nuestras escuelas p\u00fablicas.<\/p>\n<p><b>Los funcionarios judiciales ya disponen de todas las herramientas necesarias para evaluar si una persona acusada de un delito supone un riesgo demasiado grande para ser puesta en libertad.&nbsp;<\/b><\/p>\n<p><b>Virginia no necesita presunciones.&nbsp;<\/b><\/p>\n<p><b>Preservemos el enfoque de sentido com\u00fan que ahorra dinero a los contribuyentes y mantiene a salvo a los virginianos.&nbsp;<\/b><\/p>\n<p>\t\t\t<a href=\"http:\/\/www.justice4all.org\/wp-content\/uploads\/2022\/07\/Presumptions-7-5-2022.pdf\" role=\"button\"><br \/>\n  DESCARGAR VERSI\u00d3N PDF<br \/>\n\t\t\t\t\t<\/a><\/div>\n","protected":false},"excerpt":{"rendered":"<p>Las presunciones contra la libertad bajo fianza fueron una traici\u00f3n a un principio central estadounidense: inocente hasta que se demuestre lo contrario Imagine que le detienen y le llevan ante un magistrado.&nbsp; Su mente se hincha de preocupaciones sobre su presunto delito, su familia y su situaci\u00f3n financiera. Mientras trabajas para reunir tus emociones y [&hellip;]<\/p>\n","protected":false},"author":4,"featured_media":0,"parent":0,"menu_order":0,"comment_status":"closed","ping_status":"closed","template":"","meta":{"footnotes":""},"lajc-tax-roles":[],"lajc-tax-issues":[],"lajc-tax-locations":[],"class_list":["post-13158","page","type-page","status-publish","hentry"],"acf":[],"yoast_head":"<!-- This site is optimized with the Yoast SEO plugin v27.5 - https:\/\/yoast.com\/product\/yoast-seo-wordpress\/ -->\n<title>Presunciones contra la libertad bajo fianza - Legal Aid Justice Center<\/title>\n<meta name=\"robots\" content=\"index, follow, max-snippet:-1, max-image-preview:large, max-video-preview:-1\" \/>\n<link rel=\"canonical\" href=\"https:\/\/www.justice4all.org\/es\/presunciones-contra-la-libertad-bajo-fianza\/\" \/>\n<meta property=\"og:locale\" content=\"es_ES\" \/>\n<meta property=\"og:type\" content=\"article\" \/>\n<meta property=\"og:title\" content=\"Presunciones contra la libertad bajo fianza - Legal Aid Justice Center\" \/>\n<meta property=\"og:description\" content=\"Las presunciones contra la libertad bajo fianza fueron una traici\u00f3n a un principio central estadounidense: inocente hasta que se demuestre lo contrario Imagine que le detienen y le llevan ante un magistrado.&nbsp; Su mente se hincha de preocupaciones sobre su presunto delito, su familia y su situaci\u00f3n financiera. Mientras trabajas para reunir tus emociones y [&hellip;]\" \/>\n<meta property=\"og:url\" content=\"https:\/\/www.justice4all.org\/es\/presunciones-contra-la-libertad-bajo-fianza\/\" \/>\n<meta property=\"og:site_name\" content=\"Legal Aid Justice Center\" \/>\n<meta name=\"twitter:card\" content=\"summary_large_image\" \/>\n<meta name=\"twitter:label1\" content=\"Tiempo de lectura\" \/>\n\t<meta name=\"twitter:data1\" content=\"4 minuto\" \/>\n<script type=\"application\/ld+json\" class=\"yoast-schema-graph\">{\"@context\":\"https:\\\/\\\/schema.org\",\"@graph\":[{\"@type\":\"WebPage\",\"@id\":\"https:\\\/\\\/www.justice4all.org\\\/es\\\/presunciones-contra-la-libertad-bajo-fianza\\\/\",\"url\":\"https:\\\/\\\/www.justice4all.org\\\/es\\\/presunciones-contra-la-libertad-bajo-fianza\\\/\",\"name\":\"Presunciones contra la libertad bajo fianza - Legal Aid Justice Center\",\"isPartOf\":{\"@id\":\"https:\\\/\\\/www.justice4all.org\\\/es\\\/#website\"},\"datePublished\":\"2022-06-29T13:23:27+00:00\",\"breadcrumb\":{\"@id\":\"https:\\\/\\\/www.justice4all.org\\\/es\\\/presunciones-contra-la-libertad-bajo-fianza\\\/#breadcrumb\"},\"inLanguage\":\"es\",\"potentialAction\":[{\"@type\":\"ReadAction\",\"target\":[\"https:\\\/\\\/www.justice4all.org\\\/es\\\/presunciones-contra-la-libertad-bajo-fianza\\\/\"]}]},{\"@type\":\"BreadcrumbList\",\"@id\":\"https:\\\/\\\/www.justice4all.org\\\/es\\\/presunciones-contra-la-libertad-bajo-fianza\\\/#breadcrumb\",\"itemListElement\":[{\"@type\":\"ListItem\",\"position\":1,\"name\":\"Home\",\"item\":\"https:\\\/\\\/www.justice4all.org\\\/es\\\/\"},{\"@type\":\"ListItem\",\"position\":2,\"name\":\"Presunciones contra la libertad bajo fianza\"}]},{\"@type\":\"WebSite\",\"@id\":\"https:\\\/\\\/www.justice4all.org\\\/es\\\/#website\",\"url\":\"https:\\\/\\\/www.justice4all.org\\\/es\\\/\",\"name\":\"Legal Aid Justice Center\",\"description\":\"\",\"potentialAction\":[{\"@type\":\"SearchAction\",\"target\":{\"@type\":\"EntryPoint\",\"urlTemplate\":\"https:\\\/\\\/www.justice4all.org\\\/es\\\/?s={search_term_string}\"},\"query-input\":{\"@type\":\"PropertyValueSpecification\",\"valueRequired\":true,\"valueName\":\"search_term_string\"}}],\"inLanguage\":\"es\"}]}<\/script>\n<!-- \/ Yoast SEO plugin. -->","yoast_head_json":{"title":"Presunciones contra la libertad bajo fianza - Legal Aid Justice Center","robots":{"index":"index","follow":"follow","max-snippet":"max-snippet:-1","max-image-preview":"max-image-preview:large","max-video-preview":"max-video-preview:-1"},"canonical":"https:\/\/www.justice4all.org\/es\/presunciones-contra-la-libertad-bajo-fianza\/","og_locale":"es_ES","og_type":"article","og_title":"Presunciones contra la libertad bajo fianza - Legal Aid Justice Center","og_description":"Las presunciones contra la libertad bajo fianza fueron una traici\u00f3n a un principio central estadounidense: inocente hasta que se demuestre lo contrario Imagine que le detienen y le llevan ante un magistrado.&nbsp; Su mente se hincha de preocupaciones sobre su presunto delito, su familia y su situaci\u00f3n financiera. Mientras trabajas para reunir tus emociones y [&hellip;]","og_url":"https:\/\/www.justice4all.org\/es\/presunciones-contra-la-libertad-bajo-fianza\/","og_site_name":"Legal Aid Justice Center","twitter_card":"summary_large_image","twitter_misc":{"Tiempo de lectura":"4 minuto"},"schema":{"@context":"https:\/\/schema.org","@graph":[{"@type":"WebPage","@id":"https:\/\/www.justice4all.org\/es\/presunciones-contra-la-libertad-bajo-fianza\/","url":"https:\/\/www.justice4all.org\/es\/presunciones-contra-la-libertad-bajo-fianza\/","name":"Presunciones contra la libertad bajo fianza - Legal Aid Justice Center","isPartOf":{"@id":"https:\/\/www.justice4all.org\/es\/#website"},"datePublished":"2022-06-29T13:23:27+00:00","breadcrumb":{"@id":"https:\/\/www.justice4all.org\/es\/presunciones-contra-la-libertad-bajo-fianza\/#breadcrumb"},"inLanguage":"es","potentialAction":[{"@type":"ReadAction","target":["https:\/\/www.justice4all.org\/es\/presunciones-contra-la-libertad-bajo-fianza\/"]}]},{"@type":"BreadcrumbList","@id":"https:\/\/www.justice4all.org\/es\/presunciones-contra-la-libertad-bajo-fianza\/#breadcrumb","itemListElement":[{"@type":"ListItem","position":1,"name":"Home","item":"https:\/\/www.justice4all.org\/es\/"},{"@type":"ListItem","position":2,"name":"Presunciones contra la libertad bajo fianza"}]},{"@type":"WebSite","@id":"https:\/\/www.justice4all.org\/es\/#website","url":"https:\/\/www.justice4all.org\/es\/","name":"Legal Aid Justice Center","description":"","potentialAction":[{"@type":"SearchAction","target":{"@type":"EntryPoint","urlTemplate":"https:\/\/www.justice4all.org\/es\/?s={search_term_string}"},"query-input":{"@type":"PropertyValueSpecification","valueRequired":true,"valueName":"search_term_string"}}],"inLanguage":"es"}]}},"_links":{"self":[{"href":"https:\/\/www.justice4all.org\/es\/wp-json\/wp\/v2\/pages\/13158","targetHints":{"allow":["GET"]}}],"collection":[{"href":"https:\/\/www.justice4all.org\/es\/wp-json\/wp\/v2\/pages"}],"about":[{"href":"https:\/\/www.justice4all.org\/es\/wp-json\/wp\/v2\/types\/page"}],"author":[{"embeddable":true,"href":"https:\/\/www.justice4all.org\/es\/wp-json\/wp\/v2\/users\/4"}],"replies":[{"embeddable":true,"href":"https:\/\/www.justice4all.org\/es\/wp-json\/wp\/v2\/comments?post=13158"}],"version-history":[{"count":0,"href":"https:\/\/www.justice4all.org\/es\/wp-json\/wp\/v2\/pages\/13158\/revisions"}],"wp:attachment":[{"href":"https:\/\/www.justice4all.org\/es\/wp-json\/wp\/v2\/media?parent=13158"}],"wp:term":[{"taxonomy":"lajc-tax-roles","embeddable":true,"href":"https:\/\/www.justice4all.org\/es\/wp-json\/wp\/v2\/lajc-tax-roles?post=13158"},{"taxonomy":"lajc-tax-issues","embeddable":true,"href":"https:\/\/www.justice4all.org\/es\/wp-json\/wp\/v2\/lajc-tax-issues?post=13158"},{"taxonomy":"lajc-tax-locations","embeddable":true,"href":"https:\/\/www.justice4all.org\/es\/wp-json\/wp\/v2\/lajc-tax-locations?post=13158"}],"curies":[{"name":"wp","href":"https:\/\/api.w.org\/{rel}","templated":true}]}}