{"id":13145,"date":"2022-10-06T08:55:44","date_gmt":"2022-10-06T08:55:44","guid":{"rendered":"https:\/\/lajc2023stg.wpengine.com\/informe-de-impacto-del-lajc-2020-2021\/"},"modified":"2023-07-25T21:51:06","modified_gmt":"2023-07-25T21:51:06","slug":"informe-de-impacto-del-lajc-2020-2021","status":"publish","type":"page","link":"https:\/\/www.justice4all.org\/es\/informe-de-impacto-del-lajc-2020-2021\/","title":{"rendered":"Informe de impacto del LAJC 2020 - 2021"},"content":{"rendered":"\n\n\n  <style type=\"text\/css\">\n    #block_891a918fbe78d9239f17280787bf4dbc {\n                                        margin-left: calc(6 * 16px);\n                          margin-right: calc(6 * 16px);\n              \n                                        padding-left: calc(6 * 16px);\n                          padding-right: calc(6 * 16px);\n                  }\n\n    @media screen and (min-width: 768px) and (max-width: 991px) {\n      #block_891a918fbe78d9239f17280787bf4dbc {\n                                                  margin-left: calc(6 * 12px);  \n                                margin-right: calc(6 * 12px);  \n                    \n                                                  padding-left: calc(6 * 12px);\n                                padding-right: calc(6 * 12px);\n                        }\n    }\n\n    @media screen and (min-width: 480px) and (max-width: 767px) {\n      #block_891a918fbe78d9239f17280787bf4dbc {\n                                                  margin-left: calc(6 * 8px);  \n                                margin-right: calc(6 * 8px);  \n                    \n                                                  padding-left: calc(6 * 8px);\n                                padding-right: calc(6 * 8px);\n                        }\n    }\n\n    @media screen and (max-width: 479px) {\n      #block_891a918fbe78d9239f17280787bf4dbc {\n                                                  margin-left: calc(6 * 4px);  \n                                margin-right: calc(6 * 4px);  \n                    \n                                                  padding-left: calc(6 * 4px);\n                                padding-right: calc(6 * 4px);\n                        }\n    }\n\n  <\/style>\n\n\n<div id=\"block_891a918fbe78d9239f17280787bf4dbc\" class=\"content-wrapper-block  style-normal bg-width-full \">\n\t<div class=\"container-fluid\">\n\t\t<div class=\"row justify-content-center\">\n\t\t\t<div class=\"col-lg-12\">\n\t\t\t\t\t\t\t\t\t<div class=\"row row-content justify-content-center\">\n\t\t\t\t\t\t\n\n\n\n\n<style type=\"text\/css\">\n\t.edit-post-visual-editor [data-block=\"81fc6adabb176ce2c33b4c22f987598a\"] {\n\t\twidth: calc((12 \/ 12) * 100%)!important;\n\t\tmin-width: calc((12 \/ 12) * 100%)!important;\n\t}\n<\/style>\n\n<div id=\"block_81fc6adabb176ce2c33b4c22f987598a\" class=\"col-lg-12 custom-column-block\">\n\t<div class=\"custom-column-wrapper  \">\n\t\t\n\n<figure class=\"wp-block-image size-large is-resized\"><img loading=\"lazy\" decoding=\"async\" src=\"https:\/\/www.justice4all.org\/wp-content\/uploads\/2023\/06\/DESIGN_Impact-Report-Header-2-1024x271.jpg\" alt=\"\" class=\"wp-image-10124\" width=\"1212\" height=\"321\" srcset=\"https:\/\/www.justice4all.org\/wp-content\/uploads\/2023\/06\/DESIGN_Impact-Report-Header-2-1024x271.jpg 1024w, https:\/\/www.justice4all.org\/wp-content\/uploads\/2023\/06\/DESIGN_Impact-Report-Header-2-300x79.jpg 300w, https:\/\/www.justice4all.org\/wp-content\/uploads\/2023\/06\/DESIGN_Impact-Report-Header-2-768x204.jpg 768w, https:\/\/www.justice4all.org\/wp-content\/uploads\/2023\/06\/DESIGN_Impact-Report-Header-2-1536x407.jpg 1536w, https:\/\/www.justice4all.org\/wp-content\/uploads\/2023\/06\/DESIGN_Impact-Report-Header-2-2048x543.jpg 2048w\" sizes=\"auto, (max-width: 1212px) 100vw, 1212px\" \/><\/figure>\n\n\n\t<\/div>\n<\/div>\n\n\n\n\n\n<style type=\"text\/css\">\n\t.edit-post-visual-editor [data-block=\"81fc6adabb176ce2c33b4c22f987598a\"] {\n\t\twidth: calc((12 \/ 12) * 100%)!important;\n\t\tmin-width: calc((12 \/ 12) * 100%)!important;\n\t}\n<\/style>\n\n<div id=\"block_81fc6adabb176ce2c33b4c22f987598a\" class=\"col-lg-12 custom-column-block\">\n\t<div class=\"custom-column-wrapper  \">\n\t\t\n\n<p class=\"has-text-align-center has-gunpowder-color has-text-color\"><em><strong>El Centro de Justicia de Asistencia Jur\u00eddica colabora con comunidades y clientes para lograr la justicia racial, social y econ\u00f3mica desmantelando los sistemas que crean y perpet\u00faan la pobreza.<\/strong><\/em><\/p>\n\n\n\n<p class=\"has-text-align-center has-gunpowder-color has-text-color\"><em><br\/>Este informe describe nuestro impacto colectivo en 2020 y 2021.<\/em><\/p>\n\n\n\t<\/div>\n<\/div>\n\n\n\n\n\n<style type=\"text\/css\">\n\t.edit-post-visual-editor [data-block=\"81fc6adabb176ce2c33b4c22f987598a\"] {\n\t\twidth: calc((12 \/ 12) * 100%)!important;\n\t\tmin-width: calc((12 \/ 12) * 100%)!important;\n\t}\n<\/style>\n\n<div id=\"block_81fc6adabb176ce2c33b4c22f987598a\" class=\"col-lg-12 custom-column-block\">\n\t<div class=\"custom-column-wrapper  \">\n\t\t\n\n<div data-wp-interactive=\"core\/file\" class=\"wp-block-file\"><object data-wp-bind--hidden=\"!state.hasPdfPreview\" hidden class=\"wp-block-file__embed\" data=\"https:\/\/www.justice4all.org\/wp-content\/uploads\/2023\/06\/LAJC-Impact-Report-2020-2021.pdf\" type=\"application\/pdf\" style=\"width:100%;height:600px\" aria-label=\"Incrustado de LAJC Impact Report 2020 - 2021.\"><\/object><a id=\"wp-block-file--media-70d788b1-87fa-48bd-a067-c22fa8316c76\" href=\"https:\/\/www.justice4all.org\/wp-content\/uploads\/2023\/06\/LAJC-Impact-Report-2020-2021.pdf\">Informe de impacto del LAJC 2020 - 2021<\/a><\/div>\n\n\n\t<\/div>\n<\/div>\n\n\t\t\t\t\t<\/div>\n\t\t\t\t\t\t\t\n\t\t\t<\/div>\n\t\t<\/div>\n\t<\/div>\n\n\t<style type=\"text\/css\">\n\t\t.edit-post-visual-editor [data-block=\"891a918fbe78d9239f17280787bf4dbc\"] .block-editor-block-list__layout {\n\t\t\tjustify-content: center;\n\t\t}\n\n\t\t\t<\/style>\n<\/div>\n","protected":false},"excerpt":{"rendered":"","protected":false},"author":4,"featured_media":0,"parent":0,"menu_order":0,"comment_status":"closed","ping_status":"closed","template":"","meta":{"footnotes":""},"lajc-tax-roles":[],"lajc-tax-issues":[],"lajc-tax-locations":[],"class_list":["post-13145","page","type-page","status-publish","hentry"],"acf":[],"yoast_head":"<!-- This site is optimized with the Yoast SEO plugin v27.4 - https:\/\/yoast.com\/product\/yoast-seo-wordpress\/ -->\n<title>Informe de impacto del LAJC 2020 - 2021 - Legal Aid Justice Center<\/title>\n<meta name=\"robots\" content=\"index, follow, max-snippet:-1, max-image-preview:large, max-video-preview:-1\" \/>\n<link rel=\"canonical\" href=\"https:\/\/www.justice4all.org\/es\/informe-de-impacto-del-lajc-2020-2021\/\" \/>\n<meta property=\"og:locale\" content=\"es_ES\" \/>\n<meta property=\"og:type\" content=\"article\" \/>\n<meta property=\"og:title\" content=\"Informe de impacto del LAJC 2020 - 2021 - Legal Aid Justice Center\" \/>\n<meta property=\"og:url\" content=\"https:\/\/www.justice4all.org\/es\/informe-de-impacto-del-lajc-2020-2021\/\" \/>\n<meta property=\"og:site_name\" content=\"Legal Aid Justice Center\" \/>\n<meta property=\"article:modified_time\" content=\"2023-07-25T21:51:06+00:00\" \/>\n<meta property=\"og:image\" content=\"https:\/\/www.justice4all.org\/wp-content\/uploads\/2023\/06\/DESIGN_Impact-Report-Header-2-1024x271.jpg\" \/>\n<meta name=\"twitter:card\" content=\"summary_large_image\" \/>\n<script type=\"application\/ld+json\" class=\"yoast-schema-graph\">{\"@context\":\"https:\\\/\\\/schema.org\",\"@graph\":[{\"@type\":\"WebPage\",\"@id\":\"https:\\\/\\\/www.justice4all.org\\\/es\\\/informe-de-impacto-del-lajc-2020-2021\\\/\",\"url\":\"https:\\\/\\\/www.justice4all.org\\\/es\\\/informe-de-impacto-del-lajc-2020-2021\\\/\",\"name\":\"Informe de impacto del LAJC 2020 - 2021 - Legal Aid Justice Center\",\"isPartOf\":{\"@id\":\"https:\\\/\\\/www.justice4all.org\\\/es\\\/#website\"},\"primaryImageOfPage\":{\"@id\":\"https:\\\/\\\/www.justice4all.org\\\/es\\\/informe-de-impacto-del-lajc-2020-2021\\\/#primaryimage\"},\"image\":{\"@id\":\"https:\\\/\\\/www.justice4all.org\\\/es\\\/informe-de-impacto-del-lajc-2020-2021\\\/#primaryimage\"},\"thumbnailUrl\":\"https:\\\/\\\/www.justice4all.org\\\/wp-content\\\/uploads\\\/2023\\\/06\\\/DESIGN_Impact-Report-Header-2-1024x271.jpg\",\"datePublished\":\"2022-10-06T08:55:44+00:00\",\"dateModified\":\"2023-07-25T21:51:06+00:00\",\"breadcrumb\":{\"@id\":\"https:\\\/\\\/www.justice4all.org\\\/es\\\/informe-de-impacto-del-lajc-2020-2021\\\/#breadcrumb\"},\"inLanguage\":\"es\",\"potentialAction\":[{\"@type\":\"ReadAction\",\"target\":[\"https:\\\/\\\/www.justice4all.org\\\/es\\\/informe-de-impacto-del-lajc-2020-2021\\\/\"]}]},{\"@type\":\"ImageObject\",\"inLanguage\":\"es\",\"@id\":\"https:\\\/\\\/www.justice4all.org\\\/es\\\/informe-de-impacto-del-lajc-2020-2021\\\/#primaryimage\",\"url\":\"https:\\\/\\\/www.justice4all.org\\\/wp-content\\\/uploads\\\/2023\\\/06\\\/DESIGN_Impact-Report-Header-2-1024x271.jpg\",\"contentUrl\":\"https:\\\/\\\/www.justice4all.org\\\/wp-content\\\/uploads\\\/2023\\\/06\\\/DESIGN_Impact-Report-Header-2-1024x271.jpg\"},{\"@type\":\"BreadcrumbList\",\"@id\":\"https:\\\/\\\/www.justice4all.org\\\/es\\\/informe-de-impacto-del-lajc-2020-2021\\\/#breadcrumb\",\"itemListElement\":[{\"@type\":\"ListItem\",\"position\":1,\"name\":\"Home\",\"item\":\"https:\\\/\\\/www.justice4all.org\\\/es\\\/\"},{\"@type\":\"ListItem\",\"position\":2,\"name\":\"Informe de impacto del LAJC 2020 &#8211; 2021\"}]},{\"@type\":\"WebSite\",\"@id\":\"https:\\\/\\\/www.justice4all.org\\\/es\\\/#website\",\"url\":\"https:\\\/\\\/www.justice4all.org\\\/es\\\/\",\"name\":\"Legal Aid Justice Center\",\"description\":\"\",\"potentialAction\":[{\"@type\":\"SearchAction\",\"target\":{\"@type\":\"EntryPoint\",\"urlTemplate\":\"https:\\\/\\\/www.justice4all.org\\\/es\\\/?s={search_term_string}\"},\"query-input\":{\"@type\":\"PropertyValueSpecification\",\"valueRequired\":true,\"valueName\":\"search_term_string\"}}],\"inLanguage\":\"es\"}]}<\/script>\n<!-- \/ Yoast SEO plugin. -->","yoast_head_json":{"title":"Informe de impacto del LAJC 2020 - 2021 - Legal Aid Justice Center","robots":{"index":"index","follow":"follow","max-snippet":"max-snippet:-1","max-image-preview":"max-image-preview:large","max-video-preview":"max-video-preview:-1"},"canonical":"https:\/\/www.justice4all.org\/es\/informe-de-impacto-del-lajc-2020-2021\/","og_locale":"es_ES","og_type":"article","og_title":"Informe de impacto del LAJC 2020 - 2021 - Legal Aid Justice Center","og_url":"https:\/\/www.justice4all.org\/es\/informe-de-impacto-del-lajc-2020-2021\/","og_site_name":"Legal Aid Justice Center","article_modified_time":"2023-07-25T21:51:06+00:00","og_image":[{"url":"https:\/\/www.justice4all.org\/wp-content\/uploads\/2023\/06\/DESIGN_Impact-Report-Header-2-1024x271.jpg","type":"","width":"","height":""}],"twitter_card":"summary_large_image","schema":{"@context":"https:\/\/schema.org","@graph":[{"@type":"WebPage","@id":"https:\/\/www.justice4all.org\/es\/informe-de-impacto-del-lajc-2020-2021\/","url":"https:\/\/www.justice4all.org\/es\/informe-de-impacto-del-lajc-2020-2021\/","name":"Informe de impacto del LAJC 2020 - 2021 - Legal Aid Justice Center","isPartOf":{"@id":"https:\/\/www.justice4all.org\/es\/#website"},"primaryImageOfPage":{"@id":"https:\/\/www.justice4all.org\/es\/informe-de-impacto-del-lajc-2020-2021\/#primaryimage"},"image":{"@id":"https:\/\/www.justice4all.org\/es\/informe-de-impacto-del-lajc-2020-2021\/#primaryimage"},"thumbnailUrl":"https:\/\/www.justice4all.org\/wp-content\/uploads\/2023\/06\/DESIGN_Impact-Report-Header-2-1024x271.jpg","datePublished":"2022-10-06T08:55:44+00:00","dateModified":"2023-07-25T21:51:06+00:00","breadcrumb":{"@id":"https:\/\/www.justice4all.org\/es\/informe-de-impacto-del-lajc-2020-2021\/#breadcrumb"},"inLanguage":"es","potentialAction":[{"@type":"ReadAction","target":["https:\/\/www.justice4all.org\/es\/informe-de-impacto-del-lajc-2020-2021\/"]}]},{"@type":"ImageObject","inLanguage":"es","@id":"https:\/\/www.justice4all.org\/es\/informe-de-impacto-del-lajc-2020-2021\/#primaryimage","url":"https:\/\/www.justice4all.org\/wp-content\/uploads\/2023\/06\/DESIGN_Impact-Report-Header-2-1024x271.jpg","contentUrl":"https:\/\/www.justice4all.org\/wp-content\/uploads\/2023\/06\/DESIGN_Impact-Report-Header-2-1024x271.jpg"},{"@type":"BreadcrumbList","@id":"https:\/\/www.justice4all.org\/es\/informe-de-impacto-del-lajc-2020-2021\/#breadcrumb","itemListElement":[{"@type":"ListItem","position":1,"name":"Home","item":"https:\/\/www.justice4all.org\/es\/"},{"@type":"ListItem","position":2,"name":"Informe de impacto del LAJC 2020 &#8211; 2021"}]},{"@type":"WebSite","@id":"https:\/\/www.justice4all.org\/es\/#website","url":"https:\/\/www.justice4all.org\/es\/","name":"Legal Aid Justice Center","description":"","potentialAction":[{"@type":"SearchAction","target":{"@type":"EntryPoint","urlTemplate":"https:\/\/www.justice4all.org\/es\/?s={search_term_string}"},"query-input":{"@type":"PropertyValueSpecification","valueRequired":true,"valueName":"search_term_string"}}],"inLanguage":"es"}]}},"_links":{"self":[{"href":"https:\/\/www.justice4all.org\/es\/wp-json\/wp\/v2\/pages\/13145","targetHints":{"allow":["GET"]}}],"collection":[{"href":"https:\/\/www.justice4all.org\/es\/wp-json\/wp\/v2\/pages"}],"about":[{"href":"https:\/\/www.justice4all.org\/es\/wp-json\/wp\/v2\/types\/page"}],"author":[{"embeddable":true,"href":"https:\/\/www.justice4all.org\/es\/wp-json\/wp\/v2\/users\/4"}],"replies":[{"embeddable":true,"href":"https:\/\/www.justice4all.org\/es\/wp-json\/wp\/v2\/comments?post=13145"}],"version-history":[{"count":0,"href":"https:\/\/www.justice4all.org\/es\/wp-json\/wp\/v2\/pages\/13145\/revisions"}],"wp:attachment":[{"href":"https:\/\/www.justice4all.org\/es\/wp-json\/wp\/v2\/media?parent=13145"}],"wp:term":[{"taxonomy":"lajc-tax-roles","embeddable":true,"href":"https:\/\/www.justice4all.org\/es\/wp-json\/wp\/v2\/lajc-tax-roles?post=13145"},{"taxonomy":"lajc-tax-issues","embeddable":true,"href":"https:\/\/www.justice4all.org\/es\/wp-json\/wp\/v2\/lajc-tax-issues?post=13145"},{"taxonomy":"lajc-tax-locations","embeddable":true,"href":"https:\/\/www.justice4all.org\/es\/wp-json\/wp\/v2\/lajc-tax-locations?post=13145"}],"curies":[{"name":"wp","href":"https:\/\/api.w.org\/{rel}","templated":true}]}}