{"id":13144,"date":"2022-12-13T13:03:50","date_gmt":"2022-12-13T13:03:50","guid":{"rendered":"https:\/\/lajc2023stg.wpengine.com\/conozca-sus-derechos-expulsiones\/"},"modified":"2022-12-13T13:03:50","modified_gmt":"2022-12-13T13:03:50","slug":"conozca-sus-derechos-expulsiones","status":"publish","type":"page","link":"https:\/\/www.justice4all.org\/es\/conozca-sus-derechos-expulsiones\/","title":{"rendered":"Conozca sus derechos: Expulsiones"},"content":{"rendered":"<div class=\"lajc-m-content\">\n<p><strong>Definiciones importantes<sup>:1<\/sup><\/strong><\/p>\n<p><b>Una expulsi\u00f3n <\/b><b>\u00ab<\/b>significa cualquier acci\u00f3n disciplinaria impuesta por un consejo escolar o un comit\u00e9 del mismo, seg\u00fan lo dispuesto en la pol\u00edtica del consejo escolar, por la que no se permite a un alumno asistir a la escuela dentro de la divisi\u00f3n escolar y no es elegible para la readmisi\u00f3n durante 365 d\u00edas naturales despu\u00e9s de la fecha de la expulsi\u00f3n\u00bb. O, en otras palabras, cuando se expulsa a un alumno de una escuela y no se le permite volver durante un a\u00f1o.  <\/p>\n<p><b>Un ex<\/b><b>cl<\/b><b>usi\u00f3n<\/b>  i \u00absignifica la denegaci\u00f3n de admisi\u00f3n escolar a un alumno que ha sido expulsado o ha sido objeto de una suspensi\u00f3n de larga duraci\u00f3n de m\u00e1s de 30 d\u00edas naturales por otro consejo escolar o un centro privado, ya sea en Virginia o en otro estado, o a quien un centro privado de Virginia o de otro estado ha retirado la admisi\u00f3n\u00bb. O, en otras palabras, cuando a un alumno no se le permite entrar en una escuela debido a un problema en otra escuela.<\/p>\n<p>\t\t\t\t\t\t\t\t\t\t\t\t<a href=\"\">Protecci\u00f3n de los j\u00f3venes frente a la disciplina excluyente<\/a><\/p>\n<ul>\n<li data-leveltext=\"\uf0b7\" data-font=\"Symbol\" data-listid=\"5\" data-list-defn-props=\"{\" aria-setsize=\"-1\" data-aria-posinset=\"1\" data-aria-level=\"1\">Ning\u00fan estudiante de preescolar a 3er grado puede ser expulsado por m\u00e1s de tres (3) d\u00edas escolares a menos que<sup>:2<\/sup>\n<ul>\n<li data-leveltext=\"\uf0b7\" data-font=\"Symbol\" data-listid=\"5\" data-list-defn-props=\"{\" aria-setsize=\"-1\" data-aria-posinset=\"1\" data-aria-level=\"1\">La conducta implica da\u00f1o f\u00edsico o amenaza cre\u00edble de da\u00f1o f\u00edsico a otros o<\/li>\n<li>El consejo escolar local o el superintendente considera que existen circunstancias agravantes  <\/li>\n<\/ul>\n<\/li>\n<\/ul>\n<p>\t\t\t\t\t\t\t\t\t\t\t\t<a href=\"\">\u00bfQu\u00e9 ocurre cuando se expulsa a un alumno?<\/a><\/p>\n<ul style=\"font-weight: 400;\">\n<li data-leveltext=\"\uf0b7\" data-font=\"Symbol\" data-listid=\"5\" data-list-defn-props=\"{\"335552541\":1,\"335559684\":-2,\"335559685\":720,\"335559991\":360,\"469769226\":\"Symbol\",\"469769242\":[8226],\"469777803\":\"left\",\"469777804\":\"\uf0b7\",\"469777815\":\"hybridMultilevel\"}\" aria-setsize=\"-1\" data-aria-posinset=\"1\" data-aria-level=\"1\">La escuela no puede expulsar a un alumno sin la aprobaci\u00f3n del consejo escolar de la divisi\u00f3n, aunque los padres no recurran la expulsi\u00f3n. El alumno, los padres o el cuidador recibir\u00e1n una notificaci\u00f3n por escrito de la escuela con una recomendaci\u00f3n de expulsi\u00f3n que el consejo escolar revisar\u00e1.  <\/li>\n<li data-leveltext=\"\uf0b7\" data-font=\"Symbol\" data-listid=\"5\" data-list-defn-props=\"{\"335552541\":1,\"335559684\":-2,\"335559685\":720,\"335559991\":360,\"469769226\":\"Symbol\",\"469769242\":[8226],\"469777803\":\"left\",\"469777804\":\"\uf0b7\",\"469777815\":\"hybridMultilevel\"}\" aria-setsize=\"-1\" data-aria-posinset=\"2\" data-aria-level=\"1\">El alumno, sus padres o cuidadores deben recibir una notificaci\u00f3n por escrito sobre la expulsi\u00f3n. El aviso de expulsi\u00f3n debe contener informaci\u00f3n sobre la duraci\u00f3n de la expulsi\u00f3n e informaci\u00f3n sobre los programas educativos comunitarios que pueden estar disponibles para el alumno. Tambi\u00e9n debe contener informaci\u00f3n sobre si el alumno tiene o no acceso al programa de educaci\u00f3n alternativa de la divisi\u00f3n durante el periodo de expulsi\u00f3n.  <\/li>\n<li data-leveltext=\"\uf0b7\" data-font=\"Symbol\" data-listid=\"5\" data-list-defn-props=\"{\"335552541\":1,\"335559684\":-2,\"335559685\":720,\"335559991\":360,\"469769226\":\"Symbol\",\"469769242\":[8226],\"469777803\":\"left\",\"469777804\":\"\uf0b7\",\"469777815\":\"hybridMultilevel\"}\" aria-setsize=\"-1\" data-aria-posinset=\"3\" data-aria-level=\"1\">Los alumnos con un programa educativo individual (IEP) deben recibir una educaci\u00f3n p\u00fablica gratuita y apropiada (FAPE) aunque est\u00e9n suspendidos o expulsados. A menudo las escuelas afirman que est\u00e1n proporcionando FAPE con base en el hogar o los programas de educaci\u00f3n alternativa, pero esos programas no siempre son adecuados. Los padres pueden oponerse a esto si su hijo tiene un IEP y no est\u00e1 recibiendo una educaci\u00f3n gratuita y adecuada.  <\/li>\n<\/ul>\n<p>\t\t\t\t\t\t\t\t\t\t\t\t<a href=\"\">\u00bfCu\u00e1les son los derechos de un alumno, padre o tutor en caso de expulsi\u00f3n?<\/a><\/p>\n<ul>\n<li data-leveltext=\"\uf0b7\" data-font=\"Symbol\" data-listid=\"5\" data-list-defn-props=\"{\"335552541\":1,\"335559684\":-2,\"335559685\":720,\"335559991\":360,\"469769226\":\"Symbol\",\"469769242\":[8226],\"469777803\":\"left\",\"469777804\":\"\uf0b7\",\"469777815\":\"hybridMultilevel\"}\" aria-setsize=\"-1\" data-aria-posinset=\"1\" data-aria-level=\"1\">Si un alumno es expulsado de la escuela, el alumno, los padres o el cuidador deben recibir una notificaci\u00f3n por escrito de su derecho a una audiencia para que se anule la expulsi\u00f3n. Revise el aviso y las pol\u00edticas del Consejo de su divisi\u00f3n escolar para saber m\u00e1s sobre si la audiencia es con todo el Consejo Escolar o con un comit\u00e9 del Consejo de al menos tres (3) miembros del Consejo.  <\/li>\n<\/ul>\n<ul>\n<li style=\"list-style-type: none;\">\n<ul>\n<li data-leveltext=\"o\" data-font=\"Courier New\" data-listid=\"5\" data-list-defn-props=\"{\"335552541\":1,\"335559684\":-2,\"335559685\":1440,\"335559991\":360,\"469769226\":\"Courier New\",\"469769242\":[9675],\"469777803\":\"left\",\"469777804\":\"o\",\"469777815\":\"hybridMultilevel\"}\" aria-setsize=\"-1\" data-aria-posinset=\"1\" data-aria-level=\"2\">Si la decisi\u00f3n del comit\u00e9 no es un\u00e1nime para mantener la expulsi\u00f3n, esta decisi\u00f3n puede recurrirse ante la Junta Directiva, que debe decidir en un plazo de 30 d\u00edas a partir de la recepci\u00f3n del recurso.  <\/li>\n<\/ul>\n<\/li>\n<\/ul>\n<ul>\n<li data-leveltext=\"\uf0b7\" data-font=\"Symbol\" data-listid=\"5\" data-list-defn-props=\"{\"335552541\":1,\"335559684\":-2,\"335559685\":720,\"335559991\":360,\"469769226\":\"Symbol\",\"469769242\":[8226],\"469777803\":\"left\",\"469777804\":\"\uf0b7\",\"469777815\":\"hybridMultilevel\"}\" aria-setsize=\"-1\" data-aria-posinset=\"2\" data-aria-level=\"1\">Las divisiones escolares locales tambi\u00e9n pueden tener pol\u00edticas para la expulsi\u00f3n en las que la apelaci\u00f3n es escuchada por el superintendente o su designado. La decisi\u00f3n del superintendente despu\u00e9s de la audiencia es definitiva a menos que el estudiante, padre o cuidador escriba y env\u00ede una petici\u00f3n al Consejo Escolar.  <\/li>\n<\/ul>\n<p>\t\t\t\t\t\t\t\t\t\t\t\t<a href=\"\">\u00bfQu\u00e9 opciones educativas tiene un alumno expulsado?<\/a><\/p>\n<ul>\n<li data-leveltext=\"\uf0b7\" data-font=\"Symbol\" data-listid=\"5\" data-list-defn-props=\"{\" aria-setsize=\"-1\" data-aria-posinset=\"3\" data-aria-level=\"1\">En la notificaci\u00f3n por escrito sobre la expulsi\u00f3n, la escuela debe incluir informaci\u00f3n sobre otros programas educativos, incluidos los programas de educaci\u00f3n alternativa de la divisi\u00f3n y los programas basados en la comunidad. Las opciones de programas basados en la comunidad pueden cobrar la matr\u00edcula y la escuela.\n<ul>\n<li data-leveltext=\"\uf0b7\" data-font=\"Symbol\" data-listid=\"5\" data-list-defn-props=\"{\" aria-setsize=\"-1\" data-aria-posinset=\"3\" data-aria-level=\"1\">Por desgracia, en muchas zonas no existen programas alternativos. Si en la notificaci\u00f3n de expulsi\u00f3n no figura informaci\u00f3n sobre programas educativos alternativos o comunitarios, los cuidadores deben preguntar.  <\/li>\n<\/ul>\n<\/li>\n<li data-leveltext=\"\uf0b7\" data-font=\"Symbol\" data-listid=\"5\" data-list-defn-props=\"{\" aria-setsize=\"-1\" data-aria-posinset=\"3\" data-aria-level=\"1\">La divisi\u00f3n escolar puede denegar la inscripci\u00f3n en el <i>programa de educaci\u00f3n<\/i> alternativa y debe informar de ello por escrito al alumno y a su cuidador<sup>.3<\/sup>  <\/li>\n<li data-leveltext=\"\uf0b7\" data-font=\"Symbol\" data-listid=\"5\" data-list-defn-props=\"{\" aria-setsize=\"-1\" data-aria-posinset=\"3\" data-aria-level=\"1\">A un alumno que haya sido expulsado o suspendido durante m\u00e1s de 30 d\u00edas se le podr\u00e1 denegar la matr\u00edcula en<i>otra <\/i><i>escuela<\/i><i> <\/i> <i> o escuela privada<\/i> si la divisi\u00f3n escolar determina que el estudiante representa un peligro para otros estudiantes o el personal. La escuela debe hacer lo siguiente para denegar la inscripci\u00f3n:\n<ul>\n<li data-leveltext=\"\uf0b7\" data-font=\"Symbol\" data-listid=\"5\" data-list-defn-props=\"{\" aria-setsize=\"-1\" data-aria-posinset=\"3\" data-aria-level=\"1\">El superintendente debe revisar la solicitud del alumno y recomendar la exclusi\u00f3n;  <\/li>\n<li data-leveltext=\"o\" data-font=\"Courier New\" data-listid=\"5\" data-list-defn-props=\"{\" aria-setsize=\"-1\" data-aria-posinset=\"2\" data-aria-level=\"2\">La escuela debe notificar por escrito al alumno y a sus padres o cuidadores que se puede denegar la matr\u00edcula al alumno y las razones de esta denegaci\u00f3n; y<\/li>\n<li data-leveltext=\"o\" data-font=\"Courier New\" data-listid=\"5\" data-list-defn-props=\"{\" aria-setsize=\"-1\" data-aria-posinset=\"2\" data-aria-level=\"2\">La escuela debe dar al alumno o al cuidador el derecho a apelar esta exclusi\u00f3n en una audiencia con el Consejo Escolar o un comit\u00e9 del Consejo.  <\/li>\n<\/ul>\n<\/li>\n<li data-leveltext=\"o\" data-font=\"Courier New\" data-listid=\"5\" data-list-defn-props=\"{\" aria-setsize=\"-1\" data-aria-posinset=\"2\" data-aria-level=\"2\">Los padres y cuidadores pueden solicitar la <i>readmisi\u00f3n<\/i> del alumno en la escuela para que regrese un a\u00f1o natural despu\u00e9s de la fecha de expulsi\u00f3n. El Consejo Escolar o un comit\u00e9 del Consejo estudiar\u00e1 estas solicitudes o peticiones. Si se deniega la solicitud, los padres, el cuidador o el alumno pueden solicitar al Consejo Escolar que revise esta denegaci\u00f3n.\n<ul>\n<li data-leveltext=\"o\" data-font=\"Courier New\" data-listid=\"5\" data-list-defn-props=\"{\" aria-setsize=\"-1\" data-aria-posinset=\"2\" data-aria-level=\"2\">Para los estudiantes que fueron expulsados con condiciones de readmisi\u00f3n por su escuela, el Consejo Escolar local donde el estudiante est\u00e1 solicitando la inscripci\u00f3n o readmisi\u00f3n puede requerir o renunciar a cualquiera o todas las condiciones de readmisi\u00f3n.  <\/li>\n<\/ul>\n<\/li>\n<\/ul>\n<p>\t\t\t\t\t\t\t\t\t\t\t\t<a href=\"\">Citas<\/a><\/p>\n<p>1: Va. C\u00f3digo \u00a7 22.1-276.01<\/p>\n<p>2: Va. C\u00f3digo \u00a7 22.1-277<\/p>\n<p>3: Va. C\u00f3digo \u00a7 22.1-277.2<\/p>\n<\/div>\n","protected":false},"excerpt":{"rendered":"<p>Definiciones importantes:1 Una expulsi\u00f3n \u00absignifica cualquier acci\u00f3n disciplinaria impuesta por un consejo escolar o un comit\u00e9 del mismo, seg\u00fan lo dispuesto en la pol\u00edtica del consejo escolar, por la que no se permite a un alumno asistir a la escuela dentro de la divisi\u00f3n escolar y no es elegible para la readmisi\u00f3n durante 365 d\u00edas [&hellip;]<\/p>\n","protected":false},"author":4,"featured_media":0,"parent":0,"menu_order":0,"comment_status":"closed","ping_status":"closed","template":"","meta":{"footnotes":""},"lajc-tax-roles":[],"lajc-tax-issues":[],"lajc-tax-locations":[],"class_list":["post-13144","page","type-page","status-publish","hentry"],"acf":[],"yoast_head":"<!-- This site is optimized with the Yoast SEO plugin v27.4 - https:\/\/yoast.com\/product\/yoast-seo-wordpress\/ -->\n<title>Conozca sus derechos: Expulsiones - Legal Aid Justice Center<\/title>\n<meta name=\"robots\" content=\"index, follow, max-snippet:-1, max-image-preview:large, max-video-preview:-1\" \/>\n<link rel=\"canonical\" href=\"https:\/\/www.justice4all.org\/es\/conozca-sus-derechos-expulsiones\/\" \/>\n<meta property=\"og:locale\" content=\"es_ES\" \/>\n<meta property=\"og:type\" content=\"article\" \/>\n<meta property=\"og:title\" content=\"Conozca sus derechos: Expulsiones - Legal Aid Justice Center\" \/>\n<meta property=\"og:description\" content=\"Definiciones importantes:1 Una expulsi\u00f3n \u00absignifica cualquier acci\u00f3n disciplinaria impuesta por un consejo escolar o un comit\u00e9 del mismo, seg\u00fan lo dispuesto en la pol\u00edtica del consejo escolar, por la que no se permite a un alumno asistir a la escuela dentro de la divisi\u00f3n escolar y no es elegible para la readmisi\u00f3n durante 365 d\u00edas [&hellip;]\" \/>\n<meta property=\"og:url\" content=\"https:\/\/www.justice4all.org\/es\/conozca-sus-derechos-expulsiones\/\" \/>\n<meta property=\"og:site_name\" content=\"Legal Aid Justice Center\" \/>\n<meta name=\"twitter:card\" content=\"summary_large_image\" \/>\n<meta name=\"twitter:label1\" content=\"Tiempo de lectura\" \/>\n\t<meta name=\"twitter:data1\" content=\"5 minuto\" \/>\n<script type=\"application\/ld+json\" class=\"yoast-schema-graph\">{\"@context\":\"https:\\\/\\\/schema.org\",\"@graph\":[{\"@type\":\"WebPage\",\"@id\":\"https:\\\/\\\/www.justice4all.org\\\/es\\\/conozca-sus-derechos-expulsiones\\\/\",\"url\":\"https:\\\/\\\/www.justice4all.org\\\/es\\\/conozca-sus-derechos-expulsiones\\\/\",\"name\":\"Conozca sus derechos: Expulsiones - Legal Aid Justice Center\",\"isPartOf\":{\"@id\":\"https:\\\/\\\/www.justice4all.org\\\/es\\\/#website\"},\"datePublished\":\"2022-12-13T13:03:50+00:00\",\"breadcrumb\":{\"@id\":\"https:\\\/\\\/www.justice4all.org\\\/es\\\/conozca-sus-derechos-expulsiones\\\/#breadcrumb\"},\"inLanguage\":\"es\",\"potentialAction\":[{\"@type\":\"ReadAction\",\"target\":[\"https:\\\/\\\/www.justice4all.org\\\/es\\\/conozca-sus-derechos-expulsiones\\\/\"]}]},{\"@type\":\"BreadcrumbList\",\"@id\":\"https:\\\/\\\/www.justice4all.org\\\/es\\\/conozca-sus-derechos-expulsiones\\\/#breadcrumb\",\"itemListElement\":[{\"@type\":\"ListItem\",\"position\":1,\"name\":\"Home\",\"item\":\"https:\\\/\\\/www.justice4all.org\\\/es\\\/\"},{\"@type\":\"ListItem\",\"position\":2,\"name\":\"Conozca sus derechos: Expulsiones\"}]},{\"@type\":\"WebSite\",\"@id\":\"https:\\\/\\\/www.justice4all.org\\\/es\\\/#website\",\"url\":\"https:\\\/\\\/www.justice4all.org\\\/es\\\/\",\"name\":\"Legal Aid Justice Center\",\"description\":\"\",\"potentialAction\":[{\"@type\":\"SearchAction\",\"target\":{\"@type\":\"EntryPoint\",\"urlTemplate\":\"https:\\\/\\\/www.justice4all.org\\\/es\\\/?s={search_term_string}\"},\"query-input\":{\"@type\":\"PropertyValueSpecification\",\"valueRequired\":true,\"valueName\":\"search_term_string\"}}],\"inLanguage\":\"es\"}]}<\/script>\n<!-- \/ Yoast SEO plugin. -->","yoast_head_json":{"title":"Conozca sus derechos: Expulsiones - Legal Aid Justice Center","robots":{"index":"index","follow":"follow","max-snippet":"max-snippet:-1","max-image-preview":"max-image-preview:large","max-video-preview":"max-video-preview:-1"},"canonical":"https:\/\/www.justice4all.org\/es\/conozca-sus-derechos-expulsiones\/","og_locale":"es_ES","og_type":"article","og_title":"Conozca sus derechos: Expulsiones - Legal Aid Justice Center","og_description":"Definiciones importantes:1 Una expulsi\u00f3n \u00absignifica cualquier acci\u00f3n disciplinaria impuesta por un consejo escolar o un comit\u00e9 del mismo, seg\u00fan lo dispuesto en la pol\u00edtica del consejo escolar, por la que no se permite a un alumno asistir a la escuela dentro de la divisi\u00f3n escolar y no es elegible para la readmisi\u00f3n durante 365 d\u00edas [&hellip;]","og_url":"https:\/\/www.justice4all.org\/es\/conozca-sus-derechos-expulsiones\/","og_site_name":"Legal Aid Justice Center","twitter_card":"summary_large_image","twitter_misc":{"Tiempo de lectura":"5 minuto"},"schema":{"@context":"https:\/\/schema.org","@graph":[{"@type":"WebPage","@id":"https:\/\/www.justice4all.org\/es\/conozca-sus-derechos-expulsiones\/","url":"https:\/\/www.justice4all.org\/es\/conozca-sus-derechos-expulsiones\/","name":"Conozca sus derechos: Expulsiones - Legal Aid Justice Center","isPartOf":{"@id":"https:\/\/www.justice4all.org\/es\/#website"},"datePublished":"2022-12-13T13:03:50+00:00","breadcrumb":{"@id":"https:\/\/www.justice4all.org\/es\/conozca-sus-derechos-expulsiones\/#breadcrumb"},"inLanguage":"es","potentialAction":[{"@type":"ReadAction","target":["https:\/\/www.justice4all.org\/es\/conozca-sus-derechos-expulsiones\/"]}]},{"@type":"BreadcrumbList","@id":"https:\/\/www.justice4all.org\/es\/conozca-sus-derechos-expulsiones\/#breadcrumb","itemListElement":[{"@type":"ListItem","position":1,"name":"Home","item":"https:\/\/www.justice4all.org\/es\/"},{"@type":"ListItem","position":2,"name":"Conozca sus derechos: Expulsiones"}]},{"@type":"WebSite","@id":"https:\/\/www.justice4all.org\/es\/#website","url":"https:\/\/www.justice4all.org\/es\/","name":"Legal Aid Justice Center","description":"","potentialAction":[{"@type":"SearchAction","target":{"@type":"EntryPoint","urlTemplate":"https:\/\/www.justice4all.org\/es\/?s={search_term_string}"},"query-input":{"@type":"PropertyValueSpecification","valueRequired":true,"valueName":"search_term_string"}}],"inLanguage":"es"}]}},"_links":{"self":[{"href":"https:\/\/www.justice4all.org\/es\/wp-json\/wp\/v2\/pages\/13144","targetHints":{"allow":["GET"]}}],"collection":[{"href":"https:\/\/www.justice4all.org\/es\/wp-json\/wp\/v2\/pages"}],"about":[{"href":"https:\/\/www.justice4all.org\/es\/wp-json\/wp\/v2\/types\/page"}],"author":[{"embeddable":true,"href":"https:\/\/www.justice4all.org\/es\/wp-json\/wp\/v2\/users\/4"}],"replies":[{"embeddable":true,"href":"https:\/\/www.justice4all.org\/es\/wp-json\/wp\/v2\/comments?post=13144"}],"version-history":[{"count":0,"href":"https:\/\/www.justice4all.org\/es\/wp-json\/wp\/v2\/pages\/13144\/revisions"}],"wp:attachment":[{"href":"https:\/\/www.justice4all.org\/es\/wp-json\/wp\/v2\/media?parent=13144"}],"wp:term":[{"taxonomy":"lajc-tax-roles","embeddable":true,"href":"https:\/\/www.justice4all.org\/es\/wp-json\/wp\/v2\/lajc-tax-roles?post=13144"},{"taxonomy":"lajc-tax-issues","embeddable":true,"href":"https:\/\/www.justice4all.org\/es\/wp-json\/wp\/v2\/lajc-tax-issues?post=13144"},{"taxonomy":"lajc-tax-locations","embeddable":true,"href":"https:\/\/www.justice4all.org\/es\/wp-json\/wp\/v2\/lajc-tax-locations?post=13144"}],"curies":[{"name":"wp","href":"https:\/\/api.w.org\/{rel}","templated":true}]}}