{"id":13139,"date":"2023-01-25T10:36:44","date_gmt":"2023-01-25T10:36:44","guid":{"rendered":"https:\/\/lajc2023stg.wpengine.com\/presunciones-contra-la-libertad-bajo-fianza-no-respaldadas-por-datos\/"},"modified":"2023-01-25T10:36:44","modified_gmt":"2023-01-25T10:36:44","slug":"presunciones-contra-la-libertad-bajo-fianza-no-respaldadas-por-datos","status":"publish","type":"page","link":"https:\/\/www.justice4all.org\/es\/presunciones-contra-la-libertad-bajo-fianza-no-respaldadas-por-datos\/","title":{"rendered":"Presunciones contra la libertad bajo fianza no respaldadas por datos"},"content":{"rendered":"<div class=\"lajc-m-content\">\n<p>En diciembre de 2021, la Comisi\u00f3n de Sentencias Penales de Virginia public\u00f3 los datos de la primera cohorte del Proyecto de Datos Previos al Juicio de octubre de 2017. Estos son los \u00faltimos datos sobre el funcionamiento real del sistema de prisi\u00f3n preventiva de Virginia<\/p>\n<p><a href=\"https:\/\/sites.google.com\/site\/arielbenyishay\/home?authuser=0\">Ariel BenYishay<\/a>, profesor asociado de Econom\u00eda en el College of William &amp; Mary, analiz\u00f3 estos datos y elabor\u00f3 un <a href=\"http:\/\/www.justice4all.org\/wp-content\/uploads\/2023\/01\/Impacts-of-Presumptions-Against-Bail-on-Pretrial-Release-and-Public-Safety-in-Virginia-Jan-24-2023.pdf\">informe con sus conclusiones <\/a>(publicado el 24\/23)<a href=\"http:\/\/www.justice4all.org\/wp-content\/uploads\/2023\/01\/Impacts-of-Presumptions-Against-Bail-on-Pretrial-Release-and-Public-Safety-in-Virginia-Jan-24-2023.pdf\">.<\/a> <\/p>\n<p>CONCLUSIONES PRINCIPALES:<\/p>\n<p><strong>Hubo m\u00e1s personas sometidas a presunciones contra la libertad bajo fianza de lo que muchos supon\u00edan.<\/strong>&nbsp;  Al menos el 9,5% de todos los imputados y posiblemente m\u00e1s del 30% de todos los imputados.<\/p>\n<p><strong>Los datos no corroboran que quienes se enfrentaban a presunciones contra la libertad bajo fianza tuvieran m\u00e1s probabilidades de participar en actividades delictivas mientras esperaban el juicio.<\/strong>&nbsp;  De hecho, los que se enfrentan a presunciones, independientemente de lo alta que sea su puntuaci\u00f3n en la evaluaci\u00f3n de riesgos, no ten\u00edan m\u00e1s probabilidades de reincidir que los que no se enfrentaban a presunciones.&nbsp;<\/p>\n<p><strong>A pesar de no haber un aumento del riesgo, los que se enfrentan a presunciones tienen muchas menos probabilidades de quedar en libertad antes del juicio.&nbsp;<\/strong>  Mientras que el 83% de los acusados fueron puestos en libertad cuando no hab\u00eda presunciones, s\u00f3lo el 50% de los que se enfrentaban a presunciones fueron puestos en libertad. Incluso aquellos con la puntuaci\u00f3n m\u00e1s baja en la evaluaci\u00f3n de riesgos ten\u00edan m\u00e1s probabilidades de ser detenidos si se enfrentaban a una presunci\u00f3n<\/p>\n<p><strong>La presencia de presunciones (antes de 2021) probablemente cost\u00f3 al menos 65 millones de d\u00f3lares en costes adicionales de funcionamiento de las c\u00e1rceles<\/strong> (de los cuales al menos 23 millones de d\u00f3lares corrieron a cargo del presupuesto de la Commonwealth) y cre\u00f3 importantes cargas no cuantificadas para los acusados, sus familias y las comunidades, sin mejorar la seguridad p\u00fablica.  &nbsp;<\/p>\n<p>\t\t\t<a href=\"http:\/\/www.justice4all.org\/wp-content\/uploads\/2023\/01\/Impacts-of-Presumptions-Against-Bail-on-Pretrial-Release-and-Public-Safety-in-Virginia-Jan-24-2023.pdf\" role=\"button\"><br \/>\n  Haga clic aqu\u00ed para leer el informe completo<br \/>\n\t\t\t\t\t<\/a><\/p>\n<h2>M\u00e1s sobre las presunciones contra la libertad bajo fianza y por qu\u00e9 no deben restablecerse<\/h2>\n<p>En 2021 Virginia dio un gran paso adelante al derogar sus presunciones contra la libertad bajo fianza. Ahora, algunos legisladores estatales est\u00e1n intentando reinstaurarlas sin ninguna prueba emp\u00edrica que demuestre que funcionan.<\/p>\n<p>Seg\u00fan la legislaci\u00f3n vigente, los jueces y magistrados tienen potestad para tomar la decisi\u00f3n de poner en libertad o detener a una persona tras su arresto. Deben tomar esas decisiones bas\u00e1ndose en los factores descritos en el estatuto que se desarrollaron en consulta con muchas partes interesadas, incluidos los defensores de la violencia dom\u00e9stica.<\/p>\n<p><strong><br \/>\u00bfQu\u00e9 es una presunci\u00f3n contra la libertad bajo fianza?<\/strong><\/p>\n<p>Antes de la derogaci\u00f3n de las presunciones contra la libertad bajo fianza en 2021, hab\u00eda una lista de delitos que, someter\u00edan a una persona a prisi\u00f3n preventiva. Esto significaba que, por el mero hecho de ser acusado de uno de estos delitos, exist\u00eda una presunci\u00f3n en contra de la libertad bajo fianza y a favor de la prisi\u00f3n preventiva.<\/p>\n<p>Esta presunci\u00f3n desplazaba la carga de la prueba de la necesidad del Fiscal de la Commonwealth de demostrar por qu\u00e9 esa persona deb\u00eda ser mantenida en prisi\u00f3n, a la necesidad de la persona acusada de demostrar por qu\u00e9 deb\u00eda ser puesta en libertad. Esto es lo contrario de c\u00f3mo funcionan los casos penales en nuestro pa\u00eds, donde la carga de la prueba de que debe privarse de libertad a una persona recae siempre en el fiscal. A menudo, las personas tendr\u00edan que refutar esta presunci\u00f3n sin el apoyo o la representaci\u00f3n de un abogado, al tiempo que se les advert\u00eda de que \u00abtodo lo que diga puede y ser\u00e1 utilizado en su contra\u00bb.<\/p>\n<p><strong><br \/>\u00bfCu\u00e1l es la historia de las presunciones contra la libertad bajo fianza?<\/strong><\/p>\n<p>Las presunciones contra la libertad bajo fianza se introdujeron por primera vez en Virginia en 1996. En aquel momento, la Asamblea General de Virginia (AG) aprob\u00f3 una nueva ley por la que se introduc\u00eda una presunci\u00f3n refutable sobre la base de tres condiciones espec\u00edficas asociadas a los principales delitos de distribuci\u00f3n de drogas (por ejemplo, que el acusado hubiera sido condenado anteriormente como \u00abcapo de la droga\u00bb). En estos casos, la carga de la prueba se traslad\u00f3 al acusado para demostrar que no supon\u00eda un peligro irrazonable y que comparecer\u00eda en las vistas posteriores. A lo largo de los 25 a\u00f1os siguientes, este conjunto relativamente reducido de excepciones se ampli\u00f3 dr\u00e1sticamente 10 veces hasta abarcar m\u00e1s de 40 circunstancias.<\/p>\n<p><strong><br \/>\u00bfPor qu\u00e9 debe mantenerse la derogaci\u00f3n de las presunciones?<\/strong><\/p>\n<p>En Virginia, la decisi\u00f3n de restablecer las presunciones se est\u00e1 tomando debido a reacciones basadas en el miedo y no en la toma de decisiones basadas en pruebas, un proceso que ahora se entiende que es la mejor manera de tomar decisiones de reforma penal.<\/p>\n<p>Aunque se est\u00e1n presentando proyectos de ley para restablecer estas presunciones, no se ha realizado ning\u00fan an\u00e1lisis estad\u00edstico del n\u00famero de personas afectadas ni de si las presunciones aumentan realmente la seguridad p\u00fablica.<\/p>\n<p><a href=\"https:\/\/www.justice4all.org\/es\/presunciones-contra-la-libertad-bajo-fianza\/\">Pulse aqu\u00ed para leer m\u00e1s<\/a><\/p>\n<\/div>\n","protected":false},"excerpt":{"rendered":"<p>En diciembre de 2021, la Comisi\u00f3n de Sentencias Penales de Virginia public\u00f3 los datos de la primera cohorte del Proyecto de Datos Previos al Juicio de octubre de 2017. Estos son los \u00faltimos datos sobre el funcionamiento real del sistema de prisi\u00f3n preventiva de Virginia Ariel BenYishay, profesor asociado de Econom\u00eda en el College of [&hellip;]<\/p>\n","protected":false},"author":4,"featured_media":0,"parent":0,"menu_order":0,"comment_status":"closed","ping_status":"closed","template":"","meta":{"footnotes":""},"lajc-tax-roles":[],"lajc-tax-issues":[],"lajc-tax-locations":[],"class_list":["post-13139","page","type-page","status-publish","hentry"],"acf":[],"yoast_head":"<!-- This site is optimized with the Yoast SEO plugin v27.5 - https:\/\/yoast.com\/product\/yoast-seo-wordpress\/ -->\n<title>Presunciones contra la libertad bajo fianza no respaldadas por datos - Legal Aid Justice Center<\/title>\n<meta name=\"robots\" content=\"index, follow, max-snippet:-1, max-image-preview:large, max-video-preview:-1\" \/>\n<link rel=\"canonical\" href=\"https:\/\/www.justice4all.org\/es\/presunciones-contra-la-libertad-bajo-fianza-no-respaldadas-por-datos\/\" \/>\n<meta property=\"og:locale\" content=\"es_ES\" \/>\n<meta property=\"og:type\" content=\"article\" \/>\n<meta property=\"og:title\" content=\"Presunciones contra la libertad bajo fianza no respaldadas por datos - Legal Aid Justice Center\" \/>\n<meta property=\"og:description\" content=\"En diciembre de 2021, la Comisi\u00f3n de Sentencias Penales de Virginia public\u00f3 los datos de la primera cohorte del Proyecto de Datos Previos al Juicio de octubre de 2017. Estos son los \u00faltimos datos sobre el funcionamiento real del sistema de prisi\u00f3n preventiva de Virginia Ariel BenYishay, profesor asociado de Econom\u00eda en el College of [&hellip;]\" \/>\n<meta property=\"og:url\" content=\"https:\/\/www.justice4all.org\/es\/presunciones-contra-la-libertad-bajo-fianza-no-respaldadas-por-datos\/\" \/>\n<meta property=\"og:site_name\" content=\"Legal Aid Justice Center\" \/>\n<meta name=\"twitter:card\" content=\"summary_large_image\" \/>\n<meta name=\"twitter:label1\" content=\"Tiempo de lectura\" \/>\n\t<meta name=\"twitter:data1\" content=\"4 minuto\" \/>\n<script type=\"application\/ld+json\" class=\"yoast-schema-graph\">{\"@context\":\"https:\\\/\\\/schema.org\",\"@graph\":[{\"@type\":\"WebPage\",\"@id\":\"https:\\\/\\\/www.justice4all.org\\\/es\\\/presunciones-contra-la-libertad-bajo-fianza-no-respaldadas-por-datos\\\/\",\"url\":\"https:\\\/\\\/www.justice4all.org\\\/es\\\/presunciones-contra-la-libertad-bajo-fianza-no-respaldadas-por-datos\\\/\",\"name\":\"Presunciones contra la libertad bajo fianza no respaldadas por datos - Legal Aid Justice Center\",\"isPartOf\":{\"@id\":\"https:\\\/\\\/www.justice4all.org\\\/es\\\/#website\"},\"datePublished\":\"2023-01-25T10:36:44+00:00\",\"breadcrumb\":{\"@id\":\"https:\\\/\\\/www.justice4all.org\\\/es\\\/presunciones-contra-la-libertad-bajo-fianza-no-respaldadas-por-datos\\\/#breadcrumb\"},\"inLanguage\":\"es\",\"potentialAction\":[{\"@type\":\"ReadAction\",\"target\":[\"https:\\\/\\\/www.justice4all.org\\\/es\\\/presunciones-contra-la-libertad-bajo-fianza-no-respaldadas-por-datos\\\/\"]}]},{\"@type\":\"BreadcrumbList\",\"@id\":\"https:\\\/\\\/www.justice4all.org\\\/es\\\/presunciones-contra-la-libertad-bajo-fianza-no-respaldadas-por-datos\\\/#breadcrumb\",\"itemListElement\":[{\"@type\":\"ListItem\",\"position\":1,\"name\":\"Home\",\"item\":\"https:\\\/\\\/www.justice4all.org\\\/es\\\/\"},{\"@type\":\"ListItem\",\"position\":2,\"name\":\"Presunciones contra la libertad bajo fianza no respaldadas por datos\"}]},{\"@type\":\"WebSite\",\"@id\":\"https:\\\/\\\/www.justice4all.org\\\/es\\\/#website\",\"url\":\"https:\\\/\\\/www.justice4all.org\\\/es\\\/\",\"name\":\"Legal Aid Justice Center\",\"description\":\"\",\"potentialAction\":[{\"@type\":\"SearchAction\",\"target\":{\"@type\":\"EntryPoint\",\"urlTemplate\":\"https:\\\/\\\/www.justice4all.org\\\/es\\\/?s={search_term_string}\"},\"query-input\":{\"@type\":\"PropertyValueSpecification\",\"valueRequired\":true,\"valueName\":\"search_term_string\"}}],\"inLanguage\":\"es\"}]}<\/script>\n<!-- \/ Yoast SEO plugin. -->","yoast_head_json":{"title":"Presunciones contra la libertad bajo fianza no respaldadas por datos - Legal Aid Justice Center","robots":{"index":"index","follow":"follow","max-snippet":"max-snippet:-1","max-image-preview":"max-image-preview:large","max-video-preview":"max-video-preview:-1"},"canonical":"https:\/\/www.justice4all.org\/es\/presunciones-contra-la-libertad-bajo-fianza-no-respaldadas-por-datos\/","og_locale":"es_ES","og_type":"article","og_title":"Presunciones contra la libertad bajo fianza no respaldadas por datos - Legal Aid Justice Center","og_description":"En diciembre de 2021, la Comisi\u00f3n de Sentencias Penales de Virginia public\u00f3 los datos de la primera cohorte del Proyecto de Datos Previos al Juicio de octubre de 2017. Estos son los \u00faltimos datos sobre el funcionamiento real del sistema de prisi\u00f3n preventiva de Virginia Ariel BenYishay, profesor asociado de Econom\u00eda en el College of [&hellip;]","og_url":"https:\/\/www.justice4all.org\/es\/presunciones-contra-la-libertad-bajo-fianza-no-respaldadas-por-datos\/","og_site_name":"Legal Aid Justice Center","twitter_card":"summary_large_image","twitter_misc":{"Tiempo de lectura":"4 minuto"},"schema":{"@context":"https:\/\/schema.org","@graph":[{"@type":"WebPage","@id":"https:\/\/www.justice4all.org\/es\/presunciones-contra-la-libertad-bajo-fianza-no-respaldadas-por-datos\/","url":"https:\/\/www.justice4all.org\/es\/presunciones-contra-la-libertad-bajo-fianza-no-respaldadas-por-datos\/","name":"Presunciones contra la libertad bajo fianza no respaldadas por datos - Legal Aid Justice Center","isPartOf":{"@id":"https:\/\/www.justice4all.org\/es\/#website"},"datePublished":"2023-01-25T10:36:44+00:00","breadcrumb":{"@id":"https:\/\/www.justice4all.org\/es\/presunciones-contra-la-libertad-bajo-fianza-no-respaldadas-por-datos\/#breadcrumb"},"inLanguage":"es","potentialAction":[{"@type":"ReadAction","target":["https:\/\/www.justice4all.org\/es\/presunciones-contra-la-libertad-bajo-fianza-no-respaldadas-por-datos\/"]}]},{"@type":"BreadcrumbList","@id":"https:\/\/www.justice4all.org\/es\/presunciones-contra-la-libertad-bajo-fianza-no-respaldadas-por-datos\/#breadcrumb","itemListElement":[{"@type":"ListItem","position":1,"name":"Home","item":"https:\/\/www.justice4all.org\/es\/"},{"@type":"ListItem","position":2,"name":"Presunciones contra la libertad bajo fianza no respaldadas por datos"}]},{"@type":"WebSite","@id":"https:\/\/www.justice4all.org\/es\/#website","url":"https:\/\/www.justice4all.org\/es\/","name":"Legal Aid Justice Center","description":"","potentialAction":[{"@type":"SearchAction","target":{"@type":"EntryPoint","urlTemplate":"https:\/\/www.justice4all.org\/es\/?s={search_term_string}"},"query-input":{"@type":"PropertyValueSpecification","valueRequired":true,"valueName":"search_term_string"}}],"inLanguage":"es"}]}},"_links":{"self":[{"href":"https:\/\/www.justice4all.org\/es\/wp-json\/wp\/v2\/pages\/13139","targetHints":{"allow":["GET"]}}],"collection":[{"href":"https:\/\/www.justice4all.org\/es\/wp-json\/wp\/v2\/pages"}],"about":[{"href":"https:\/\/www.justice4all.org\/es\/wp-json\/wp\/v2\/types\/page"}],"author":[{"embeddable":true,"href":"https:\/\/www.justice4all.org\/es\/wp-json\/wp\/v2\/users\/4"}],"replies":[{"embeddable":true,"href":"https:\/\/www.justice4all.org\/es\/wp-json\/wp\/v2\/comments?post=13139"}],"version-history":[{"count":0,"href":"https:\/\/www.justice4all.org\/es\/wp-json\/wp\/v2\/pages\/13139\/revisions"}],"wp:attachment":[{"href":"https:\/\/www.justice4all.org\/es\/wp-json\/wp\/v2\/media?parent=13139"}],"wp:term":[{"taxonomy":"lajc-tax-roles","embeddable":true,"href":"https:\/\/www.justice4all.org\/es\/wp-json\/wp\/v2\/lajc-tax-roles?post=13139"},{"taxonomy":"lajc-tax-issues","embeddable":true,"href":"https:\/\/www.justice4all.org\/es\/wp-json\/wp\/v2\/lajc-tax-issues?post=13139"},{"taxonomy":"lajc-tax-locations","embeddable":true,"href":"https:\/\/www.justice4all.org\/es\/wp-json\/wp\/v2\/lajc-tax-locations?post=13139"}],"curies":[{"name":"wp","href":"https:\/\/api.w.org\/{rel}","templated":true}]}}