{"id":10493,"date":"2023-06-02T04:02:20","date_gmt":"2023-06-02T04:02:20","guid":{"rendered":"https:\/\/lajc2023stg.wpengine.com\/que-hacemos\/sistema-juridico-penal\/justicia-preventiva\/"},"modified":"2023-07-25T21:50:41","modified_gmt":"2023-07-25T21:50:41","slug":"justicia-preventiva","status":"publish","type":"page","link":"https:\/\/www.justice4all.org\/es\/que-hacemos\/sistema-juridico-penal\/justicia-preventiva\/","title":{"rendered":"Justicia preventiva"},"content":{"rendered":"\n\n\n\n<style type=\"text\/css\">\n\t.edit-post-visual-editor [data-block=\"4abafe09a3123a4f403059ad436e6d5e\"] {\n\t\twidth: calc((12 \/ 12) * 100%)!important;\n\t\tmin-width: calc((12 \/ 12) * 100%)!important;\n\t}\n<\/style>\n\n<div id=\"block_4abafe09a3123a4f403059ad436e6d5e\" class=\"col-lg-12 custom-column-block\">\n\t<div class=\"custom-column-wrapper  \">\n\t\t\n\n\n\n  <style type=\"text\/css\">\n    #block_6ef7895220e43d24f4c3d7a94e4b5db5 > div{\n                                        margin-left: calc(8 * 16px);\n                          margin-right: calc(8 * 16px);\n              \n                                        padding-left: calc(8 * 16px);\n                          padding-right: calc(8 * 16px);\n                  }\n\n    @media screen and (min-width: 768px) and (max-width: 991px) {\n      #block_6ef7895220e43d24f4c3d7a94e4b5db5 > div{\n                                                  margin-left: calc(8 * 12px);  \n                                margin-right: calc(8 * 12px);  \n                    \n                                                  padding-left: calc(8 * 12px);\n                                padding-right: calc(8 * 12px);\n                        }\n    }\n\n    @media screen and (min-width: 480px) and (max-width: 767px) {\n      #block_6ef7895220e43d24f4c3d7a94e4b5db5 > div{\n                                                  margin-left: calc(8 * 8px);  \n                                margin-right: calc(8 * 8px);  \n                    \n                                                  padding-left: calc(8 * 8px);\n                                padding-right: calc(8 * 8px);\n                        }\n    }\n\n    @media screen and (max-width: 479px) {\n      #block_6ef7895220e43d24f4c3d7a94e4b5db5 > div{\n                                                  margin-left: calc(8 * 4px);  \n                                margin-right: calc(8 * 4px);  \n                    \n                                                  padding-left: calc(8 * 4px);\n                                padding-right: calc(8 * 4px);\n                        }\n    }\n\n  <\/style>\n\n<style type=\"text\/css\">\n\t.edit-post-visual-editor [data-block=\"6ef7895220e43d24f4c3d7a94e4b5db5\"] {\n\t\twidth: calc((12 \/ 12) * 100%)!important;\n\t\tmin-width: calc((12 \/ 12) * 100%)!important;\n\t}\n<\/style>\n\n<div id=\"block_6ef7895220e43d24f4c3d7a94e4b5db5\" class=\"col-lg-12 custom-column-block\">\n\t<div class=\"custom-column-wrapper  \">\n\t\t\n\n<h2 class=\"wp-block-heading is-style-underlined-with-icon\">sistema jur\u00eddico penal:<\/h2>\n\n\n\n<h2 class=\"wp-block-heading has-gunpowder-color has-text-color\">JUSTICIA PREVENTIVA<\/h2>\n\n\n\t<\/div>\n<\/div>\n\n\n\n\n  <style type=\"text\/css\">\n    #block_6ef7895220e43d24f4c3d7a94e4b5db5 > div{\n                                        margin-left: calc(8 * 16px);\n                          margin-right: calc(8 * 16px);\n              \n                                        padding-left: calc(8 * 16px);\n                          padding-right: calc(8 * 16px);\n                  }\n\n    @media screen and (min-width: 768px) and (max-width: 991px) {\n      #block_6ef7895220e43d24f4c3d7a94e4b5db5 > div{\n                                                  margin-left: calc(8 * 12px);  \n                                margin-right: calc(8 * 12px);  \n                    \n                                                  padding-left: calc(8 * 12px);\n                                padding-right: calc(8 * 12px);\n                        }\n    }\n\n    @media screen and (min-width: 480px) and (max-width: 767px) {\n      #block_6ef7895220e43d24f4c3d7a94e4b5db5 > div{\n                                                  margin-left: calc(8 * 8px);  \n                                margin-right: calc(8 * 8px);  \n                    \n                                                  padding-left: calc(8 * 8px);\n                                padding-right: calc(8 * 8px);\n                        }\n    }\n\n    @media screen and (max-width: 479px) {\n      #block_6ef7895220e43d24f4c3d7a94e4b5db5 > div{\n                                                  margin-left: calc(8 * 4px);  \n                                margin-right: calc(8 * 4px);  \n                    \n                                                  padding-left: calc(8 * 4px);\n                                padding-right: calc(8 * 4px);\n                        }\n    }\n\n  <\/style>\n\n<style type=\"text\/css\">\n\t.edit-post-visual-editor [data-block=\"6ef7895220e43d24f4c3d7a94e4b5db5\"] {\n\t\twidth: calc((12 \/ 12) * 100%)!important;\n\t\tmin-width: calc((12 \/ 12) * 100%)!important;\n\t}\n<\/style>\n\n<div id=\"block_6ef7895220e43d24f4c3d7a94e4b5db5\" class=\"col-lg-12 custom-column-block\">\n\t<div class=\"custom-column-wrapper  \">\n\t\t\n\n<p>Una noche cualquiera, las c\u00e1rceles de Virginia albergan a m\u00e1s de 28.000 personas, aproximadamente 1 de cada 200 virginianos de entre 15 y 64 a\u00f1os. De ellos, unos 13.000 est\u00e1n en prisi\u00f3n preventiva, es decir, el 46% de las personas encarceladas no han sido condenadas por ning\u00fan delito. Y el problema ha ido empeorando: entre 2012 y 2017, la poblaci\u00f3n media diaria de virginianos recluidos en prisi\u00f3n preventiva <a href=\"https:\/\/rga.lis.virginia.gov\/Published\/2017\/RD485\/PDF\" target=\"_blank\" rel=\"noreferrer noopener\">\n  <strong>aument\u00f3 en un 10%<\/strong>\n<\/a>.  <\/p>\n\n\n\n<p>Luchamos por reducir al m\u00ednimo el n\u00famero de personas en prisi\u00f3n preventiva en Virginia, porque la prisi\u00f3n preventiva y la vigilancia excesiva perjudican a las personas, las familias y las comunidades. La detenci\u00f3n preventiva y la vigilancia excesiva pueden provocar la p\u00e9rdida de empleos, la inestabilidad de la vivienda, la p\u00e9rdida de medicamentos y la desintegraci\u00f3n de las familias. La justicia previa al juicio es tambi\u00e9n una cuesti\u00f3n de justicia racial. Aunque los virginianos de raza negra s\u00f3lo representan alrededor del 20% de la poblaci\u00f3n de nuestro estado, constituyen el 43% de la poblaci\u00f3n carcelaria de Virginia descrita anteriormente. Para obtener datos m\u00e1s detallados, pulse <a href=\"https:\/\/www.vera.org\/downloads\/pdfdownloads\/state-incarceration-trends-virginia.pdf\" target=\"_blank\" rel=\"noreferrer noopener\"><strong>aqu\u00ed<\/strong>.<\/a> <\/p>\n\n\n\n<p>Nuestra labor en el \u00e1mbito de la justicia previa al juicio se materializa principalmente en la defensa de pol\u00edticas y la organizaci\u00f3n a trav\u00e9s de la Pretrial Justice Coalition (Coalici\u00f3n para la Justicia Previa al Juicio), un grupo de defensores de pol\u00edticas, organizadores y personas afectadas por el sistema jur\u00eddico penal de todo Virginia, que ayudamos a fundar y seguimos ayudando a dirigir. Para nosotros, la justicia previa al juicio significa ir m\u00e1s all\u00e1 de las soluciones \u00abr\u00e1pidas\u00bb, para garantizar que cualquier cambio reduzca el n\u00famero total de personas detenidas en prisi\u00f3n preventiva, eliminando al mismo tiempo las disparidades raciales y de riqueza.  <\/p>\n\n\n\n<p>Una de nuestras mayores victorias en los \u00faltimos a\u00f1os fue la derogaci\u00f3n de las presunciones contra la libertad bajo fianza, el sistema que obligaba a los acusados de ciertos delitos a ingresar autom\u00e1ticamente en prisi\u00f3n preventiva en lugar de que sus casos se evaluaran individualmente en las vistas para fijar la fianza. Ha habido algunos intentos de restablecer las presunciones contra la libertad bajo fianza, pero hasta ahora, debido a la fuerte oposici\u00f3n de la Pretrial Justice Coalition y otros defensores, esos esfuerzos no han tenido \u00e9xito.  <\/p>\n\n\n\n<div style=\"height:51px\" aria-hidden=\"true\" class=\"wp-block-spacer\"><\/div>\n\n\n\n<div class=\"wp-block-buttons is-layout-flex wp-block-buttons-is-layout-flex\">\n<div class=\"wp-block-button is-style-primary\"><a class=\"wp-block-button__link wp-element-button\" href=\"https:\/\/www.justice4all.org\/es\/que-hacemos\/sistema-juridico-penal\/justicia-preventiva\/presunciones-contra-la-libertad-bajo-fianza\/\" target=\"_blank\" rel=\"noreferrer noopener\">M\u00e1s informaci\u00f3n sobre las presunciones contra la libertad bajo fianza aqu\u00ed.<\/a><\/div>\n<\/div>\n\n\n\n<div style=\"height:69px\" aria-hidden=\"true\" class=\"wp-block-spacer\"><\/div>\n\n\n\n<p>Otros asuntos importantes relacionados con la justicia previa al juicio en los que hemos participado en los \u00faltimos a\u00f1os incluyen la lucha por un <strong>abogado en la primera comparecencia en todo el estado<\/strong> y los <strong>esfuerzos generales de reforma de la fianza. <\/strong>Aqu\u00ed hay alguna informaci\u00f3n sobre las injusticias en el sistema de prisi\u00f3n preventiva de Virginia :  <\/p>\n\n\n\n<ul class=\"wp-block-list\">\n<li>En Virginia, tras una detenci\u00f3n, una persona es llevada ante un magistrado (no un juez) para determinar la fianza. Estos procedimientos se celebran a <strong>puerta cerrada<\/strong>, no en audiencia p\u00fablica. Durante la audiencia inicial con el magistrado, el acusado no dispone de abogado. Casi universalmente, las personas acusadas de delitos no tienen abogado en su audiencia inicial de fianza.  <\/li>\n\n\n\n<li>Tras la comparecencia ante el magistrado, los acusados comparecer\u00e1n ante un juez del tribunal de distrito general para una \u00ablectura de cargos\u00bb, en la que puede modificarse la fianza. En la mayor\u00eda de las jurisdicciones de Virginia, <strong>a las personas no se les asigna <\/strong><strong>un<\/strong><strong> abogado<\/strong><strong> <\/strong><strong>y<\/strong>languidecer en la c\u00e1rcel durante semanas sin tener acceso a un abogado hace m\u00e1s probable que el acusado pierda su vivienda, su trabajo, el acceso a la atenci\u00f3n m\u00e9dica o incluso a sus hijos.  <\/li>\n\n\n\n<li><strong>Virginia todav\u00eda utiliza una fianza garantizada o \u00abfianza de dinero\u00bb para todos los niveles de delitos, incluidos los delitos menores.<\/strong>  Es cuando se ordena a una persona acusada de un delito que pague cierta cantidad de dinero para quedar libre antes del juicio. Cuando las personas no pueden permitirse pagar, permanecen encarceladas, siendo esencialmente castigadas mucho antes de que se conozca su caso.  <\/li>\n\n\n\n<li>Adem\u00e1s de la fianza garantizada, <strong>los magistrados y jueces de Virginia pueden decidir retener a las personas sin fianza por cualquier tipo de delito, incluidos los delitos menores<\/strong>. Esto significa que la persona ser\u00e1 mantenida en prisi\u00f3n hasta su juicio, incluso si no hay pruebas de que pudiera huir o suponer una amenaza para la seguridad p\u00fablica, e independientemente de si podr\u00eda cumplir condiciones que le ayudaran a regresar al tribunal.  <\/li>\n<\/ul>\n\n\n\n<ul class=\"wp-block-list\">\n<li>Cuando las personas est\u00e1n en prisi\u00f3n preventiva, se crea una inmensa presi\u00f3n para que se declaren culpables de los delitos (independientemente de las posibles defensas o de la inocencia) para minimizar o evitar los efectos desestabilizadores de estar en la c\u00e1rcel, lo que aumenta el encarcelamiento masivo.<\/li>\n<\/ul>\n\n\n\t<\/div>\n<\/div>\n\n\t<\/div>\n<\/div>\n<p><\/p>\n","protected":false},"excerpt":{"rendered":"","protected":false},"author":4,"featured_media":0,"parent":10481,"menu_order":0,"comment_status":"closed","ping_status":"closed","template":"","meta":{"footnotes":""},"lajc-tax-roles":[],"lajc-tax-issues":[82],"lajc-tax-locations":[],"class_list":["post-10493","page","type-page","status-publish","hentry","lajc-tax-issues-criminal-legal-system-es"],"acf":[],"yoast_head":"<!-- This site is optimized with the Yoast SEO plugin v27.3 - https:\/\/yoast.com\/product\/yoast-seo-wordpress\/ -->\n<title>Justicia preventiva - Legal Aid Justice Center<\/title>\n<meta name=\"description\" content=\"La ley de Virginia define el acoso escolar como &quot;cualquier comportamiento agresivo y no deseado que pretenda da\u00f1ar, intimidar o humillar a la v\u00edctima; implique un desequilibrio de poder real o percibido entre el agresor o agresores y la v\u00edctima; y se repita en el tiempo o cause un trauma emocional grave&quot;. Esto incluye el acoso cibern\u00e9tico, pero no incluye &quot;las burlas ordinarias, payasadas, discusiones o conflictos entre compa\u00f1eros.&quot;\" \/>\n<meta name=\"robots\" content=\"index, follow, max-snippet:-1, max-image-preview:large, max-video-preview:-1\" \/>\n<link rel=\"canonical\" href=\"https:\/\/www.justice4all.org\/es\/que-hacemos\/sistema-juridico-penal\/justicia-preventiva\/\" \/>\n<meta property=\"og:locale\" content=\"es_ES\" \/>\n<meta property=\"og:type\" content=\"article\" \/>\n<meta property=\"og:title\" content=\"Justicia preventiva - Legal Aid Justice Center\" \/>\n<meta property=\"og:description\" content=\"La ley de Virginia define el acoso escolar como &quot;cualquier comportamiento agresivo y no deseado que pretenda da\u00f1ar, intimidar o humillar a la v\u00edctima; implique un desequilibrio de poder real o percibido entre el agresor o agresores y la v\u00edctima; y se repita en el tiempo o cause un trauma emocional grave&quot;. Esto incluye el acoso cibern\u00e9tico, pero no incluye &quot;las burlas ordinarias, payasadas, discusiones o conflictos entre compa\u00f1eros.&quot;\" \/>\n<meta property=\"og:url\" content=\"https:\/\/www.justice4all.org\/es\/que-hacemos\/sistema-juridico-penal\/justicia-preventiva\/\" \/>\n<meta property=\"og:site_name\" content=\"Legal Aid Justice Center\" \/>\n<meta property=\"article:modified_time\" content=\"2023-07-25T21:50:41+00:00\" \/>\n<meta name=\"twitter:card\" content=\"summary_large_image\" \/>\n<meta name=\"twitter:label1\" content=\"Tiempo de lectura\" \/>\n\t<meta name=\"twitter:data1\" content=\"4 minuto\" \/>\n<script type=\"application\/ld+json\" class=\"yoast-schema-graph\">{\"@context\":\"https:\\\/\\\/schema.org\",\"@graph\":[{\"@type\":\"WebPage\",\"@id\":\"https:\\\/\\\/www.justice4all.org\\\/es\\\/que-hacemos\\\/sistema-juridico-penal\\\/justicia-preventiva\\\/\",\"url\":\"https:\\\/\\\/www.justice4all.org\\\/es\\\/que-hacemos\\\/sistema-juridico-penal\\\/justicia-preventiva\\\/\",\"name\":\"Justicia preventiva - Legal Aid Justice Center\",\"isPartOf\":{\"@id\":\"https:\\\/\\\/www.justice4all.org\\\/es\\\/#website\"},\"datePublished\":\"2023-06-02T04:02:20+00:00\",\"dateModified\":\"2023-07-25T21:50:41+00:00\",\"description\":\"La ley de Virginia define el acoso escolar como \\\"cualquier comportamiento agresivo y no deseado que pretenda da\u00f1ar, intimidar o humillar a la v\u00edctima; implique un desequilibrio de poder real o percibido entre el agresor o agresores y la v\u00edctima; y se repita en el tiempo o cause un trauma emocional grave\\\". Esto incluye el acoso cibern\u00e9tico, pero no incluye \\\"las burlas ordinarias, payasadas, discusiones o conflictos entre compa\u00f1eros.\\\"\",\"breadcrumb\":{\"@id\":\"https:\\\/\\\/www.justice4all.org\\\/es\\\/que-hacemos\\\/sistema-juridico-penal\\\/justicia-preventiva\\\/#breadcrumb\"},\"inLanguage\":\"es\",\"potentialAction\":[{\"@type\":\"ReadAction\",\"target\":[\"https:\\\/\\\/www.justice4all.org\\\/es\\\/que-hacemos\\\/sistema-juridico-penal\\\/justicia-preventiva\\\/\"]}]},{\"@type\":\"BreadcrumbList\",\"@id\":\"https:\\\/\\\/www.justice4all.org\\\/es\\\/que-hacemos\\\/sistema-juridico-penal\\\/justicia-preventiva\\\/#breadcrumb\",\"itemListElement\":[{\"@type\":\"ListItem\",\"position\":1,\"name\":\"Home\",\"item\":\"https:\\\/\\\/www.justice4all.org\\\/es\\\/\"},{\"@type\":\"ListItem\",\"position\":2,\"name\":\"Qu\u00e9 hacemos\",\"item\":\"https:\\\/\\\/www.justice4all.org\\\/es\\\/que-hacemos\\\/\"},{\"@type\":\"ListItem\",\"position\":3,\"name\":\"Sistema jur\u00eddico penal\",\"item\":\"https:\\\/\\\/www.justice4all.org\\\/es\\\/que-hacemos\\\/sistema-juridico-penal\\\/\"},{\"@type\":\"ListItem\",\"position\":4,\"name\":\"Justicia preventiva\"}]},{\"@type\":\"WebSite\",\"@id\":\"https:\\\/\\\/www.justice4all.org\\\/es\\\/#website\",\"url\":\"https:\\\/\\\/www.justice4all.org\\\/es\\\/\",\"name\":\"Legal Aid Justice Center\",\"description\":\"\",\"potentialAction\":[{\"@type\":\"SearchAction\",\"target\":{\"@type\":\"EntryPoint\",\"urlTemplate\":\"https:\\\/\\\/www.justice4all.org\\\/es\\\/?s={search_term_string}\"},\"query-input\":{\"@type\":\"PropertyValueSpecification\",\"valueRequired\":true,\"valueName\":\"search_term_string\"}}],\"inLanguage\":\"es\"}]}<\/script>\n<!-- \/ Yoast SEO plugin. -->","yoast_head_json":{"title":"Justicia preventiva - Legal Aid Justice Center","description":"La ley de Virginia define el acoso escolar como \"cualquier comportamiento agresivo y no deseado que pretenda da\u00f1ar, intimidar o humillar a la v\u00edctima; implique un desequilibrio de poder real o percibido entre el agresor o agresores y la v\u00edctima; y se repita en el tiempo o cause un trauma emocional grave\". Esto incluye el acoso cibern\u00e9tico, pero no incluye \"las burlas ordinarias, payasadas, discusiones o conflictos entre compa\u00f1eros.\"","robots":{"index":"index","follow":"follow","max-snippet":"max-snippet:-1","max-image-preview":"max-image-preview:large","max-video-preview":"max-video-preview:-1"},"canonical":"https:\/\/www.justice4all.org\/es\/que-hacemos\/sistema-juridico-penal\/justicia-preventiva\/","og_locale":"es_ES","og_type":"article","og_title":"Justicia preventiva - Legal Aid Justice Center","og_description":"La ley de Virginia define el acoso escolar como \"cualquier comportamiento agresivo y no deseado que pretenda da\u00f1ar, intimidar o humillar a la v\u00edctima; implique un desequilibrio de poder real o percibido entre el agresor o agresores y la v\u00edctima; y se repita en el tiempo o cause un trauma emocional grave\". Esto incluye el acoso cibern\u00e9tico, pero no incluye \"las burlas ordinarias, payasadas, discusiones o conflictos entre compa\u00f1eros.\"","og_url":"https:\/\/www.justice4all.org\/es\/que-hacemos\/sistema-juridico-penal\/justicia-preventiva\/","og_site_name":"Legal Aid Justice Center","article_modified_time":"2023-07-25T21:50:41+00:00","twitter_card":"summary_large_image","twitter_misc":{"Tiempo de lectura":"4 minuto"},"schema":{"@context":"https:\/\/schema.org","@graph":[{"@type":"WebPage","@id":"https:\/\/www.justice4all.org\/es\/que-hacemos\/sistema-juridico-penal\/justicia-preventiva\/","url":"https:\/\/www.justice4all.org\/es\/que-hacemos\/sistema-juridico-penal\/justicia-preventiva\/","name":"Justicia preventiva - Legal Aid Justice Center","isPartOf":{"@id":"https:\/\/www.justice4all.org\/es\/#website"},"datePublished":"2023-06-02T04:02:20+00:00","dateModified":"2023-07-25T21:50:41+00:00","description":"La ley de Virginia define el acoso escolar como \"cualquier comportamiento agresivo y no deseado que pretenda da\u00f1ar, intimidar o humillar a la v\u00edctima; implique un desequilibrio de poder real o percibido entre el agresor o agresores y la v\u00edctima; y se repita en el tiempo o cause un trauma emocional grave\". Esto incluye el acoso cibern\u00e9tico, pero no incluye \"las burlas ordinarias, payasadas, discusiones o conflictos entre compa\u00f1eros.\"","breadcrumb":{"@id":"https:\/\/www.justice4all.org\/es\/que-hacemos\/sistema-juridico-penal\/justicia-preventiva\/#breadcrumb"},"inLanguage":"es","potentialAction":[{"@type":"ReadAction","target":["https:\/\/www.justice4all.org\/es\/que-hacemos\/sistema-juridico-penal\/justicia-preventiva\/"]}]},{"@type":"BreadcrumbList","@id":"https:\/\/www.justice4all.org\/es\/que-hacemos\/sistema-juridico-penal\/justicia-preventiva\/#breadcrumb","itemListElement":[{"@type":"ListItem","position":1,"name":"Home","item":"https:\/\/www.justice4all.org\/es\/"},{"@type":"ListItem","position":2,"name":"Qu\u00e9 hacemos","item":"https:\/\/www.justice4all.org\/es\/que-hacemos\/"},{"@type":"ListItem","position":3,"name":"Sistema jur\u00eddico penal","item":"https:\/\/www.justice4all.org\/es\/que-hacemos\/sistema-juridico-penal\/"},{"@type":"ListItem","position":4,"name":"Justicia preventiva"}]},{"@type":"WebSite","@id":"https:\/\/www.justice4all.org\/es\/#website","url":"https:\/\/www.justice4all.org\/es\/","name":"Legal Aid Justice Center","description":"","potentialAction":[{"@type":"SearchAction","target":{"@type":"EntryPoint","urlTemplate":"https:\/\/www.justice4all.org\/es\/?s={search_term_string}"},"query-input":{"@type":"PropertyValueSpecification","valueRequired":true,"valueName":"search_term_string"}}],"inLanguage":"es"}]}},"_links":{"self":[{"href":"https:\/\/www.justice4all.org\/es\/wp-json\/wp\/v2\/pages\/10493","targetHints":{"allow":["GET"]}}],"collection":[{"href":"https:\/\/www.justice4all.org\/es\/wp-json\/wp\/v2\/pages"}],"about":[{"href":"https:\/\/www.justice4all.org\/es\/wp-json\/wp\/v2\/types\/page"}],"author":[{"embeddable":true,"href":"https:\/\/www.justice4all.org\/es\/wp-json\/wp\/v2\/users\/4"}],"replies":[{"embeddable":true,"href":"https:\/\/www.justice4all.org\/es\/wp-json\/wp\/v2\/comments?post=10493"}],"version-history":[{"count":0,"href":"https:\/\/www.justice4all.org\/es\/wp-json\/wp\/v2\/pages\/10493\/revisions"}],"up":[{"embeddable":true,"href":"https:\/\/www.justice4all.org\/es\/wp-json\/wp\/v2\/pages\/10481"}],"wp:attachment":[{"href":"https:\/\/www.justice4all.org\/es\/wp-json\/wp\/v2\/media?parent=10493"}],"wp:term":[{"taxonomy":"lajc-tax-roles","embeddable":true,"href":"https:\/\/www.justice4all.org\/es\/wp-json\/wp\/v2\/lajc-tax-roles?post=10493"},{"taxonomy":"lajc-tax-issues","embeddable":true,"href":"https:\/\/www.justice4all.org\/es\/wp-json\/wp\/v2\/lajc-tax-issues?post=10493"},{"taxonomy":"lajc-tax-locations","embeddable":true,"href":"https:\/\/www.justice4all.org\/es\/wp-json\/wp\/v2\/lajc-tax-locations?post=10493"}],"curies":[{"name":"wp","href":"https:\/\/api.w.org\/{rel}","templated":true}]}}