{"id":10492,"date":"2023-06-02T16:27:15","date_gmt":"2023-06-02T16:27:15","guid":{"rendered":"https:\/\/lajc2023stg.wpengine.com\/que-hacemos\/sistema-juridico-penal\/multas-y-tasas\/beneficiarios-del-ssa-con-deudas-penales\/"},"modified":"2023-07-25T19:03:00","modified_gmt":"2023-07-25T19:03:00","slug":"beneficiarios-del-ssa-con-deudas-penales","status":"publish","type":"page","link":"https:\/\/www.justice4all.org\/es\/que-hacemos\/sistema-juridico-penal\/multas-y-tasas\/beneficiarios-del-ssa-con-deudas-penales\/","title":{"rendered":"Beneficiarios del SSA con deudas penales"},"content":{"rendered":"\n\n\n\n<style type=\"text\/css\">\n\t.edit-post-visual-editor [data-block=\"52ec9fae9a3d175e573d4ddfa37f07bd\"] {\n\t\twidth: calc((12 \/ 12) * 100%)!important;\n\t\tmin-width: calc((12 \/ 12) * 100%)!important;\n\t}\n<\/style>\n\n<div id=\"block_52ec9fae9a3d175e573d4ddfa37f07bd\" class=\"col-lg-12 custom-column-block\">\n\t<div class=\"custom-column-wrapper  \">\n\t\t\n\n\n\n  <style type=\"text\/css\">\n    #block_88dd0929dd60a9205b0ae49a176412bf > div{\n                                        margin-left: calc(8 * 16px);\n                          margin-right: calc(8 * 16px);\n              \n                                        padding-left: calc(8 * 16px);\n                          padding-right: calc(8 * 16px);\n                  }\n\n    @media screen and (min-width: 768px) and (max-width: 991px) {\n      #block_88dd0929dd60a9205b0ae49a176412bf > div{\n                                                  margin-left: calc(8 * 12px);  \n                                margin-right: calc(8 * 12px);  \n                    \n                                                  padding-left: calc(8 * 12px);\n                                padding-right: calc(8 * 12px);\n                        }\n    }\n\n    @media screen and (min-width: 480px) and (max-width: 767px) {\n      #block_88dd0929dd60a9205b0ae49a176412bf > div{\n                                                  margin-left: calc(8 * 8px);  \n                                margin-right: calc(8 * 8px);  \n                    \n                                                  padding-left: calc(8 * 8px);\n                                padding-right: calc(8 * 8px);\n                        }\n    }\n\n    @media screen and (max-width: 479px) {\n      #block_88dd0929dd60a9205b0ae49a176412bf > div{\n                                                  margin-left: calc(8 * 4px);  \n                                margin-right: calc(8 * 4px);  \n                    \n                                                  padding-left: calc(8 * 4px);\n                                padding-right: calc(8 * 4px);\n                        }\n    }\n\n  <\/style>\n\n<style type=\"text\/css\">\n\t.edit-post-visual-editor [data-block=\"88dd0929dd60a9205b0ae49a176412bf\"] {\n\t\twidth: calc((12 \/ 12) * 100%)!important;\n\t\tmin-width: calc((12 \/ 12) * 100%)!important;\n\t}\n<\/style>\n\n<div id=\"block_88dd0929dd60a9205b0ae49a176412bf\" class=\"col-lg-12 custom-column-block\">\n\t<div class=\"custom-column-wrapper  \">\n\t\t\n\n<h2 class=\"wp-block-heading is-style-underlined-with-icon\">MULTAS Y TASAS:<\/h2>\n\n\n\n<h2 class=\"wp-block-heading has-gunpowder-color has-text-color\" style=\"font-size:53px\">AYUDAR A LOS BENEFICIARIOS DE LA SSA CON DEUDAS PENALES\/DE TR\u00c1FICO A OBTENER ALIVIO<\/h2>\n\n\n\t<\/div>\n<\/div>\n\n\n\n\n  <style type=\"text\/css\">\n    #block_88dd0929dd60a9205b0ae49a176412bf > div{\n                                        margin-left: calc(8 * 16px);\n                          margin-right: calc(8 * 16px);\n              \n                                        padding-left: calc(8 * 16px);\n                          padding-right: calc(8 * 16px);\n                  }\n\n    @media screen and (min-width: 768px) and (max-width: 991px) {\n      #block_88dd0929dd60a9205b0ae49a176412bf > div{\n                                                  margin-left: calc(8 * 12px);  \n                                margin-right: calc(8 * 12px);  \n                    \n                                                  padding-left: calc(8 * 12px);\n                                padding-right: calc(8 * 12px);\n                        }\n    }\n\n    @media screen and (min-width: 480px) and (max-width: 767px) {\n      #block_88dd0929dd60a9205b0ae49a176412bf > div{\n                                                  margin-left: calc(8 * 8px);  \n                                margin-right: calc(8 * 8px);  \n                    \n                                                  padding-left: calc(8 * 8px);\n                                padding-right: calc(8 * 8px);\n                        }\n    }\n\n    @media screen and (max-width: 479px) {\n      #block_88dd0929dd60a9205b0ae49a176412bf > div{\n                                                  margin-left: calc(8 * 4px);  \n                                margin-right: calc(8 * 4px);  \n                    \n                                                  padding-left: calc(8 * 4px);\n                                padding-right: calc(8 * 4px);\n                        }\n    }\n\n  <\/style>\n\n<style type=\"text\/css\">\n\t.edit-post-visual-editor [data-block=\"88dd0929dd60a9205b0ae49a176412bf\"] {\n\t\twidth: calc((12 \/ 12) * 100%)!important;\n\t\tmin-width: calc((12 \/ 12) * 100%)!important;\n\t}\n<\/style>\n\n<div id=\"block_88dd0929dd60a9205b0ae49a176412bf\" class=\"col-lg-12 custom-column-block\">\n\t<div class=\"custom-column-wrapper  \">\n\t\t\n\n<p>Muchos virginianos -incluidas las personas que reciben prestaciones de la Administraci\u00f3n de la Seguridad Social (SSA)- tienen deudas penales o de tr\u00e1fico en los tribunales estatales de Virginia. La deuda judicial puede incluir multas, tasas, restituci\u00f3n, intereses u otros cargos. Los tribunales suelen esperar que los virginianos con deudas judiciales realicen los pagos, pero los beneficiarios de la SSA con bajos ingresos pueden estar luchando con esta deuda, al mismo tiempo que se mantienen al d\u00eda con los gastos b\u00e1sicos de vida.<\/p>\n\n\n\n<p>La ley federal otorga un poderoso derecho a los beneficiarios de la SSA de Virginia con bajos ingresos. Pero la mayor\u00eda de la gente (incluidos jueces, abogados y los propios beneficiarios de la SSA) ni siquiera lo sabe.  <\/p>\n\n\n\n<p><strong>LA LEY Y POR QU\u00c9 ES IMPORTANTE  <\/strong><\/p>\n\n\n\n<p>Esta ley es la ley anti-alienaci\u00f3n de la SSA, que ordena que \u00abninguna de las sumas pagadas o pagaderas o derechos existentes en virtud de este subcap\u00edtulo estar\u00e1n sujetos a ejecuci\u00f3n, gravamen, embargo, embargo o retenci\u00f3n\u00bb.  <em>otros procedimientos judiciales<\/em>o a la aplicaci\u00f3n de cualquier ley de quiebra o insolvencia\u00bb. 42 U.S.C. \u00a7 407(a).<\/p>\n\n\n\n<p>Otro proceso legal: significa la forma en que un tribunal separa a una persona de su dinero. Esta prohibici\u00f3n significa que los tribunales no pueden computar las prestaciones de la SSA en los ingresos de una persona y no pueden pedir que la gente haga ning\u00fan pago contra la deuda judicial de esas prestaciones, tanto si el tribunal est\u00e1 tratando de cobrar dinero como si est\u00e1 estableciendo un plan de pagos.<\/p>\n\n\n\n<p>Para aquellos virginianos cuya \u00fanica fuente de ingresos sean las prestaciones de la SSA, no debe esperarse ning\u00fan pago para su deuda judicial (al menos hasta que dispongan de otros ingresos).<\/p>\n\n\n\n<p><strong>\u00bfQU\u00c9 PUEDEN HACER LOS BENEFICIARIOS DE LA SSA CON DEUDAS JUDICIALES?<\/strong><\/p>\n\n\n\n<p>Los virginianos afectados, y sus defensores, deber\u00edan plantear esta cuesti\u00f3n a los tribunales en los que tengan deudas judiciales, ya que podr\u00eda reducir o incluso eliminar una deuda que causa estr\u00e9s financiero, y familiarizar\u00e1 a los tribunales con el requisito antialienaci\u00f3n de la SSA.<\/p>\n\n\n\n<p>En la mayor\u00eda de los casos, los beneficiarios de la SSA con deudas judiciales 1) tienen un plan de pagos con el juzgado donde deben la deuda judicial (lo m\u00e1s habitual es que lo supervise la secretar\u00eda del juzgado), o bien 2) estar interactuando con un agente de cobros que supervise esa deuda (que podr\u00eda incluir el Departamento de Impuestos de Virginia, la oficina local del Fiscal del Estado, un tesorero local o una agencia privada). Los beneficiarios deben ponerse en contacto con quien supervise su deuda judicial y solicitar que sus prestaciones de la Seguridad Social no se contabilicen como ingresos a la hora de determinar su capacidad de pago. Si no disponen de otra fuente de ingresos, los beneficiarios deben solicitar que los pagos fraccionados se fijen en cero, hasta que dispongan de otros ingresos. El organismo que responde puede ordenar al beneficiario que presente una petici\u00f3n de reparaci\u00f3n ante el tribunal.  <\/p>\n\n\n\n<p><strong>\u00bfTIENE ALGUNA PREGUNTA?  <\/strong><\/p>\n\n\n\n<p>El Centro de Justicia y Asistencia Jur\u00eddica est\u00e1 trabajando en este asunto y tal vez pueda dar una respuesta. Env\u00ede un correo electr\u00f3nico <a href=\"mailto:finesandfees@justice4all.org\">a finesandfees@justice4all.org<\/a> o llame al (804) 643-1086.<\/p>\n\n\n\t<\/div>\n<\/div>\n\n\t<\/div>\n<\/div>\n<p><\/p>\n","protected":false},"excerpt":{"rendered":"","protected":false},"author":4,"featured_media":0,"parent":10484,"menu_order":3,"comment_status":"closed","ping_status":"closed","template":"","meta":{"footnotes":""},"lajc-tax-roles":[],"lajc-tax-issues":[82],"lajc-tax-locations":[],"class_list":["post-10492","page","type-page","status-publish","hentry","lajc-tax-issues-criminal-legal-system-es"],"acf":[],"yoast_head":"<!-- This site is optimized with the Yoast SEO plugin v27.4 - https:\/\/yoast.com\/product\/yoast-seo-wordpress\/ -->\n<title>Beneficiarios del SSA con deudas penales - Legal Aid Justice Center<\/title>\n<meta name=\"description\" content=\"La ley de Virginia define el acoso escolar como &quot;cualquier comportamiento agresivo y no deseado que pretenda da\u00f1ar, intimidar o humillar a la v\u00edctima; implique un desequilibrio de poder real o percibido entre el agresor o agresores y la v\u00edctima; y se repita en el tiempo o cause un trauma emocional grave&quot;. Esto incluye el acoso cibern\u00e9tico, pero no incluye &quot;las burlas ordinarias, payasadas, discusiones o conflictos entre compa\u00f1eros.&quot;\" \/>\n<meta name=\"robots\" content=\"index, follow, max-snippet:-1, max-image-preview:large, max-video-preview:-1\" \/>\n<link rel=\"canonical\" href=\"https:\/\/www.justice4all.org\/es\/que-hacemos\/sistema-juridico-penal\/multas-y-tasas\/beneficiarios-del-ssa-con-deudas-penales\/\" \/>\n<meta property=\"og:locale\" content=\"es_ES\" \/>\n<meta property=\"og:type\" content=\"article\" \/>\n<meta property=\"og:title\" content=\"Beneficiarios del SSA con deudas penales - Legal Aid Justice Center\" \/>\n<meta property=\"og:description\" content=\"La ley de Virginia define el acoso escolar como &quot;cualquier comportamiento agresivo y no deseado que pretenda da\u00f1ar, intimidar o humillar a la v\u00edctima; implique un desequilibrio de poder real o percibido entre el agresor o agresores y la v\u00edctima; y se repita en el tiempo o cause un trauma emocional grave&quot;. Esto incluye el acoso cibern\u00e9tico, pero no incluye &quot;las burlas ordinarias, payasadas, discusiones o conflictos entre compa\u00f1eros.&quot;\" \/>\n<meta property=\"og:url\" content=\"https:\/\/www.justice4all.org\/es\/que-hacemos\/sistema-juridico-penal\/multas-y-tasas\/beneficiarios-del-ssa-con-deudas-penales\/\" \/>\n<meta property=\"og:site_name\" content=\"Legal Aid Justice Center\" \/>\n<meta property=\"article:modified_time\" content=\"2023-07-25T19:03:00+00:00\" \/>\n<meta name=\"twitter:card\" content=\"summary_large_image\" \/>\n<meta name=\"twitter:label1\" content=\"Tiempo de lectura\" \/>\n\t<meta name=\"twitter:data1\" content=\"3 minuto\" \/>\n<script type=\"application\/ld+json\" class=\"yoast-schema-graph\">{\"@context\":\"https:\\\/\\\/schema.org\",\"@graph\":[{\"@type\":\"WebPage\",\"@id\":\"https:\\\/\\\/www.justice4all.org\\\/es\\\/que-hacemos\\\/sistema-juridico-penal\\\/multas-y-tasas\\\/beneficiarios-del-ssa-con-deudas-penales\\\/\",\"url\":\"https:\\\/\\\/www.justice4all.org\\\/es\\\/que-hacemos\\\/sistema-juridico-penal\\\/multas-y-tasas\\\/beneficiarios-del-ssa-con-deudas-penales\\\/\",\"name\":\"Beneficiarios del SSA con deudas penales - Legal Aid Justice Center\",\"isPartOf\":{\"@id\":\"https:\\\/\\\/www.justice4all.org\\\/es\\\/#website\"},\"datePublished\":\"2023-06-02T16:27:15+00:00\",\"dateModified\":\"2023-07-25T19:03:00+00:00\",\"description\":\"La ley de Virginia define el acoso escolar como \\\"cualquier comportamiento agresivo y no deseado que pretenda da\u00f1ar, intimidar o humillar a la v\u00edctima; implique un desequilibrio de poder real o percibido entre el agresor o agresores y la v\u00edctima; y se repita en el tiempo o cause un trauma emocional grave\\\". Esto incluye el acoso cibern\u00e9tico, pero no incluye \\\"las burlas ordinarias, payasadas, discusiones o conflictos entre compa\u00f1eros.\\\"\",\"breadcrumb\":{\"@id\":\"https:\\\/\\\/www.justice4all.org\\\/es\\\/que-hacemos\\\/sistema-juridico-penal\\\/multas-y-tasas\\\/beneficiarios-del-ssa-con-deudas-penales\\\/#breadcrumb\"},\"inLanguage\":\"es\",\"potentialAction\":[{\"@type\":\"ReadAction\",\"target\":[\"https:\\\/\\\/www.justice4all.org\\\/es\\\/que-hacemos\\\/sistema-juridico-penal\\\/multas-y-tasas\\\/beneficiarios-del-ssa-con-deudas-penales\\\/\"]}]},{\"@type\":\"BreadcrumbList\",\"@id\":\"https:\\\/\\\/www.justice4all.org\\\/es\\\/que-hacemos\\\/sistema-juridico-penal\\\/multas-y-tasas\\\/beneficiarios-del-ssa-con-deudas-penales\\\/#breadcrumb\",\"itemListElement\":[{\"@type\":\"ListItem\",\"position\":1,\"name\":\"Home\",\"item\":\"https:\\\/\\\/www.justice4all.org\\\/es\\\/\"},{\"@type\":\"ListItem\",\"position\":2,\"name\":\"Qu\u00e9 hacemos\",\"item\":\"https:\\\/\\\/www.justice4all.org\\\/es\\\/que-hacemos\\\/\"},{\"@type\":\"ListItem\",\"position\":3,\"name\":\"Sistema jur\u00eddico penal\",\"item\":\"https:\\\/\\\/www.justice4all.org\\\/es\\\/que-hacemos\\\/sistema-juridico-penal\\\/\"},{\"@type\":\"ListItem\",\"position\":4,\"name\":\"Multas y tasas\",\"item\":\"https:\\\/\\\/www.justice4all.org\\\/es\\\/que-hacemos\\\/sistema-juridico-penal\\\/multas-y-tasas\\\/\"},{\"@type\":\"ListItem\",\"position\":5,\"name\":\"Beneficiarios del SSA con deudas penales\"}]},{\"@type\":\"WebSite\",\"@id\":\"https:\\\/\\\/www.justice4all.org\\\/es\\\/#website\",\"url\":\"https:\\\/\\\/www.justice4all.org\\\/es\\\/\",\"name\":\"Legal Aid Justice Center\",\"description\":\"\",\"potentialAction\":[{\"@type\":\"SearchAction\",\"target\":{\"@type\":\"EntryPoint\",\"urlTemplate\":\"https:\\\/\\\/www.justice4all.org\\\/es\\\/?s={search_term_string}\"},\"query-input\":{\"@type\":\"PropertyValueSpecification\",\"valueRequired\":true,\"valueName\":\"search_term_string\"}}],\"inLanguage\":\"es\"}]}<\/script>\n<!-- \/ Yoast SEO plugin. -->","yoast_head_json":{"title":"Beneficiarios del SSA con deudas penales - Legal Aid Justice Center","description":"La ley de Virginia define el acoso escolar como \"cualquier comportamiento agresivo y no deseado que pretenda da\u00f1ar, intimidar o humillar a la v\u00edctima; implique un desequilibrio de poder real o percibido entre el agresor o agresores y la v\u00edctima; y se repita en el tiempo o cause un trauma emocional grave\". Esto incluye el acoso cibern\u00e9tico, pero no incluye \"las burlas ordinarias, payasadas, discusiones o conflictos entre compa\u00f1eros.\"","robots":{"index":"index","follow":"follow","max-snippet":"max-snippet:-1","max-image-preview":"max-image-preview:large","max-video-preview":"max-video-preview:-1"},"canonical":"https:\/\/www.justice4all.org\/es\/que-hacemos\/sistema-juridico-penal\/multas-y-tasas\/beneficiarios-del-ssa-con-deudas-penales\/","og_locale":"es_ES","og_type":"article","og_title":"Beneficiarios del SSA con deudas penales - Legal Aid Justice Center","og_description":"La ley de Virginia define el acoso escolar como \"cualquier comportamiento agresivo y no deseado que pretenda da\u00f1ar, intimidar o humillar a la v\u00edctima; implique un desequilibrio de poder real o percibido entre el agresor o agresores y la v\u00edctima; y se repita en el tiempo o cause un trauma emocional grave\". Esto incluye el acoso cibern\u00e9tico, pero no incluye \"las burlas ordinarias, payasadas, discusiones o conflictos entre compa\u00f1eros.\"","og_url":"https:\/\/www.justice4all.org\/es\/que-hacemos\/sistema-juridico-penal\/multas-y-tasas\/beneficiarios-del-ssa-con-deudas-penales\/","og_site_name":"Legal Aid Justice Center","article_modified_time":"2023-07-25T19:03:00+00:00","twitter_card":"summary_large_image","twitter_misc":{"Tiempo de lectura":"3 minuto"},"schema":{"@context":"https:\/\/schema.org","@graph":[{"@type":"WebPage","@id":"https:\/\/www.justice4all.org\/es\/que-hacemos\/sistema-juridico-penal\/multas-y-tasas\/beneficiarios-del-ssa-con-deudas-penales\/","url":"https:\/\/www.justice4all.org\/es\/que-hacemos\/sistema-juridico-penal\/multas-y-tasas\/beneficiarios-del-ssa-con-deudas-penales\/","name":"Beneficiarios del SSA con deudas penales - Legal Aid Justice Center","isPartOf":{"@id":"https:\/\/www.justice4all.org\/es\/#website"},"datePublished":"2023-06-02T16:27:15+00:00","dateModified":"2023-07-25T19:03:00+00:00","description":"La ley de Virginia define el acoso escolar como \"cualquier comportamiento agresivo y no deseado que pretenda da\u00f1ar, intimidar o humillar a la v\u00edctima; implique un desequilibrio de poder real o percibido entre el agresor o agresores y la v\u00edctima; y se repita en el tiempo o cause un trauma emocional grave\". Esto incluye el acoso cibern\u00e9tico, pero no incluye \"las burlas ordinarias, payasadas, discusiones o conflictos entre compa\u00f1eros.\"","breadcrumb":{"@id":"https:\/\/www.justice4all.org\/es\/que-hacemos\/sistema-juridico-penal\/multas-y-tasas\/beneficiarios-del-ssa-con-deudas-penales\/#breadcrumb"},"inLanguage":"es","potentialAction":[{"@type":"ReadAction","target":["https:\/\/www.justice4all.org\/es\/que-hacemos\/sistema-juridico-penal\/multas-y-tasas\/beneficiarios-del-ssa-con-deudas-penales\/"]}]},{"@type":"BreadcrumbList","@id":"https:\/\/www.justice4all.org\/es\/que-hacemos\/sistema-juridico-penal\/multas-y-tasas\/beneficiarios-del-ssa-con-deudas-penales\/#breadcrumb","itemListElement":[{"@type":"ListItem","position":1,"name":"Home","item":"https:\/\/www.justice4all.org\/es\/"},{"@type":"ListItem","position":2,"name":"Qu\u00e9 hacemos","item":"https:\/\/www.justice4all.org\/es\/que-hacemos\/"},{"@type":"ListItem","position":3,"name":"Sistema jur\u00eddico penal","item":"https:\/\/www.justice4all.org\/es\/que-hacemos\/sistema-juridico-penal\/"},{"@type":"ListItem","position":4,"name":"Multas y tasas","item":"https:\/\/www.justice4all.org\/es\/que-hacemos\/sistema-juridico-penal\/multas-y-tasas\/"},{"@type":"ListItem","position":5,"name":"Beneficiarios del SSA con deudas penales"}]},{"@type":"WebSite","@id":"https:\/\/www.justice4all.org\/es\/#website","url":"https:\/\/www.justice4all.org\/es\/","name":"Legal Aid Justice Center","description":"","potentialAction":[{"@type":"SearchAction","target":{"@type":"EntryPoint","urlTemplate":"https:\/\/www.justice4all.org\/es\/?s={search_term_string}"},"query-input":{"@type":"PropertyValueSpecification","valueRequired":true,"valueName":"search_term_string"}}],"inLanguage":"es"}]}},"_links":{"self":[{"href":"https:\/\/www.justice4all.org\/es\/wp-json\/wp\/v2\/pages\/10492","targetHints":{"allow":["GET"]}}],"collection":[{"href":"https:\/\/www.justice4all.org\/es\/wp-json\/wp\/v2\/pages"}],"about":[{"href":"https:\/\/www.justice4all.org\/es\/wp-json\/wp\/v2\/types\/page"}],"author":[{"embeddable":true,"href":"https:\/\/www.justice4all.org\/es\/wp-json\/wp\/v2\/users\/4"}],"replies":[{"embeddable":true,"href":"https:\/\/www.justice4all.org\/es\/wp-json\/wp\/v2\/comments?post=10492"}],"version-history":[{"count":0,"href":"https:\/\/www.justice4all.org\/es\/wp-json\/wp\/v2\/pages\/10492\/revisions"}],"up":[{"embeddable":true,"href":"https:\/\/www.justice4all.org\/es\/wp-json\/wp\/v2\/pages\/10484"}],"wp:attachment":[{"href":"https:\/\/www.justice4all.org\/es\/wp-json\/wp\/v2\/media?parent=10492"}],"wp:term":[{"taxonomy":"lajc-tax-roles","embeddable":true,"href":"https:\/\/www.justice4all.org\/es\/wp-json\/wp\/v2\/lajc-tax-roles?post=10492"},{"taxonomy":"lajc-tax-issues","embeddable":true,"href":"https:\/\/www.justice4all.org\/es\/wp-json\/wp\/v2\/lajc-tax-issues?post=10492"},{"taxonomy":"lajc-tax-locations","embeddable":true,"href":"https:\/\/www.justice4all.org\/es\/wp-json\/wp\/v2\/lajc-tax-locations?post=10492"}],"curies":[{"name":"wp","href":"https:\/\/api.w.org\/{rel}","templated":true}]}}