{"id":10491,"date":"2023-06-02T16:21:49","date_gmt":"2023-06-02T16:21:49","guid":{"rendered":"https:\/\/lajc2023stg.wpengine.com\/que-hacemos\/sistema-juridico-penal\/multas-y-tasas\/cesiones-aplazadas\/"},"modified":"2023-07-25T19:03:00","modified_gmt":"2023-07-25T19:03:00","slug":"cesiones-aplazadas","status":"publish","type":"page","link":"https:\/\/www.justice4all.org\/es\/que-hacemos\/sistema-juridico-penal\/multas-y-tasas\/cesiones-aplazadas\/","title":{"rendered":"Cesiones aplazadas"},"content":{"rendered":"\n\n\n\n<style type=\"text\/css\">\n\t.edit-post-visual-editor [data-block=\"5aa74ca1f0a150c387eee1f4a8d2a73a\"] {\n\t\twidth: calc((12 \/ 12) * 100%)!important;\n\t\tmin-width: calc((12 \/ 12) * 100%)!important;\n\t}\n<\/style>\n\n<div id=\"block_5aa74ca1f0a150c387eee1f4a8d2a73a\" class=\"col-lg-12 custom-column-block\">\n\t<div class=\"custom-column-wrapper  \">\n\t\t\n\n\n\n  <style type=\"text\/css\">\n    #block_747f0d972f8042d819f0672ba2060238 > div{\n                                        margin-left: calc(8 * 16px);\n                          margin-right: calc(8 * 16px);\n              \n                                        padding-left: calc(8 * 16px);\n                          padding-right: calc(8 * 16px);\n                  }\n\n    @media screen and (min-width: 768px) and (max-width: 991px) {\n      #block_747f0d972f8042d819f0672ba2060238 > div{\n                                                  margin-left: calc(8 * 12px);  \n                                margin-right: calc(8 * 12px);  \n                    \n                                                  padding-left: calc(8 * 12px);\n                                padding-right: calc(8 * 12px);\n                        }\n    }\n\n    @media screen and (min-width: 480px) and (max-width: 767px) {\n      #block_747f0d972f8042d819f0672ba2060238 > div{\n                                                  margin-left: calc(8 * 8px);  \n                                margin-right: calc(8 * 8px);  \n                    \n                                                  padding-left: calc(8 * 8px);\n                                padding-right: calc(8 * 8px);\n                        }\n    }\n\n    @media screen and (max-width: 479px) {\n      #block_747f0d972f8042d819f0672ba2060238 > div{\n                                                  margin-left: calc(8 * 4px);  \n                                margin-right: calc(8 * 4px);  \n                    \n                                                  padding-left: calc(8 * 4px);\n                                padding-right: calc(8 * 4px);\n                        }\n    }\n\n  <\/style>\n\n<style type=\"text\/css\">\n\t.edit-post-visual-editor [data-block=\"747f0d972f8042d819f0672ba2060238\"] {\n\t\twidth: calc((12 \/ 12) * 100%)!important;\n\t\tmin-width: calc((12 \/ 12) * 100%)!important;\n\t}\n<\/style>\n\n<div id=\"block_747f0d972f8042d819f0672ba2060238\" class=\"col-lg-12 custom-column-block\">\n\t<div class=\"custom-column-wrapper  \">\n\t\t\n\n<h2 class=\"wp-block-heading is-style-underlined-with-icon\">MULTAS Y TASAS:<\/h2>\n\n\n\n<h2 class=\"wp-block-heading has-gunpowder-color has-text-color\" style=\"font-size:53px\">DISPOSICIONES APLAZADAS Y COSTAS JUDICIALES<\/h2>\n\n\n\t<\/div>\n<\/div>\n\n\n\n\n  <style type=\"text\/css\">\n    #block_747f0d972f8042d819f0672ba2060238 > div{\n                                        margin-left: calc(8 * 16px);\n                          margin-right: calc(8 * 16px);\n              \n                                        padding-left: calc(8 * 16px);\n                          padding-right: calc(8 * 16px);\n                  }\n\n    @media screen and (min-width: 768px) and (max-width: 991px) {\n      #block_747f0d972f8042d819f0672ba2060238 > div{\n                                                  margin-left: calc(8 * 12px);  \n                                margin-right: calc(8 * 12px);  \n                    \n                                                  padding-left: calc(8 * 12px);\n                                padding-right: calc(8 * 12px);\n                        }\n    }\n\n    @media screen and (min-width: 480px) and (max-width: 767px) {\n      #block_747f0d972f8042d819f0672ba2060238 > div{\n                                                  margin-left: calc(8 * 8px);  \n                                margin-right: calc(8 * 8px);  \n                    \n                                                  padding-left: calc(8 * 8px);\n                                padding-right: calc(8 * 8px);\n                        }\n    }\n\n    @media screen and (max-width: 479px) {\n      #block_747f0d972f8042d819f0672ba2060238 > div{\n                                                  margin-left: calc(8 * 4px);  \n                                margin-right: calc(8 * 4px);  \n                    \n                                                  padding-left: calc(8 * 4px);\n                                padding-right: calc(8 * 4px);\n                        }\n    }\n\n  <\/style>\n\n<style type=\"text\/css\">\n\t.edit-post-visual-editor [data-block=\"747f0d972f8042d819f0672ba2060238\"] {\n\t\twidth: calc((12 \/ 12) * 100%)!important;\n\t\tmin-width: calc((12 \/ 12) * 100%)!important;\n\t}\n<\/style>\n\n<div id=\"block_747f0d972f8042d819f0672ba2060238\" class=\"col-lg-12 custom-column-block\">\n\t<div class=\"custom-column-wrapper  \">\n\t\t\n\n<p>Una disposici\u00f3n diferida (o sobreseimiento diferido) es un acuerdo por el que alguien cumplir\u00e1 ciertas condiciones para evitar una condena. El caso se desestima una vez cumplidas las condiciones. Si no se cumplen las condiciones, se dictar\u00e1 sentencia condenatoria. (nota: para recibir una disposici\u00f3n diferida, normalmente tiene que declararse culpable o aceptar que hay pruebas suficientes para declararle culpable).<\/p>\n\n\n\n<p>Muchos cargos son elegibles para disposiciones diferidas, como los cargos por drogas por primera vez<a href=\"https:\/\/law.lis.virginia.gov\/vacode\/title18.2\/chapter7\/section18.2-251\/#:~:text=Health%20and%20Safety-,%C2%A7%2018.2%2D251.,and%20fees%3B%20violations%3B%20discharge\">(\u00a7 18.2-251<\/a>) o por violencia dom\u00e9stica<a href=\"https:\/\/law.lis.virginia.gov\/vacode\/title18.2\/chapter4\/section18.2-57.3\/\">(\u00a7 18.2-57.3<\/a>). Existe una ley<a href=\"https:\/\/law.lis.virginia.gov\/vacode\/title19.2\/chapter18\/section19.2-298.02\/?msclkid=77d2fe90a95d11ec878c9b001c670058\">(\u00a7 19.2-298.02<\/a>) que permite una disposici\u00f3n diferida si las partes o el tribunal consideran adecuadas las circunstancias.<\/p>\n\n\n\n<p>Las condiciones comunes para las disposiciones diferidas en Virginia incluyen libertad condicional, servicio comunitario, pagar restituci\u00f3n a la persona perjudicada, completar ciertas clases o programas de rehabilitaci\u00f3n, y m\u00e1s. <\/p>\n\n\n\n<p><strong>IMPACTO DE LOS COSTES CONDICIONALES EN LOS ACUSADOS INDIGENTES: <\/strong><\/p>\n\n\n\n<p>Una condici\u00f3n que imponen varios tribunales de Virginia para las disposiciones aplazadas es el pago de las costas judiciales. Se exige el pago de las costas judiciales en relaci\u00f3n con todas las resoluciones y condenas aplazadas, pero no hay ninguna ley que obligue a los tribunales a hacer del pago de las costas judiciales una condici\u00f3n espec\u00edfica de la resoluci\u00f3n aplazada.<\/p>\n\n\n\n<p>Esta condici\u00f3n de pagar dinero a menudo crea una barrera insuperable para que una persona evite una condena en virtud de una disposici\u00f3n diferida y, a menudo, las personas terminan con una condena simplemente porque no pueden pagar. Dado que a muchas personas con una disposici\u00f3n diferida tambi\u00e9n se les exige que paguen los costes de un tratamiento o programa de rehabilitaci\u00f3n, se ven obligadas a elegir entre pagar las costas judiciales o los costes de su programa de tratamiento. Desgraciadamente, algunos tribunales exigen el pago de ambos y dictan condenas contra una persona aunque haya cumplido todas las dem\u00e1s condiciones exigidas.<\/p>\n\n\n\n<p>LAJC trabaja actualmente para eliminar la imposici\u00f3n de costas judiciales como condici\u00f3n para una disposici\u00f3n diferida a las personas que no pueden pagarlas. Esto incluye ayudar a los profesionales a presentar argumentos contra esta pr\u00e1ctica para utilizarlos en los tribunales y explorar posibles soluciones legislativas. Esta pr\u00e1ctica puede cargar a una persona con las consecuencias colaterales de una condena durante d\u00e9cadas. La forma m\u00e1s sencilla y mejor de que los tribunales eviten este perjuicio es dejar de exigir las costas judiciales como condici\u00f3n. Sin embargo, el Tribunal Supremo de EE.UU. ha dictaminado que los tribunales deben al menos considerar las circunstancias financieras de una persona antes de imponer las costas como condici\u00f3n, y considerar la capacidad de una persona para pagar las costas antes de dictar una sentencia condenatoria \u00fanicamente por impago de las costas.<\/p>\n\n\n\n<p>Esta pr\u00e1ctica de exigir el pago de las costas judiciales para evitar una condena ha dado lugar a dos sistemas de justicia. Las personas con dinero pueden comprar una salida del sistema jur\u00eddico penal sin que una condena empa\u00f1e sus antecedentes. Las personas sin acceso al dinero acaban sufriendo condenas y las consecuencias duraderas de los antecedentes penales. Esta justicia innecesaria y desigual debe terminar; Virginia debe hacerlo mejor.<\/p>\n\n\n\n<div style=\"height:0px\" aria-hidden=\"true\" class=\"wp-block-spacer\"><\/div>\n\n\n\n<hr class=\"wp-block-separator has-alpha-channel-opacity is-style-gradient-primary\"\/>\n\n\n\n<div style=\"height:0px\" aria-hidden=\"true\" class=\"wp-block-spacer\"><\/div>\n\n\n\n<p><em>Si usted ha sido condenado por un delito porque no pod\u00eda permitirse pagar las costas judiciales impuestas en una disposici\u00f3n aplazada y est\u00e1 interesado en compartir con nosotros c\u00f3mo le han afectado estas costas, p\u00f3ngase en contacto con nosotros en <a href=\"mailto:finesandfees@justice4all.org\" target=\"_blank\" rel=\"noreferrer noopener\">finesandfees@justice4all.org.<\/a><\/em><\/p>\n\n\n\t<\/div>\n<\/div>\n\n\t<\/div>\n<\/div>\n<p><\/p>\n","protected":false},"excerpt":{"rendered":"","protected":false},"author":4,"featured_media":0,"parent":10484,"menu_order":2,"comment_status":"closed","ping_status":"closed","template":"","meta":{"footnotes":""},"lajc-tax-roles":[],"lajc-tax-issues":[82],"lajc-tax-locations":[],"class_list":["post-10491","page","type-page","status-publish","hentry","lajc-tax-issues-criminal-legal-system-es"],"acf":[],"yoast_head":"<!-- This site is optimized with the Yoast SEO plugin v27.4 - https:\/\/yoast.com\/product\/yoast-seo-wordpress\/ -->\n<title>Cesiones aplazadas - Legal Aid Justice Center<\/title>\n<meta name=\"description\" content=\"La ley de Virginia define el acoso escolar como &quot;cualquier comportamiento agresivo y no deseado que pretenda da\u00f1ar, intimidar o humillar a la v\u00edctima; implique un desequilibrio de poder real o percibido entre el agresor o agresores y la v\u00edctima; y se repita en el tiempo o cause un trauma emocional grave&quot;. Esto incluye el acoso cibern\u00e9tico, pero no incluye &quot;las burlas ordinarias, payasadas, discusiones o conflictos entre compa\u00f1eros.&quot;\" \/>\n<meta name=\"robots\" content=\"index, follow, max-snippet:-1, max-image-preview:large, max-video-preview:-1\" \/>\n<link rel=\"canonical\" href=\"https:\/\/www.justice4all.org\/es\/que-hacemos\/sistema-juridico-penal\/multas-y-tasas\/cesiones-aplazadas\/\" \/>\n<meta property=\"og:locale\" content=\"es_ES\" \/>\n<meta property=\"og:type\" content=\"article\" \/>\n<meta property=\"og:title\" content=\"Cesiones aplazadas - Legal Aid Justice Center\" \/>\n<meta property=\"og:description\" content=\"La ley de Virginia define el acoso escolar como &quot;cualquier comportamiento agresivo y no deseado que pretenda da\u00f1ar, intimidar o humillar a la v\u00edctima; implique un desequilibrio de poder real o percibido entre el agresor o agresores y la v\u00edctima; y se repita en el tiempo o cause un trauma emocional grave&quot;. Esto incluye el acoso cibern\u00e9tico, pero no incluye &quot;las burlas ordinarias, payasadas, discusiones o conflictos entre compa\u00f1eros.&quot;\" \/>\n<meta property=\"og:url\" content=\"https:\/\/www.justice4all.org\/es\/que-hacemos\/sistema-juridico-penal\/multas-y-tasas\/cesiones-aplazadas\/\" \/>\n<meta property=\"og:site_name\" content=\"Legal Aid Justice Center\" \/>\n<meta property=\"article:modified_time\" content=\"2023-07-25T19:03:00+00:00\" \/>\n<meta name=\"twitter:card\" content=\"summary_large_image\" \/>\n<meta name=\"twitter:label1\" content=\"Tiempo de lectura\" \/>\n\t<meta name=\"twitter:data1\" content=\"3 minuto\" \/>\n<script type=\"application\/ld+json\" class=\"yoast-schema-graph\">{\"@context\":\"https:\\\/\\\/schema.org\",\"@graph\":[{\"@type\":\"WebPage\",\"@id\":\"https:\\\/\\\/www.justice4all.org\\\/es\\\/que-hacemos\\\/sistema-juridico-penal\\\/multas-y-tasas\\\/cesiones-aplazadas\\\/\",\"url\":\"https:\\\/\\\/www.justice4all.org\\\/es\\\/que-hacemos\\\/sistema-juridico-penal\\\/multas-y-tasas\\\/cesiones-aplazadas\\\/\",\"name\":\"Cesiones aplazadas - Legal Aid Justice Center\",\"isPartOf\":{\"@id\":\"https:\\\/\\\/www.justice4all.org\\\/es\\\/#website\"},\"datePublished\":\"2023-06-02T16:21:49+00:00\",\"dateModified\":\"2023-07-25T19:03:00+00:00\",\"description\":\"La ley de Virginia define el acoso escolar como \\\"cualquier comportamiento agresivo y no deseado que pretenda da\u00f1ar, intimidar o humillar a la v\u00edctima; implique un desequilibrio de poder real o percibido entre el agresor o agresores y la v\u00edctima; y se repita en el tiempo o cause un trauma emocional grave\\\". Esto incluye el acoso cibern\u00e9tico, pero no incluye \\\"las burlas ordinarias, payasadas, discusiones o conflictos entre compa\u00f1eros.\\\"\",\"breadcrumb\":{\"@id\":\"https:\\\/\\\/www.justice4all.org\\\/es\\\/que-hacemos\\\/sistema-juridico-penal\\\/multas-y-tasas\\\/cesiones-aplazadas\\\/#breadcrumb\"},\"inLanguage\":\"es\",\"potentialAction\":[{\"@type\":\"ReadAction\",\"target\":[\"https:\\\/\\\/www.justice4all.org\\\/es\\\/que-hacemos\\\/sistema-juridico-penal\\\/multas-y-tasas\\\/cesiones-aplazadas\\\/\"]}]},{\"@type\":\"BreadcrumbList\",\"@id\":\"https:\\\/\\\/www.justice4all.org\\\/es\\\/que-hacemos\\\/sistema-juridico-penal\\\/multas-y-tasas\\\/cesiones-aplazadas\\\/#breadcrumb\",\"itemListElement\":[{\"@type\":\"ListItem\",\"position\":1,\"name\":\"Home\",\"item\":\"https:\\\/\\\/www.justice4all.org\\\/es\\\/\"},{\"@type\":\"ListItem\",\"position\":2,\"name\":\"Qu\u00e9 hacemos\",\"item\":\"https:\\\/\\\/www.justice4all.org\\\/es\\\/que-hacemos\\\/\"},{\"@type\":\"ListItem\",\"position\":3,\"name\":\"Sistema jur\u00eddico penal\",\"item\":\"https:\\\/\\\/www.justice4all.org\\\/es\\\/que-hacemos\\\/sistema-juridico-penal\\\/\"},{\"@type\":\"ListItem\",\"position\":4,\"name\":\"Multas y tasas\",\"item\":\"https:\\\/\\\/www.justice4all.org\\\/es\\\/que-hacemos\\\/sistema-juridico-penal\\\/multas-y-tasas\\\/\"},{\"@type\":\"ListItem\",\"position\":5,\"name\":\"Cesiones aplazadas\"}]},{\"@type\":\"WebSite\",\"@id\":\"https:\\\/\\\/www.justice4all.org\\\/es\\\/#website\",\"url\":\"https:\\\/\\\/www.justice4all.org\\\/es\\\/\",\"name\":\"Legal Aid Justice Center\",\"description\":\"\",\"potentialAction\":[{\"@type\":\"SearchAction\",\"target\":{\"@type\":\"EntryPoint\",\"urlTemplate\":\"https:\\\/\\\/www.justice4all.org\\\/es\\\/?s={search_term_string}\"},\"query-input\":{\"@type\":\"PropertyValueSpecification\",\"valueRequired\":true,\"valueName\":\"search_term_string\"}}],\"inLanguage\":\"es\"}]}<\/script>\n<!-- \/ Yoast SEO plugin. -->","yoast_head_json":{"title":"Cesiones aplazadas - Legal Aid Justice Center","description":"La ley de Virginia define el acoso escolar como \"cualquier comportamiento agresivo y no deseado que pretenda da\u00f1ar, intimidar o humillar a la v\u00edctima; implique un desequilibrio de poder real o percibido entre el agresor o agresores y la v\u00edctima; y se repita en el tiempo o cause un trauma emocional grave\". Esto incluye el acoso cibern\u00e9tico, pero no incluye \"las burlas ordinarias, payasadas, discusiones o conflictos entre compa\u00f1eros.\"","robots":{"index":"index","follow":"follow","max-snippet":"max-snippet:-1","max-image-preview":"max-image-preview:large","max-video-preview":"max-video-preview:-1"},"canonical":"https:\/\/www.justice4all.org\/es\/que-hacemos\/sistema-juridico-penal\/multas-y-tasas\/cesiones-aplazadas\/","og_locale":"es_ES","og_type":"article","og_title":"Cesiones aplazadas - Legal Aid Justice Center","og_description":"La ley de Virginia define el acoso escolar como \"cualquier comportamiento agresivo y no deseado que pretenda da\u00f1ar, intimidar o humillar a la v\u00edctima; implique un desequilibrio de poder real o percibido entre el agresor o agresores y la v\u00edctima; y se repita en el tiempo o cause un trauma emocional grave\". Esto incluye el acoso cibern\u00e9tico, pero no incluye \"las burlas ordinarias, payasadas, discusiones o conflictos entre compa\u00f1eros.\"","og_url":"https:\/\/www.justice4all.org\/es\/que-hacemos\/sistema-juridico-penal\/multas-y-tasas\/cesiones-aplazadas\/","og_site_name":"Legal Aid Justice Center","article_modified_time":"2023-07-25T19:03:00+00:00","twitter_card":"summary_large_image","twitter_misc":{"Tiempo de lectura":"3 minuto"},"schema":{"@context":"https:\/\/schema.org","@graph":[{"@type":"WebPage","@id":"https:\/\/www.justice4all.org\/es\/que-hacemos\/sistema-juridico-penal\/multas-y-tasas\/cesiones-aplazadas\/","url":"https:\/\/www.justice4all.org\/es\/que-hacemos\/sistema-juridico-penal\/multas-y-tasas\/cesiones-aplazadas\/","name":"Cesiones aplazadas - Legal Aid Justice Center","isPartOf":{"@id":"https:\/\/www.justice4all.org\/es\/#website"},"datePublished":"2023-06-02T16:21:49+00:00","dateModified":"2023-07-25T19:03:00+00:00","description":"La ley de Virginia define el acoso escolar como \"cualquier comportamiento agresivo y no deseado que pretenda da\u00f1ar, intimidar o humillar a la v\u00edctima; implique un desequilibrio de poder real o percibido entre el agresor o agresores y la v\u00edctima; y se repita en el tiempo o cause un trauma emocional grave\". Esto incluye el acoso cibern\u00e9tico, pero no incluye \"las burlas ordinarias, payasadas, discusiones o conflictos entre compa\u00f1eros.\"","breadcrumb":{"@id":"https:\/\/www.justice4all.org\/es\/que-hacemos\/sistema-juridico-penal\/multas-y-tasas\/cesiones-aplazadas\/#breadcrumb"},"inLanguage":"es","potentialAction":[{"@type":"ReadAction","target":["https:\/\/www.justice4all.org\/es\/que-hacemos\/sistema-juridico-penal\/multas-y-tasas\/cesiones-aplazadas\/"]}]},{"@type":"BreadcrumbList","@id":"https:\/\/www.justice4all.org\/es\/que-hacemos\/sistema-juridico-penal\/multas-y-tasas\/cesiones-aplazadas\/#breadcrumb","itemListElement":[{"@type":"ListItem","position":1,"name":"Home","item":"https:\/\/www.justice4all.org\/es\/"},{"@type":"ListItem","position":2,"name":"Qu\u00e9 hacemos","item":"https:\/\/www.justice4all.org\/es\/que-hacemos\/"},{"@type":"ListItem","position":3,"name":"Sistema jur\u00eddico penal","item":"https:\/\/www.justice4all.org\/es\/que-hacemos\/sistema-juridico-penal\/"},{"@type":"ListItem","position":4,"name":"Multas y tasas","item":"https:\/\/www.justice4all.org\/es\/que-hacemos\/sistema-juridico-penal\/multas-y-tasas\/"},{"@type":"ListItem","position":5,"name":"Cesiones aplazadas"}]},{"@type":"WebSite","@id":"https:\/\/www.justice4all.org\/es\/#website","url":"https:\/\/www.justice4all.org\/es\/","name":"Legal Aid Justice Center","description":"","potentialAction":[{"@type":"SearchAction","target":{"@type":"EntryPoint","urlTemplate":"https:\/\/www.justice4all.org\/es\/?s={search_term_string}"},"query-input":{"@type":"PropertyValueSpecification","valueRequired":true,"valueName":"search_term_string"}}],"inLanguage":"es"}]}},"_links":{"self":[{"href":"https:\/\/www.justice4all.org\/es\/wp-json\/wp\/v2\/pages\/10491","targetHints":{"allow":["GET"]}}],"collection":[{"href":"https:\/\/www.justice4all.org\/es\/wp-json\/wp\/v2\/pages"}],"about":[{"href":"https:\/\/www.justice4all.org\/es\/wp-json\/wp\/v2\/types\/page"}],"author":[{"embeddable":true,"href":"https:\/\/www.justice4all.org\/es\/wp-json\/wp\/v2\/users\/4"}],"replies":[{"embeddable":true,"href":"https:\/\/www.justice4all.org\/es\/wp-json\/wp\/v2\/comments?post=10491"}],"version-history":[{"count":0,"href":"https:\/\/www.justice4all.org\/es\/wp-json\/wp\/v2\/pages\/10491\/revisions"}],"up":[{"embeddable":true,"href":"https:\/\/www.justice4all.org\/es\/wp-json\/wp\/v2\/pages\/10484"}],"wp:attachment":[{"href":"https:\/\/www.justice4all.org\/es\/wp-json\/wp\/v2\/media?parent=10491"}],"wp:term":[{"taxonomy":"lajc-tax-roles","embeddable":true,"href":"https:\/\/www.justice4all.org\/es\/wp-json\/wp\/v2\/lajc-tax-roles?post=10491"},{"taxonomy":"lajc-tax-issues","embeddable":true,"href":"https:\/\/www.justice4all.org\/es\/wp-json\/wp\/v2\/lajc-tax-issues?post=10491"},{"taxonomy":"lajc-tax-locations","embeddable":true,"href":"https:\/\/www.justice4all.org\/es\/wp-json\/wp\/v2\/lajc-tax-locations?post=10491"}],"curies":[{"name":"wp","href":"https:\/\/api.w.org\/{rel}","templated":true}]}}