{"id":10489,"date":"2020-02-21T13:57:30","date_gmt":"2020-02-21T13:57:30","guid":{"rendered":"https:\/\/lajc2023stg.wpengine.com\/que-hacemos\/sistema-juridico-penal\/nuestros-derechos-importan\/"},"modified":"2023-07-25T19:02:57","modified_gmt":"2023-07-25T19:02:57","slug":"nuestros-derechos-importan","status":"publish","type":"page","link":"https:\/\/www.justice4all.org\/es\/que-hacemos\/sistema-juridico-penal\/nuestros-derechos-importan\/","title":{"rendered":"Nuestros derechos importan"},"content":{"rendered":"\n\n\n  <style type=\"text\/css\">\n    #block_03cad308e85aa5d0095008a2f687393b {\n                                        margin-left: calc(6 * 16px);\n                          margin-right: calc(6 * 16px);\n              \n                                        padding-left: calc(6 * 16px);\n                          padding-right: calc(6 * 16px);\n                  }\n\n    @media screen and (min-width: 768px) and (max-width: 991px) {\n      #block_03cad308e85aa5d0095008a2f687393b {\n                                                  margin-left: calc(6 * 12px);  \n                                margin-right: calc(6 * 12px);  \n                    \n                                                  padding-left: calc(6 * 12px);\n                                padding-right: calc(6 * 12px);\n                        }\n    }\n\n    @media screen and (min-width: 480px) and (max-width: 767px) {\n      #block_03cad308e85aa5d0095008a2f687393b {\n                                                  margin-left: calc(6 * 8px);  \n                                margin-right: calc(6 * 8px);  \n                    \n                                                  padding-left: calc(6 * 8px);\n                                padding-right: calc(6 * 8px);\n                        }\n    }\n\n    @media screen and (max-width: 479px) {\n      #block_03cad308e85aa5d0095008a2f687393b {\n                                                  margin-left: calc(6 * 4px);  \n                                margin-right: calc(6 * 4px);  \n                    \n                                                  padding-left: calc(6 * 4px);\n                                padding-right: calc(6 * 4px);\n                        }\n    }\n\n  <\/style>\n\n\n<div id=\"block_03cad308e85aa5d0095008a2f687393b\" class=\"content-wrapper-block  style-normal bg-width-full \">\n\t<div class=\"container-fluid\">\n\t\t<div class=\"row justify-content-center\">\n\t\t\t<div class=\"col-lg-12\">\n\t\t\t\t\t\t\t\t\t<div class=\"row row-content justify-content-center\">\n\t\t\t\t\t\t\n\n\n\n\n<style type=\"text\/css\">\n\t.edit-post-visual-editor [data-block=\"1d6d09c823ed71911c695643d83bfca6\"] {\n\t\twidth: calc((12 \/ 12) * 100%)!important;\n\t\tmin-width: calc((12 \/ 12) * 100%)!important;\n\t}\n<\/style>\n\n<div id=\"block_1d6d09c823ed71911c695643d83bfca6\" class=\"col-lg-12 custom-column-block\">\n\t<div class=\"custom-column-wrapper  \">\n\t\t\n\n<h2 class=\"wp-block-heading has-gunpowder-color has-text-color\">Nuestros derechos importan<\/h2>\n\n\n\t<\/div>\n<\/div>\n\n\n\n\n\n<style type=\"text\/css\">\n\t.edit-post-visual-editor [data-block=\"1d6d09c823ed71911c695643d83bfca6\"] {\n\t\twidth: calc((12 \/ 12) * 100%)!important;\n\t\tmin-width: calc((12 \/ 12) * 100%)!important;\n\t}\n<\/style>\n\n<div id=\"block_1d6d09c823ed71911c695643d83bfca6\" class=\"col-lg-12 custom-column-block\">\n\t<div class=\"custom-column-wrapper  \">\n\t\t\n\n<p class=\"has-gunpowder-color has-text-color\"><strong>Our Rights Matter fue una colaboraci\u00f3n con RISE for Youth, Peter Paul y el Legal Aid Justice Center.<\/strong> <\/p>\n\n\n\n<p class=\"has-gunpowder-color has-text-color\">La misi\u00f3n del proyecto es educar, implicar y capacitar a j\u00f3venes y adultos j\u00f3venes sobre qu\u00e9 hacer cuando interact\u00faan con las fuerzas del orden.  <\/p>\n\n\n\n<p>He aqu\u00ed informaci\u00f3n importante para los j\u00f3venes a la hora de relacionarse con la polic\u00eda:<\/p>\n\n\n\t<\/div>\n<\/div>\n\n\n\n\n\n<style type=\"text\/css\">\n\t.edit-post-visual-editor [data-block=\"1d6d09c823ed71911c695643d83bfca6\"] {\n\t\twidth: calc((12 \/ 12) * 100%)!important;\n\t\tmin-width: calc((12 \/ 12) * 100%)!important;\n\t}\n<\/style>\n\n<div id=\"block_1d6d09c823ed71911c695643d83bfca6\" class=\"col-lg-12 custom-column-block\">\n\t<div class=\"custom-column-wrapper  \">\n\t\t\n\n<h2 class=\"wp-block-heading is-style-underlined-with-icon has-purple-color has-text-color\">QU\u00c9 HACER CUANDO TE PARA LA POLIC\u00cdA:<\/h2>\n\n\n\t<\/div>\n<\/div>\n\n\n\n\n\n<style type=\"text\/css\">\n\t.edit-post-visual-editor [data-block=\"1d6d09c823ed71911c695643d83bfca6\"] {\n\t\twidth: calc((12 \/ 12) * 100%)!important;\n\t\tmin-width: calc((12 \/ 12) * 100%)!important;\n\t}\n<\/style>\n\n<div id=\"block_1d6d09c823ed71911c695643d83bfca6\" class=\"col-lg-12 custom-column-block\">\n\t<div class=\"custom-column-wrapper  \">\n\t\t\n\n<p class=\"has-gunpowder-color has-text-color has-medium-font-size\"><strong>Respira.<\/strong><\/p>\n\n\n\n<ul class=\"wp-block-list\">\n<li>Lo primero que hay que hacer es reducir la velocidad. Respira. Siente los pies en el suelo. T\u00f3mate tu tiempo para tranquilizarte, prepararte para hacer valer tus derechos y mantenerte a salvo.<\/li>\n<\/ul>\n\n\n\n<p class=\"has-gunpowder-color has-text-color has-medium-font-size\"><strong>\u00bfIrme?<\/strong><\/p>\n\n\n\n<ul class=\"wp-block-list\">\n<li>Un polic\u00eda s\u00f3lo puede impedirte salir si tiene \u00absospechas razonables\u00bb de que has hecho algo contra la ley. Esto se llama estar detenido. Aunque no est\u00e9s arrestado, no puedes irte.<\/li>\n<\/ul>\n\n\n\n<ul class=\"wp-block-list\">\n<li>Los polic\u00edas intentan hablar con la gente incluso sin sospecha razonable. Llaman a estas interacciones \u00abvoluntarias\u00bb. No tienes que quedarte a hablar con un polic\u00eda durante una interacci\u00f3n voluntaria.<\/li>\n<\/ul>\n\n\n\n<ul class=\"wp-block-list\">\n<li>Puede que no est\u00e9 seguro del tipo de interacci\u00f3n que est\u00e1 teniendo con un polic\u00eda. Puedes preguntar: \u00ab\u00bfSoy libre de irme?\u00bb o \u00ab\u00bfEstoy detenido?\u00bb. Si el polic\u00eda le dice que puede irse, m\u00e1rchese tranquilamente.<\/li>\n<\/ul>\n\n\n\n<p class=\"has-gunpowder-color has-text-color has-medium-font-size\"><strong>Silencioso.<\/strong><\/p>\n\n\n\n<ul class=\"wp-block-list\">\n<li>No tiene que responder a ninguna pregunta que le haga un polic\u00eda. Los polic\u00edas pueden mentir y mienten. Puede que te digan: \u00abPuedes irte a casa si nos hablas de tu amigo\u00bb. Pero no tienen por qu\u00e9 cumplir esa promesa.<\/li>\n<\/ul>\n\n\n\n<ul class=\"wp-block-list\">\n<li>En general, es mejor no responder a ninguna pregunta. La \u00fanica excepci\u00f3n puede ser optar por dar su nombre y direcci\u00f3n. Si un agente le pregunta algo m\u00e1s que su nombre, puede decir \u00abdecido guardar silencio\u00bb.<\/li>\n<\/ul>\n\n\n\n<p class=\"has-gunpowder-color has-text-color has-medium-font-size\"><strong>\u00a1Sin b\u00fasquedas!<\/strong><\/p>\n\n\n\n<ul class=\"wp-block-list\">\n<li>Un polic\u00eda s\u00f3lo puede registrarte en determinadas situaciones. Un ejemplo habitual es palparte el exterior de la ropa si creen que puedes llevar un arma.<\/li>\n<\/ul>\n\n\n\n<ul class=\"wp-block-list\">\n<li>Pero a veces los polic\u00edas intentan evitarlo pidi\u00e9ndote permiso: \u00ab\u00bfPuedo echar un vistazo a tu mochila?\u00bb o \u00ab\u00bfPuedes vaciarme los bolsillos?\u00bb. No tiene por qu\u00e9 aceptarlo. Si acepta, cualquier prueba podr\u00eda utilizarse en su contra m\u00e1s adelante porque dio su consentimiento.<\/li>\n<\/ul>\n\n\n\n<ul class=\"wp-block-list\">\n<li>Diga: \u00abNo consiento ning\u00fan registro\u00bb. Si un agente le registra de todos modos, no se resista. Su abogado puede luchar contra las pruebas en los tribunales.<\/li>\n<\/ul>\n\n\n\t<\/div>\n<\/div>\n\n\n\n\n\n<style type=\"text\/css\">\n\t.edit-post-visual-editor [data-block=\"1d6d09c823ed71911c695643d83bfca6\"] {\n\t\twidth: calc((12 \/ 12) * 100%)!important;\n\t\tmin-width: calc((12 \/ 12) * 100%)!important;\n\t}\n<\/style>\n\n<div id=\"block_1d6d09c823ed71911c695643d83bfca6\" class=\"col-lg-12 custom-column-block\">\n\t<div class=\"custom-column-wrapper  \">\n\t\t\n\n<hr class=\"wp-block-separator has-alpha-channel-opacity is-style-gradient-primary\"\/>\n\n\n\t<\/div>\n<\/div>\n\n\n\n\n\n<style type=\"text\/css\">\n\t.edit-post-visual-editor [data-block=\"1d6d09c823ed71911c695643d83bfca6\"] {\n\t\twidth: calc((12 \/ 12) * 100%)!important;\n\t\tmin-width: calc((12 \/ 12) * 100%)!important;\n\t}\n<\/style>\n\n<div id=\"block_1d6d09c823ed71911c695643d83bfca6\" class=\"col-lg-12 custom-column-block\">\n\t<div class=\"custom-column-wrapper  \">\n\t\t\n\n<p class=\"has-gunpowder-color has-text-color\"><em>Esto no es asesoramiento jur\u00eddico. Se trata de informaci\u00f3n legal, destinada a los residentes de Richmond, Virginia. Anna Kurien es la abogada responsable de este material. Actualizado en febrero de 2020.  <\/em><\/p>\n\n\n\n<p class=\"has-gunpowder-color has-text-color\"><em>\u00bfEst\u00e1s interesado en impartir un taller sobre \u00abNuestros derechos importan\u00bb para j\u00f3venes?  <a href=\"https:\/\/www.justice4all.org\/wp-content\/uploads\/2023\/06\/ORM-Facilitator-Guide-Final-2.pdf\" target=\"_blank\" rel=\"noreferrer noopener\">Consulte aqu\u00ed nuestra gu\u00eda para facilitadores.<\/a> <\/em><\/p>\n\n\n\t<\/div>\n<\/div>\n\n\t\t\t\t\t<\/div>\n\t\t\t\t\t\t\t\n\t\t\t<\/div>\n\t\t<\/div>\n\t<\/div>\n\n\t<style type=\"text\/css\">\n\t\t.edit-post-visual-editor [data-block=\"03cad308e85aa5d0095008a2f687393b\"] .block-editor-block-list__layout {\n\t\t\tjustify-content: center;\n\t\t}\n\n\t\t\t<\/style>\n<\/div>\n","protected":false},"excerpt":{"rendered":"","protected":false},"author":4,"featured_media":0,"parent":10481,"menu_order":4,"comment_status":"closed","ping_status":"closed","template":"","meta":{"footnotes":""},"lajc-tax-roles":[],"lajc-tax-issues":[],"lajc-tax-locations":[],"class_list":["post-10489","page","type-page","status-publish","hentry"],"acf":[],"yoast_head":"<!-- This site is optimized with the Yoast SEO plugin v27.3 - https:\/\/yoast.com\/product\/yoast-seo-wordpress\/ -->\n<title>Nuestros derechos importan - Legal Aid Justice Center<\/title>\n<meta name=\"robots\" content=\"index, follow, max-snippet:-1, max-image-preview:large, max-video-preview:-1\" \/>\n<link rel=\"canonical\" href=\"https:\/\/www.justice4all.org\/es\/que-hacemos\/sistema-juridico-penal\/nuestros-derechos-importan\/\" \/>\n<meta property=\"og:locale\" content=\"es_ES\" \/>\n<meta property=\"og:type\" content=\"article\" \/>\n<meta property=\"og:title\" content=\"Nuestros derechos importan - Legal Aid Justice Center\" \/>\n<meta property=\"og:url\" content=\"https:\/\/www.justice4all.org\/es\/que-hacemos\/sistema-juridico-penal\/nuestros-derechos-importan\/\" \/>\n<meta property=\"og:site_name\" content=\"Legal Aid Justice Center\" \/>\n<meta property=\"article:modified_time\" content=\"2023-07-25T19:02:57+00:00\" \/>\n<meta name=\"twitter:card\" content=\"summary_large_image\" \/>\n<meta name=\"twitter:label1\" content=\"Tiempo de lectura\" \/>\n\t<meta name=\"twitter:data1\" content=\"2 minuto\" \/>\n<script type=\"application\/ld+json\" class=\"yoast-schema-graph\">{\"@context\":\"https:\\\/\\\/schema.org\",\"@graph\":[{\"@type\":\"WebPage\",\"@id\":\"https:\\\/\\\/www.justice4all.org\\\/es\\\/que-hacemos\\\/sistema-juridico-penal\\\/nuestros-derechos-importan\\\/\",\"url\":\"https:\\\/\\\/www.justice4all.org\\\/es\\\/que-hacemos\\\/sistema-juridico-penal\\\/nuestros-derechos-importan\\\/\",\"name\":\"Nuestros derechos importan - Legal Aid Justice Center\",\"isPartOf\":{\"@id\":\"https:\\\/\\\/www.justice4all.org\\\/es\\\/#website\"},\"datePublished\":\"2020-02-21T13:57:30+00:00\",\"dateModified\":\"2023-07-25T19:02:57+00:00\",\"breadcrumb\":{\"@id\":\"https:\\\/\\\/www.justice4all.org\\\/es\\\/que-hacemos\\\/sistema-juridico-penal\\\/nuestros-derechos-importan\\\/#breadcrumb\"},\"inLanguage\":\"es\",\"potentialAction\":[{\"@type\":\"ReadAction\",\"target\":[\"https:\\\/\\\/www.justice4all.org\\\/es\\\/que-hacemos\\\/sistema-juridico-penal\\\/nuestros-derechos-importan\\\/\"]}]},{\"@type\":\"BreadcrumbList\",\"@id\":\"https:\\\/\\\/www.justice4all.org\\\/es\\\/que-hacemos\\\/sistema-juridico-penal\\\/nuestros-derechos-importan\\\/#breadcrumb\",\"itemListElement\":[{\"@type\":\"ListItem\",\"position\":1,\"name\":\"Home\",\"item\":\"https:\\\/\\\/www.justice4all.org\\\/es\\\/\"},{\"@type\":\"ListItem\",\"position\":2,\"name\":\"Qu\u00e9 hacemos\",\"item\":\"https:\\\/\\\/www.justice4all.org\\\/es\\\/que-hacemos\\\/\"},{\"@type\":\"ListItem\",\"position\":3,\"name\":\"Sistema jur\u00eddico penal\",\"item\":\"https:\\\/\\\/www.justice4all.org\\\/es\\\/que-hacemos\\\/sistema-juridico-penal\\\/\"},{\"@type\":\"ListItem\",\"position\":4,\"name\":\"Nuestros derechos importan\"}]},{\"@type\":\"WebSite\",\"@id\":\"https:\\\/\\\/www.justice4all.org\\\/es\\\/#website\",\"url\":\"https:\\\/\\\/www.justice4all.org\\\/es\\\/\",\"name\":\"Legal Aid Justice Center\",\"description\":\"\",\"potentialAction\":[{\"@type\":\"SearchAction\",\"target\":{\"@type\":\"EntryPoint\",\"urlTemplate\":\"https:\\\/\\\/www.justice4all.org\\\/es\\\/?s={search_term_string}\"},\"query-input\":{\"@type\":\"PropertyValueSpecification\",\"valueRequired\":true,\"valueName\":\"search_term_string\"}}],\"inLanguage\":\"es\"}]}<\/script>\n<!-- \/ Yoast SEO plugin. -->","yoast_head_json":{"title":"Nuestros derechos importan - Legal Aid Justice Center","robots":{"index":"index","follow":"follow","max-snippet":"max-snippet:-1","max-image-preview":"max-image-preview:large","max-video-preview":"max-video-preview:-1"},"canonical":"https:\/\/www.justice4all.org\/es\/que-hacemos\/sistema-juridico-penal\/nuestros-derechos-importan\/","og_locale":"es_ES","og_type":"article","og_title":"Nuestros derechos importan - Legal Aid Justice Center","og_url":"https:\/\/www.justice4all.org\/es\/que-hacemos\/sistema-juridico-penal\/nuestros-derechos-importan\/","og_site_name":"Legal Aid Justice Center","article_modified_time":"2023-07-25T19:02:57+00:00","twitter_card":"summary_large_image","twitter_misc":{"Tiempo de lectura":"2 minuto"},"schema":{"@context":"https:\/\/schema.org","@graph":[{"@type":"WebPage","@id":"https:\/\/www.justice4all.org\/es\/que-hacemos\/sistema-juridico-penal\/nuestros-derechos-importan\/","url":"https:\/\/www.justice4all.org\/es\/que-hacemos\/sistema-juridico-penal\/nuestros-derechos-importan\/","name":"Nuestros derechos importan - Legal Aid Justice Center","isPartOf":{"@id":"https:\/\/www.justice4all.org\/es\/#website"},"datePublished":"2020-02-21T13:57:30+00:00","dateModified":"2023-07-25T19:02:57+00:00","breadcrumb":{"@id":"https:\/\/www.justice4all.org\/es\/que-hacemos\/sistema-juridico-penal\/nuestros-derechos-importan\/#breadcrumb"},"inLanguage":"es","potentialAction":[{"@type":"ReadAction","target":["https:\/\/www.justice4all.org\/es\/que-hacemos\/sistema-juridico-penal\/nuestros-derechos-importan\/"]}]},{"@type":"BreadcrumbList","@id":"https:\/\/www.justice4all.org\/es\/que-hacemos\/sistema-juridico-penal\/nuestros-derechos-importan\/#breadcrumb","itemListElement":[{"@type":"ListItem","position":1,"name":"Home","item":"https:\/\/www.justice4all.org\/es\/"},{"@type":"ListItem","position":2,"name":"Qu\u00e9 hacemos","item":"https:\/\/www.justice4all.org\/es\/que-hacemos\/"},{"@type":"ListItem","position":3,"name":"Sistema jur\u00eddico penal","item":"https:\/\/www.justice4all.org\/es\/que-hacemos\/sistema-juridico-penal\/"},{"@type":"ListItem","position":4,"name":"Nuestros derechos importan"}]},{"@type":"WebSite","@id":"https:\/\/www.justice4all.org\/es\/#website","url":"https:\/\/www.justice4all.org\/es\/","name":"Legal Aid Justice Center","description":"","potentialAction":[{"@type":"SearchAction","target":{"@type":"EntryPoint","urlTemplate":"https:\/\/www.justice4all.org\/es\/?s={search_term_string}"},"query-input":{"@type":"PropertyValueSpecification","valueRequired":true,"valueName":"search_term_string"}}],"inLanguage":"es"}]}},"_links":{"self":[{"href":"https:\/\/www.justice4all.org\/es\/wp-json\/wp\/v2\/pages\/10489","targetHints":{"allow":["GET"]}}],"collection":[{"href":"https:\/\/www.justice4all.org\/es\/wp-json\/wp\/v2\/pages"}],"about":[{"href":"https:\/\/www.justice4all.org\/es\/wp-json\/wp\/v2\/types\/page"}],"author":[{"embeddable":true,"href":"https:\/\/www.justice4all.org\/es\/wp-json\/wp\/v2\/users\/4"}],"replies":[{"embeddable":true,"href":"https:\/\/www.justice4all.org\/es\/wp-json\/wp\/v2\/comments?post=10489"}],"version-history":[{"count":0,"href":"https:\/\/www.justice4all.org\/es\/wp-json\/wp\/v2\/pages\/10489\/revisions"}],"up":[{"embeddable":true,"href":"https:\/\/www.justice4all.org\/es\/wp-json\/wp\/v2\/pages\/10481"}],"wp:attachment":[{"href":"https:\/\/www.justice4all.org\/es\/wp-json\/wp\/v2\/media?parent=10489"}],"wp:term":[{"taxonomy":"lajc-tax-roles","embeddable":true,"href":"https:\/\/www.justice4all.org\/es\/wp-json\/wp\/v2\/lajc-tax-roles?post=10489"},{"taxonomy":"lajc-tax-issues","embeddable":true,"href":"https:\/\/www.justice4all.org\/es\/wp-json\/wp\/v2\/lajc-tax-issues?post=10489"},{"taxonomy":"lajc-tax-locations","embeddable":true,"href":"https:\/\/www.justice4all.org\/es\/wp-json\/wp\/v2\/lajc-tax-locations?post=10489"}],"curies":[{"name":"wp","href":"https:\/\/api.w.org\/{rel}","templated":true}]}}