{"id":10486,"date":"2023-07-19T17:14:21","date_gmt":"2023-07-19T17:14:21","guid":{"rendered":"https:\/\/lajc2023stg.wpengine.com\/que-hacemos\/sistema-juridico-penal\/centro-correccional-para-mujeres-de-fluvanna\/"},"modified":"2023-07-28T04:44:52","modified_gmt":"2023-07-28T04:44:52","slug":"centro-correccional-para-mujeres-de-fluvanna","status":"publish","type":"page","link":"https:\/\/www.justice4all.org\/es\/que-hacemos\/sistema-juridico-penal\/centro-correccional-para-mujeres-de-fluvanna\/","title":{"rendered":"Centro Correccional para Mujeres de Fluvanna"},"content":{"rendered":"\n\n\n\n\n\n<div id=\"block_c24e0131a7c6fa176737360595413eb5\" class=\"hero-block\">\n  <div class=\"layout-large has-bg-image\" role=\"img\" style=\"background-image: url(https:\/\/www.justice4all.org\/es\/fluvanna-pic\/);\" title=\"fluvanna pic\">\n          <div class=\"container-fluid\">\n        <div class=\"row justify-content-center\">\n          <div class=\"col-lg-10\">\n            <h1 class=\"has-white-color\">Scott V. Clark<\/h1>\n\n                          <h4 class=\"has-white-color\">Demanda en el Centro Penitenciario para Mujeres de Fluvanna<\/h4>\n            \n                      <\/div>\n        <\/div>\n      <\/div>\n      <\/div>\n<\/div>\n\n\n\n\n\n\n<div id=\"block_bbc338bf08b00babd4fb35aaf49de5a7\" class=\"content-wrapper-block  style-normal bg-width-full \">\n\t<div class=\"container-fluid\">\n\t\t<div class=\"row justify-content-center\">\n\t\t\t<div class=\"col-lg-12\">\n\t\t\t\t\t\t\t\t\t<div class=\"row row-content justify-content-center\">\n\t\t\t\t\t\t\n\n\n\n\n<style type=\"text\/css\">\n\t.edit-post-visual-editor [data-block=\"089c7022982fc56071d1d0c1729d8e8d\"] {\n\t\twidth: calc((6 \/ 12) * 100%)!important;\n\t\tmin-width: calc((6 \/ 12) * 100%)!important;\n\t}\n<\/style>\n\n<div id=\"block_089c7022982fc56071d1d0c1729d8e8d\" class=\"col-lg-6 custom-column-block\">\n\t<div class=\"custom-column-wrapper  \">\n\t\t\n\n<p>En 2012, el Legal Aid Justice Center, y sus socios del bufete de abogados Wiley Rein y el Washington Lawyers&#8217; Committee for Civil Rights and Urban Affairs, presentaron una demanda colectiva contra el Fluvanna Correctional Center for Women (FCCW) en nombre de los demandantes: todas las personas internadas en el FCCW que recib\u00edan atenci\u00f3n m\u00e9dica. La demanda, presentada ante el Tribunal de Distrito de Estados Unidos para el Distrito Oeste de Virginia, alegaba que la prisi\u00f3n inflig\u00eda un trato cruel e inusual a los encarcelados al no proporcionarles una atenci\u00f3n m\u00e9dica adecuada. El FCCW se dise\u00f1\u00f3 para que sirviera de prisi\u00f3n m\u00e9dica para mujeres \u00abmodelo\u00bb, pero las pr\u00e1cticas y las condiciones del FCCW eran p\u00e9simas. Por ejemplo, a menudo se daban diagn\u00f3sticos radicalmente incorrectos a mujeres con enfermedades potencialmente mortales. Una paciente ten\u00eda la pierna muy hinchada, parec\u00eda que le iba a estallar y perdi\u00f3 la sensibilidad en los dedos de los pies. Un m\u00e9dico de la FCCW le dijo que ten\u00eda artritis. Cuando la paciente fue atendida por un m\u00e9dico externo, \u00e9ste reconoci\u00f3 que la mujer ten\u00eda un co\u00e1gulo de sangre potencialmente mortal, del que se hab\u00edan desprendido fragmentos que se hab\u00edan desplazado a los pulmones porque no se hab\u00eda tratado. Debido a la negligencia e indiferencia deliberada del equipo m\u00e9dico, m\u00faltiples mujeres murieron en el FCCW antes incluso de que se presentara la demanda. <\/p>\n\n\n\n<p>Adem\u00e1s, la mayor\u00eda de los aspectos de la atenci\u00f3n m\u00e9dica eran terriblemente insuficientes y perjudiciales. Por ejemplo, tambi\u00e9n se obligaba a las personas encarceladas a hacer cola durante horas al aire libre en condiciones clim\u00e1ticas adversas para recibir sus medicamentos esenciales, s\u00f3lo para que les dieran las recetas incorrectas o les dijeran que los medicamentos no estaban disponibles. El personal encargado de determinar el tratamiento de diversos problemas carec\u00eda a menudo de formaci\u00f3n m\u00e9dica. <\/p>\n\n\n\n<p>Dado que el FCCW es el centro de Virginia al que se env\u00eda a las mujeres encarceladas con los problemas m\u00e9dicos m\u00e1s graves para que reciban un nivel de atenci\u00f3n supuestamente superior, las implicaciones de las deficiencias sist\u00e9micas del FCCW eran evidentes y preocupantes. La demanda solicitaba una orden judicial que obligara a la prisi\u00f3n a proporcionar una atenci\u00f3n m\u00e9dica adecuada. <\/p>\n\n\n\n<p>In 2014, after considering evidence about the conditions at FCCW, the court made key findings supporting the plaintiffs\u2019 claims. With a full trial just weeks away, the prison accepted a <a href=\"https:\/\/www.justice4all.org\/wp-content\/uploads\/2023\/07\/221-1-exh-1-settlement-agg-w-appendices-A-B-C.pdf\">settlement agreement<\/a> admitting that the care at FCCW was unconstitutional in twenty-three ways and promising to rectify the issues and bring care up to humane standards. The court later approved the settlement on February 5, 2016, finding that the plaintiffs\u2019 case was based on \u201cvoluminous evidence\u201d and appointing an expert monitor to supervise the prison\u2019s efforts. This was a win for the people incarcerated at FCCW, who finally got the recognition that they had been receiving unconstitutional care.&nbsp;&nbsp;<\/p>\n\n\n\n<p>Por desgracia, la prisi\u00f3n no cumpli\u00f3 sus obligaciones. En 2017, la prisi\u00f3n segu\u00eda sin cumplir la normativa. Los demandantes solicitaron con \u00e9xito al tribunal que declarara que la atenci\u00f3n segu\u00eda siendo constitucionalmente inaceptable. En 2019, citando \u00abhechos atroces\u00bb e incumplimientos \u00abmateriales y significativos\u00bb, el juez Norman K. Moon (juez federal de distrito del<sup>4\u00ba<\/sup> Circuito) determin\u00f3 que los demandados hab\u00edan incumplido el acuerdo de conciliaci\u00f3n. El tribunal concluy\u00f3 que \u00abhace m\u00e1s de seis a\u00f1os, las mujeres del FCCW interpusieron esta demanda, en busca de un remedio para una atenci\u00f3n m\u00e9dica constitucionalmente deficiente y generalizada. Su b\u00fasqueda contin\u00faa. Algunas mujeres han muerto en el camino. Pero este caso ha sobrevivido porque los demandados no han respetado ni sus obligaciones en virtud de la Octava Enmienda ni el Acuerdo de Conciliaci\u00f3n que alcanzaron para hacer efectivas dichas obligaciones.\u00bb <\/p>\n\n\n\n<p>Desde 2019, LAJC ha continuado representando a todas las personas encarceladas en FCCW y ha monitoreado las condiciones en la prisi\u00f3n para garantizar que VDOC est\u00e9 avanzando hacia el pleno cumplimiento del acuerdo de conciliaci\u00f3n y la atenci\u00f3n constitucionalmente adecuada. El equipo de LAJC se comunica con los clientes encarcelados, trabaja con el supervisor de cumplimiento designado por el tribunal y representa a nuestros clientes en las audiencias peri\u00f3dicas ante el tribunal para exigir responsabilidades a la prisi\u00f3n. LAJC sigue dedicada a asegurar que la prisi\u00f3n est\u00e1 haciendo <em>todos los <\/em>cambios prometidos para que las personas encarceladas en FCCW reciban atenci\u00f3n m\u00e9dica y tratamiento con la dignidad que todas las personas merecen. <\/p>\n\n\n\t<\/div>\n<\/div>\n\n\t\t\t\t\t<\/div>\n\t\t\t\t\t\t\t\n\t\t\t<\/div>\n\t\t<\/div>\n\t<\/div>\n\n\t<style type=\"text\/css\">\n\t\t.edit-post-visual-editor [data-block=\"bbc338bf08b00babd4fb35aaf49de5a7\"] .block-editor-block-list__layout {\n\t\t\tjustify-content: center;\n\t\t}\n\n\t\t\t<\/style>\n<\/div>\n","protected":false},"excerpt":{"rendered":"","protected":false},"author":4,"featured_media":0,"parent":10481,"menu_order":2,"comment_status":"closed","ping_status":"closed","template":"","meta":{"footnotes":""},"lajc-tax-roles":[],"lajc-tax-issues":[82],"lajc-tax-locations":[],"class_list":["post-10486","page","type-page","status-publish","hentry","lajc-tax-issues-criminal-legal-system-es"],"acf":[],"yoast_head":"<!-- This site is optimized with the Yoast SEO plugin v27.4 - https:\/\/yoast.com\/product\/yoast-seo-wordpress\/ -->\n<title>Centro Correccional para Mujeres de Fluvanna - Legal Aid Justice Center<\/title>\n<meta name=\"description\" content=\"Demanda del LAJC para mejorar las condiciones sanitarias en un centro penitenciario regional\" \/>\n<meta name=\"robots\" content=\"index, follow, max-snippet:-1, max-image-preview:large, max-video-preview:-1\" \/>\n<link rel=\"canonical\" href=\"https:\/\/www.justice4all.org\/es\/que-hacemos\/sistema-juridico-penal\/centro-correccional-para-mujeres-de-fluvanna\/\" \/>\n<meta property=\"og:locale\" content=\"es_ES\" \/>\n<meta property=\"og:type\" content=\"article\" \/>\n<meta property=\"og:title\" content=\"Centro Correccional para Mujeres de Fluvanna - Legal Aid Justice Center\" \/>\n<meta property=\"og:description\" content=\"Demanda del LAJC para mejorar las condiciones sanitarias en un centro penitenciario regional\" \/>\n<meta property=\"og:url\" content=\"https:\/\/www.justice4all.org\/es\/que-hacemos\/sistema-juridico-penal\/centro-correccional-para-mujeres-de-fluvanna\/\" \/>\n<meta property=\"og:site_name\" content=\"Legal Aid Justice Center\" \/>\n<meta property=\"article:modified_time\" content=\"2023-07-28T04:44:52+00:00\" \/>\n<meta name=\"twitter:card\" content=\"summary_large_image\" \/>\n<meta name=\"twitter:label1\" content=\"Tiempo de lectura\" \/>\n\t<meta name=\"twitter:data1\" content=\"4 minuto\" \/>\n<script type=\"application\/ld+json\" class=\"yoast-schema-graph\">{\"@context\":\"https:\\\/\\\/schema.org\",\"@graph\":[{\"@type\":\"WebPage\",\"@id\":\"https:\\\/\\\/www.justice4all.org\\\/es\\\/que-hacemos\\\/sistema-juridico-penal\\\/centro-correccional-para-mujeres-de-fluvanna\\\/\",\"url\":\"https:\\\/\\\/www.justice4all.org\\\/es\\\/que-hacemos\\\/sistema-juridico-penal\\\/centro-correccional-para-mujeres-de-fluvanna\\\/\",\"name\":\"Centro Correccional para Mujeres de Fluvanna - Legal Aid Justice Center\",\"isPartOf\":{\"@id\":\"https:\\\/\\\/www.justice4all.org\\\/es\\\/#website\"},\"datePublished\":\"2023-07-19T17:14:21+00:00\",\"dateModified\":\"2023-07-28T04:44:52+00:00\",\"description\":\"Demanda del LAJC para mejorar las condiciones sanitarias en un centro penitenciario regional\",\"breadcrumb\":{\"@id\":\"https:\\\/\\\/www.justice4all.org\\\/es\\\/que-hacemos\\\/sistema-juridico-penal\\\/centro-correccional-para-mujeres-de-fluvanna\\\/#breadcrumb\"},\"inLanguage\":\"es\",\"potentialAction\":[{\"@type\":\"ReadAction\",\"target\":[\"https:\\\/\\\/www.justice4all.org\\\/es\\\/que-hacemos\\\/sistema-juridico-penal\\\/centro-correccional-para-mujeres-de-fluvanna\\\/\"]}]},{\"@type\":\"BreadcrumbList\",\"@id\":\"https:\\\/\\\/www.justice4all.org\\\/es\\\/que-hacemos\\\/sistema-juridico-penal\\\/centro-correccional-para-mujeres-de-fluvanna\\\/#breadcrumb\",\"itemListElement\":[{\"@type\":\"ListItem\",\"position\":1,\"name\":\"Home\",\"item\":\"https:\\\/\\\/www.justice4all.org\\\/es\\\/\"},{\"@type\":\"ListItem\",\"position\":2,\"name\":\"Qu\u00e9 hacemos\",\"item\":\"https:\\\/\\\/www.justice4all.org\\\/es\\\/que-hacemos\\\/\"},{\"@type\":\"ListItem\",\"position\":3,\"name\":\"Sistema jur\u00eddico penal\",\"item\":\"https:\\\/\\\/www.justice4all.org\\\/es\\\/que-hacemos\\\/sistema-juridico-penal\\\/\"},{\"@type\":\"ListItem\",\"position\":4,\"name\":\"Centro Correccional para Mujeres de Fluvanna\"}]},{\"@type\":\"WebSite\",\"@id\":\"https:\\\/\\\/www.justice4all.org\\\/es\\\/#website\",\"url\":\"https:\\\/\\\/www.justice4all.org\\\/es\\\/\",\"name\":\"Legal Aid Justice Center\",\"description\":\"\",\"potentialAction\":[{\"@type\":\"SearchAction\",\"target\":{\"@type\":\"EntryPoint\",\"urlTemplate\":\"https:\\\/\\\/www.justice4all.org\\\/es\\\/?s={search_term_string}\"},\"query-input\":{\"@type\":\"PropertyValueSpecification\",\"valueRequired\":true,\"valueName\":\"search_term_string\"}}],\"inLanguage\":\"es\"}]}<\/script>\n<!-- \/ Yoast SEO plugin. -->","yoast_head_json":{"title":"Centro Correccional para Mujeres de Fluvanna - Legal Aid Justice Center","description":"Demanda del LAJC para mejorar las condiciones sanitarias en un centro penitenciario regional","robots":{"index":"index","follow":"follow","max-snippet":"max-snippet:-1","max-image-preview":"max-image-preview:large","max-video-preview":"max-video-preview:-1"},"canonical":"https:\/\/www.justice4all.org\/es\/que-hacemos\/sistema-juridico-penal\/centro-correccional-para-mujeres-de-fluvanna\/","og_locale":"es_ES","og_type":"article","og_title":"Centro Correccional para Mujeres de Fluvanna - Legal Aid Justice Center","og_description":"Demanda del LAJC para mejorar las condiciones sanitarias en un centro penitenciario regional","og_url":"https:\/\/www.justice4all.org\/es\/que-hacemos\/sistema-juridico-penal\/centro-correccional-para-mujeres-de-fluvanna\/","og_site_name":"Legal Aid Justice Center","article_modified_time":"2023-07-28T04:44:52+00:00","twitter_card":"summary_large_image","twitter_misc":{"Tiempo de lectura":"4 minuto"},"schema":{"@context":"https:\/\/schema.org","@graph":[{"@type":"WebPage","@id":"https:\/\/www.justice4all.org\/es\/que-hacemos\/sistema-juridico-penal\/centro-correccional-para-mujeres-de-fluvanna\/","url":"https:\/\/www.justice4all.org\/es\/que-hacemos\/sistema-juridico-penal\/centro-correccional-para-mujeres-de-fluvanna\/","name":"Centro Correccional para Mujeres de Fluvanna - Legal Aid Justice Center","isPartOf":{"@id":"https:\/\/www.justice4all.org\/es\/#website"},"datePublished":"2023-07-19T17:14:21+00:00","dateModified":"2023-07-28T04:44:52+00:00","description":"Demanda del LAJC para mejorar las condiciones sanitarias en un centro penitenciario regional","breadcrumb":{"@id":"https:\/\/www.justice4all.org\/es\/que-hacemos\/sistema-juridico-penal\/centro-correccional-para-mujeres-de-fluvanna\/#breadcrumb"},"inLanguage":"es","potentialAction":[{"@type":"ReadAction","target":["https:\/\/www.justice4all.org\/es\/que-hacemos\/sistema-juridico-penal\/centro-correccional-para-mujeres-de-fluvanna\/"]}]},{"@type":"BreadcrumbList","@id":"https:\/\/www.justice4all.org\/es\/que-hacemos\/sistema-juridico-penal\/centro-correccional-para-mujeres-de-fluvanna\/#breadcrumb","itemListElement":[{"@type":"ListItem","position":1,"name":"Home","item":"https:\/\/www.justice4all.org\/es\/"},{"@type":"ListItem","position":2,"name":"Qu\u00e9 hacemos","item":"https:\/\/www.justice4all.org\/es\/que-hacemos\/"},{"@type":"ListItem","position":3,"name":"Sistema jur\u00eddico penal","item":"https:\/\/www.justice4all.org\/es\/que-hacemos\/sistema-juridico-penal\/"},{"@type":"ListItem","position":4,"name":"Centro Correccional para Mujeres de Fluvanna"}]},{"@type":"WebSite","@id":"https:\/\/www.justice4all.org\/es\/#website","url":"https:\/\/www.justice4all.org\/es\/","name":"Legal Aid Justice Center","description":"","potentialAction":[{"@type":"SearchAction","target":{"@type":"EntryPoint","urlTemplate":"https:\/\/www.justice4all.org\/es\/?s={search_term_string}"},"query-input":{"@type":"PropertyValueSpecification","valueRequired":true,"valueName":"search_term_string"}}],"inLanguage":"es"}]}},"_links":{"self":[{"href":"https:\/\/www.justice4all.org\/es\/wp-json\/wp\/v2\/pages\/10486","targetHints":{"allow":["GET"]}}],"collection":[{"href":"https:\/\/www.justice4all.org\/es\/wp-json\/wp\/v2\/pages"}],"about":[{"href":"https:\/\/www.justice4all.org\/es\/wp-json\/wp\/v2\/types\/page"}],"author":[{"embeddable":true,"href":"https:\/\/www.justice4all.org\/es\/wp-json\/wp\/v2\/users\/4"}],"replies":[{"embeddable":true,"href":"https:\/\/www.justice4all.org\/es\/wp-json\/wp\/v2\/comments?post=10486"}],"version-history":[{"count":0,"href":"https:\/\/www.justice4all.org\/es\/wp-json\/wp\/v2\/pages\/10486\/revisions"}],"up":[{"embeddable":true,"href":"https:\/\/www.justice4all.org\/es\/wp-json\/wp\/v2\/pages\/10481"}],"wp:attachment":[{"href":"https:\/\/www.justice4all.org\/es\/wp-json\/wp\/v2\/media?parent=10486"}],"wp:term":[{"taxonomy":"lajc-tax-roles","embeddable":true,"href":"https:\/\/www.justice4all.org\/es\/wp-json\/wp\/v2\/lajc-tax-roles?post=10486"},{"taxonomy":"lajc-tax-issues","embeddable":true,"href":"https:\/\/www.justice4all.org\/es\/wp-json\/wp\/v2\/lajc-tax-issues?post=10486"},{"taxonomy":"lajc-tax-locations","embeddable":true,"href":"https:\/\/www.justice4all.org\/es\/wp-json\/wp\/v2\/lajc-tax-locations?post=10486"}],"curies":[{"name":"wp","href":"https:\/\/api.w.org\/{rel}","templated":true}]}}