{"id":10476,"date":"2023-04-04T20:51:55","date_gmt":"2023-04-04T20:51:55","guid":{"rendered":"https:\/\/lajc2023stg.wpengine.com\/involucrate\/clinicas-de-la-facultad-de-derecho\/"},"modified":"2023-07-25T21:50:47","modified_gmt":"2023-07-25T21:50:47","slug":"clinicas-de-la-facultad-de-derecho","status":"publish","type":"page","link":"https:\/\/www.justice4all.org\/es\/involucrate\/clinicas-de-la-facultad-de-derecho\/","title":{"rendered":"Cl\u00ednicas de la Facultad de Derecho"},"content":{"rendered":"\n\n\n\n\n\n<div id=\"block_1f4f15cf5d51682ce5bb09ed9c8b06c2\" class=\"hero-block\">\n  <div class=\"layout-large has-bg-image\" role=\"img\" style=\"background-image: url(https:\/\/www.justice4all.org\/wp-content\/uploads\/2023\/05\/Child-Ad-win-oct-2019-2.png);\" title=\"Child-Ad-win-oct-2019-2\">\n          <div class=\"container-fluid\">\n        <div class=\"row justify-content-center\">\n          <div class=\"col-lg-10\">\n            <h1 class=\"has-white-color\">Cl\u00ednicas de la Facultad de Derecho<\/h1>\n\n            \n                      <\/div>\n        <\/div>\n      <\/div>\n      <\/div>\n<\/div>\n<div style=\"height:100px\" aria-hidden=\"true\" class=\"wp-block-spacer\"><\/div>\n\n<p>Nuestros abogados ense\u00f1an y supervisan una amplia variedad de programas cl\u00ednicos que benefician principalmente a personas y familias de bajos ingresos en todo Virginia. Las cl\u00ednicas de LAJC est\u00e1n dise\u00f1adas para educar a los estudiantes sobre la gama de estrategias utilizadas por los abogados para identificar, investigar y atacar las injusticias sist\u00e9micas, fomentando enfoques hol\u00edsticos y comunitarios de la abogac\u00eda.  <\/p>\n\n<p>En colaboraci\u00f3n con la Facultad de Derecho de la Universidad de Virginia, ofrecemos los siguientes cursos cl\u00ednicos:  <\/p>\n\n<p><strong>Defensa de los j\u00f3venes<\/strong> <\/p>\n\n<p>Los estudiantes de Derecho representan a j\u00f3venes con rentas bajas y a sus familias en los \u00e1mbitos de la educaci\u00f3n, la justicia de menores, la salud mental y los hogares de acogida.  <\/p>\n\n<p><strong>Justicia econ\u00f3mica y de los consumidores<\/strong> <\/p>\n\n<p>Los estudiantes ayudan a representar a clientes en cuestiones de derecho del consumidor, como el cobro de deudas y otras cuestiones relacionadas con las deudas.  <\/p>\n\n<p><strong>Derechos laborales<\/strong> <\/p>\n\n<p>Los estudiantes representan a clientes utilizando diversas formas de defensa para ayudar a los trabajadores con salarios bajos de todo el estado a construir poder y hacer valer sus derechos legales y humanos.  <\/p>\n\n<p><strong>Salud y discapacidad  <\/strong> <\/p>\n\n<p>Los estudiantes representan a clientes en asuntos jur\u00eddicos como el acceso a la asistencia sanitaria o a servicios de rehabilitaci\u00f3n, el acceso al seguro m\u00e9dico, las reclamaciones de prestaciones por discapacidad y la discriminaci\u00f3n en estos contextos&#8230;.  <\/p>\n\n<p><strong>Inmigraci\u00f3n<\/strong> <\/p>\n\n<p>Los estudiantes representan a inmigrantes en cuestiones relacionadas con asilo, problemas de visado, deportaci\u00f3n y ciudadan\u00eda.  <\/p>\n\n<p><strong>Litigios en materia de vivienda<\/strong> <\/p>\n\n<p>Los estudiantes representan a clientes en diversos litigios entre propietarios e inquilinos y se ocupan de otros asuntos relacionados con la vivienda, tanto privada como subvencionada.  <\/p>\n\n<p><strong>Derechos civiles<\/strong> <\/p>\n\n<p>La representaci\u00f3n estudiantil se centra en cuestiones jur\u00eddicas civiles tangenciales al sistema jur\u00eddico penal, proporcionando alivio real y concreto y apoyo jur\u00eddico a personas y comunidades que se han visto perjudicadas por la criminalizaci\u00f3n de la pobreza y otras formas de discriminaci\u00f3n o privaci\u00f3n de derechos.  <\/p>\n\n<p>Encontrar\u00e1 m\u00e1s informaci\u00f3n sobre estas cl\u00ednicas en la p\u00e1gina web de UVA Law: <a href=\"https:\/\/www.law.virginia.edu\/clinics\/clinics-subject\" target=\"_blank\" rel=\"noreferrer noopener\">https:<\/a>\/\/www.law.virginia.edu\/clinics\/clinics-subject.  <\/p>\n\n<p>En colaboraci\u00f3n con la Facultad de Derecho Antonin Scalia de la Universidad George Mason, impartimos el siguiente curso cl\u00ednico:  <\/p>\n\n<p><strong>Cl\u00ednica de Litigios de Inmigraci\u00f3n<\/strong><a href=\"https:\/\/www.law.gmu.edu\/academics\/clinics\/legal_clinic_immigration\/\" target=\"_blank\" rel=\"noreferrer noopener\">(https:\/\/www.law.gmu.edu\/academics\/clinics\/legal_clinic_immigration\/<\/a>)  <\/p>\n\n<p>La representaci\u00f3n de los estudiantes se centra en casos humanitarios individuales relacionados con la inmigraci\u00f3n, incluida la representaci\u00f3n en los tribunales de inmigraci\u00f3n y ante las agencias federales, y los estudiantes contribuyen a los casos de apelaci\u00f3n y litigios de impacto que promueven los derechos de los inmigrantes. <\/p>\n\n<p>Legal Aid Justice Center est\u00e1 interesado en colaborar con facultades de Derecho de las \u00e1reas metropolitanas de D.C. y Richmond. P\u00f3ngase en contacto con Amy Walters, Abogada Principal de Cl\u00ednicas, en <a href=\"mailto:amyw@justice4all.org\" target=\"_blank\" rel=\"noreferrer noopener\">amyw@justice4all.org<\/a>.  <\/p>\n","protected":false},"excerpt":{"rendered":"<p>Nuestros abogados ense\u00f1an y supervisan una amplia variedad de programas cl\u00ednicos que benefician principalmente a personas y familias de bajos ingresos en todo Virginia. Las cl\u00ednicas de LAJC est\u00e1n dise\u00f1adas para educar a los estudiantes sobre la gama de estrategias utilizadas por los abogados para identificar, investigar y atacar las injusticias sist\u00e9micas, fomentando enfoques hol\u00edsticos [&hellip;]<\/p>\n","protected":false},"author":4,"featured_media":0,"parent":10447,"menu_order":0,"comment_status":"closed","ping_status":"closed","template":"","meta":{"footnotes":""},"lajc-tax-roles":[],"lajc-tax-issues":[],"lajc-tax-locations":[],"class_list":["post-10476","page","type-page","status-publish","hentry"],"acf":[],"yoast_head":"<!-- This site is optimized with the Yoast SEO plugin v27.4 - https:\/\/yoast.com\/product\/yoast-seo-wordpress\/ -->\n<title>Cl\u00ednicas de la Facultad de Derecho - Legal Aid Justice Center<\/title>\n<meta name=\"robots\" content=\"index, follow, max-snippet:-1, max-image-preview:large, max-video-preview:-1\" \/>\n<link rel=\"canonical\" href=\"https:\/\/www.justice4all.org\/es\/involucrate\/clinicas-de-la-facultad-de-derecho\/\" \/>\n<meta property=\"og:locale\" content=\"es_ES\" \/>\n<meta property=\"og:type\" content=\"article\" \/>\n<meta property=\"og:title\" content=\"Cl\u00ednicas de la Facultad de Derecho - Legal Aid Justice Center\" \/>\n<meta property=\"og:description\" content=\"Nuestros abogados ense\u00f1an y supervisan una amplia variedad de programas cl\u00ednicos que benefician principalmente a personas y familias de bajos ingresos en todo Virginia. Las cl\u00ednicas de LAJC est\u00e1n dise\u00f1adas para educar a los estudiantes sobre la gama de estrategias utilizadas por los abogados para identificar, investigar y atacar las injusticias sist\u00e9micas, fomentando enfoques hol\u00edsticos [&hellip;]\" \/>\n<meta property=\"og:url\" content=\"https:\/\/www.justice4all.org\/es\/involucrate\/clinicas-de-la-facultad-de-derecho\/\" \/>\n<meta property=\"og:site_name\" content=\"Legal Aid Justice Center\" \/>\n<meta property=\"article:modified_time\" content=\"2023-07-25T21:50:47+00:00\" \/>\n<meta name=\"twitter:card\" content=\"summary_large_image\" \/>\n<meta name=\"twitter:label1\" content=\"Tiempo de lectura\" \/>\n\t<meta name=\"twitter:data1\" content=\"2 minuto\" \/>\n<script type=\"application\/ld+json\" class=\"yoast-schema-graph\">{\"@context\":\"https:\\\/\\\/schema.org\",\"@graph\":[{\"@type\":\"WebPage\",\"@id\":\"https:\\\/\\\/www.justice4all.org\\\/es\\\/involucrate\\\/clinicas-de-la-facultad-de-derecho\\\/\",\"url\":\"https:\\\/\\\/www.justice4all.org\\\/es\\\/involucrate\\\/clinicas-de-la-facultad-de-derecho\\\/\",\"name\":\"Cl\u00ednicas de la Facultad de Derecho - Legal Aid Justice Center\",\"isPartOf\":{\"@id\":\"https:\\\/\\\/www.justice4all.org\\\/es\\\/#website\"},\"datePublished\":\"2023-04-04T20:51:55+00:00\",\"dateModified\":\"2023-07-25T21:50:47+00:00\",\"breadcrumb\":{\"@id\":\"https:\\\/\\\/www.justice4all.org\\\/es\\\/involucrate\\\/clinicas-de-la-facultad-de-derecho\\\/#breadcrumb\"},\"inLanguage\":\"es\",\"potentialAction\":[{\"@type\":\"ReadAction\",\"target\":[\"https:\\\/\\\/www.justice4all.org\\\/es\\\/involucrate\\\/clinicas-de-la-facultad-de-derecho\\\/\"]}]},{\"@type\":\"BreadcrumbList\",\"@id\":\"https:\\\/\\\/www.justice4all.org\\\/es\\\/involucrate\\\/clinicas-de-la-facultad-de-derecho\\\/#breadcrumb\",\"itemListElement\":[{\"@type\":\"ListItem\",\"position\":1,\"name\":\"Home\",\"item\":\"https:\\\/\\\/www.justice4all.org\\\/es\\\/\"},{\"@type\":\"ListItem\",\"position\":2,\"name\":\"Invol\u00facrate\",\"item\":\"https:\\\/\\\/www.justice4all.org\\\/es\\\/involucrate\\\/\"},{\"@type\":\"ListItem\",\"position\":3,\"name\":\"Cl\u00ednicas de la Facultad de Derecho\"}]},{\"@type\":\"WebSite\",\"@id\":\"https:\\\/\\\/www.justice4all.org\\\/es\\\/#website\",\"url\":\"https:\\\/\\\/www.justice4all.org\\\/es\\\/\",\"name\":\"Legal Aid Justice Center\",\"description\":\"\",\"potentialAction\":[{\"@type\":\"SearchAction\",\"target\":{\"@type\":\"EntryPoint\",\"urlTemplate\":\"https:\\\/\\\/www.justice4all.org\\\/es\\\/?s={search_term_string}\"},\"query-input\":{\"@type\":\"PropertyValueSpecification\",\"valueRequired\":true,\"valueName\":\"search_term_string\"}}],\"inLanguage\":\"es\"}]}<\/script>\n<!-- \/ Yoast SEO plugin. -->","yoast_head_json":{"title":"Cl\u00ednicas de la Facultad de Derecho - Legal Aid Justice Center","robots":{"index":"index","follow":"follow","max-snippet":"max-snippet:-1","max-image-preview":"max-image-preview:large","max-video-preview":"max-video-preview:-1"},"canonical":"https:\/\/www.justice4all.org\/es\/involucrate\/clinicas-de-la-facultad-de-derecho\/","og_locale":"es_ES","og_type":"article","og_title":"Cl\u00ednicas de la Facultad de Derecho - Legal Aid Justice Center","og_description":"Nuestros abogados ense\u00f1an y supervisan una amplia variedad de programas cl\u00ednicos que benefician principalmente a personas y familias de bajos ingresos en todo Virginia. Las cl\u00ednicas de LAJC est\u00e1n dise\u00f1adas para educar a los estudiantes sobre la gama de estrategias utilizadas por los abogados para identificar, investigar y atacar las injusticias sist\u00e9micas, fomentando enfoques hol\u00edsticos [&hellip;]","og_url":"https:\/\/www.justice4all.org\/es\/involucrate\/clinicas-de-la-facultad-de-derecho\/","og_site_name":"Legal Aid Justice Center","article_modified_time":"2023-07-25T21:50:47+00:00","twitter_card":"summary_large_image","twitter_misc":{"Tiempo de lectura":"2 minuto"},"schema":{"@context":"https:\/\/schema.org","@graph":[{"@type":"WebPage","@id":"https:\/\/www.justice4all.org\/es\/involucrate\/clinicas-de-la-facultad-de-derecho\/","url":"https:\/\/www.justice4all.org\/es\/involucrate\/clinicas-de-la-facultad-de-derecho\/","name":"Cl\u00ednicas de la Facultad de Derecho - Legal Aid Justice Center","isPartOf":{"@id":"https:\/\/www.justice4all.org\/es\/#website"},"datePublished":"2023-04-04T20:51:55+00:00","dateModified":"2023-07-25T21:50:47+00:00","breadcrumb":{"@id":"https:\/\/www.justice4all.org\/es\/involucrate\/clinicas-de-la-facultad-de-derecho\/#breadcrumb"},"inLanguage":"es","potentialAction":[{"@type":"ReadAction","target":["https:\/\/www.justice4all.org\/es\/involucrate\/clinicas-de-la-facultad-de-derecho\/"]}]},{"@type":"BreadcrumbList","@id":"https:\/\/www.justice4all.org\/es\/involucrate\/clinicas-de-la-facultad-de-derecho\/#breadcrumb","itemListElement":[{"@type":"ListItem","position":1,"name":"Home","item":"https:\/\/www.justice4all.org\/es\/"},{"@type":"ListItem","position":2,"name":"Invol\u00facrate","item":"https:\/\/www.justice4all.org\/es\/involucrate\/"},{"@type":"ListItem","position":3,"name":"Cl\u00ednicas de la Facultad de Derecho"}]},{"@type":"WebSite","@id":"https:\/\/www.justice4all.org\/es\/#website","url":"https:\/\/www.justice4all.org\/es\/","name":"Legal Aid Justice Center","description":"","potentialAction":[{"@type":"SearchAction","target":{"@type":"EntryPoint","urlTemplate":"https:\/\/www.justice4all.org\/es\/?s={search_term_string}"},"query-input":{"@type":"PropertyValueSpecification","valueRequired":true,"valueName":"search_term_string"}}],"inLanguage":"es"}]}},"_links":{"self":[{"href":"https:\/\/www.justice4all.org\/es\/wp-json\/wp\/v2\/pages\/10476","targetHints":{"allow":["GET"]}}],"collection":[{"href":"https:\/\/www.justice4all.org\/es\/wp-json\/wp\/v2\/pages"}],"about":[{"href":"https:\/\/www.justice4all.org\/es\/wp-json\/wp\/v2\/types\/page"}],"author":[{"embeddable":true,"href":"https:\/\/www.justice4all.org\/es\/wp-json\/wp\/v2\/users\/4"}],"replies":[{"embeddable":true,"href":"https:\/\/www.justice4all.org\/es\/wp-json\/wp\/v2\/comments?post=10476"}],"version-history":[{"count":0,"href":"https:\/\/www.justice4all.org\/es\/wp-json\/wp\/v2\/pages\/10476\/revisions"}],"up":[{"embeddable":true,"href":"https:\/\/www.justice4all.org\/es\/wp-json\/wp\/v2\/pages\/10447"}],"wp:attachment":[{"href":"https:\/\/www.justice4all.org\/es\/wp-json\/wp\/v2\/media?parent=10476"}],"wp:term":[{"taxonomy":"lajc-tax-roles","embeddable":true,"href":"https:\/\/www.justice4all.org\/es\/wp-json\/wp\/v2\/lajc-tax-roles?post=10476"},{"taxonomy":"lajc-tax-issues","embeddable":true,"href":"https:\/\/www.justice4all.org\/es\/wp-json\/wp\/v2\/lajc-tax-issues?post=10476"},{"taxonomy":"lajc-tax-locations","embeddable":true,"href":"https:\/\/www.justice4all.org\/es\/wp-json\/wp\/v2\/lajc-tax-locations?post=10476"}],"curies":[{"name":"wp","href":"https:\/\/api.w.org\/{rel}","templated":true}]}}