{"id":10475,"date":"2023-04-04T20:51:50","date_gmt":"2023-04-04T20:51:50","guid":{"rendered":"https:\/\/lajc2023stg.wpengine.com\/involucrate\/pro-bono\/"},"modified":"2026-04-09T13:29:01","modified_gmt":"2026-04-09T13:29:01","slug":"pro-bono","status":"publish","type":"page","link":"https:\/\/www.justice4all.org\/es\/involucrate\/pro-bono\/","title":{"rendered":"Asociaciones para el acceso a la justicia - Nuestras iniciativas pro bono"},"content":{"rendered":"\n<p>Nuestros programas pro bono ofrecen ayuda jur\u00eddica a clientes con bajos ingresos en \u00e1mbitos como la protecci\u00f3n de los consumidores, la educaci\u00f3n, el derecho de la tercera edad, el empleo y los litigios en materia de vivienda. Estamos reclutando abogados en Richmond, Petersburg, Charlottesville, Falls Church, y las ciudades y condados circundantes.<\/p>\n\n<p><\/p>\n\n<p><strong>Unidad de Vivienda Pro Bono de Richmond<\/strong> <\/p>\n\n<p>Abogados voluntarios trabajan directamente con clientes de bajos ingresos de forma rotativa para proporcionar asesoramiento y consejo en desahucios y otros conflictos entre propietarios e inquilinos. Los voluntarios se reunir\u00e1n con los clientes en la oficina de LAJC en Richmond el d\u00eda programado. Las citas de los clientes se programan con antelaci\u00f3n de 16.00 a 18.00 horas los martes y jueves. El abogado de turno recibir\u00e1 la admisi\u00f3n y la comprobaci\u00f3n de conflictos antes de su llegada. Los voluntarios tendr\u00e1n acceso a una formaci\u00f3n en v\u00eddeo, as\u00ed como a una formaci\u00f3n presencial anual (se conceden cr\u00e9ditos CLE) antes de empezar y tendr\u00e1n acceso a abogados expertos en vivienda cuando necesiten recursos adicionales.  <\/p>\n\n<p>Contacto: <strong><a href=\"mailto:lrich@justice4all.org\">L<\/a><a href=\"mailto:laurenking@justice4all.org\">auren King<\/a><\/strong> para m\u00e1s informaci\u00f3n<br\/> <br\/> <br\/><\/p>\n","protected":false},"excerpt":{"rendered":"<p>Nuestros programas pro bono ofrecen ayuda jur\u00eddica a clientes con bajos ingresos en \u00e1mbitos como la protecci\u00f3n de los consumidores, la educaci\u00f3n, el derecho de la tercera edad, el empleo y los litigios en materia de vivienda. Estamos reclutando abogados en Richmond, Petersburg, Charlottesville, Falls Church, y las ciudades y condados circundantes. Unidad de Vivienda [&hellip;]<\/p>\n","protected":false},"author":4,"featured_media":0,"parent":10447,"menu_order":0,"comment_status":"closed","ping_status":"closed","template":"","meta":{"footnotes":""},"lajc-tax-roles":[],"lajc-tax-issues":[],"lajc-tax-locations":[],"class_list":["post-10475","page","type-page","status-publish","hentry"],"acf":[],"yoast_head":"<!-- This site is optimized with the Yoast SEO plugin v27.4 - https:\/\/yoast.com\/product\/yoast-seo-wordpress\/ -->\n<title>Asociaciones para el acceso a la justicia - Nuestras iniciativas pro bono - Legal Aid Justice Center<\/title>\n<meta name=\"robots\" content=\"index, follow, max-snippet:-1, max-image-preview:large, max-video-preview:-1\" \/>\n<link rel=\"canonical\" href=\"https:\/\/www.justice4all.org\/es\/involucrate\/pro-bono\/\" \/>\n<meta property=\"og:locale\" content=\"es_ES\" \/>\n<meta property=\"og:type\" content=\"article\" \/>\n<meta property=\"og:title\" content=\"Asociaciones para el acceso a la justicia - Nuestras iniciativas pro bono - Legal Aid Justice Center\" \/>\n<meta property=\"og:description\" content=\"Nuestros programas pro bono ofrecen ayuda jur\u00eddica a clientes con bajos ingresos en \u00e1mbitos como la protecci\u00f3n de los consumidores, la educaci\u00f3n, el derecho de la tercera edad, el empleo y los litigios en materia de vivienda. Estamos reclutando abogados en Richmond, Petersburg, Charlottesville, Falls Church, y las ciudades y condados circundantes. Unidad de Vivienda [&hellip;]\" \/>\n<meta property=\"og:url\" content=\"https:\/\/www.justice4all.org\/es\/involucrate\/pro-bono\/\" \/>\n<meta property=\"og:site_name\" content=\"Legal Aid Justice Center\" \/>\n<meta property=\"article:modified_time\" content=\"2026-04-09T13:29:01+00:00\" \/>\n<meta name=\"twitter:card\" content=\"summary_large_image\" \/>\n<meta name=\"twitter:label1\" content=\"Tiempo de lectura\" \/>\n\t<meta name=\"twitter:data1\" content=\"1 minuto\" \/>\n<script type=\"application\/ld+json\" class=\"yoast-schema-graph\">{\"@context\":\"https:\\\/\\\/schema.org\",\"@graph\":[{\"@type\":\"WebPage\",\"@id\":\"https:\\\/\\\/www.justice4all.org\\\/es\\\/involucrate\\\/pro-bono\\\/\",\"url\":\"https:\\\/\\\/www.justice4all.org\\\/es\\\/involucrate\\\/pro-bono\\\/\",\"name\":\"Asociaciones para el acceso a la justicia - Nuestras iniciativas pro bono - Legal Aid Justice Center\",\"isPartOf\":{\"@id\":\"https:\\\/\\\/www.justice4all.org\\\/es\\\/#website\"},\"datePublished\":\"2023-04-04T20:51:50+00:00\",\"dateModified\":\"2026-04-09T13:29:01+00:00\",\"breadcrumb\":{\"@id\":\"https:\\\/\\\/www.justice4all.org\\\/es\\\/involucrate\\\/pro-bono\\\/#breadcrumb\"},\"inLanguage\":\"es\",\"potentialAction\":[{\"@type\":\"ReadAction\",\"target\":[\"https:\\\/\\\/www.justice4all.org\\\/es\\\/involucrate\\\/pro-bono\\\/\"]}]},{\"@type\":\"BreadcrumbList\",\"@id\":\"https:\\\/\\\/www.justice4all.org\\\/es\\\/involucrate\\\/pro-bono\\\/#breadcrumb\",\"itemListElement\":[{\"@type\":\"ListItem\",\"position\":1,\"name\":\"Home\",\"item\":\"https:\\\/\\\/www.justice4all.org\\\/es\\\/\"},{\"@type\":\"ListItem\",\"position\":2,\"name\":\"Invol\u00facrate\",\"item\":\"https:\\\/\\\/www.justice4all.org\\\/es\\\/involucrate\\\/\"},{\"@type\":\"ListItem\",\"position\":3,\"name\":\"Asociaciones para el acceso a la justicia &#8211; Nuestras iniciativas pro bono\"}]},{\"@type\":\"WebSite\",\"@id\":\"https:\\\/\\\/www.justice4all.org\\\/es\\\/#website\",\"url\":\"https:\\\/\\\/www.justice4all.org\\\/es\\\/\",\"name\":\"Legal Aid Justice Center\",\"description\":\"\",\"potentialAction\":[{\"@type\":\"SearchAction\",\"target\":{\"@type\":\"EntryPoint\",\"urlTemplate\":\"https:\\\/\\\/www.justice4all.org\\\/es\\\/?s={search_term_string}\"},\"query-input\":{\"@type\":\"PropertyValueSpecification\",\"valueRequired\":true,\"valueName\":\"search_term_string\"}}],\"inLanguage\":\"es\"}]}<\/script>\n<!-- \/ Yoast SEO plugin. -->","yoast_head_json":{"title":"Asociaciones para el acceso a la justicia - Nuestras iniciativas pro bono - Legal Aid Justice Center","robots":{"index":"index","follow":"follow","max-snippet":"max-snippet:-1","max-image-preview":"max-image-preview:large","max-video-preview":"max-video-preview:-1"},"canonical":"https:\/\/www.justice4all.org\/es\/involucrate\/pro-bono\/","og_locale":"es_ES","og_type":"article","og_title":"Asociaciones para el acceso a la justicia - Nuestras iniciativas pro bono - Legal Aid Justice Center","og_description":"Nuestros programas pro bono ofrecen ayuda jur\u00eddica a clientes con bajos ingresos en \u00e1mbitos como la protecci\u00f3n de los consumidores, la educaci\u00f3n, el derecho de la tercera edad, el empleo y los litigios en materia de vivienda. Estamos reclutando abogados en Richmond, Petersburg, Charlottesville, Falls Church, y las ciudades y condados circundantes. Unidad de Vivienda [&hellip;]","og_url":"https:\/\/www.justice4all.org\/es\/involucrate\/pro-bono\/","og_site_name":"Legal Aid Justice Center","article_modified_time":"2026-04-09T13:29:01+00:00","twitter_card":"summary_large_image","twitter_misc":{"Tiempo de lectura":"1 minuto"},"schema":{"@context":"https:\/\/schema.org","@graph":[{"@type":"WebPage","@id":"https:\/\/www.justice4all.org\/es\/involucrate\/pro-bono\/","url":"https:\/\/www.justice4all.org\/es\/involucrate\/pro-bono\/","name":"Asociaciones para el acceso a la justicia - Nuestras iniciativas pro bono - Legal Aid Justice Center","isPartOf":{"@id":"https:\/\/www.justice4all.org\/es\/#website"},"datePublished":"2023-04-04T20:51:50+00:00","dateModified":"2026-04-09T13:29:01+00:00","breadcrumb":{"@id":"https:\/\/www.justice4all.org\/es\/involucrate\/pro-bono\/#breadcrumb"},"inLanguage":"es","potentialAction":[{"@type":"ReadAction","target":["https:\/\/www.justice4all.org\/es\/involucrate\/pro-bono\/"]}]},{"@type":"BreadcrumbList","@id":"https:\/\/www.justice4all.org\/es\/involucrate\/pro-bono\/#breadcrumb","itemListElement":[{"@type":"ListItem","position":1,"name":"Home","item":"https:\/\/www.justice4all.org\/es\/"},{"@type":"ListItem","position":2,"name":"Invol\u00facrate","item":"https:\/\/www.justice4all.org\/es\/involucrate\/"},{"@type":"ListItem","position":3,"name":"Asociaciones para el acceso a la justicia &#8211; Nuestras iniciativas pro bono"}]},{"@type":"WebSite","@id":"https:\/\/www.justice4all.org\/es\/#website","url":"https:\/\/www.justice4all.org\/es\/","name":"Legal Aid Justice Center","description":"","potentialAction":[{"@type":"SearchAction","target":{"@type":"EntryPoint","urlTemplate":"https:\/\/www.justice4all.org\/es\/?s={search_term_string}"},"query-input":{"@type":"PropertyValueSpecification","valueRequired":true,"valueName":"search_term_string"}}],"inLanguage":"es"}]}},"_links":{"self":[{"href":"https:\/\/www.justice4all.org\/es\/wp-json\/wp\/v2\/pages\/10475","targetHints":{"allow":["GET"]}}],"collection":[{"href":"https:\/\/www.justice4all.org\/es\/wp-json\/wp\/v2\/pages"}],"about":[{"href":"https:\/\/www.justice4all.org\/es\/wp-json\/wp\/v2\/types\/page"}],"author":[{"embeddable":true,"href":"https:\/\/www.justice4all.org\/es\/wp-json\/wp\/v2\/users\/4"}],"replies":[{"embeddable":true,"href":"https:\/\/www.justice4all.org\/es\/wp-json\/wp\/v2\/comments?post=10475"}],"version-history":[{"count":0,"href":"https:\/\/www.justice4all.org\/es\/wp-json\/wp\/v2\/pages\/10475\/revisions"}],"up":[{"embeddable":true,"href":"https:\/\/www.justice4all.org\/es\/wp-json\/wp\/v2\/pages\/10447"}],"wp:attachment":[{"href":"https:\/\/www.justice4all.org\/es\/wp-json\/wp\/v2\/media?parent=10475"}],"wp:term":[{"taxonomy":"lajc-tax-roles","embeddable":true,"href":"https:\/\/www.justice4all.org\/es\/wp-json\/wp\/v2\/lajc-tax-roles?post=10475"},{"taxonomy":"lajc-tax-issues","embeddable":true,"href":"https:\/\/www.justice4all.org\/es\/wp-json\/wp\/v2\/lajc-tax-issues?post=10475"},{"taxonomy":"lajc-tax-locations","embeddable":true,"href":"https:\/\/www.justice4all.org\/es\/wp-json\/wp\/v2\/lajc-tax-locations?post=10475"}],"curies":[{"name":"wp","href":"https:\/\/api.w.org\/{rel}","templated":true}]}}