{"id":10474,"date":"2023-06-20T15:58:26","date_gmt":"2023-06-20T15:58:26","guid":{"rendered":"https:\/\/lajc2023stg.wpengine.com\/noticias\/contacto-para-la-prensa\/"},"modified":"2023-07-25T18:58:48","modified_gmt":"2023-07-25T18:58:48","slug":"contacto-para-la-prensa","status":"publish","type":"page","link":"https:\/\/www.justice4all.org\/es\/noticias\/contacto-para-la-prensa\/","title":{"rendered":"Contacto para la prensa"},"content":{"rendered":"\n<p class=\"has-text-align-center\"><br\/>Las consultas de los medios de comunicaci\u00f3n deben dirigirse a<\/p>\n\n<p class=\"has-text-align-center\">Jeff Jones<br\/>Director de Comunicaci\u00f3n<br\/><a href=\"mailto:jeff@justice4all.org\">jeff@justice4all.org<\/a> <br\/>804-869-1040<br\/><\/p>\n\n<p class=\"has-text-align-center\">Si necesita ayuda con un problema jur\u00eddico o tiene otras preguntas no relacionadas con la prensa, p\u00f3ngase en contacto con la <a href=\"https:\/\/www.justice4all.org\/es\/obtener-ayuda\/\">oficina del LAJC<\/a> m\u00e1s cercana o env\u00ede un correo electr\u00f3nico <a href=\"mailto:info@justice4all.org\">a info@justice4all.org<\/a>.<\/p>\n","protected":false},"excerpt":{"rendered":"<p>Las consultas de los medios de comunicaci\u00f3n deben dirigirse a Jeff JonesDirector de Comunicaci\u00f3njeff@justice4all.org 804-869-1040 Si necesita ayuda con un problema jur\u00eddico o tiene otras preguntas no relacionadas con la prensa, p\u00f3ngase en contacto con la oficina del LAJC m\u00e1s cercana o env\u00ede un correo electr\u00f3nico a info@justice4all.org.<\/p>\n","protected":false},"author":4,"featured_media":0,"parent":10449,"menu_order":1,"comment_status":"closed","ping_status":"closed","template":"","meta":{"footnotes":""},"lajc-tax-roles":[79],"lajc-tax-issues":[],"lajc-tax-locations":[],"class_list":["post-10474","page","type-page","status-publish","hentry","lajc-tax-roles-communicationsandpolicy-es"],"acf":[],"yoast_head":"<!-- This site is optimized with the Yoast SEO plugin v27.4 - https:\/\/yoast.com\/product\/yoast-seo-wordpress\/ -->\n<title>Contacto para la prensa - Legal Aid Justice Center<\/title>\n<meta name=\"robots\" content=\"index, follow, max-snippet:-1, max-image-preview:large, max-video-preview:-1\" \/>\n<link rel=\"canonical\" href=\"https:\/\/www.justice4all.org\/es\/noticias\/contacto-para-la-prensa\/\" \/>\n<meta property=\"og:locale\" content=\"es_ES\" \/>\n<meta property=\"og:type\" content=\"article\" \/>\n<meta property=\"og:title\" content=\"Contacto para la prensa - Legal Aid Justice Center\" \/>\n<meta property=\"og:description\" content=\"Las consultas de los medios de comunicaci\u00f3n deben dirigirse a Jeff JonesDirector de Comunicaci\u00f3njeff@justice4all.org 804-869-1040 Si necesita ayuda con un problema jur\u00eddico o tiene otras preguntas no relacionadas con la prensa, p\u00f3ngase en contacto con la oficina del LAJC m\u00e1s cercana o env\u00ede un correo electr\u00f3nico a info@justice4all.org.\" \/>\n<meta property=\"og:url\" content=\"https:\/\/www.justice4all.org\/es\/noticias\/contacto-para-la-prensa\/\" \/>\n<meta property=\"og:site_name\" content=\"Legal Aid Justice Center\" \/>\n<meta property=\"article:modified_time\" content=\"2023-07-25T18:58:48+00:00\" \/>\n<meta name=\"twitter:card\" content=\"summary_large_image\" \/>\n<script type=\"application\/ld+json\" class=\"yoast-schema-graph\">{\"@context\":\"https:\\\/\\\/schema.org\",\"@graph\":[{\"@type\":\"WebPage\",\"@id\":\"https:\\\/\\\/www.justice4all.org\\\/es\\\/noticias\\\/contacto-para-la-prensa\\\/\",\"url\":\"https:\\\/\\\/www.justice4all.org\\\/es\\\/noticias\\\/contacto-para-la-prensa\\\/\",\"name\":\"Contacto para la prensa - Legal Aid Justice Center\",\"isPartOf\":{\"@id\":\"https:\\\/\\\/www.justice4all.org\\\/es\\\/#website\"},\"datePublished\":\"2023-06-20T15:58:26+00:00\",\"dateModified\":\"2023-07-25T18:58:48+00:00\",\"breadcrumb\":{\"@id\":\"https:\\\/\\\/www.justice4all.org\\\/es\\\/noticias\\\/contacto-para-la-prensa\\\/#breadcrumb\"},\"inLanguage\":\"es\",\"potentialAction\":[{\"@type\":\"ReadAction\",\"target\":[\"https:\\\/\\\/www.justice4all.org\\\/es\\\/noticias\\\/contacto-para-la-prensa\\\/\"]}]},{\"@type\":\"BreadcrumbList\",\"@id\":\"https:\\\/\\\/www.justice4all.org\\\/es\\\/noticias\\\/contacto-para-la-prensa\\\/#breadcrumb\",\"itemListElement\":[{\"@type\":\"ListItem\",\"position\":1,\"name\":\"Home\",\"item\":\"https:\\\/\\\/www.justice4all.org\\\/es\\\/\"},{\"@type\":\"ListItem\",\"position\":2,\"name\":\"Noticias\",\"item\":\"https:\\\/\\\/www.justice4all.org\\\/es\\\/noticias\\\/\"},{\"@type\":\"ListItem\",\"position\":3,\"name\":\"Contacto para la prensa\"}]},{\"@type\":\"WebSite\",\"@id\":\"https:\\\/\\\/www.justice4all.org\\\/es\\\/#website\",\"url\":\"https:\\\/\\\/www.justice4all.org\\\/es\\\/\",\"name\":\"Legal Aid Justice Center\",\"description\":\"\",\"potentialAction\":[{\"@type\":\"SearchAction\",\"target\":{\"@type\":\"EntryPoint\",\"urlTemplate\":\"https:\\\/\\\/www.justice4all.org\\\/es\\\/?s={search_term_string}\"},\"query-input\":{\"@type\":\"PropertyValueSpecification\",\"valueRequired\":true,\"valueName\":\"search_term_string\"}}],\"inLanguage\":\"es\"}]}<\/script>\n<!-- \/ Yoast SEO plugin. -->","yoast_head_json":{"title":"Contacto para la prensa - Legal Aid Justice Center","robots":{"index":"index","follow":"follow","max-snippet":"max-snippet:-1","max-image-preview":"max-image-preview:large","max-video-preview":"max-video-preview:-1"},"canonical":"https:\/\/www.justice4all.org\/es\/noticias\/contacto-para-la-prensa\/","og_locale":"es_ES","og_type":"article","og_title":"Contacto para la prensa - Legal Aid Justice Center","og_description":"Las consultas de los medios de comunicaci\u00f3n deben dirigirse a Jeff JonesDirector de Comunicaci\u00f3njeff@justice4all.org 804-869-1040 Si necesita ayuda con un problema jur\u00eddico o tiene otras preguntas no relacionadas con la prensa, p\u00f3ngase en contacto con la oficina del LAJC m\u00e1s cercana o env\u00ede un correo electr\u00f3nico a info@justice4all.org.","og_url":"https:\/\/www.justice4all.org\/es\/noticias\/contacto-para-la-prensa\/","og_site_name":"Legal Aid Justice Center","article_modified_time":"2023-07-25T18:58:48+00:00","twitter_card":"summary_large_image","schema":{"@context":"https:\/\/schema.org","@graph":[{"@type":"WebPage","@id":"https:\/\/www.justice4all.org\/es\/noticias\/contacto-para-la-prensa\/","url":"https:\/\/www.justice4all.org\/es\/noticias\/contacto-para-la-prensa\/","name":"Contacto para la prensa - Legal Aid Justice Center","isPartOf":{"@id":"https:\/\/www.justice4all.org\/es\/#website"},"datePublished":"2023-06-20T15:58:26+00:00","dateModified":"2023-07-25T18:58:48+00:00","breadcrumb":{"@id":"https:\/\/www.justice4all.org\/es\/noticias\/contacto-para-la-prensa\/#breadcrumb"},"inLanguage":"es","potentialAction":[{"@type":"ReadAction","target":["https:\/\/www.justice4all.org\/es\/noticias\/contacto-para-la-prensa\/"]}]},{"@type":"BreadcrumbList","@id":"https:\/\/www.justice4all.org\/es\/noticias\/contacto-para-la-prensa\/#breadcrumb","itemListElement":[{"@type":"ListItem","position":1,"name":"Home","item":"https:\/\/www.justice4all.org\/es\/"},{"@type":"ListItem","position":2,"name":"Noticias","item":"https:\/\/www.justice4all.org\/es\/noticias\/"},{"@type":"ListItem","position":3,"name":"Contacto para la prensa"}]},{"@type":"WebSite","@id":"https:\/\/www.justice4all.org\/es\/#website","url":"https:\/\/www.justice4all.org\/es\/","name":"Legal Aid Justice Center","description":"","potentialAction":[{"@type":"SearchAction","target":{"@type":"EntryPoint","urlTemplate":"https:\/\/www.justice4all.org\/es\/?s={search_term_string}"},"query-input":{"@type":"PropertyValueSpecification","valueRequired":true,"valueName":"search_term_string"}}],"inLanguage":"es"}]}},"_links":{"self":[{"href":"https:\/\/www.justice4all.org\/es\/wp-json\/wp\/v2\/pages\/10474","targetHints":{"allow":["GET"]}}],"collection":[{"href":"https:\/\/www.justice4all.org\/es\/wp-json\/wp\/v2\/pages"}],"about":[{"href":"https:\/\/www.justice4all.org\/es\/wp-json\/wp\/v2\/types\/page"}],"author":[{"embeddable":true,"href":"https:\/\/www.justice4all.org\/es\/wp-json\/wp\/v2\/users\/4"}],"replies":[{"embeddable":true,"href":"https:\/\/www.justice4all.org\/es\/wp-json\/wp\/v2\/comments?post=10474"}],"version-history":[{"count":0,"href":"https:\/\/www.justice4all.org\/es\/wp-json\/wp\/v2\/pages\/10474\/revisions"}],"up":[{"embeddable":true,"href":"https:\/\/www.justice4all.org\/es\/wp-json\/wp\/v2\/pages\/10449"}],"wp:attachment":[{"href":"https:\/\/www.justice4all.org\/es\/wp-json\/wp\/v2\/media?parent=10474"}],"wp:term":[{"taxonomy":"lajc-tax-roles","embeddable":true,"href":"https:\/\/www.justice4all.org\/es\/wp-json\/wp\/v2\/lajc-tax-roles?post=10474"},{"taxonomy":"lajc-tax-issues","embeddable":true,"href":"https:\/\/www.justice4all.org\/es\/wp-json\/wp\/v2\/lajc-tax-issues?post=10474"},{"taxonomy":"lajc-tax-locations","embeddable":true,"href":"https:\/\/www.justice4all.org\/es\/wp-json\/wp\/v2\/lajc-tax-locations?post=10474"}],"curies":[{"name":"wp","href":"https:\/\/api.w.org\/{rel}","templated":true}]}}