{"id":10472,"date":"2023-07-21T04:33:40","date_gmt":"2023-07-21T04:33:40","guid":{"rendered":"https:\/\/lajc2023stg.wpengine.com\/noticias\/noticias-sobre-inmigracion\/"},"modified":"2023-07-25T21:50:36","modified_gmt":"2023-07-25T21:50:36","slug":"noticias-sobre-inmigracion","status":"publish","type":"page","link":"https:\/\/www.justice4all.org\/es\/noticias\/noticias-sobre-inmigracion\/","title":{"rendered":"Noticias sobre inmigraci\u00f3n"},"content":{"rendered":"\n<p><\/p>\n\n\n\n\n\n<!-- check: https:\/\/timber.github.io\/docs\/guides\/acf-cookbook\/ -->\n\n<!-- dbt-acf_gutenberg_blocks\/dbt-post-list\/template.twig -->\n\n<div id=\"block_95407794648453068356dc770f26aa4d\" class=\"block_95407794648453068356dc770f26aa4d post_list_block  news_list_template_b\">\n\n  \n  \n\t    \n    \n<div class=\"list-container\">\n  <div class=\"results-area list news-list-b load_more_button \" id=\"post_list_block_95407794648453068356dc770f26aa4d\">\n    <div class=\"container-fluid\">\n              <div class=\"row row-masonry\">\n                      <div class=\"col-md-6  item\" data-aos=\"slide-up\" data-aos-once=\"true\">\n              <!-- news\/templates\/item.twig   -->\n<div class=\"card\">\n  <div class=\"card-body\">\n\t\t\t\t\t\t\t\t<span class=\"news-date\">abril 30, 2026<\/span>\n\t\t\t\t\n\t\t<h2 class=\"news-title\"><a href=\"https:\/\/www.justice4all.org\/es\/hola-mundo\/\">\u00a1Hola, mundo!<\/a><\/h2>\n\n\t\t\t\t\t\t\t\t\t<p class=\"news-preview\">\n\t\t\t\t\tBienvenido a WordPress. Este es tu primer puesto. Ed\u00edtalo o b\u00f3rralo, y luego empieza a escribir.\n\t\t\t\t<\/p>\n\t\t\t\t\t\t\t<a class=\"more\" href=\"https:\/\/www.justice4all.org\/es\/hola-mundo\/\">Leer m\u00e1s<\/a>\n  <\/div>\n<\/div>\n<!-- END news\/templates\/item.twig  -->\n            <\/div>\n                      <div class=\"col-md-6  item\" data-aos=\"slide-up\" data-aos-once=\"true\">\n              <!-- news\/templates\/item.twig   -->\n<div class=\"card\">\n  <div class=\"card-body\">\n\t\t\t\t\t\t\t\t<span class=\"news-date\">abril 30, 2026<\/span>\n\t\t\t\t\n\t\t<h2 class=\"news-title\"><a href=\"https:\/\/www.justice4all.org\/es\/presentado-escrito-previo-al-juicio-en-un-caso-de-desacato-en-fluvanna\/\">Presentado escrito previo al juicio en un caso de desacato en Fluvanna<\/a><\/h2>\n\n\t\t\t\t\t\t\t\t\t<p class=\"news-preview\">\n\t\t\t\t\tHoy, el Centro de Justicia de Asistencia Jur\u00eddica y sus socios pro bono, WileyRein LLP, Kelly &amp; Crandall y Consumer Litigation Associates presentan un escrito previo al juicio en apoyo de su Moci\u00f3n para Mostrar Causas por las que los Demandados no deben ser declarados en rebeld\u00eda por su continuo incumplimiento de proporcionar atenci\u00f3n m\u00e9dica [&hellip;]\n\t\t\t\t<\/p>\n\t\t\t\t\t\t\t<a class=\"more\" href=\"https:\/\/www.justice4all.org\/es\/presentado-escrito-previo-al-juicio-en-un-caso-de-desacato-en-fluvanna\/\">Leer m\u00e1s<\/a>\n  <\/div>\n<\/div>\n<!-- END news\/templates\/item.twig  -->\n            <\/div>\n                  <\/div>\n          <\/div>\n  <\/div>\n\n  \t\t\t<\/div>\n<\/div>\n\n<!-- dbt-acf_gutenberg_blocks\/dbt-post-list\/template.twig -->","protected":false},"excerpt":{"rendered":"","protected":false},"author":4,"featured_media":0,"parent":10449,"menu_order":0,"comment_status":"closed","ping_status":"closed","template":"","meta":{"footnotes":""},"lajc-tax-roles":[],"lajc-tax-issues":[],"lajc-tax-locations":[],"class_list":["post-10472","page","type-page","status-publish","hentry"],"acf":[],"yoast_head":"<!-- This site is optimized with the Yoast SEO plugin v27.5 - https:\/\/yoast.com\/product\/yoast-seo-wordpress\/ -->\n<title>Noticias sobre inmigraci\u00f3n - Legal Aid Justice Center<\/title>\n<meta name=\"robots\" content=\"index, follow, max-snippet:-1, max-image-preview:large, max-video-preview:-1\" \/>\n<link rel=\"canonical\" href=\"https:\/\/www.justice4all.org\/es\/noticias\/noticias-sobre-inmigracion\/\" \/>\n<meta property=\"og:locale\" content=\"es_ES\" \/>\n<meta property=\"og:type\" content=\"article\" \/>\n<meta property=\"og:title\" content=\"Noticias sobre inmigraci\u00f3n - Legal Aid Justice Center\" \/>\n<meta property=\"og:url\" content=\"https:\/\/www.justice4all.org\/es\/noticias\/noticias-sobre-inmigracion\/\" \/>\n<meta property=\"og:site_name\" content=\"Legal Aid Justice Center\" \/>\n<meta property=\"article:modified_time\" content=\"2023-07-25T21:50:36+00:00\" \/>\n<meta name=\"twitter:card\" content=\"summary_large_image\" \/>\n<script type=\"application\/ld+json\" class=\"yoast-schema-graph\">{\"@context\":\"https:\\\/\\\/schema.org\",\"@graph\":[{\"@type\":\"WebPage\",\"@id\":\"https:\\\/\\\/www.justice4all.org\\\/es\\\/noticias\\\/noticias-sobre-inmigracion\\\/\",\"url\":\"https:\\\/\\\/www.justice4all.org\\\/es\\\/noticias\\\/noticias-sobre-inmigracion\\\/\",\"name\":\"Noticias sobre inmigraci\u00f3n - Legal Aid Justice Center\",\"isPartOf\":{\"@id\":\"https:\\\/\\\/www.justice4all.org\\\/es\\\/#website\"},\"datePublished\":\"2023-07-21T04:33:40+00:00\",\"dateModified\":\"2023-07-25T21:50:36+00:00\",\"breadcrumb\":{\"@id\":\"https:\\\/\\\/www.justice4all.org\\\/es\\\/noticias\\\/noticias-sobre-inmigracion\\\/#breadcrumb\"},\"inLanguage\":\"es\",\"potentialAction\":[{\"@type\":\"ReadAction\",\"target\":[\"https:\\\/\\\/www.justice4all.org\\\/es\\\/noticias\\\/noticias-sobre-inmigracion\\\/\"]}]},{\"@type\":\"BreadcrumbList\",\"@id\":\"https:\\\/\\\/www.justice4all.org\\\/es\\\/noticias\\\/noticias-sobre-inmigracion\\\/#breadcrumb\",\"itemListElement\":[{\"@type\":\"ListItem\",\"position\":1,\"name\":\"Home\",\"item\":\"https:\\\/\\\/www.justice4all.org\\\/es\\\/\"},{\"@type\":\"ListItem\",\"position\":2,\"name\":\"Noticias\",\"item\":\"https:\\\/\\\/www.justice4all.org\\\/es\\\/noticias\\\/\"},{\"@type\":\"ListItem\",\"position\":3,\"name\":\"Noticias sobre inmigraci\u00f3n\"}]},{\"@type\":\"WebSite\",\"@id\":\"https:\\\/\\\/www.justice4all.org\\\/es\\\/#website\",\"url\":\"https:\\\/\\\/www.justice4all.org\\\/es\\\/\",\"name\":\"Legal Aid Justice Center\",\"description\":\"\",\"potentialAction\":[{\"@type\":\"SearchAction\",\"target\":{\"@type\":\"EntryPoint\",\"urlTemplate\":\"https:\\\/\\\/www.justice4all.org\\\/es\\\/?s={search_term_string}\"},\"query-input\":{\"@type\":\"PropertyValueSpecification\",\"valueRequired\":true,\"valueName\":\"search_term_string\"}}],\"inLanguage\":\"es\"}]}<\/script>\n<!-- \/ Yoast SEO plugin. -->","yoast_head_json":{"title":"Noticias sobre inmigraci\u00f3n - Legal Aid Justice Center","robots":{"index":"index","follow":"follow","max-snippet":"max-snippet:-1","max-image-preview":"max-image-preview:large","max-video-preview":"max-video-preview:-1"},"canonical":"https:\/\/www.justice4all.org\/es\/noticias\/noticias-sobre-inmigracion\/","og_locale":"es_ES","og_type":"article","og_title":"Noticias sobre inmigraci\u00f3n - Legal Aid Justice Center","og_url":"https:\/\/www.justice4all.org\/es\/noticias\/noticias-sobre-inmigracion\/","og_site_name":"Legal Aid Justice Center","article_modified_time":"2023-07-25T21:50:36+00:00","twitter_card":"summary_large_image","schema":{"@context":"https:\/\/schema.org","@graph":[{"@type":"WebPage","@id":"https:\/\/www.justice4all.org\/es\/noticias\/noticias-sobre-inmigracion\/","url":"https:\/\/www.justice4all.org\/es\/noticias\/noticias-sobre-inmigracion\/","name":"Noticias sobre inmigraci\u00f3n - Legal Aid Justice Center","isPartOf":{"@id":"https:\/\/www.justice4all.org\/es\/#website"},"datePublished":"2023-07-21T04:33:40+00:00","dateModified":"2023-07-25T21:50:36+00:00","breadcrumb":{"@id":"https:\/\/www.justice4all.org\/es\/noticias\/noticias-sobre-inmigracion\/#breadcrumb"},"inLanguage":"es","potentialAction":[{"@type":"ReadAction","target":["https:\/\/www.justice4all.org\/es\/noticias\/noticias-sobre-inmigracion\/"]}]},{"@type":"BreadcrumbList","@id":"https:\/\/www.justice4all.org\/es\/noticias\/noticias-sobre-inmigracion\/#breadcrumb","itemListElement":[{"@type":"ListItem","position":1,"name":"Home","item":"https:\/\/www.justice4all.org\/es\/"},{"@type":"ListItem","position":2,"name":"Noticias","item":"https:\/\/www.justice4all.org\/es\/noticias\/"},{"@type":"ListItem","position":3,"name":"Noticias sobre inmigraci\u00f3n"}]},{"@type":"WebSite","@id":"https:\/\/www.justice4all.org\/es\/#website","url":"https:\/\/www.justice4all.org\/es\/","name":"Legal Aid Justice Center","description":"","potentialAction":[{"@type":"SearchAction","target":{"@type":"EntryPoint","urlTemplate":"https:\/\/www.justice4all.org\/es\/?s={search_term_string}"},"query-input":{"@type":"PropertyValueSpecification","valueRequired":true,"valueName":"search_term_string"}}],"inLanguage":"es"}]}},"_links":{"self":[{"href":"https:\/\/www.justice4all.org\/es\/wp-json\/wp\/v2\/pages\/10472","targetHints":{"allow":["GET"]}}],"collection":[{"href":"https:\/\/www.justice4all.org\/es\/wp-json\/wp\/v2\/pages"}],"about":[{"href":"https:\/\/www.justice4all.org\/es\/wp-json\/wp\/v2\/types\/page"}],"author":[{"embeddable":true,"href":"https:\/\/www.justice4all.org\/es\/wp-json\/wp\/v2\/users\/4"}],"replies":[{"embeddable":true,"href":"https:\/\/www.justice4all.org\/es\/wp-json\/wp\/v2\/comments?post=10472"}],"version-history":[{"count":0,"href":"https:\/\/www.justice4all.org\/es\/wp-json\/wp\/v2\/pages\/10472\/revisions"}],"up":[{"embeddable":true,"href":"https:\/\/www.justice4all.org\/es\/wp-json\/wp\/v2\/pages\/10449"}],"wp:attachment":[{"href":"https:\/\/www.justice4all.org\/es\/wp-json\/wp\/v2\/media?parent=10472"}],"wp:term":[{"taxonomy":"lajc-tax-roles","embeddable":true,"href":"https:\/\/www.justice4all.org\/es\/wp-json\/wp\/v2\/lajc-tax-roles?post=10472"},{"taxonomy":"lajc-tax-issues","embeddable":true,"href":"https:\/\/www.justice4all.org\/es\/wp-json\/wp\/v2\/lajc-tax-issues?post=10472"},{"taxonomy":"lajc-tax-locations","embeddable":true,"href":"https:\/\/www.justice4all.org\/es\/wp-json\/wp\/v2\/lajc-tax-locations?post=10472"}],"curies":[{"name":"wp","href":"https:\/\/api.w.org\/{rel}","templated":true}]}}