{"id":10471,"date":"2021-03-15T08:59:42","date_gmt":"2021-03-15T08:59:42","guid":{"rendered":"https:\/\/lajc2023stg.wpengine.com\/dar\/politica-de-aceptacion-de-regalos-del-lajc\/"},"modified":"2021-03-15T08:59:42","modified_gmt":"2021-03-15T08:59:42","slug":"politica-de-aceptacion-de-regalos-del-lajc","status":"publish","type":"page","link":"https:\/\/www.justice4all.org\/es\/dar\/politica-de-aceptacion-de-regalos-del-lajc\/","title":{"rendered":"Pol\u00edtica de aceptaci\u00f3n de regalos del LAJC"},"content":{"rendered":"<div class=\"lajc-m-content\">\n<p><b>Recaudaci\u00f3n de fondos y justicia racial<\/b>&nbsp;<\/p>\n<p>El Centro de Justicia de Asistencia Jur\u00eddica colabora con comunidades y clientes para lograr la justicia desmantelando los sistemas que crean y perpet\u00faan la pobreza.&nbsp;Dado que&nbsp;vivimos en una sociedad estructurada racialmente&nbsp;que provoca desigualdades raciales&nbsp;en todos los sistemas, creemos que&nbsp;no podemos abordar eficazmente la pobreza sin abordar la raza.&nbsp;Y como&nbsp;la pobreza es una cuesti\u00f3n de justicia racial,&nbsp;se deduce&nbsp;que&nbsp;la riqueza tambi\u00e9n es una cuesti\u00f3n de justicia racial.&nbsp;&nbsp;<\/p>\n<p>La riqueza es una cuesti\u00f3n de justicia racial en parte porque&nbsp;toda la riqueza se gener\u00f3 dentro de los mismos sistemas que perpet\u00faan la pobreza.&nbsp;Y&nbsp;de la misma manera que aplicamos una perspectiva de equidad racial a nuestra lucha contra la pobreza.&nbsp;trabajo,&nbsp;debemos&nbsp;&nbsp; aplicar una perspectiva de equidad racial a nuestro trabajo de recaudaci\u00f3n de fondos&nbsp;&nbsp; .&nbsp;Esto forma parte de nuestro compromiso de examinar continuamente si nosotros&nbsp;estamos operando en&nbsp;formas que se alineen con los valores y objetivos de equidad y justicia racial que apoyamos.&nbsp;&nbsp;<\/p>\n<p>Un elemento esencial de ese examen continuo es nuestro esfuerzo por centrar las prioridades de la comunidad&nbsp;&nbsp; en nuestra recaudaci\u00f3n de fondos. Lo conseguimos, en parte, argumentando claramente a favor del apoyo sin restricciones,&nbsp;lo que nos da libertad para aplicar las prioridades de la comunidad a nuestras decisiones sobre c\u00f3mo&nbsp;&nbsp; gastar nuestros recursos. Somos&nbsp;tambi\u00e9n&nbsp;comprometido con&nbsp;buscando&nbsp;financiaci\u00f3n no s\u00f3lo para nuestro&nbsp;organizaci\u00f3n&nbsp;pero&nbsp;tambi\u00e9n&nbsp;para&nbsp;socios comunitarios&nbsp;apoyando sus esfuerzos de recaudaci\u00f3n de fondos,&nbsp;contratando a defensores de la comunidad, pagando&nbsp;la experiencia de los miembros de la comunidad,&nbsp;y&nbsp;concediendo&nbsp;subdonaciones&nbsp;a socios de base.&nbsp;<\/p>\n<p>En algunos&nbsp;raro&nbsp;instancias, nos&nbsp;mayo&nbsp;rechazar financiaci\u00f3n&nbsp;o intentar a\u00f1adir condiciones a nuestra aceptaci\u00f3n de un regalo&nbsp;si decidimos&nbsp;que aceptar la financiaci\u00f3n&nbsp; tal como se ofrece podr\u00eda perjudicar materialmente nuestra capacidad para realizar nuestro trabajo o dar a una entidad externa&nbsp;influencia indebida&nbsp;sobre nuestras prioridades&nbsp;o estrategias.&nbsp;Para orientar nuestro proceso de toma de decisiones, nuestro Consejo de Administraci\u00f3n ha aprobado la siguiente Pol\u00edtica de aceptaci\u00f3n de donativos.&nbsp;<\/p>\n<p><b>Pol\u00edtica de aceptaci\u00f3n de regalos<\/b>&nbsp;<\/p>\n<p>Principios generales&nbsp;<br \/>\nLAJC&nbsp;no podr\u00eda existir sin la generosidad de&nbsp;los&nbsp;donantes e instituciones que deciden invertir en nuestra capacidad de buscar justicia.&nbsp;Nosotros&nbsp;aceptamos con gratitud&nbsp;el apoyo financiero de particulares, empresas, bufetes de abogados, fundaciones y&nbsp;gobiernos locales, estatales y federales.&nbsp;&nbsp;<\/p>\n<p>Nosotros&nbsp;acepte&nbsp;restringido&nbsp;donativos&nbsp;que&nbsp;soporte&nbsp;nuestro trabajo actual&nbsp;o&nbsp;el trabajo que aspiramos a hacer,&nbsp;pero&nbsp;alentamos encarecidamente las donaciones sin restricciones que apoyen nuestra misi\u00f3n principal.&nbsp;Apoyando la misi\u00f3n principal del LAJC,&nbsp;los financiadores pueden invertir en&nbsp;en todas las cosas que hacen del LAJC la potencia que ha sido desde 1967:&nbsp;ambiciosos programas&nbsp;,&nbsp;fuerte liderazgo, equidad interna, excelencia y estabilidad del personal, apoyo operativo, tecnolog\u00eda, desarrollo profesional, comunicaciones, recaudaci\u00f3n de fondos, aprovechamiento de voluntarios, un entorno de trabajo saludable y una presencia fuerte y solidaria en comunidades de bajos ingresos y comunidades de color. Estos elementos son vitales para nuestro \u00e9xito como asistencia jur\u00eddica de proximidad que defiende a las personas y erradica la injusticia sist\u00e9mica.&nbsp;<\/p>\n<p>Porque existe la posibilidad de&nbsp;que algunos regalos tengan repercusiones negativas&nbsp;  en nuestro trabajo y en las relaciones&nbsp;que son&nbsp;Por ello, hemos elaborado esta pol\u00edtica para ofrecer orientaci\u00f3n sobre&nbsp;1)&nbsp;identificar los dones&nbsp;que requieren&nbsp;deliberaci\u00f3n&nbsp;o negociaci\u00f3n,&nbsp;  2) determinar&nbsp;qui\u00e9n debe&nbsp;incluirse en&nbsp;un debate sobre la aceptaci\u00f3n de regalos&nbsp;, y 3) determinar si se acepta un regalo o&nbsp;en qu\u00e9 condiciones,&nbsp;.&nbsp;&nbsp;&nbsp;<\/p>\n<p>&nbsp;&nbsp;<br \/>\nProcedimientos<br \/>\nEl personal y el&nbsp;Consejo comparten la responsabilidad&nbsp;de identificar cu\u00e1ndo un&nbsp;posible&nbsp;regalo&nbsp;del que tienen conocimiento&nbsp;tiene&nbsp;el potencial de afectar negativamente al trabajo de la organizaci\u00f3n. Entre los factores que hay que tener en cuenta figuran:&nbsp;<\/p>\n<ul>\n<li>si la fuente es un objetivo de promoci\u00f3n real o potencial&nbsp;del LAJC o de sus socios de&nbsp;;&nbsp;<\/li>\n<li>si&nbsp;la aceptaci\u00f3n del regalo podr\u00eda distraer o desviar la atenci\u00f3n del trabajo,&nbsp;ya sea directamente o empa\u00f1ando la reputaci\u00f3n de&nbsp;LAJC;&nbsp;<\/li>\n<li>si la forma&nbsp;&nbsp; de la donaci\u00f3n&nbsp;en s\u00ed&nbsp;podr\u00eda ser engorrosa&nbsp;de monetizar&nbsp;o&nbsp;es&nbsp;problem\u00e1tica por otros motivos;&nbsp;y&nbsp;<\/li>\n<li>si el beneficio principal es para la fuente&nbsp;, en lugar de avanzar en la misi\u00f3n de LAJC.<br \/>\n&nbsp;<\/li>\n<\/ul>\n<p>Una vez que una&nbsp;posible&nbsp;donaci\u00f3n ha sido&nbsp;identificada como potencialmente&nbsp;perjudicial para la misi\u00f3n del LAJC, la&nbsp;decisi\u00f3n&nbsp;c\u00f3mo proceder&nbsp;&nbsp;&nbsp;&nbsp;se har\u00e1&nbsp;por mayor\u00eda de votos de&nbsp;un comit\u00e9 ad&nbsp;hoc&nbsp;del personal y del Consejo&nbsp;cuyos miembros ser\u00e1n invitados por el Director Ejecutivo.&nbsp;El&nbsp;Director Ejecutivo&nbsp;deber\u00eda&nbsp;considerar la posibilidad de invitar al personal m\u00e1s pr\u00f3ximo al trabajo,&nbsp;as\u00ed como a&nbsp;miembros del Consejo u otros miembros de la comunidad con&nbsp;experiencias vividas&nbsp;relevantes.&nbsp;<br \/>\n&nbsp;&nbsp;<\/p>\n<p>Al considerar&nbsp;c\u00f3mo proceder, la principal consideraci\u00f3n del comit\u00e9&nbsp;&nbsp; debe&nbsp;ser el&nbsp;probable&nbsp;impacto de&nbsp;aceptar&nbsp;el donativo en la&nbsp;misi\u00f3n, valores y&nbsp;trabajo de LAJC. Otras consideraciones:&nbsp;:<\/p>\n<ul>\n<li data-leveltext=\"\uf0b7\" data-font=\"Symbol\" data-listid=\"3\" aria-setsize=\"-1\" data-aria-posinset=\"1\" data-aria-level=\"1\">si las condiciones impuestas a la aceptaci\u00f3n del regalo podr\u00edan mitigar&nbsp;el riesgo&nbsp;de impacto adverso&nbsp;;&nbsp;<\/li>\n<li data-leveltext=\"\uf0b7\" data-font=\"Symbol\" data-listid=\"3\" aria-setsize=\"-1\" data-aria-posinset=\"2\" data-aria-level=\"1\">si el&nbsp;beneficio potencial&nbsp;&nbsp; de la donaci\u00f3n compensa el&nbsp;perjuicio potencial&nbsp;;&nbsp;<\/li>\n<li data-leveltext=\"\uf0b7\" data-font=\"Symbol\" data-listid=\"3\" aria-setsize=\"-1\" data-aria-posinset=\"3\" data-aria-level=\"1\">si las partes interesadas externas deben ser consultadas&nbsp;cuando est\u00e9 en juego la reputaci\u00f3n&nbsp;del LAJC ante las partes interesadas de la comunidad, cuando el da\u00f1o potencial no se comprenda completamente,&nbsp;o cuando la aportaci\u00f3n de la comunidad sea necesaria para determinar las condiciones apropiadas&nbsp;para la aceptaci\u00f3n;&nbsp;y<\/li>\n<li data-leveltext=\"\uf0b7\" data-font=\"Symbol\" data-listid=\"3\" aria-setsize=\"-1\" data-aria-posinset=\"3\" data-aria-level=\"1\">si&nbsp;intentar&nbsp;redirigir&nbsp;el&nbsp;donante a otro destinatario&nbsp;o prop\u00f3sito&nbsp;es apropiado.&nbsp;<\/li>\n<\/ul>\n<p>&nbsp;&nbsp;<br \/>\nConclusi\u00f3n:&nbsp;<br \/>\nEsperamos que&nbsp;&nbsp; esta pol\u00edtica&nbsp;ayude a fundamentar las decisiones de recaudaci\u00f3n de fondos en principios de justicia racial, social y econ\u00f3mica y&nbsp;fortalezca nuestras relaciones con los donantes y otros financiadores&nbsp;en&nbsp;trabajar juntos para&nbsp;construir el poder y la voz de las comunidades de bajos ingresos y las comunidades de color en&nbsp;dirigir los d\u00f3lares de recaudaci\u00f3n de fondos donde har\u00e1n el mayor bien.<\/p>\n<\/div>\n","protected":false},"excerpt":{"rendered":"<p>Recaudaci\u00f3n de fondos y justicia racial&nbsp; El Centro de Justicia de Asistencia Jur\u00eddica colabora con comunidades y clientes para lograr la justicia desmantelando los sistemas que crean y perpet\u00faan la pobreza.&nbsp;Dado que&nbsp;vivimos en una sociedad estructurada racialmente&nbsp;que provoca desigualdades raciales&nbsp;en todos los sistemas, creemos que&nbsp;no podemos abordar eficazmente la pobreza sin abordar la raza.&nbsp;Y como&nbsp;la [&hellip;]<\/p>\n","protected":false},"author":4,"featured_media":0,"parent":10467,"menu_order":4,"comment_status":"closed","ping_status":"closed","template":"","meta":{"footnotes":""},"lajc-tax-roles":[],"lajc-tax-issues":[],"lajc-tax-locations":[],"class_list":["post-10471","page","type-page","status-publish","hentry"],"acf":[],"yoast_head":"<!-- This site is optimized with the Yoast SEO plugin v27.4 - https:\/\/yoast.com\/product\/yoast-seo-wordpress\/ -->\n<title>Pol\u00edtica de aceptaci\u00f3n de regalos del LAJC - Legal Aid Justice Center<\/title>\n<meta name=\"robots\" content=\"index, follow, max-snippet:-1, max-image-preview:large, max-video-preview:-1\" \/>\n<link rel=\"canonical\" href=\"https:\/\/www.justice4all.org\/es\/dar\/politica-de-aceptacion-de-regalos-del-lajc\/\" \/>\n<meta property=\"og:locale\" content=\"es_ES\" \/>\n<meta property=\"og:type\" content=\"article\" \/>\n<meta property=\"og:title\" content=\"Pol\u00edtica de aceptaci\u00f3n de regalos del LAJC - Legal Aid Justice Center\" \/>\n<meta property=\"og:description\" content=\"Recaudaci\u00f3n de fondos y justicia racial&nbsp; El Centro de Justicia de Asistencia Jur\u00eddica colabora con comunidades y clientes para lograr la justicia desmantelando los sistemas que crean y perpet\u00faan la pobreza.&nbsp;Dado que&nbsp;vivimos en una sociedad estructurada racialmente&nbsp;que provoca desigualdades raciales&nbsp;en todos los sistemas, creemos que&nbsp;no podemos abordar eficazmente la pobreza sin abordar la raza.&nbsp;Y como&nbsp;la [&hellip;]\" \/>\n<meta property=\"og:url\" content=\"https:\/\/www.justice4all.org\/es\/dar\/politica-de-aceptacion-de-regalos-del-lajc\/\" \/>\n<meta property=\"og:site_name\" content=\"Legal Aid Justice Center\" \/>\n<meta name=\"twitter:card\" content=\"summary_large_image\" \/>\n<meta name=\"twitter:label1\" content=\"Tiempo de lectura\" \/>\n\t<meta name=\"twitter:data1\" content=\"6 minuto\" \/>\n<script type=\"application\/ld+json\" class=\"yoast-schema-graph\">{\"@context\":\"https:\\\/\\\/schema.org\",\"@graph\":[{\"@type\":\"WebPage\",\"@id\":\"https:\\\/\\\/www.justice4all.org\\\/es\\\/dar\\\/politica-de-aceptacion-de-regalos-del-lajc\\\/\",\"url\":\"https:\\\/\\\/www.justice4all.org\\\/es\\\/dar\\\/politica-de-aceptacion-de-regalos-del-lajc\\\/\",\"name\":\"Pol\u00edtica de aceptaci\u00f3n de regalos del LAJC - Legal Aid Justice Center\",\"isPartOf\":{\"@id\":\"https:\\\/\\\/www.justice4all.org\\\/es\\\/#website\"},\"datePublished\":\"2021-03-15T08:59:42+00:00\",\"breadcrumb\":{\"@id\":\"https:\\\/\\\/www.justice4all.org\\\/es\\\/dar\\\/politica-de-aceptacion-de-regalos-del-lajc\\\/#breadcrumb\"},\"inLanguage\":\"es\",\"potentialAction\":[{\"@type\":\"ReadAction\",\"target\":[\"https:\\\/\\\/www.justice4all.org\\\/es\\\/dar\\\/politica-de-aceptacion-de-regalos-del-lajc\\\/\"]}]},{\"@type\":\"BreadcrumbList\",\"@id\":\"https:\\\/\\\/www.justice4all.org\\\/es\\\/dar\\\/politica-de-aceptacion-de-regalos-del-lajc\\\/#breadcrumb\",\"itemListElement\":[{\"@type\":\"ListItem\",\"position\":1,\"name\":\"Home\",\"item\":\"https:\\\/\\\/www.justice4all.org\\\/es\\\/\"},{\"@type\":\"ListItem\",\"position\":2,\"name\":\"Dar\",\"item\":\"https:\\\/\\\/www.justice4all.org\\\/es\\\/?page_id=10467\"},{\"@type\":\"ListItem\",\"position\":3,\"name\":\"Pol\u00edtica de aceptaci\u00f3n de regalos del LAJC\"}]},{\"@type\":\"WebSite\",\"@id\":\"https:\\\/\\\/www.justice4all.org\\\/es\\\/#website\",\"url\":\"https:\\\/\\\/www.justice4all.org\\\/es\\\/\",\"name\":\"Legal Aid Justice Center\",\"description\":\"\",\"potentialAction\":[{\"@type\":\"SearchAction\",\"target\":{\"@type\":\"EntryPoint\",\"urlTemplate\":\"https:\\\/\\\/www.justice4all.org\\\/es\\\/?s={search_term_string}\"},\"query-input\":{\"@type\":\"PropertyValueSpecification\",\"valueRequired\":true,\"valueName\":\"search_term_string\"}}],\"inLanguage\":\"es\"}]}<\/script>\n<!-- \/ Yoast SEO plugin. -->","yoast_head_json":{"title":"Pol\u00edtica de aceptaci\u00f3n de regalos del LAJC - Legal Aid Justice Center","robots":{"index":"index","follow":"follow","max-snippet":"max-snippet:-1","max-image-preview":"max-image-preview:large","max-video-preview":"max-video-preview:-1"},"canonical":"https:\/\/www.justice4all.org\/es\/dar\/politica-de-aceptacion-de-regalos-del-lajc\/","og_locale":"es_ES","og_type":"article","og_title":"Pol\u00edtica de aceptaci\u00f3n de regalos del LAJC - Legal Aid Justice Center","og_description":"Recaudaci\u00f3n de fondos y justicia racial&nbsp; El Centro de Justicia de Asistencia Jur\u00eddica colabora con comunidades y clientes para lograr la justicia desmantelando los sistemas que crean y perpet\u00faan la pobreza.&nbsp;Dado que&nbsp;vivimos en una sociedad estructurada racialmente&nbsp;que provoca desigualdades raciales&nbsp;en todos los sistemas, creemos que&nbsp;no podemos abordar eficazmente la pobreza sin abordar la raza.&nbsp;Y como&nbsp;la [&hellip;]","og_url":"https:\/\/www.justice4all.org\/es\/dar\/politica-de-aceptacion-de-regalos-del-lajc\/","og_site_name":"Legal Aid Justice Center","twitter_card":"summary_large_image","twitter_misc":{"Tiempo de lectura":"6 minuto"},"schema":{"@context":"https:\/\/schema.org","@graph":[{"@type":"WebPage","@id":"https:\/\/www.justice4all.org\/es\/dar\/politica-de-aceptacion-de-regalos-del-lajc\/","url":"https:\/\/www.justice4all.org\/es\/dar\/politica-de-aceptacion-de-regalos-del-lajc\/","name":"Pol\u00edtica de aceptaci\u00f3n de regalos del LAJC - Legal Aid Justice Center","isPartOf":{"@id":"https:\/\/www.justice4all.org\/es\/#website"},"datePublished":"2021-03-15T08:59:42+00:00","breadcrumb":{"@id":"https:\/\/www.justice4all.org\/es\/dar\/politica-de-aceptacion-de-regalos-del-lajc\/#breadcrumb"},"inLanguage":"es","potentialAction":[{"@type":"ReadAction","target":["https:\/\/www.justice4all.org\/es\/dar\/politica-de-aceptacion-de-regalos-del-lajc\/"]}]},{"@type":"BreadcrumbList","@id":"https:\/\/www.justice4all.org\/es\/dar\/politica-de-aceptacion-de-regalos-del-lajc\/#breadcrumb","itemListElement":[{"@type":"ListItem","position":1,"name":"Home","item":"https:\/\/www.justice4all.org\/es\/"},{"@type":"ListItem","position":2,"name":"Dar","item":"https:\/\/www.justice4all.org\/es\/?page_id=10467"},{"@type":"ListItem","position":3,"name":"Pol\u00edtica de aceptaci\u00f3n de regalos del LAJC"}]},{"@type":"WebSite","@id":"https:\/\/www.justice4all.org\/es\/#website","url":"https:\/\/www.justice4all.org\/es\/","name":"Legal Aid Justice Center","description":"","potentialAction":[{"@type":"SearchAction","target":{"@type":"EntryPoint","urlTemplate":"https:\/\/www.justice4all.org\/es\/?s={search_term_string}"},"query-input":{"@type":"PropertyValueSpecification","valueRequired":true,"valueName":"search_term_string"}}],"inLanguage":"es"}]}},"_links":{"self":[{"href":"https:\/\/www.justice4all.org\/es\/wp-json\/wp\/v2\/pages\/10471","targetHints":{"allow":["GET"]}}],"collection":[{"href":"https:\/\/www.justice4all.org\/es\/wp-json\/wp\/v2\/pages"}],"about":[{"href":"https:\/\/www.justice4all.org\/es\/wp-json\/wp\/v2\/types\/page"}],"author":[{"embeddable":true,"href":"https:\/\/www.justice4all.org\/es\/wp-json\/wp\/v2\/users\/4"}],"replies":[{"embeddable":true,"href":"https:\/\/www.justice4all.org\/es\/wp-json\/wp\/v2\/comments?post=10471"}],"version-history":[{"count":0,"href":"https:\/\/www.justice4all.org\/es\/wp-json\/wp\/v2\/pages\/10471\/revisions"}],"up":[{"embeddable":true,"href":"https:\/\/www.justice4all.org\/es\/wp-json\/wp\/v2\/pages\/10467"}],"wp:attachment":[{"href":"https:\/\/www.justice4all.org\/es\/wp-json\/wp\/v2\/media?parent=10471"}],"wp:term":[{"taxonomy":"lajc-tax-roles","embeddable":true,"href":"https:\/\/www.justice4all.org\/es\/wp-json\/wp\/v2\/lajc-tax-roles?post=10471"},{"taxonomy":"lajc-tax-issues","embeddable":true,"href":"https:\/\/www.justice4all.org\/es\/wp-json\/wp\/v2\/lajc-tax-issues?post=10471"},{"taxonomy":"lajc-tax-locations","embeddable":true,"href":"https:\/\/www.justice4all.org\/es\/wp-json\/wp\/v2\/lajc-tax-locations?post=10471"}],"curies":[{"name":"wp","href":"https:\/\/api.w.org\/{rel}","templated":true}]}}