{"id":10469,"date":"2018-08-30T19:50:26","date_gmt":"2018-08-30T19:50:26","guid":{"rendered":"https:\/\/lajc2023stg.wpengine.com\/dar\/donacion-de-acciones\/"},"modified":"2026-02-25T16:10:43","modified_gmt":"2026-02-25T16:10:43","slug":"donacion-de-acciones","status":"publish","type":"page","link":"https:\/\/www.justice4all.org\/es\/dar\/donacion-de-acciones\/","title":{"rendered":"Donaci\u00f3n de acciones"},"content":{"rendered":"<div class=\"lajc-m-content\">\n<p style=\"font-weight: 400;\">Considere la posibilidad de hacer una contribuci\u00f3n significativa y generosa a LAJC mientras que posiblemente evitar las ganancias de capital. Las ventajas fiscales de donar acciones pueden ser mejores que las de hacer una donaci\u00f3n directa. Le recomendamos que hable con su asesor financiero.<\/p>\n<p style=\"font-weight: 400;\"><strong>Por favor, informa inmediatamente al departamento de desarrollo de tu traslado en <a title=\"mailto:giving@justice4all.org\" href=\"mailto:giving@justice4all.org\" data-ogsc=\"\" data-outlook-id=\"69e0fee0-67ad-45a9-911a-202cea5729c4\">giving@justice4all.org<\/a><\/strong><strong> o al (804) 869-6479 para garantizar un reconocimiento <\/strong><strong>adecuado. <\/strong><strong>Para hacer una transferencia electr\u00f3nica de acciones para donarlas al Centro de Justicia de Asistencia Jur\u00eddica, necesitar\u00e1s la siguiente informaci\u00f3n:<\/strong><\/p>\n<p>El agente necesitar\u00e1 el n\u00famero de transferencia electr\u00f3nica de Truist Investment Services o DTC: 0226<\/p>\n<p>El corredor tambi\u00e9n necesitar\u00e1 el n\u00famero de cuenta no designada del Centro de Justicia de Asistencia Jur\u00eddica: WA7035996<\/p>\n<p>Pida a su agente de bolsa que notifique a Truist Investment Services que \u00abel regalo procede de ________________\u00bb.<\/p>\n<p>Truist Investment Services, Inc.<br \/>\n103 East Water Street<br \/>\nCharlottesville, VA 22902<br \/>\nFax: 434-293-8131<\/p>\n<\/div>\n","protected":false},"excerpt":{"rendered":"<p>Considere la posibilidad de hacer una contribuci\u00f3n significativa y generosa a LAJC mientras que posiblemente evitar las ganancias de capital. Las ventajas fiscales de donar acciones pueden ser mejores que las de hacer una donaci\u00f3n directa. Le recomendamos que hable con su asesor financiero. Por favor, informa inmediatamente al departamento de desarrollo de tu traslado [&hellip;]<\/p>\n","protected":false},"author":5,"featured_media":0,"parent":10467,"menu_order":2,"comment_status":"closed","ping_status":"closed","template":"","meta":{"footnotes":""},"lajc-tax-roles":[],"lajc-tax-issues":[],"lajc-tax-locations":[],"class_list":["post-10469","page","type-page","status-publish","hentry"],"acf":[],"yoast_head":"<!-- This site is optimized with the Yoast SEO plugin v27.3 - https:\/\/yoast.com\/product\/yoast-seo-wordpress\/ -->\n<title>Donaci\u00f3n de acciones - Legal Aid Justice Center<\/title>\n<meta name=\"description\" content=\"Las ventajas fiscales de donar acciones pueden ser mejores que las de hacer una donaci\u00f3n directa.\" \/>\n<meta name=\"robots\" content=\"index, follow, max-snippet:-1, max-image-preview:large, max-video-preview:-1\" \/>\n<link rel=\"canonical\" href=\"https:\/\/www.justice4all.org\/es\/dar\/donacion-de-acciones\/\" \/>\n<meta property=\"og:locale\" content=\"es_ES\" \/>\n<meta property=\"og:type\" content=\"article\" \/>\n<meta property=\"og:title\" content=\"Donaci\u00f3n de acciones - Legal Aid Justice Center\" \/>\n<meta property=\"og:description\" content=\"Las ventajas fiscales de donar acciones pueden ser mejores que las de hacer una donaci\u00f3n directa.\" \/>\n<meta property=\"og:url\" content=\"https:\/\/www.justice4all.org\/es\/dar\/donacion-de-acciones\/\" \/>\n<meta property=\"og:site_name\" content=\"Legal Aid Justice Center\" \/>\n<meta property=\"article:modified_time\" content=\"2026-02-25T16:10:43+00:00\" \/>\n<meta name=\"twitter:card\" content=\"summary_large_image\" \/>\n<meta name=\"twitter:label1\" content=\"Tiempo de lectura\" \/>\n\t<meta name=\"twitter:data1\" content=\"1 minuto\" \/>\n<script type=\"application\/ld+json\" class=\"yoast-schema-graph\">{\"@context\":\"https:\\\/\\\/schema.org\",\"@graph\":[{\"@type\":\"WebPage\",\"@id\":\"https:\\\/\\\/www.justice4all.org\\\/es\\\/dar\\\/donacion-de-acciones\\\/\",\"url\":\"https:\\\/\\\/www.justice4all.org\\\/es\\\/dar\\\/donacion-de-acciones\\\/\",\"name\":\"Donaci\u00f3n de acciones - Legal Aid Justice Center\",\"isPartOf\":{\"@id\":\"https:\\\/\\\/www.justice4all.org\\\/es\\\/#website\"},\"datePublished\":\"2018-08-30T19:50:26+00:00\",\"dateModified\":\"2026-02-25T16:10:43+00:00\",\"description\":\"Las ventajas fiscales de donar acciones pueden ser mejores que las de hacer una donaci\u00f3n directa.\",\"breadcrumb\":{\"@id\":\"https:\\\/\\\/www.justice4all.org\\\/es\\\/dar\\\/donacion-de-acciones\\\/#breadcrumb\"},\"inLanguage\":\"es\",\"potentialAction\":[{\"@type\":\"ReadAction\",\"target\":[\"https:\\\/\\\/www.justice4all.org\\\/es\\\/dar\\\/donacion-de-acciones\\\/\"]}]},{\"@type\":\"BreadcrumbList\",\"@id\":\"https:\\\/\\\/www.justice4all.org\\\/es\\\/dar\\\/donacion-de-acciones\\\/#breadcrumb\",\"itemListElement\":[{\"@type\":\"ListItem\",\"position\":1,\"name\":\"Home\",\"item\":\"https:\\\/\\\/www.justice4all.org\\\/es\\\/\"},{\"@type\":\"ListItem\",\"position\":2,\"name\":\"Dar\",\"item\":\"https:\\\/\\\/www.justice4all.org\\\/es\\\/?page_id=10467\"},{\"@type\":\"ListItem\",\"position\":3,\"name\":\"Donaci\u00f3n de acciones\"}]},{\"@type\":\"WebSite\",\"@id\":\"https:\\\/\\\/www.justice4all.org\\\/es\\\/#website\",\"url\":\"https:\\\/\\\/www.justice4all.org\\\/es\\\/\",\"name\":\"Legal Aid Justice Center\",\"description\":\"\",\"potentialAction\":[{\"@type\":\"SearchAction\",\"target\":{\"@type\":\"EntryPoint\",\"urlTemplate\":\"https:\\\/\\\/www.justice4all.org\\\/es\\\/?s={search_term_string}\"},\"query-input\":{\"@type\":\"PropertyValueSpecification\",\"valueRequired\":true,\"valueName\":\"search_term_string\"}}],\"inLanguage\":\"es\"}]}<\/script>\n<!-- \/ Yoast SEO plugin. -->","yoast_head_json":{"title":"Donaci\u00f3n de acciones - Legal Aid Justice Center","description":"Las ventajas fiscales de donar acciones pueden ser mejores que las de hacer una donaci\u00f3n directa.","robots":{"index":"index","follow":"follow","max-snippet":"max-snippet:-1","max-image-preview":"max-image-preview:large","max-video-preview":"max-video-preview:-1"},"canonical":"https:\/\/www.justice4all.org\/es\/dar\/donacion-de-acciones\/","og_locale":"es_ES","og_type":"article","og_title":"Donaci\u00f3n de acciones - Legal Aid Justice Center","og_description":"Las ventajas fiscales de donar acciones pueden ser mejores que las de hacer una donaci\u00f3n directa.","og_url":"https:\/\/www.justice4all.org\/es\/dar\/donacion-de-acciones\/","og_site_name":"Legal Aid Justice Center","article_modified_time":"2026-02-25T16:10:43+00:00","twitter_card":"summary_large_image","twitter_misc":{"Tiempo de lectura":"1 minuto"},"schema":{"@context":"https:\/\/schema.org","@graph":[{"@type":"WebPage","@id":"https:\/\/www.justice4all.org\/es\/dar\/donacion-de-acciones\/","url":"https:\/\/www.justice4all.org\/es\/dar\/donacion-de-acciones\/","name":"Donaci\u00f3n de acciones - Legal Aid Justice Center","isPartOf":{"@id":"https:\/\/www.justice4all.org\/es\/#website"},"datePublished":"2018-08-30T19:50:26+00:00","dateModified":"2026-02-25T16:10:43+00:00","description":"Las ventajas fiscales de donar acciones pueden ser mejores que las de hacer una donaci\u00f3n directa.","breadcrumb":{"@id":"https:\/\/www.justice4all.org\/es\/dar\/donacion-de-acciones\/#breadcrumb"},"inLanguage":"es","potentialAction":[{"@type":"ReadAction","target":["https:\/\/www.justice4all.org\/es\/dar\/donacion-de-acciones\/"]}]},{"@type":"BreadcrumbList","@id":"https:\/\/www.justice4all.org\/es\/dar\/donacion-de-acciones\/#breadcrumb","itemListElement":[{"@type":"ListItem","position":1,"name":"Home","item":"https:\/\/www.justice4all.org\/es\/"},{"@type":"ListItem","position":2,"name":"Dar","item":"https:\/\/www.justice4all.org\/es\/?page_id=10467"},{"@type":"ListItem","position":3,"name":"Donaci\u00f3n de acciones"}]},{"@type":"WebSite","@id":"https:\/\/www.justice4all.org\/es\/#website","url":"https:\/\/www.justice4all.org\/es\/","name":"Legal Aid Justice Center","description":"","potentialAction":[{"@type":"SearchAction","target":{"@type":"EntryPoint","urlTemplate":"https:\/\/www.justice4all.org\/es\/?s={search_term_string}"},"query-input":{"@type":"PropertyValueSpecification","valueRequired":true,"valueName":"search_term_string"}}],"inLanguage":"es"}]}},"_links":{"self":[{"href":"https:\/\/www.justice4all.org\/es\/wp-json\/wp\/v2\/pages\/10469","targetHints":{"allow":["GET"]}}],"collection":[{"href":"https:\/\/www.justice4all.org\/es\/wp-json\/wp\/v2\/pages"}],"about":[{"href":"https:\/\/www.justice4all.org\/es\/wp-json\/wp\/v2\/types\/page"}],"author":[{"embeddable":true,"href":"https:\/\/www.justice4all.org\/es\/wp-json\/wp\/v2\/users\/5"}],"replies":[{"embeddable":true,"href":"https:\/\/www.justice4all.org\/es\/wp-json\/wp\/v2\/comments?post=10469"}],"version-history":[{"count":0,"href":"https:\/\/www.justice4all.org\/es\/wp-json\/wp\/v2\/pages\/10469\/revisions"}],"up":[{"embeddable":true,"href":"https:\/\/www.justice4all.org\/es\/wp-json\/wp\/v2\/pages\/10467"}],"wp:attachment":[{"href":"https:\/\/www.justice4all.org\/es\/wp-json\/wp\/v2\/media?parent=10469"}],"wp:term":[{"taxonomy":"lajc-tax-roles","embeddable":true,"href":"https:\/\/www.justice4all.org\/es\/wp-json\/wp\/v2\/lajc-tax-roles?post=10469"},{"taxonomy":"lajc-tax-issues","embeddable":true,"href":"https:\/\/www.justice4all.org\/es\/wp-json\/wp\/v2\/lajc-tax-issues?post=10469"},{"taxonomy":"lajc-tax-locations","embeddable":true,"href":"https:\/\/www.justice4all.org\/es\/wp-json\/wp\/v2\/lajc-tax-locations?post=10469"}],"curies":[{"name":"wp","href":"https:\/\/api.w.org\/{rel}","templated":true}]}}