{"id":10463,"date":"2023-04-04T20:49:52","date_gmt":"2023-04-04T20:49:52","guid":{"rendered":"https:\/\/lajc2023stg.wpengine.com\/carreras\/"},"modified":"2026-03-17T19:32:09","modified_gmt":"2026-03-17T19:32:09","slug":"carreras","status":"publish","type":"page","link":"https:\/\/www.justice4all.org\/es\/carreras\/","title":{"rendered":"Carreras"},"content":{"rendered":"\n\n\n\n\n\n<div id=\"block_2455a4ae4dd680d12d8519fe7caf6b34\" class=\"hero-block\">\n  <div class=\"layout-large has-bg-image\" role=\"img\" style=\"background-image: url(https:\/\/www.justice4all.org\/wp-content\/uploads\/2023\/07\/Hero-with-nav-2-scaled_1.jpg);\" title=\"Hero-with-nav-2-scaled_1\">\n          <div class=\"container-fluid\">\n        <div class=\"row justify-content-center\">\n          <div class=\"col-lg-10\">\n            <h1 class=\"has-white-color\">Trabaja con nosotros<\/h1>\n\n            \n                          <a href=\"#careers_post_list\" class=\"btn has-white-background-color has-blue-color\">Ver oportunidades<\/a>\n                      <\/div>\n        <\/div>\n      <\/div>\n      <\/div>\n<\/div>\n\n\n\n\n  <style type=\"text\/css\">\n    #block_dfbef3ec4ff3427caae7e50e33bedaee {\n                        margin-top: calc(0 * 16px);\n                                      \n          }\n\n    @media screen and (min-width: 768px) and (max-width: 991px) {\n      #block_dfbef3ec4ff3427caae7e50e33bedaee {\n                              margin-top: calc(0 * 12px);  \n                                                  \n              }\n    }\n\n    @media screen and (min-width: 480px) and (max-width: 767px) {\n      #block_dfbef3ec4ff3427caae7e50e33bedaee {\n                              margin-top: calc(0 * 8px);  \n                                                  \n              }\n    }\n\n    @media screen and (max-width: 479px) {\n      #block_dfbef3ec4ff3427caae7e50e33bedaee {\n                              margin-top: calc(0 * 4px);  \n                                                  \n              }\n    }\n\n  <\/style>\n\n\n<div id=\"block_dfbef3ec4ff3427caae7e50e33bedaee\" class=\"content-wrapper-block has-background-color has-blanco-background-color style-normal bg-width-full has-gradiente primario-border-top\">\n\t<div class=\"container-fluid\">\n\t\t<div class=\"row justify-content-center\">\n\t\t\t<div class=\"col-lg-12\">\n\t\t\t\t\t\t\t\t\t<div class=\"row row-content justify-content-center\">\n\t\t\t\t\t\t\n\n\n\n\n<style type=\"text\/css\">\n\t.edit-post-visual-editor [data-block=\"2a677b33eea0aa837b3f11dd0492abde\"] {\n\t\twidth: calc((10 \/ 12) * 100%)!important;\n\t\tmin-width: calc((10 \/ 12) * 100%)!important;\n\t}\n<\/style>\n\n<div id=\"block_2a677b33eea0aa837b3f11dd0492abde\" class=\"col-lg-10 custom-column-block\">\n\t<div class=\"custom-column-wrapper  \">\n\t\t\n\n<h1 class=\"wp-block-heading has-text-align-left is-style-default has-gunpowder-color has-text-color\">El Centro de Justicia de Asistencia Jur\u00eddica colabora con comunidades y clientes para luchar por la justicia racial, social y econ\u00f3mica. Juntos, estamos desmantelando los sistemas que crean y perpet\u00faan la pobreza.<\/h1>\n\n\n\t<\/div>\n<\/div>\n\n\n\n\n  <style type=\"text\/css\">\n    #block_238e7eb7a641dc098e26cd6fe4d3ded6 > div{\n                        margin-top: calc(3 * 16px);\n                                      \n          }\n\n    @media screen and (min-width: 768px) and (max-width: 991px) {\n      #block_238e7eb7a641dc098e26cd6fe4d3ded6 > div{\n                              margin-top: calc(3 * 12px);  \n                                                  \n              }\n    }\n\n    @media screen and (min-width: 480px) and (max-width: 767px) {\n      #block_238e7eb7a641dc098e26cd6fe4d3ded6 > div{\n                              margin-top: calc(3 * 8px);  \n                                                  \n              }\n    }\n\n    @media screen and (max-width: 479px) {\n      #block_238e7eb7a641dc098e26cd6fe4d3ded6 > div{\n                              margin-top: calc(3 * 4px);  \n                                                  \n              }\n    }\n\n  <\/style>\n\n<style type=\"text\/css\">\n\t.edit-post-visual-editor [data-block=\"238e7eb7a641dc098e26cd6fe4d3ded6\"] {\n\t\twidth: calc((10 \/ 12) * 100%)!important;\n\t\tmin-width: calc((10 \/ 12) * 100%)!important;\n\t}\n<\/style>\n\n<div id=\"block_238e7eb7a641dc098e26cd6fe4d3ded6\" class=\"col-lg-10 custom-column-block\">\n\t<div class=\"custom-column-wrapper  \">\n\t\t\n\n<p><a href=\"https:\/\/www.justice4all.org\/es\/que-hacemos\/\">HAGA CLIC AQU\u00cd PARA SABER M\u00c1S SOBRE LO QUE HACEMOS<\/a><\/p>\n\n\n\t<\/div>\n<\/div>\n\n\t\t\t\t\t<\/div>\n\t\t\t\t\t\t\t\n\t\t\t<\/div>\n\t\t<\/div>\n\t<\/div>\n\n\t<style type=\"text\/css\">\n\t\t.edit-post-visual-editor [data-block=\"dfbef3ec4ff3427caae7e50e33bedaee\"] .block-editor-block-list__layout {\n\t\t\tjustify-content: center;\n\t\t}\n\n\t\t\t<\/style>\n<\/div>\n\n\n\n\n\n  <style type=\"text\/css\">\n    #block_8551a4f1508a92e076571d90f90a4205 {\n                                margin-bottom: calc(0 * 16px);\n                              \n          }\n\n    @media screen and (min-width: 768px) and (max-width: 991px) {\n      #block_8551a4f1508a92e076571d90f90a4205 {\n                                        margin-bottom: calc(0 * 12px);  \n                                        \n              }\n    }\n\n    @media screen and (min-width: 480px) and (max-width: 767px) {\n      #block_8551a4f1508a92e076571d90f90a4205 {\n                                        margin-bottom: calc(0 * 8px);  \n                                        \n              }\n    }\n\n    @media screen and (max-width: 479px) {\n      #block_8551a4f1508a92e076571d90f90a4205 {\n                                        margin-bottom: calc(0 * 4px);  \n                                        \n              }\n    }\n\n  <\/style>\n\n\n<div id=\"block_8551a4f1508a92e076571d90f90a4205\" class=\"content-wrapper-block has-background-color has-gris claro-background-color style-normal bg-width-full \">\n\t<div class=\"container-fluid\">\n\t\t<div class=\"row justify-content-center\">\n\t\t\t<div class=\"col-lg-10\">\n\t\t\t\t\t\t\t\t\t<div class=\"row row-content justify-content-fin\">\n\t\t\t\t\t\t\n\n\n\n\n<style type=\"text\/css\">\n\t.edit-post-visual-editor [data-block=\"2cf0d5b1cd5a47095aff5ce95ff7c846\"] {\n\t\twidth: calc((12 \/ 12) * 100%)!important;\n\t\tmin-width: calc((12 \/ 12) * 100%)!important;\n\t}\n<\/style>\n\n<div id=\"block_2cf0d5b1cd5a47095aff5ce95ff7c846\" class=\"col-lg-12 custom-column-block\">\n\t<div class=\"custom-column-wrapper  \">\n\t\t\n\n<p class=\"has-text-align-right has-gunpowder-color has-text-color\"><strong>A continuaci\u00f3n se muestran las ofertas de empleo actuales en el Centro de Justicia de Asistencia Jur\u00eddica. <\/strong><br><strong>Puedes ordenar las ofertas de empleo por ubicaci\u00f3n y tipo de puesto <\/strong><br><strong>utilizando los men\u00fas desplegables de la parte superior derecha de la lista.<\/strong><\/p>\n\n\n\t<\/div>\n<\/div>\n\n\t\t\t\t\t<\/div>\n\t\t\t\t\t\t\t\n\t\t\t<\/div>\n\t\t<\/div>\n\t<\/div>\n\n\t<style type=\"text\/css\">\n\t\t.edit-post-visual-editor [data-block=\"8551a4f1508a92e076571d90f90a4205\"] .block-editor-block-list__layout {\n\t\t\tjustify-content: fin;\n\t\t}\n\n\t\t\t<\/style>\n<\/div>\n\n\n\n\n\n  <style type=\"text\/css\">\n    #careers_post_list {\n                        margin-top: calc(0 * 16px);\n                                      \n          }\n\n    @media screen and (min-width: 768px) and (max-width: 991px) {\n      #careers_post_list {\n                              margin-top: calc(0 * 12px);  \n                                                  \n              }\n    }\n\n    @media screen and (min-width: 480px) and (max-width: 767px) {\n      #careers_post_list {\n                              margin-top: calc(0 * 8px);  \n                                                  \n              }\n    }\n\n    @media screen and (max-width: 479px) {\n      #careers_post_list {\n                              margin-top: calc(0 * 4px);  \n                                                  \n              }\n    }\n\n  <\/style>\n\n\n<!-- check: https:\/\/timber.github.io\/docs\/guides\/acf-cookbook\/ -->\n\n<!-- dbt-acf_gutenberg_blocks\/dbt-post-list\/template.twig -->\n\n<div id=\"careers_post_list\" class=\"careers_post_list post_list_block  jobs_list_template\">\n\n  \n  \n\t\n  <div class=\"container-fluid\">\n    <form \n      action=\"\" \n      class=\"filter-form ajax form-onchange-submit do_not_scroll_to_list\" \n      data-target-list=\"#post_list_careers_post_list\" method=\"post\"\n    >\n    \n                  \n      <div>             <fieldset class=\"search-area \">\n    \n        \n    <div class=\"fields-container\">\n        \n    \n        \n        \n            \n    \n        \n        \n        \n                                                                                                                                                                                                                                                                          \n                  \n    \n                \n        \n        \n    \n          \n      <div class=\"form-group  tax_terms select-field-type\">\n                \n        <select \n    name=\"careers_post_list_tax___lajc-tax-locations\"\n    id=\"id_careers_post_list_tax___lajc-tax-locations_select\"\n    class=\"form-control \" \n    \n     \n      >\n            \n                              <option\n          value=\"charlottesville-es\" \n          >\n          Charlottesville\n        <\/option>\n                              <option\n          value=\"eastern-shore-es\" \n          >\n          Eastern Shore\n        <\/option>\n                              <option\n          value=\"falls-church-es\" \n          >\n          Falls Church\n        <\/option>\n                              <option\n          value=\"hampton-roads\" \n          >\n          Hampton Roads\n        <\/option>\n                              <option\n          value=\"norfolk-es\" \n          >\n          Norfolk\n        <\/option>\n                              <option\n          value=\"petersburgo\" \n          >\n          Petersburgo\n        <\/option>\n                              <option\n          value=\"richmond-es\" \n          >\n          Richmond\n        <\/option>\n                              <option\n          value=\"suroeste-de-va\" \n          >\n          Suroeste de VA\n        <\/option>\n        <\/select>\n  <div class=\"select2-custom-container-1\"><\/div>\n<\/div>    \n        \n    \n  \n\n      \n    \n        \n        \n            \n    \n        \n        \n        \n                                                                                                                                                                                                                                          \n                  \n    \n                \n        \n        \n    \n          \n      <div class=\"form-group  tax_terms select-field-type\">\n                \n        <select \n    name=\"careers_post_list_tax___lajc-tax-roles\"\n    id=\"id_careers_post_list_tax___lajc-tax-roles_select\"\n    class=\"form-control \" \n    \n     \n      >\n            \n                              <option\n          value=\"administracion\" \n          >\n          Administraci\u00f3n\n        <\/option>\n                              <option\n          value=\"communicationsandpolicy-es\" \n          >\n          Communications &amp; Policy\n        <\/option>\n                              <option\n          value=\"desarrollo\" \n          >\n          Desarrollo\n        <\/option>\n                              <option\n          value=\"legal-es\" \n          >\n          Legal\n        <\/option>\n                              <option\n          value=\"liderazgo\" \n          >\n          Liderazgo\n        <\/option>\n                              <option\n          value=\"organizacion\" \n          >\n          Organizaci\u00f3n\n        <\/option>\n                              <option\n          value=\"politica\" \n          >\n          Pol\u00edtica\n        <\/option>\n        <\/select>\n  <div class=\"select2-custom-container-2\"><\/div>\n<\/div>    \n        \n    \n  \n\n      \n\n\n    <input type=\"hidden\" name=\"s\" value=\"\" id=\"input_s__hidden_\">\n    <\/div>\n    \n<\/fieldset>  \n                  \n        \n          <button \n            type=\"submit\" \n            class=\"\n                btn btn-primary \n                d-none              \"\n            >\n              Filter Resuts\n            <\/button>\n        \n      <\/div>\n  \n  \n      \n    <\/form>    \n  <\/div>\n\n\t    \n    \n<div class=\"list-container\">\n  <div class=\"results-area list jobs-list load_more_button \" id=\"post_list_careers_post_list\">\n    <div class=\"container-fluid\">\n              <div class=\"row row-masonry\">\n                      <div class=\"col-md-6  item\">\n              <!-- jobs\/templates\/item.twig   -->\n<div class=\"card\">\n  <div class=\"card-body\">\n\t\t\t\t\t<span class=\"jobs-role\">Organizing<\/span>\n\t\t\n\t\t<h2 class=\"jobs-title\"><a target=\"_blank\" href=\"https:\/\/secure10.saashr.com\/ta\/6191828.careers?ShowJob=688562951\">Senior Organizer, Housing &amp; Consumer Justice<\/a><\/h2>\n\n\t\t\t\t\t<p class=\"jobs-preview\">\n\t\t\t\t\n\t\t\t<\/p>\n\t\t\n\t\t\t\t\t<div class=\"locations\">\n\t\t\t\t\t\t\t\t\t<span class=\"location\">Richmond<\/span>\n\t\t\t\t\t\t\t<\/div>\n\t\t\n\t\t<a class=\"more\" href=\"https:\/\/secure10.saashr.com\/ta\/6191828.careers?ShowJob=688562951\">Aplicar<\/a>\n  <\/div>\n<\/div>\n<!-- END jobs\/templates\/item.twig  -->\n            <\/div>\n                      <div class=\"col-md-6  item\">\n              <!-- jobs\/templates\/item.twig   -->\n<div class=\"card\">\n  <div class=\"card-body\">\n\t\t\t\t\t<span class=\"jobs-role\">Organizaci\u00f3n<\/span>\n\t\t\n\t\t<h2 class=\"jobs-title\"><a target=\"_blank\" href=\"https:\/\/secure10.saashr.com\/ta\/6191828.careers?ShowJob=688561603\">Organizador Principal, Derechos Civiles y Justicia Racial<\/a><\/h2>\n\n\t\t\t\t\t<p class=\"jobs-preview\">\n\t\t\t\t\n\t\t\t<\/p>\n\t\t\n\t\t\t\t\t<div class=\"locations\">\n\t\t\t\t\t\t\t\t\t<span class=\"location\">Richmond<\/span>\n\t\t\t\t\t\t\t<\/div>\n\t\t\n\t\t<a class=\"more\" href=\"https:\/\/secure10.saashr.com\/ta\/6191828.careers?ShowJob=688561603\">Aplicar<\/a>\n  <\/div>\n<\/div>\n<!-- END jobs\/templates\/item.twig  -->\n            <\/div>\n                      <div class=\"col-md-6  item\">\n              <!-- jobs\/templates\/item.twig   -->\n<div class=\"card\">\n  <div class=\"card-body\">\n\t\t\t\t\t<span class=\"jobs-role\">Administraci\u00f3n<\/span>\n\t\t\n\t\t<h2 class=\"jobs-title\"><a target=\"_blank\" href=\"https:\/\/secure10.saashr.com\/ta\/6191828.careers?ShowJob=688540166\">Gestor de oficina biling\u00fce (espa\u00f1ol-ingl\u00e9s) - Paralegal<\/a><\/h2>\n\n\t\t\t\t\t<p class=\"jobs-preview\">\n\t\t\t\t\n\t\t\t<\/p>\n\t\t\n\t\t\t\t\t<div class=\"locations\">\n\t\t\t\t\t\t\t\t\t<span class=\"location\">Falls Church<\/span>\n\t\t\t\t\t\t\t<\/div>\n\t\t\n\t\t<a class=\"more\" href=\"https:\/\/secure10.saashr.com\/ta\/6191828.careers?ShowJob=688540166\">Aplicar<\/a>\n  <\/div>\n<\/div>\n<!-- END jobs\/templates\/item.twig  -->\n            <\/div>\n                      <div class=\"col-md-6  item\">\n              <!-- jobs\/templates\/item.twig   -->\n<div class=\"card\">\n  <div class=\"card-body\">\n\t\t\t\t\t<span class=\"jobs-role\">Legal<\/span>\n\t\t\n\t\t<h2 class=\"jobs-title\"><a target=\"_blank\" href=\"https:\/\/secure10.saashr.com\/ta\/6191828.careers?ShowJob=688534726\">Abogado, Vivienda y Justicia de los Consumidores<\/a><\/h2>\n\n\t\t\t\t\t<p class=\"jobs-preview\">\n\t\t\t\t\n\t\t\t<\/p>\n\t\t\n\t\t\t\t\t<div class=\"locations\">\n\t\t\t\t\t\t\t\t\t<span class=\"location\">Falls Church<\/span>\n\t\t\t\t\t\t\t<\/div>\n\t\t\n\t\t<a class=\"more\" href=\"https:\/\/secure10.saashr.com\/ta\/6191828.careers?ShowJob=688534726\">Aplicar<\/a>\n  <\/div>\n<\/div>\n<!-- END jobs\/templates\/item.twig  -->\n            <\/div>\n                      <div class=\"col-md-6  item\">\n              <!-- jobs\/templates\/item.twig   -->\n<div class=\"card\">\n  <div class=\"card-body\">\n\t\t\t\t\t<span class=\"jobs-role\">Legal<\/span>\n\t\t\n\t\t<h2 class=\"jobs-title\"><a target=\"_blank\" href=\"https:\/\/secure10.saashr.com\/ta\/6191828.careers?ShowJob=671794753\">Abogado Senior de Derechos de los Inmigrantes<\/a><\/h2>\n\n\t\t\t\t\t<p class=\"jobs-preview\">\n\t\t\t\t\n\t\t\t<\/p>\n\t\t\n\t\t\t\t\t<div class=\"locations\">\n\t\t\t\t\t\t\t\t\t<span class=\"location\">Hampton Roads<\/span>\n\t\t\t\t\t\t\t<\/div>\n\t\t\n\t\t<a class=\"more\" href=\"https:\/\/secure10.saashr.com\/ta\/6191828.careers?ShowJob=671794753\">Aplicar<\/a>\n  <\/div>\n<\/div>\n<!-- END jobs\/templates\/item.twig  -->\n            <\/div>\n                  <\/div>\n          <\/div>\n  <\/div>\n\n  \t\t\t<\/div>\n<\/div>\n\n<!-- dbt-acf_gutenberg_blocks\/dbt-post-list\/template.twig -->\n\n\n\n\n\n\n<div id=\"block_b60d6335b1836c246424b29f12fb1dda\" class=\"content-wrapper-block  style-normal bg-width-full \">\n\t<div class=\"container-fluid\">\n\t\t<div class=\"row justify-content-center\">\n\t\t\t<div class=\"col-lg-10\">\n\t\t\t\t\t\t\t\t\t<div class=\"row row-content justify-content-center\">\n\t\t\t\t\t\t\n\n\n\n\n<style type=\"text\/css\">\n\t.edit-post-visual-editor [data-block=\"2cf0d5b1cd5a47095aff5ce95ff7c846\"] {\n\t\twidth: calc((12 \/ 12) * 100%)!important;\n\t\tmin-width: calc((12 \/ 12) * 100%)!important;\n\t}\n<\/style>\n\n<div id=\"block_2cf0d5b1cd5a47095aff5ce95ff7c846\" class=\"col-lg-12 custom-column-block\">\n\t<div class=\"custom-column-wrapper  \">\n\t\t\n\n<p><em>El Legal Aid Justice Center es un empleador que ofrece igualdad de oportunidades, comprometido con la contrataci\u00f3n inclusiva y la diversidad en nuestro personal. Animamos encarecidamente a candidatos de todas las identidades, experiencias y comunidades a que presenten su candidatura. Todos los solicitantes deben estar comprometidos con un entorno que permita al personal y a los clientes sentirse capacitados, valorados, respetados y seguros. Al examinar las candidaturas, buscamos pruebas de que los candidatos tienen experiencia y\/o consideraci\u00f3n en el trabajo con poblaciones tradicionalmente marginadas.<\/em><\/p>\n\n\n\t<\/div>\n<\/div>\n\n\t\t\t\t\t<\/div>\n\t\t\t\t\t\t\t\n\t\t\t<\/div>\n\t\t<\/div>\n\t<\/div>\n\n\t<style type=\"text\/css\">\n\t\t.edit-post-visual-editor [data-block=\"b60d6335b1836c246424b29f12fb1dda\"] .block-editor-block-list__layout {\n\t\t\tjustify-content: center;\n\t\t}\n\n\t\t\t\t\t#block_b60d6335b1836c246424b29f12fb1dda > .container-fluid > .row > div > div > .row, #block_b60d6335b1836c246424b29f12fb1dda > .container-fluid > .row > div > .row {\n\t\t\t\t--bs-gutter-x: 60px;\n\t\t\t}\n\t\t\t<\/style>\n<\/div>\n","protected":false},"excerpt":{"rendered":"","protected":false},"author":4,"featured_media":0,"parent":0,"menu_order":0,"comment_status":"closed","ping_status":"closed","template":"","meta":{"footnotes":""},"lajc-tax-roles":[],"lajc-tax-issues":[],"lajc-tax-locations":[],"class_list":["post-10463","page","type-page","status-publish","hentry"],"acf":[],"yoast_head":"<!-- This site is optimized with the Yoast SEO plugin v27.4 - https:\/\/yoast.com\/product\/yoast-seo-wordpress\/ -->\n<title>Carreras - Legal Aid Justice Center<\/title>\n<meta name=\"robots\" content=\"index, follow, max-snippet:-1, max-image-preview:large, max-video-preview:-1\" \/>\n<link rel=\"canonical\" href=\"https:\/\/www.justice4all.org\/es\/carreras\/\" \/>\n<meta property=\"og:locale\" content=\"es_ES\" \/>\n<meta property=\"og:type\" content=\"article\" \/>\n<meta property=\"og:title\" content=\"Carreras - Legal Aid Justice Center\" \/>\n<meta property=\"og:url\" content=\"https:\/\/www.justice4all.org\/es\/carreras\/\" \/>\n<meta property=\"og:site_name\" content=\"Legal Aid Justice Center\" \/>\n<meta property=\"article:modified_time\" content=\"2026-03-17T19:32:09+00:00\" \/>\n<meta name=\"twitter:card\" content=\"summary_large_image\" \/>\n<meta name=\"twitter:label1\" content=\"Tiempo de lectura\" \/>\n\t<meta name=\"twitter:data1\" content=\"1 minuto\" \/>\n<script type=\"application\/ld+json\" class=\"yoast-schema-graph\">{\"@context\":\"https:\\\/\\\/schema.org\",\"@graph\":[{\"@type\":\"WebPage\",\"@id\":\"https:\\\/\\\/www.justice4all.org\\\/es\\\/carreras\\\/\",\"url\":\"https:\\\/\\\/www.justice4all.org\\\/es\\\/carreras\\\/\",\"name\":\"Carreras - Legal Aid Justice Center\",\"isPartOf\":{\"@id\":\"https:\\\/\\\/www.justice4all.org\\\/es\\\/#website\"},\"datePublished\":\"2023-04-04T20:49:52+00:00\",\"dateModified\":\"2026-03-17T19:32:09+00:00\",\"breadcrumb\":{\"@id\":\"https:\\\/\\\/www.justice4all.org\\\/es\\\/carreras\\\/#breadcrumb\"},\"inLanguage\":\"es\",\"potentialAction\":[{\"@type\":\"ReadAction\",\"target\":[\"https:\\\/\\\/www.justice4all.org\\\/es\\\/carreras\\\/\"]}]},{\"@type\":\"BreadcrumbList\",\"@id\":\"https:\\\/\\\/www.justice4all.org\\\/es\\\/carreras\\\/#breadcrumb\",\"itemListElement\":[{\"@type\":\"ListItem\",\"position\":1,\"name\":\"Home\",\"item\":\"https:\\\/\\\/www.justice4all.org\\\/es\\\/\"},{\"@type\":\"ListItem\",\"position\":2,\"name\":\"Carreras\"}]},{\"@type\":\"WebSite\",\"@id\":\"https:\\\/\\\/www.justice4all.org\\\/es\\\/#website\",\"url\":\"https:\\\/\\\/www.justice4all.org\\\/es\\\/\",\"name\":\"Legal Aid Justice Center\",\"description\":\"\",\"potentialAction\":[{\"@type\":\"SearchAction\",\"target\":{\"@type\":\"EntryPoint\",\"urlTemplate\":\"https:\\\/\\\/www.justice4all.org\\\/es\\\/?s={search_term_string}\"},\"query-input\":{\"@type\":\"PropertyValueSpecification\",\"valueRequired\":true,\"valueName\":\"search_term_string\"}}],\"inLanguage\":\"es\"}]}<\/script>\n<!-- \/ Yoast SEO plugin. -->","yoast_head_json":{"title":"Carreras - Legal Aid Justice Center","robots":{"index":"index","follow":"follow","max-snippet":"max-snippet:-1","max-image-preview":"max-image-preview:large","max-video-preview":"max-video-preview:-1"},"canonical":"https:\/\/www.justice4all.org\/es\/carreras\/","og_locale":"es_ES","og_type":"article","og_title":"Carreras - Legal Aid Justice Center","og_url":"https:\/\/www.justice4all.org\/es\/carreras\/","og_site_name":"Legal Aid Justice Center","article_modified_time":"2026-03-17T19:32:09+00:00","twitter_card":"summary_large_image","twitter_misc":{"Tiempo de lectura":"1 minuto"},"schema":{"@context":"https:\/\/schema.org","@graph":[{"@type":"WebPage","@id":"https:\/\/www.justice4all.org\/es\/carreras\/","url":"https:\/\/www.justice4all.org\/es\/carreras\/","name":"Carreras - Legal Aid Justice Center","isPartOf":{"@id":"https:\/\/www.justice4all.org\/es\/#website"},"datePublished":"2023-04-04T20:49:52+00:00","dateModified":"2026-03-17T19:32:09+00:00","breadcrumb":{"@id":"https:\/\/www.justice4all.org\/es\/carreras\/#breadcrumb"},"inLanguage":"es","potentialAction":[{"@type":"ReadAction","target":["https:\/\/www.justice4all.org\/es\/carreras\/"]}]},{"@type":"BreadcrumbList","@id":"https:\/\/www.justice4all.org\/es\/carreras\/#breadcrumb","itemListElement":[{"@type":"ListItem","position":1,"name":"Home","item":"https:\/\/www.justice4all.org\/es\/"},{"@type":"ListItem","position":2,"name":"Carreras"}]},{"@type":"WebSite","@id":"https:\/\/www.justice4all.org\/es\/#website","url":"https:\/\/www.justice4all.org\/es\/","name":"Legal Aid Justice Center","description":"","potentialAction":[{"@type":"SearchAction","target":{"@type":"EntryPoint","urlTemplate":"https:\/\/www.justice4all.org\/es\/?s={search_term_string}"},"query-input":{"@type":"PropertyValueSpecification","valueRequired":true,"valueName":"search_term_string"}}],"inLanguage":"es"}]}},"_links":{"self":[{"href":"https:\/\/www.justice4all.org\/es\/wp-json\/wp\/v2\/pages\/10463","targetHints":{"allow":["GET"]}}],"collection":[{"href":"https:\/\/www.justice4all.org\/es\/wp-json\/wp\/v2\/pages"}],"about":[{"href":"https:\/\/www.justice4all.org\/es\/wp-json\/wp\/v2\/types\/page"}],"author":[{"embeddable":true,"href":"https:\/\/www.justice4all.org\/es\/wp-json\/wp\/v2\/users\/4"}],"replies":[{"embeddable":true,"href":"https:\/\/www.justice4all.org\/es\/wp-json\/wp\/v2\/comments?post=10463"}],"version-history":[{"count":0,"href":"https:\/\/www.justice4all.org\/es\/wp-json\/wp\/v2\/pages\/10463\/revisions"}],"wp:attachment":[{"href":"https:\/\/www.justice4all.org\/es\/wp-json\/wp\/v2\/media?parent=10463"}],"wp:term":[{"taxonomy":"lajc-tax-roles","embeddable":true,"href":"https:\/\/www.justice4all.org\/es\/wp-json\/wp\/v2\/lajc-tax-roles?post=10463"},{"taxonomy":"lajc-tax-issues","embeddable":true,"href":"https:\/\/www.justice4all.org\/es\/wp-json\/wp\/v2\/lajc-tax-issues?post=10463"},{"taxonomy":"lajc-tax-locations","embeddable":true,"href":"https:\/\/www.justice4all.org\/es\/wp-json\/wp\/v2\/lajc-tax-locations?post=10463"}],"curies":[{"name":"wp","href":"https:\/\/api.w.org\/{rel}","templated":true}]}}