{"id":10461,"date":"2023-04-04T20:50:30","date_gmt":"2023-04-04T20:50:30","guid":{"rendered":"https:\/\/lajc2023stg.wpengine.com\/finanzas\/"},"modified":"2025-05-28T19:30:54","modified_gmt":"2025-05-28T19:30:54","slug":"finanzas","status":"publish","type":"page","link":"https:\/\/www.justice4all.org\/es\/finanzas\/","title":{"rendered":"Finanzas"},"content":{"rendered":"\n<h3 class=\"wp-block-heading is-style-underlined-with-icon\"><strong>Datos financieros<\/strong><\/h3>\n\n<p>La transparencia financiera es importante para nosotros. A continuaci\u00f3n encontrar\u00e1 los estados financieros auditados y los formularios 990 del LAJC. <a href=\"mailto:twallace@justice4all.org\">P\u00f3ngase en contacto con nosotros<\/a> si tiene alguna duda.<\/p>\n\n<p><a href=\"https:\/\/www.justice4all.org\/wp-content\/uploads\/2025\/05\/Form-990-Filed-with-IRS-11-14-24-with-ED-signature-1.pdf\">LAJC 2024 990  <\/a><\/p>\n\n<p><a href=\"https:\/\/www.justice4all.org\/wp-content\/uploads\/2024\/07\/FY23-Audited-Financial-Statements_FINAL.pdf\">LAJC FY23 Estados Financieros Auditados<\/a><\/p>\n\n<p><a href=\"http:\/\/justice4all.org\/wp-content\/uploads\/2023\/02\/LAJC-Final-Audit-Report.pdf\">LAJC FY22 Estados Financieros Auditados <\/a><br\/><a href=\"https:\/\/www.justice4all.org\/wp-content\/uploads\/2023\/06\/Form-990-FY2021.pdf\">LAJC 2021 990 <\/a> <\/p>\n\n<p><a href=\"http:\/\/justice4all.org\/wp-content\/uploads\/2023\/02\/LAJC-FY21-Audited-Financial-Statements.pdf\">LAJC FY21 Estados Financieros Auditados <\/a><br\/><a href=\"http:\/\/justice4all.org\/wp-content\/uploads\/2023\/02\/Form-990-FY21-Final-Signed.pdf\">LAJC 2020 990 <\/a> <\/p>\n\n<p><a href=\"http:\/\/justice4all.org\/wp-content\/uploads\/2021\/11\/FY20-LAJC-Audit-FINAL.pdf\">LAJC FY20 Estados Financieros Auditados <\/a><br\/><a href=\"http:\/\/justice4all.org\/wp-content\/uploads\/2021\/11\/2019-Form-990-FY20-signed.pdf\">LAJC 2019 990 <\/a> <\/p>\n\n<p><a href=\"http:\/\/justice4all.org\/wp-content\/uploads\/2020\/12\/LAJC-Audit-FY19-FINAL.pdf\">LAJC FY19 Estados Financieros Auditados <\/a><br\/><a href=\"http:\/\/justice4all.org\/wp-content\/uploads\/2020\/12\/2017-Form-990-Amended-signed-FY18.pdf\">LAJC 2018 990 <\/a> <\/p>\n\n<p><a href=\"http:\/\/justice4all.org\/wp-content\/uploads\/2020\/12\/LAJC-Audit-FY18-FINAL.pdf\">LAJC FY18 Estados Financieros Auditados <\/a><br\/><a href=\"http:\/\/justice4all.org\/wp-content\/uploads\/2020\/12\/2017-Form-990-Amended-signed-FY18.pdf\">LAJC 2017 990 <\/a> <\/p>\n\n<p><a href=\"https:\/\/www.justice4all.org\/wp-content\/uploads\/2018\/11\/FY17-Audited-Financial-Statements.pdf\" target=\"_blank\" rel=\"noreferrer noopener\">LAJC FY17 Estados Financieros Auditados<\/a><br\/><a href=\"https:\/\/www.justice4all.org\/wp-content\/uploads\/2018\/11\/2016-Form-990-signed.pdf\" target=\"_blank\" rel=\"noreferrer noopener\">LAJC 2016 990 <\/a> <\/p>\n\n<p><a href=\"https:\/\/www.justice4all.org\/wp-content\/uploads\/2018\/11\/FY16-Audited-Financial-Statements.pdf\" target=\"_blank\" rel=\"noreferrer noopener\">LAJC FY16 Estados Financieros Auditados<\/a><br\/><a href=\"https:\/\/www.justice4all.org\/wp-content\/uploads\/2018\/11\/2015-Final-990-Signed.pdf\" target=\"_blank\" rel=\"noreferrer noopener\">LAJC 2015 990<\/a><\/p>\n\n<p><a href=\"https:\/\/www.justice4all.org\/wp-content\/uploads\/2018\/11\/FY15-Audited-Financial-Statements.pdf\" target=\"_blank\" rel=\"noreferrer noopener\">LAJC FY15 Estados Financieros Auditados<\/a><br\/><a href=\"https:\/\/www.justice4all.org\/wp-content\/uploads\/2018\/11\/2014-Form-990-Signed.pdf\" target=\"_blank\" rel=\"noreferrer noopener\">LAJC 2014 990<\/a><\/p>\n\n<p><a href=\"https:\/\/www.justice4all.org\/wp-content\/uploads\/2018\/11\/FY14-Audited-Financial-Statements.pdf\" target=\"_blank\" rel=\"noreferrer noopener\">LAJC FY14 Estados Financieros Auditados<\/a><br\/><a href=\"https:\/\/www.justice4all.org\/wp-content\/uploads\/2018\/11\/2013-Form-990-reduced-size.pdf\" target=\"_blank\" rel=\"noreferrer noopener\">LAJC 2013 990<\/a><\/p>\n\n<p><\/p>\n","protected":false},"excerpt":{"rendered":"<p>Datos financieros La transparencia financiera es importante para nosotros. A continuaci\u00f3n encontrar\u00e1 los estados financieros auditados y los formularios 990 del LAJC. P\u00f3ngase en contacto con nosotros si tiene alguna duda. LAJC 2024 990 LAJC FY23 Estados Financieros Auditados LAJC FY22 Estados Financieros Auditados LAJC 2021 990 LAJC FY21 Estados Financieros Auditados LAJC 2020 990 [&hellip;]<\/p>\n","protected":false},"author":4,"featured_media":0,"parent":0,"menu_order":0,"comment_status":"closed","ping_status":"closed","template":"","meta":{"footnotes":""},"lajc-tax-roles":[],"lajc-tax-issues":[],"lajc-tax-locations":[],"class_list":["post-10461","page","type-page","status-publish","hentry"],"acf":[],"yoast_head":"<!-- This site is optimized with the Yoast SEO plugin v27.5 - https:\/\/yoast.com\/product\/yoast-seo-wordpress\/ -->\n<title>Finanzas - Legal Aid Justice Center<\/title>\n<meta name=\"description\" content=\"La transparencia financiera es importante para nosotros.\" \/>\n<meta name=\"robots\" content=\"index, follow, max-snippet:-1, max-image-preview:large, max-video-preview:-1\" \/>\n<link rel=\"canonical\" href=\"https:\/\/www.justice4all.org\/es\/finanzas\/\" \/>\n<meta property=\"og:locale\" content=\"es_ES\" \/>\n<meta property=\"og:type\" content=\"article\" \/>\n<meta property=\"og:title\" content=\"Finanzas - Legal Aid Justice Center\" \/>\n<meta property=\"og:description\" content=\"La transparencia financiera es importante para nosotros.\" \/>\n<meta property=\"og:url\" content=\"https:\/\/www.justice4all.org\/es\/finanzas\/\" \/>\n<meta property=\"og:site_name\" content=\"Legal Aid Justice Center\" \/>\n<meta property=\"article:modified_time\" content=\"2025-05-28T19:30:54+00:00\" \/>\n<meta name=\"twitter:card\" content=\"summary_large_image\" \/>\n<script type=\"application\/ld+json\" class=\"yoast-schema-graph\">{\"@context\":\"https:\\\/\\\/schema.org\",\"@graph\":[{\"@type\":\"WebPage\",\"@id\":\"https:\\\/\\\/www.justice4all.org\\\/es\\\/finanzas\\\/\",\"url\":\"https:\\\/\\\/www.justice4all.org\\\/es\\\/finanzas\\\/\",\"name\":\"Finanzas - Legal Aid Justice Center\",\"isPartOf\":{\"@id\":\"https:\\\/\\\/www.justice4all.org\\\/es\\\/#website\"},\"datePublished\":\"2023-04-04T20:50:30+00:00\",\"dateModified\":\"2025-05-28T19:30:54+00:00\",\"description\":\"La transparencia financiera es importante para nosotros.\",\"breadcrumb\":{\"@id\":\"https:\\\/\\\/www.justice4all.org\\\/es\\\/finanzas\\\/#breadcrumb\"},\"inLanguage\":\"es\",\"potentialAction\":[{\"@type\":\"ReadAction\",\"target\":[\"https:\\\/\\\/www.justice4all.org\\\/es\\\/finanzas\\\/\"]}]},{\"@type\":\"BreadcrumbList\",\"@id\":\"https:\\\/\\\/www.justice4all.org\\\/es\\\/finanzas\\\/#breadcrumb\",\"itemListElement\":[{\"@type\":\"ListItem\",\"position\":1,\"name\":\"Home\",\"item\":\"https:\\\/\\\/www.justice4all.org\\\/es\\\/\"},{\"@type\":\"ListItem\",\"position\":2,\"name\":\"Finanzas\"}]},{\"@type\":\"WebSite\",\"@id\":\"https:\\\/\\\/www.justice4all.org\\\/es\\\/#website\",\"url\":\"https:\\\/\\\/www.justice4all.org\\\/es\\\/\",\"name\":\"Legal Aid Justice Center\",\"description\":\"\",\"potentialAction\":[{\"@type\":\"SearchAction\",\"target\":{\"@type\":\"EntryPoint\",\"urlTemplate\":\"https:\\\/\\\/www.justice4all.org\\\/es\\\/?s={search_term_string}\"},\"query-input\":{\"@type\":\"PropertyValueSpecification\",\"valueRequired\":true,\"valueName\":\"search_term_string\"}}],\"inLanguage\":\"es\"}]}<\/script>\n<!-- \/ Yoast SEO plugin. -->","yoast_head_json":{"title":"Finanzas - Legal Aid Justice Center","description":"La transparencia financiera es importante para nosotros.","robots":{"index":"index","follow":"follow","max-snippet":"max-snippet:-1","max-image-preview":"max-image-preview:large","max-video-preview":"max-video-preview:-1"},"canonical":"https:\/\/www.justice4all.org\/es\/finanzas\/","og_locale":"es_ES","og_type":"article","og_title":"Finanzas - Legal Aid Justice Center","og_description":"La transparencia financiera es importante para nosotros.","og_url":"https:\/\/www.justice4all.org\/es\/finanzas\/","og_site_name":"Legal Aid Justice Center","article_modified_time":"2025-05-28T19:30:54+00:00","twitter_card":"summary_large_image","schema":{"@context":"https:\/\/schema.org","@graph":[{"@type":"WebPage","@id":"https:\/\/www.justice4all.org\/es\/finanzas\/","url":"https:\/\/www.justice4all.org\/es\/finanzas\/","name":"Finanzas - Legal Aid Justice Center","isPartOf":{"@id":"https:\/\/www.justice4all.org\/es\/#website"},"datePublished":"2023-04-04T20:50:30+00:00","dateModified":"2025-05-28T19:30:54+00:00","description":"La transparencia financiera es importante para nosotros.","breadcrumb":{"@id":"https:\/\/www.justice4all.org\/es\/finanzas\/#breadcrumb"},"inLanguage":"es","potentialAction":[{"@type":"ReadAction","target":["https:\/\/www.justice4all.org\/es\/finanzas\/"]}]},{"@type":"BreadcrumbList","@id":"https:\/\/www.justice4all.org\/es\/finanzas\/#breadcrumb","itemListElement":[{"@type":"ListItem","position":1,"name":"Home","item":"https:\/\/www.justice4all.org\/es\/"},{"@type":"ListItem","position":2,"name":"Finanzas"}]},{"@type":"WebSite","@id":"https:\/\/www.justice4all.org\/es\/#website","url":"https:\/\/www.justice4all.org\/es\/","name":"Legal Aid Justice Center","description":"","potentialAction":[{"@type":"SearchAction","target":{"@type":"EntryPoint","urlTemplate":"https:\/\/www.justice4all.org\/es\/?s={search_term_string}"},"query-input":{"@type":"PropertyValueSpecification","valueRequired":true,"valueName":"search_term_string"}}],"inLanguage":"es"}]}},"_links":{"self":[{"href":"https:\/\/www.justice4all.org\/es\/wp-json\/wp\/v2\/pages\/10461","targetHints":{"allow":["GET"]}}],"collection":[{"href":"https:\/\/www.justice4all.org\/es\/wp-json\/wp\/v2\/pages"}],"about":[{"href":"https:\/\/www.justice4all.org\/es\/wp-json\/wp\/v2\/types\/page"}],"author":[{"embeddable":true,"href":"https:\/\/www.justice4all.org\/es\/wp-json\/wp\/v2\/users\/4"}],"replies":[{"embeddable":true,"href":"https:\/\/www.justice4all.org\/es\/wp-json\/wp\/v2\/comments?post=10461"}],"version-history":[{"count":0,"href":"https:\/\/www.justice4all.org\/es\/wp-json\/wp\/v2\/pages\/10461\/revisions"}],"wp:attachment":[{"href":"https:\/\/www.justice4all.org\/es\/wp-json\/wp\/v2\/media?parent=10461"}],"wp:term":[{"taxonomy":"lajc-tax-roles","embeddable":true,"href":"https:\/\/www.justice4all.org\/es\/wp-json\/wp\/v2\/lajc-tax-roles?post=10461"},{"taxonomy":"lajc-tax-issues","embeddable":true,"href":"https:\/\/www.justice4all.org\/es\/wp-json\/wp\/v2\/lajc-tax-issues?post=10461"},{"taxonomy":"lajc-tax-locations","embeddable":true,"href":"https:\/\/www.justice4all.org\/es\/wp-json\/wp\/v2\/lajc-tax-locations?post=10461"}],"curies":[{"name":"wp","href":"https:\/\/api.w.org\/{rel}","templated":true}]}}