{"id":10455,"date":"2023-04-04T21:00:23","date_gmt":"2023-04-04T21:00:23","guid":{"rendered":"https:\/\/lajc2023stg.wpengine.com\/contacto\/"},"modified":"2026-04-06T19:07:54","modified_gmt":"2026-04-06T19:07:54","slug":"contacto","status":"publish","type":"page","link":"https:\/\/www.justice4all.org\/es\/contacto\/","title":{"rendered":"Contacto"},"content":{"rendered":"\n\n\n\n\n\n<div id=\"block_7a721f44bca9b03f83f3967e30c4b985\" class=\"hero-block\">\n  <div class=\"layout-large has-bg-image\" role=\"img\" style=\"background-image: url(https:\/\/www.justice4all.org\/wp-content\/uploads\/2023\/03\/74531615_10157746776107579_7154111786403233792_n-2.jpg);\" title=\"74531615_10157746776107579_7154111786403233792_n 2\">\n          <div class=\"container-fluid\">\n        <div class=\"row justify-content-center\">\n          <div class=\"col-lg-10\">\n            <h1 class=\"has-white-color\">Contacto<\/h1>\n\n            \n                      <\/div>\n        <\/div>\n      <\/div>\n      <\/div>\n<\/div>\n<hr class=\"wp-block-separator has-text-color has-purple-color has-alpha-channel-opacity has-purple-background-color has-background is-style-gradient-primary\"\/>\n\n\n\n\n\n<div id=\"block_b60c0daa6351bc23745ff38674acd769\" class=\"content-wrapper-block  style-normal bg-width-full \">\n\t<div class=\"container-fluid\">\n\t\t<div class=\"row justify-content-center\">\n\t\t\t<div class=\"col-lg-12\">\n\t\t\t\t\t\t\t\t\t<div class=\"row row-content justify-content-center\">\n\t\t\t\t\t\t\n\n\n\n\n<style type=\"text\/css\">\n\t.edit-post-visual-editor [data-block=\"6a07cf62e24f2196b2c8ad597b1b2863\"] {\n\t\twidth: calc((7 \/ 12) * 100%)!important;\n\t\tmin-width: calc((7 \/ 12) * 100%)!important;\n\t}\n<\/style>\n\n<div id=\"block_6a07cf62e24f2196b2c8ad597b1b2863\" class=\"col-lg-7 custom-column-block\">\n\t<div class=\"custom-column-wrapper  \">\n\t\t\n\n<p class=\"has-text-align-center has-gunpowder-color has-text-color has-large-font-size\">Si busca ayuda jur\u00eddica, visite nuestra secci\u00f3n<strong> <a href=\"https:\/\/www.justice4all.org\/es\/obtener-ayuda\/\">OBTENGA AYUDA<\/a> <\/strong>para obtener m\u00e1s informaci\u00f3n sobre los servicios que prestamos, d\u00f3nde trabajamos, etc.  <\/p>\n\n\n\t<\/div>\n<\/div>\n\n\t\t\t\t\t<\/div>\n\t\t\t\t\t\t\t\n\t\t\t<\/div>\n\t\t<\/div>\n\t<\/div>\n\n\t<style type=\"text\/css\">\n\t\t.edit-post-visual-editor [data-block=\"b60c0daa6351bc23745ff38674acd769\"] .block-editor-block-list__layout {\n\t\t\tjustify-content: center;\n\t\t}\n\n\t\t\t<\/style>\n<\/div>\n\n<hr class=\"wp-block-separator has-alpha-channel-opacity is-style-gradient-secondary\"\/>\n\n\n\n\n\n<div id=\"block_b60c0daa6351bc23745ff38674acd769\" class=\"content-wrapper-block  style-normal bg-width-full \">\n\t<div class=\"container-fluid\">\n\t\t<div class=\"row justify-content-center\">\n\t\t\t<div class=\"col-lg-12\">\n\t\t\t\t\t\t\t\t\t<div class=\"row row-content justify-content-center\">\n\t\t\t\t\t\t\n\n\n\n\n<style type=\"text\/css\">\n\t.edit-post-visual-editor [data-block=\"a00f9f1c791c156aea2fdf500a776ce1\"] {\n\t\twidth: calc((12 \/ 12) * 100%)!important;\n\t\tmin-width: calc((12 \/ 12) * 100%)!important;\n\t}\n<\/style>\n\n<div id=\"block_a00f9f1c791c156aea2fdf500a776ce1\" class=\"col-lg-12 custom-column-block\">\n\t<div class=\"custom-column-wrapper  \">\n\t\t\n\n<p><strong>Charlottesville<\/strong><br\/><em>Al servicio de la ciudad de Charlottesville y los condados de Albemarle, Fluvanna, Greene, Louisa y Nelson.<\/em><\/p>\n\n\n\n<p>1000 Preston Avenue, Suite A<br\/>Charlottesville, VA 22903<br\/>Tel\u00e9fono: (434) 977-0553<br\/>Fax: (434) 977-0558<br\/>Internacional: 1-800-269-4717 (En M\u00e9xico, marca primero 001)<\/p>\n\n\n\n<p><strong>Virginia del Norte (Falls Church)<\/strong><br\/><em>Al servicio de las ciudades de Fairfax, Falls Church, Herndon y Alexandria y de los condados de Loudoun, Fairfax, Arlington, Prince William y Stafford.<\/em><\/p>\n\n\n\n<p>6402 Arlington Blvd, Suite 1130<br\/>Falls Church VA 22042<br\/>Tel\u00e9fono: (703) 778-3450<br\/>Fax: (703) 778-3454<\/p>\n\n\n\n<p><strong>Richmond\/Petersburgo<\/strong><br\/><em>Al servicio de <\/em><em>ciudades de <\/em><em>Richmond <\/em><em>Petersburg, Hopewell y Colonial Heights<\/em><em> y a los condados de Chesterfield, Hanover, Henrico, New Kent, Goochland, Powhatan <\/em><em>Surry, Prince George, Dinwiddie y Charles City.<\/em><\/p>\n\n\n\n<p>RICHMOND<\/p>\n\n\n\n<p>626 East Broad Street,<br\/>Suite 200, Richmond, 23219<br\/>Tel\u00e9fono: (804) 643-1086<br\/>Fax: (804) 643-2059<\/p>\n\n\n\n<p>PETERSBURG<\/p>\n\n\n\n<p>237 N. Sycamore St. Suite A<br\/>Petersburg, VA 23803<br\/>Tel\u00e9fono: (804) 862-2205<br\/>Fax: (804) 643-2059<br\/>* Las personas pueden llamar a la oficina de Richmond (804-643-1086) para consultas telef\u00f3nicas de lunes a viernes.<\/p>\n\n\n\n<hr class=\"wp-block-separator has-alpha-channel-opacity\"\/>\n\n\n\n<p><strong><em>SI BUSCAS AYUDA JUR\u00cdDICA, VISITA LA P\u00c1GINA <a href=\"https:\/\/www.justice4all.org\/es\/obtener-ayuda\/\">OBT\u00c9N AYUDA<\/a> Y LLAMA O VISITA LA OFICINA M\u00c1S CERCANA. LAS DIRECCIONES DE CORREO ELECTR\u00d3NICO QUE FIGURAN A CONTINUACI\u00d3N NO PUEDEN PROPORCIONAR INFORMACI\u00d3N SOBRE AYUDA JUR\u00cdDICA <\/em><\/strong><\/p>\n\n\n\n<hr class=\"wp-block-separator has-alpha-channel-opacity\"\/>\n\n\n\n<p><strong>CONTACTO CON LOS MEDIOS DE COMUNICACI\u00d3N<\/strong><br\/>Jeff Jones, (804) 869-1040 o <a href=\"mailto:jeff@justice4all.org\">jeff@justice4all.org<\/a><\/p>\n\n\n\n<p><strong>CONTACTOS PARA DONACIONES BEN\u00c9FICAS<\/strong><\/p>\n\n\n\n<p>Si necesitas ayuda con las donaciones en l\u00ednea o tienes preguntas sobre las donaciones mensuales o los recibos de donaciones, ponte en contacto con Kevin Purdy, Asociado de Relaciones con Donantes y Fundaciones, (804) 869-6479 o <a href=\"mailto:kevin@justice4all.org\">kevin@justice4all.org<\/a>.  <\/p>\n\n\n\n<p>Para obtener informaci\u00f3n sobre c\u00f3mo dar, ponte en contacto con Hayden Cochrane, Director de Desarrollo, (434) 340-2636 o <a href=\"mailto:hayden@justice4all.org\">hayden@justice4all.org.<\/a><\/p>\n\n\n\n<p>Para obtener informaci\u00f3n sobre las relaciones con las fundaciones y la filantrop\u00eda institucional, ponte en contacto con June Yang, Senior Development Officer-Foundations and Institutional Philanthropy, (434) 249-9865 o <a href=\"mailto:june@justice4all.org\">june@justice4all.org.<\/a><\/p>\n\n\n\n<p>Para obtener informaci\u00f3n sobre relaciones gubernamentales o asociaciones p\u00fablico-privadas, ponte en contacto con Contessa Riggs, Oficial Superior de Desarrollo, (703) 720-5613 o <a href=\"mailto:contessa@justice4all.org\">contessa@justice4all.org.<\/a><\/p>\n\n\n\n<p>Para obtener informaci\u00f3n sobre grandes donaciones y donaciones de bufetes de abogados para las regiones de Virginia del Norte y Hampton Roads, ponte en contacto con Elizabeth Aucamp, Responsable Principal de Desarrollo, (757) 343-1025 o <a href=\"mailto:elizabeth@justice4all.org\">elizabeth@justice4all.org.<\/a><\/p>\n\n\n\n<p>Para consultas generales o si no sabes con qui\u00e9n ponerte en contacto, env\u00eda un correo electr\u00f3nico <a href=\"mailto:DevelopmentTeam@justice4all.org\">a DevelopmentTeam@justice4all.org.<\/a><br\/><\/p>\n\n\n\n<p><strong>CONTACTO VOLUNTARIOS<\/strong><br\/>por favor visita: <a href=\"https:\/\/www.justice4all.org\/es\/involucrate\/voluntario\/\">https:\/\/www.justice4all.org\/get-involved\/volunteer\/<\/a> para m\u00e1s informaci\u00f3n sobre el voluntariado con LAJC<\/p>\n\n\n\n<p><strong>VERIFICACI\u00d3N<\/strong>DE EMPLEO <strong><br\/> Para las verificaciones de empleo, env\u00eda tu solicitud por correo electr\u00f3nico a<\/strong> <a href=\"mailto:hr@justice4all.org\">hr@justice4all.org.<\/a><\/p>\n\n\n\t<\/div>\n<\/div>\n\n\t\t\t\t\t<\/div>\n\t\t\t\t\t\t\t\n\t\t\t<\/div>\n\t\t<\/div>\n\t<\/div>\n\n\t<style type=\"text\/css\">\n\t\t.edit-post-visual-editor [data-block=\"b60c0daa6351bc23745ff38674acd769\"] .block-editor-block-list__layout {\n\t\t\tjustify-content: center;\n\t\t}\n\n\t\t\t<\/style>\n<\/div>\n","protected":false},"excerpt":{"rendered":"","protected":false},"author":4,"featured_media":0,"parent":0,"menu_order":0,"comment_status":"closed","ping_status":"closed","template":"","meta":{"footnotes":""},"lajc-tax-roles":[],"lajc-tax-issues":[],"lajc-tax-locations":[],"class_list":["post-10455","page","type-page","status-publish","hentry"],"acf":[],"yoast_head":"<!-- This site is optimized with the Yoast SEO plugin v27.3 - https:\/\/yoast.com\/product\/yoast-seo-wordpress\/ -->\n<title>Contacto - Legal Aid Justice Center<\/title>\n<meta name=\"robots\" content=\"index, follow, max-snippet:-1, max-image-preview:large, max-video-preview:-1\" \/>\n<link rel=\"canonical\" href=\"https:\/\/www.justice4all.org\/es\/contacto\/\" \/>\n<meta property=\"og:locale\" content=\"es_ES\" \/>\n<meta property=\"og:type\" content=\"article\" \/>\n<meta property=\"og:title\" content=\"Contacto - Legal Aid Justice Center\" \/>\n<meta property=\"og:url\" content=\"https:\/\/www.justice4all.org\/es\/contacto\/\" \/>\n<meta property=\"og:site_name\" content=\"Legal Aid Justice Center\" \/>\n<meta property=\"article:modified_time\" content=\"2026-04-06T19:07:54+00:00\" \/>\n<meta name=\"twitter:card\" content=\"summary_large_image\" \/>\n<meta name=\"twitter:label1\" content=\"Tiempo de lectura\" \/>\n\t<meta name=\"twitter:data1\" content=\"2 minuto\" \/>\n<script type=\"application\/ld+json\" class=\"yoast-schema-graph\">{\"@context\":\"https:\\\/\\\/schema.org\",\"@graph\":[{\"@type\":\"WebPage\",\"@id\":\"https:\\\/\\\/www.justice4all.org\\\/es\\\/contacto\\\/\",\"url\":\"https:\\\/\\\/www.justice4all.org\\\/es\\\/contacto\\\/\",\"name\":\"Contacto - Legal Aid Justice Center\",\"isPartOf\":{\"@id\":\"https:\\\/\\\/www.justice4all.org\\\/es\\\/#website\"},\"datePublished\":\"2023-04-04T21:00:23+00:00\",\"dateModified\":\"2026-04-06T19:07:54+00:00\",\"breadcrumb\":{\"@id\":\"https:\\\/\\\/www.justice4all.org\\\/es\\\/contacto\\\/#breadcrumb\"},\"inLanguage\":\"es\",\"potentialAction\":[{\"@type\":\"ReadAction\",\"target\":[\"https:\\\/\\\/www.justice4all.org\\\/es\\\/contacto\\\/\"]}]},{\"@type\":\"BreadcrumbList\",\"@id\":\"https:\\\/\\\/www.justice4all.org\\\/es\\\/contacto\\\/#breadcrumb\",\"itemListElement\":[{\"@type\":\"ListItem\",\"position\":1,\"name\":\"Home\",\"item\":\"https:\\\/\\\/www.justice4all.org\\\/es\\\/\"},{\"@type\":\"ListItem\",\"position\":2,\"name\":\"Contacto\"}]},{\"@type\":\"WebSite\",\"@id\":\"https:\\\/\\\/www.justice4all.org\\\/es\\\/#website\",\"url\":\"https:\\\/\\\/www.justice4all.org\\\/es\\\/\",\"name\":\"Legal Aid Justice Center\",\"description\":\"\",\"potentialAction\":[{\"@type\":\"SearchAction\",\"target\":{\"@type\":\"EntryPoint\",\"urlTemplate\":\"https:\\\/\\\/www.justice4all.org\\\/es\\\/?s={search_term_string}\"},\"query-input\":{\"@type\":\"PropertyValueSpecification\",\"valueRequired\":true,\"valueName\":\"search_term_string\"}}],\"inLanguage\":\"es\"}]}<\/script>\n<!-- \/ Yoast SEO plugin. -->","yoast_head_json":{"title":"Contacto - Legal Aid Justice Center","robots":{"index":"index","follow":"follow","max-snippet":"max-snippet:-1","max-image-preview":"max-image-preview:large","max-video-preview":"max-video-preview:-1"},"canonical":"https:\/\/www.justice4all.org\/es\/contacto\/","og_locale":"es_ES","og_type":"article","og_title":"Contacto - Legal Aid Justice Center","og_url":"https:\/\/www.justice4all.org\/es\/contacto\/","og_site_name":"Legal Aid Justice Center","article_modified_time":"2026-04-06T19:07:54+00:00","twitter_card":"summary_large_image","twitter_misc":{"Tiempo de lectura":"2 minuto"},"schema":{"@context":"https:\/\/schema.org","@graph":[{"@type":"WebPage","@id":"https:\/\/www.justice4all.org\/es\/contacto\/","url":"https:\/\/www.justice4all.org\/es\/contacto\/","name":"Contacto - Legal Aid Justice Center","isPartOf":{"@id":"https:\/\/www.justice4all.org\/es\/#website"},"datePublished":"2023-04-04T21:00:23+00:00","dateModified":"2026-04-06T19:07:54+00:00","breadcrumb":{"@id":"https:\/\/www.justice4all.org\/es\/contacto\/#breadcrumb"},"inLanguage":"es","potentialAction":[{"@type":"ReadAction","target":["https:\/\/www.justice4all.org\/es\/contacto\/"]}]},{"@type":"BreadcrumbList","@id":"https:\/\/www.justice4all.org\/es\/contacto\/#breadcrumb","itemListElement":[{"@type":"ListItem","position":1,"name":"Home","item":"https:\/\/www.justice4all.org\/es\/"},{"@type":"ListItem","position":2,"name":"Contacto"}]},{"@type":"WebSite","@id":"https:\/\/www.justice4all.org\/es\/#website","url":"https:\/\/www.justice4all.org\/es\/","name":"Legal Aid Justice Center","description":"","potentialAction":[{"@type":"SearchAction","target":{"@type":"EntryPoint","urlTemplate":"https:\/\/www.justice4all.org\/es\/?s={search_term_string}"},"query-input":{"@type":"PropertyValueSpecification","valueRequired":true,"valueName":"search_term_string"}}],"inLanguage":"es"}]}},"_links":{"self":[{"href":"https:\/\/www.justice4all.org\/es\/wp-json\/wp\/v2\/pages\/10455","targetHints":{"allow":["GET"]}}],"collection":[{"href":"https:\/\/www.justice4all.org\/es\/wp-json\/wp\/v2\/pages"}],"about":[{"href":"https:\/\/www.justice4all.org\/es\/wp-json\/wp\/v2\/types\/page"}],"author":[{"embeddable":true,"href":"https:\/\/www.justice4all.org\/es\/wp-json\/wp\/v2\/users\/4"}],"replies":[{"embeddable":true,"href":"https:\/\/www.justice4all.org\/es\/wp-json\/wp\/v2\/comments?post=10455"}],"version-history":[{"count":0,"href":"https:\/\/www.justice4all.org\/es\/wp-json\/wp\/v2\/pages\/10455\/revisions"}],"wp:attachment":[{"href":"https:\/\/www.justice4all.org\/es\/wp-json\/wp\/v2\/media?parent=10455"}],"wp:term":[{"taxonomy":"lajc-tax-roles","embeddable":true,"href":"https:\/\/www.justice4all.org\/es\/wp-json\/wp\/v2\/lajc-tax-roles?post=10455"},{"taxonomy":"lajc-tax-issues","embeddable":true,"href":"https:\/\/www.justice4all.org\/es\/wp-json\/wp\/v2\/lajc-tax-issues?post=10455"},{"taxonomy":"lajc-tax-locations","embeddable":true,"href":"https:\/\/www.justice4all.org\/es\/wp-json\/wp\/v2\/lajc-tax-locations?post=10455"}],"curies":[{"name":"wp","href":"https:\/\/api.w.org\/{rel}","templated":true}]}}