{"id":10454,"date":"2023-04-04T22:01:14","date_gmt":"2023-04-04T22:01:14","guid":{"rendered":"https:\/\/lajc2023stg.wpengine.com\/descargo-de-responsabilidad\/"},"modified":"2023-07-25T21:50:46","modified_gmt":"2023-07-25T21:50:46","slug":"descargo-de-responsabilidad","status":"publish","type":"page","link":"https:\/\/www.justice4all.org\/es\/descargo-de-responsabilidad\/","title":{"rendered":"Descargo de responsabilidad"},"content":{"rendered":"\n<p><strong>Condiciones de uso<\/strong> <\/p>\n\n<p><strong>Aceptaci\u00f3n  <\/strong> <\/p>\n\n<p>Al utilizar este sitio web, usted acepta estas Condiciones de uso. Legal Aid Justice Center (LAJC) se reserva el derecho de cambiar, modificar, a\u00f1adir o eliminar partes de estos t\u00e9rminos y condiciones en cualquier momento. Consulte peri\u00f3dicamente estas Condiciones de uso para comprobar si se han producido cambios. El uso continuado de este sitio web tras la publicaci\u00f3n de cambios en las Condiciones de uso significar\u00e1 que usted acepta los cambios.  <\/p>\n\n<p><strong>No es asesoramiento jur\u00eddico  <\/strong> <\/p>\n\n<p>Este sitio web proporciona informaci\u00f3n para ayudar a los residentes de Virginia con bajos ingresos a resolver sus problemas legales. Pero la informaci\u00f3n sobre asuntos jur\u00eddicos no es lo mismo que el asesoramiento jur\u00eddico. El asesoramiento jur\u00eddico implica la aplicaci\u00f3n de la ley a las circunstancias espec\u00edficas de un individuo, y eso s\u00f3lo puede ocurrir tras el establecimiento de una relaci\u00f3n abogado-cliente. La informaci\u00f3n contenida en este sitio web no sustituye ni reemplaza el asesoramiento o la representaci\u00f3n de un abogado colegiado.  <\/p>\n\n<p><strong>No hay relaci\u00f3n abogado-cliente; la informaci\u00f3n no es confidencial<\/strong> <\/p>\n\n<p>El uso de este sitio web no crea una relaci\u00f3n de abogado-cliente entre LAJC y cualquier usuario. El LAJC entabla relaciones abogado-cliente s\u00f3lo despu\u00e9s de que (i) contacto personal entre un cliente potencial y el personal del LAJC, y (ii) LAJC determina que est\u00e1 dispuesta y es capaz de aceptar la representaci\u00f3n. En consecuencia, la informaci\u00f3n que nos facilite a trav\u00e9s de este sitio web no se considerar\u00e1 confidencial en virtud del secreto profesional.  <\/p>\n\n<p><strong>Sin declaraciones ni garant\u00edas<\/strong> <\/p>\n\n<p>Aunque LAJC se esfuerza por garantizar que la informaci\u00f3n del sitio web sea exacta y est\u00e9 actualizada, LAJC no se hace responsable de la exactitud de esta informaci\u00f3n ni de las consecuencias que puedan derivarse del uso de este sitio web. La informaci\u00f3n facilitada en este sitio web se proporciona \u00abtal cual\u00bb, sin garant\u00edas de ning\u00fan tipo, ya sean expl\u00edcitas o impl\u00edcitas, incluidas, entre otras, las garant\u00edas de comerciabilidad, idoneidad para un fin determinado o ausencia de infracci\u00f3n. Debe consultar con un abogado colegiado si quiere tener la seguridad de que la informaci\u00f3n del sitio web y su interpretaci\u00f3n de la misma est\u00e1n actualizadas y son adecuadas para su situaci\u00f3n particular.  <\/p>\n\n<p><strong>Otros sitios web<\/strong> <\/p>\n\n<p>En la medida en que los enlaces de este sitio web conduzcan a otros sitios, LAJC no asume responsabilidad alguna por esos otros sitios, y no respalda, patrocina ni aprueba necesariamente el contenido de los mismos. Estos enlaces se facilitan \u00fanicamente para su comodidad.  <\/p>\n\n<p><strong>Privacidad<\/strong> <\/p>\n\n<p>LAJC puede recopilar informaci\u00f3n que los usuarios de este sitio web faciliten voluntariamente, como direcciones de correo electr\u00f3nico, n\u00fameros de tel\u00e9fono o comentarios e historias relacionadas con alguna de nuestras campa\u00f1as. Esa informaci\u00f3n s\u00f3lo se utilizar\u00e1 de forma coherente con una comprensi\u00f3n razonable de la finalidad para la que se facilit\u00f3. LAJC no compartir\u00e1, vender\u00e1 ni revelar\u00e1 dicha informaci\u00f3n a terceros sin su consentimiento, excepto cuando la solicitud sea iniciada por las autoridades policiales y cuando LAJC reciba una orden judicial para hacerlo, o cuando creamos que es necesario para hacer valer o proteger nuestros derechos legales o de propiedad intelectual.  <\/p>\n\n<p>Este sitio web tambi\u00e9n puede recoger informaci\u00f3n de forma pasiva, utilizando cookies. Una cookie es un peque\u00f1o archivo de texto que se escribe en su disco duro. El archivo cookie contiene un identificador de usuario y el nombre del sitio web, as\u00ed como otra informaci\u00f3n t\u00e9cnica. Un ID de usuario no contiene informaci\u00f3n personal identificable. Una cookie es s\u00f3lo un archivo de texto y no puede leer datos de su disco duro ni leer archivos cookie creados por otros sitios. Nuestro sitio web utiliza cookies para mejorar su experiencia y permitir que muchas de las funciones del sitio web funcionen correctamente. Por ejemplo, podemos utilizar cookies para hacer un seguimiento de la \u00faltima p\u00e1gina visitada y de los errores que puedan producirse en nuestro sitio web.  <\/p>\n","protected":false},"excerpt":{"rendered":"<p>Condiciones de uso Aceptaci\u00f3n Al utilizar este sitio web, usted acepta estas Condiciones de uso. Legal Aid Justice Center (LAJC) se reserva el derecho de cambiar, modificar, a\u00f1adir o eliminar partes de estos t\u00e9rminos y condiciones en cualquier momento. Consulte peri\u00f3dicamente estas Condiciones de uso para comprobar si se han producido cambios. El uso continuado [&hellip;]<\/p>\n","protected":false},"author":4,"featured_media":0,"parent":0,"menu_order":0,"comment_status":"closed","ping_status":"closed","template":"","meta":{"footnotes":""},"lajc-tax-roles":[],"lajc-tax-issues":[],"lajc-tax-locations":[],"class_list":["post-10454","page","type-page","status-publish","hentry"],"acf":[],"yoast_head":"<!-- This site is optimized with the Yoast SEO plugin v27.4 - https:\/\/yoast.com\/product\/yoast-seo-wordpress\/ -->\n<title>Descargo de responsabilidad - Legal Aid Justice Center<\/title>\n<meta name=\"robots\" content=\"index, follow, max-snippet:-1, max-image-preview:large, max-video-preview:-1\" \/>\n<link rel=\"canonical\" href=\"https:\/\/www.justice4all.org\/es\/descargo-de-responsabilidad\/\" \/>\n<meta property=\"og:locale\" content=\"es_ES\" \/>\n<meta property=\"og:type\" content=\"article\" \/>\n<meta property=\"og:title\" content=\"Descargo de responsabilidad - Legal Aid Justice Center\" \/>\n<meta property=\"og:description\" content=\"Condiciones de uso Aceptaci\u00f3n Al utilizar este sitio web, usted acepta estas Condiciones de uso. Legal Aid Justice Center (LAJC) se reserva el derecho de cambiar, modificar, a\u00f1adir o eliminar partes de estos t\u00e9rminos y condiciones en cualquier momento. Consulte peri\u00f3dicamente estas Condiciones de uso para comprobar si se han producido cambios. El uso continuado [&hellip;]\" \/>\n<meta property=\"og:url\" content=\"https:\/\/www.justice4all.org\/es\/descargo-de-responsabilidad\/\" \/>\n<meta property=\"og:site_name\" content=\"Legal Aid Justice Center\" \/>\n<meta property=\"article:modified_time\" content=\"2023-07-25T21:50:46+00:00\" \/>\n<meta name=\"twitter:card\" content=\"summary_large_image\" \/>\n<meta name=\"twitter:label1\" content=\"Tiempo de lectura\" \/>\n\t<meta name=\"twitter:data1\" content=\"3 minuto\" \/>\n<script type=\"application\/ld+json\" class=\"yoast-schema-graph\">{\"@context\":\"https:\\\/\\\/schema.org\",\"@graph\":[{\"@type\":\"WebPage\",\"@id\":\"https:\\\/\\\/www.justice4all.org\\\/es\\\/descargo-de-responsabilidad\\\/\",\"url\":\"https:\\\/\\\/www.justice4all.org\\\/es\\\/descargo-de-responsabilidad\\\/\",\"name\":\"Descargo de responsabilidad - Legal Aid Justice Center\",\"isPartOf\":{\"@id\":\"https:\\\/\\\/www.justice4all.org\\\/es\\\/#website\"},\"datePublished\":\"2023-04-04T22:01:14+00:00\",\"dateModified\":\"2023-07-25T21:50:46+00:00\",\"breadcrumb\":{\"@id\":\"https:\\\/\\\/www.justice4all.org\\\/es\\\/descargo-de-responsabilidad\\\/#breadcrumb\"},\"inLanguage\":\"es\",\"potentialAction\":[{\"@type\":\"ReadAction\",\"target\":[\"https:\\\/\\\/www.justice4all.org\\\/es\\\/descargo-de-responsabilidad\\\/\"]}]},{\"@type\":\"BreadcrumbList\",\"@id\":\"https:\\\/\\\/www.justice4all.org\\\/es\\\/descargo-de-responsabilidad\\\/#breadcrumb\",\"itemListElement\":[{\"@type\":\"ListItem\",\"position\":1,\"name\":\"Home\",\"item\":\"https:\\\/\\\/www.justice4all.org\\\/es\\\/\"},{\"@type\":\"ListItem\",\"position\":2,\"name\":\"Descargo de responsabilidad\"}]},{\"@type\":\"WebSite\",\"@id\":\"https:\\\/\\\/www.justice4all.org\\\/es\\\/#website\",\"url\":\"https:\\\/\\\/www.justice4all.org\\\/es\\\/\",\"name\":\"Legal Aid Justice Center\",\"description\":\"\",\"potentialAction\":[{\"@type\":\"SearchAction\",\"target\":{\"@type\":\"EntryPoint\",\"urlTemplate\":\"https:\\\/\\\/www.justice4all.org\\\/es\\\/?s={search_term_string}\"},\"query-input\":{\"@type\":\"PropertyValueSpecification\",\"valueRequired\":true,\"valueName\":\"search_term_string\"}}],\"inLanguage\":\"es\"}]}<\/script>\n<!-- \/ Yoast SEO plugin. -->","yoast_head_json":{"title":"Descargo de responsabilidad - Legal Aid Justice Center","robots":{"index":"index","follow":"follow","max-snippet":"max-snippet:-1","max-image-preview":"max-image-preview:large","max-video-preview":"max-video-preview:-1"},"canonical":"https:\/\/www.justice4all.org\/es\/descargo-de-responsabilidad\/","og_locale":"es_ES","og_type":"article","og_title":"Descargo de responsabilidad - Legal Aid Justice Center","og_description":"Condiciones de uso Aceptaci\u00f3n Al utilizar este sitio web, usted acepta estas Condiciones de uso. Legal Aid Justice Center (LAJC) se reserva el derecho de cambiar, modificar, a\u00f1adir o eliminar partes de estos t\u00e9rminos y condiciones en cualquier momento. Consulte peri\u00f3dicamente estas Condiciones de uso para comprobar si se han producido cambios. El uso continuado [&hellip;]","og_url":"https:\/\/www.justice4all.org\/es\/descargo-de-responsabilidad\/","og_site_name":"Legal Aid Justice Center","article_modified_time":"2023-07-25T21:50:46+00:00","twitter_card":"summary_large_image","twitter_misc":{"Tiempo de lectura":"3 minuto"},"schema":{"@context":"https:\/\/schema.org","@graph":[{"@type":"WebPage","@id":"https:\/\/www.justice4all.org\/es\/descargo-de-responsabilidad\/","url":"https:\/\/www.justice4all.org\/es\/descargo-de-responsabilidad\/","name":"Descargo de responsabilidad - Legal Aid Justice Center","isPartOf":{"@id":"https:\/\/www.justice4all.org\/es\/#website"},"datePublished":"2023-04-04T22:01:14+00:00","dateModified":"2023-07-25T21:50:46+00:00","breadcrumb":{"@id":"https:\/\/www.justice4all.org\/es\/descargo-de-responsabilidad\/#breadcrumb"},"inLanguage":"es","potentialAction":[{"@type":"ReadAction","target":["https:\/\/www.justice4all.org\/es\/descargo-de-responsabilidad\/"]}]},{"@type":"BreadcrumbList","@id":"https:\/\/www.justice4all.org\/es\/descargo-de-responsabilidad\/#breadcrumb","itemListElement":[{"@type":"ListItem","position":1,"name":"Home","item":"https:\/\/www.justice4all.org\/es\/"},{"@type":"ListItem","position":2,"name":"Descargo de responsabilidad"}]},{"@type":"WebSite","@id":"https:\/\/www.justice4all.org\/es\/#website","url":"https:\/\/www.justice4all.org\/es\/","name":"Legal Aid Justice Center","description":"","potentialAction":[{"@type":"SearchAction","target":{"@type":"EntryPoint","urlTemplate":"https:\/\/www.justice4all.org\/es\/?s={search_term_string}"},"query-input":{"@type":"PropertyValueSpecification","valueRequired":true,"valueName":"search_term_string"}}],"inLanguage":"es"}]}},"_links":{"self":[{"href":"https:\/\/www.justice4all.org\/es\/wp-json\/wp\/v2\/pages\/10454","targetHints":{"allow":["GET"]}}],"collection":[{"href":"https:\/\/www.justice4all.org\/es\/wp-json\/wp\/v2\/pages"}],"about":[{"href":"https:\/\/www.justice4all.org\/es\/wp-json\/wp\/v2\/types\/page"}],"author":[{"embeddable":true,"href":"https:\/\/www.justice4all.org\/es\/wp-json\/wp\/v2\/users\/4"}],"replies":[{"embeddable":true,"href":"https:\/\/www.justice4all.org\/es\/wp-json\/wp\/v2\/comments?post=10454"}],"version-history":[{"count":0,"href":"https:\/\/www.justice4all.org\/es\/wp-json\/wp\/v2\/pages\/10454\/revisions"}],"wp:attachment":[{"href":"https:\/\/www.justice4all.org\/es\/wp-json\/wp\/v2\/media?parent=10454"}],"wp:term":[{"taxonomy":"lajc-tax-roles","embeddable":true,"href":"https:\/\/www.justice4all.org\/es\/wp-json\/wp\/v2\/lajc-tax-roles?post=10454"},{"taxonomy":"lajc-tax-issues","embeddable":true,"href":"https:\/\/www.justice4all.org\/es\/wp-json\/wp\/v2\/lajc-tax-issues?post=10454"},{"taxonomy":"lajc-tax-locations","embeddable":true,"href":"https:\/\/www.justice4all.org\/es\/wp-json\/wp\/v2\/lajc-tax-locations?post=10454"}],"curies":[{"name":"wp","href":"https:\/\/api.w.org\/{rel}","templated":true}]}}