{"id":10449,"date":"2023-03-30T23:02:45","date_gmt":"2023-03-30T23:02:45","guid":{"rendered":"https:\/\/lajc2023stg.wpengine.com\/noticias\/"},"modified":"2023-07-26T07:03:11","modified_gmt":"2023-07-26T07:03:11","slug":"noticias","status":"publish","type":"page","link":"https:\/\/www.justice4all.org\/es\/noticias\/","title":{"rendered":"Noticias"},"content":{"rendered":"\n\n\n\n\n\n<div id=\"block_e623fc5b4e02449383d80ba0c75c1c80\" class=\"hero-block\">\n  <div class=\"layout-large has-bg-image\" role=\"img\" style=\"background-image: url(https:\/\/www.justice4all.org\/wp-content\/uploads\/2023\/06\/media-slide.jpg);\" title=\"media slide\">\n          <div class=\"container-fluid\">\n        <div class=\"row justify-content-center\">\n          <div class=\"col-lg-10\">\n            <h1 class=\"has-white-color\">noticias<\/h1>\n\n                          <h4 class=\"has-white-color\">Las \u00faltimas noticias e informaci\u00f3n de LAJC<\/h4>\n            \n                      <\/div>\n        <\/div>\n      <\/div>\n      <\/div>\n<\/div>\n\n\n\n\n\n\n<!-- check: https:\/\/timber.github.io\/docs\/guides\/acf-cookbook\/ -->\n\n<!-- dbt-acf_gutenberg_blocks\/dbt-post-list\/template.twig -->\n\n<div id=\"block_374a9dbd4bbfecc416bc322f57ce14d7\" class=\"block_374a9dbd4bbfecc416bc322f57ce14d7 post_list_block  news_list_template_b\">\n\n  \n  \n\t\n  <div class=\"container-fluid\">\n    <form \n      action=\"\" \n      class=\"filter-form ajax form-onchange-submit do_not_scroll_to_list\" \n      data-target-list=\"#post_list_block_374a9dbd4bbfecc416bc322f57ce14d7\" method=\"post\"\n    >\n    \n                  \n      <div>             <fieldset class=\"search-area \">\n    \n        \n    <div class=\"fields-container\">\n        \n    \n        \n        \n            \n    \n        \n        \n        \n                                                                                                                                                                                                                                          \n                  \n    \n                \n        \n        \n    \n          \n      <div class=\"form-group  tax_terms select-field-type\">\n                \n        <select \n    name=\"block_374a9dbd4bbfecc416bc322f57ce14d7_tax___lajc-tax-issues\"\n    id=\"id_block_374a9dbd4bbfecc416bc322f57ce14d7_tax___lajc-tax-issues_select\"\n    class=\"form-control \" \n    \n     \n      >\n              <option value=\"\" >Problema<\/option>\n            \n                              <option\n          value=\"deuda-medica-y-de-consumo\" \n          >\n          Deuda m\u00e9dica y de consumo\n        <\/option>\n                              <option\n          value=\"immigration-es\" \n          >\n          Inmigraci\u00f3n\n        <\/option>\n                              <option\n          value=\"youth-family-schools-es\" \n          >\n          Juventud, Familia y Escuelas\n        <\/option>\n                              <option\n          value=\"workplace-es\" \n          >\n          Lugar de trabajo\n        <\/option>\n                              <option\n          value=\"sanidad-y-prestaciones-publicas\" \n          >\n          Sanidad y prestaciones p\u00fablicas\n        <\/option>\n                              <option\n          value=\"criminal-legal-system-es\" \n          >\n          Sistema Jur\u00eddico Penal\n        <\/option>\n                              <option\n          value=\"vivienda\" \n          >\n          Vivienda\n        <\/option>\n        <\/select>\n  <div class=\"select2-custom-container-1\"><\/div>\n<\/div>    \n        \n    \n  \n\n      \n    \n        \n        \n            \n    \n        \n        \n        \n                                                                                                                                                                                                                                                                          \n                  \n    \n                \n        \n        \n    \n          \n      <div class=\"form-group  tax_terms select-field-type\">\n                \n        <select \n    name=\"block_374a9dbd4bbfecc416bc322f57ce14d7_tax___lajc-tax-locations\"\n    id=\"id_block_374a9dbd4bbfecc416bc322f57ce14d7_tax___lajc-tax-locations_select\"\n    class=\"form-control \" \n    \n     \n      >\n              <option value=\"\" >Ubicaci\u00f3n<\/option>\n            \n                              <option\n          value=\"charlottesville-es\" \n          >\n          Charlottesville\n        <\/option>\n                              <option\n          value=\"eastern-shore-es\" \n          >\n          Eastern Shore\n        <\/option>\n                              <option\n          value=\"falls-church-es\" \n          >\n          Falls Church\n        <\/option>\n                              <option\n          value=\"hampton-roads\" \n          >\n          Hampton Roads\n        <\/option>\n                              <option\n          value=\"norfolk-es\" \n          >\n          Norfolk\n        <\/option>\n                              <option\n          value=\"petersburgo\" \n          >\n          Petersburgo\n        <\/option>\n                              <option\n          value=\"richmond-es\" \n          >\n          Richmond\n        <\/option>\n                              <option\n          value=\"suroeste-de-va\" \n          >\n          Suroeste de VA\n        <\/option>\n        <\/select>\n  <div class=\"select2-custom-container-2\"><\/div>\n<\/div>    \n        \n    \n  \n\n      \n\n\n    <input type=\"hidden\" name=\"s\" value=\"\" id=\"input_s__hidden_\">\n    <\/div>\n    \n<\/fieldset>  \n                  \n        \n          <button \n            type=\"submit\" \n            class=\"\n                btn btn-primary \n                d-none              \"\n            >\n              Filter Resuts\n            <\/button>\n        \n      <\/div>\n  \n  \n      \n    <\/form>    \n  <\/div>\n\n\t    \n    \n<div class=\"list-container\">\n  <div class=\"results-area list news-list-b load_more_button \" id=\"post_list_block_374a9dbd4bbfecc416bc322f57ce14d7\">\n    <div class=\"container-fluid\">\n              <div class=\"row row-masonry\">\n                      <div class=\"col-md-6  item\" data-aos=\"slide-up\" data-aos-once=\"true\">\n              <!-- news\/templates\/item.twig   -->\n<div class=\"card\">\n  <div class=\"card-body\">\n\t\t\t\t\t\t\t\t<span class=\"news-date\">abril 23, 2026<\/span>\n\t\t\t\t\n\t\t<h2 class=\"news-title\"><a href=\"https:\/\/www.justice4all.org\/es\/news\/noticia-leyes-que-limitan-el-ice-firmadas-por-el-gobernador\/\">NOTICIA: Leyes que limitan el ICE firmadas por el gobernador<\/a><\/h2>\n\n\t\t\t\t\t\t\t\t\t<p class=\"news-preview\">\n\t\t\t\t\tHoy, la gobernadora de Virginia, Abigail Spanberger, ha firmado las leyes HB 1441 (L\u00f3pez) y SB 783 (Salim), que abordan los perjudiciales acuerdos de colaboraci\u00f3n entre las fuerzas de seguridad locales y el ICE, dirigidos contra nuestras comunidades inmigrantes. Estos proyectos de ley limitan severamente los acuerdos actuales y futuros entre el ICE y los [&hellip;]\n\t\t\t\t<\/p>\n\t\t\t\t\t\t\t<a class=\"more\" href=\"https:\/\/www.justice4all.org\/es\/news\/noticia-leyes-que-limitan-el-ice-firmadas-por-el-gobernador\/\">Leer m\u00e1s<\/a>\n  <\/div>\n<\/div>\n<!-- END news\/templates\/item.twig  -->\n            <\/div>\n                      <div class=\"col-md-6  item\" data-aos=\"slide-up\" data-aos-once=\"true\">\n              <!-- news\/templates\/item.twig   -->\n<div class=\"card\">\n  <div class=\"card-body\">\n\t\t\t\t\t\t\t\t<span class=\"news-date\">abril 9, 2026<\/span>\n\t\t\t\t\n\t\t<h2 class=\"news-title\"><a href=\"https:\/\/www.justice4all.org\/es\/news\/los-trabajadores-agricolas-incluidos-en-el-salario-minimo-de-virginia-tras-la-firma-de-la-ley-por-el-gobernador\/\">Los trabajadores agr\u00edcolas incluidos en el salario m\u00ednimo de Virginia tras la firma de la ley por el gobernador.<\/a><\/h2>\n\n\t\t\t\t\t\t\t\t\t<a class=\"more\" href=\"https:\/\/www.justice4all.org\/es\/news\/los-trabajadores-agricolas-incluidos-en-el-salario-minimo-de-virginia-tras-la-firma-de-la-ley-por-el-gobernador\/\">Leer m\u00e1s<\/a>\n  <\/div>\n<\/div>\n<!-- END news\/templates\/item.twig  -->\n            <\/div>\n                      <div class=\"col-md-6  item\" data-aos=\"slide-up\" data-aos-once=\"true\">\n              <!-- news\/templates\/item.twig   -->\n<div class=\"card\">\n  <div class=\"card-body\">\n\t\t\t\t\t\t\t\t<span class=\"news-date\">marzo 31, 2026<\/span>\n\t\t\t\t\n\t\t<h2 class=\"news-title\"><a href=\"https:\/\/www.justice4all.org\/es\/news\/el-personal-del-centro-de-justicia-de-asistencia-juridica-recibe-el-reconocimiento-voluntario-y-se-convierte-en-el-primer-sindicato-de-asistencia-juridica-de-virginia\/\">El personal del Centro de Justicia de Asistencia Jur\u00eddica recibe el reconocimiento voluntario y se convierte en el primer sindicato de asistencia jur\u00eddica de Virginia<\/a><\/h2>\n\n\t\t\t\t\t\t\t\t\t<a class=\"more\" href=\"https:\/\/www.justice4all.org\/es\/news\/el-personal-del-centro-de-justicia-de-asistencia-juridica-recibe-el-reconocimiento-voluntario-y-se-convierte-en-el-primer-sindicato-de-asistencia-juridica-de-virginia\/\">Leer m\u00e1s<\/a>\n  <\/div>\n<\/div>\n<!-- END news\/templates\/item.twig  -->\n            <\/div>\n                      <div class=\"col-md-6  item\" data-aos=\"slide-up\" data-aos-once=\"true\">\n              <!-- news\/templates\/item.twig   -->\n<div class=\"card\">\n  <div class=\"card-body\">\n\t\t\t\t\t\t\t\t<span class=\"news-date\">marzo 18, 2026<\/span>\n\t\t\t\t\n\t\t<h2 class=\"news-title\"><a href=\"https:\/\/www.justice4all.org\/news\/lajc-at-sine-die-end-of-session-2026\/\">LAJC at Sine Die - End of Session 2026<\/a><\/h2>\n\n\t\t\t\t\t\t\t\t\t<a class=\"more\" href=\"https:\/\/www.justice4all.org\/news\/lajc-at-sine-die-end-of-session-2026\/\">Leer m\u00e1s<\/a>\n  <\/div>\n<\/div>\n<!-- END news\/templates\/item.twig  -->\n            <\/div>\n                      <div class=\"col-md-6  item\" data-aos=\"slide-up\" data-aos-once=\"true\">\n              <!-- news\/templates\/item.twig   -->\n<div class=\"card\">\n  <div class=\"card-body\">\n\t\t\t\t\t\t\t\t<span class=\"news-date\">marzo 14, 2026<\/span>\n\t\t\t\t\n\t\t<h2 class=\"news-title\"><a href=\"https:\/\/www.justice4all.org\/es\/news\/comunicado-se-aprueban-en-la-legislatura-los-proyectos-de-ley-que-restringen-el-ice\/\">Comunicado: Se aprueban en la legislatura los proyectos de ley que restringen el ICE.<\/a><\/h2>\n\n\t\t\t\t\t\t\t\t\t<a class=\"more\" href=\"https:\/\/www.justice4all.org\/es\/news\/comunicado-se-aprueban-en-la-legislatura-los-proyectos-de-ley-que-restringen-el-ice\/\">Leer m\u00e1s<\/a>\n  <\/div>\n<\/div>\n<!-- END news\/templates\/item.twig  -->\n            <\/div>\n                      <div class=\"col-md-6  item\" data-aos=\"slide-up\" data-aos-once=\"true\">\n              <!-- news\/templates\/item.twig   -->\n<div class=\"card\">\n  <div class=\"card-body\">\n\t\t\t\t\t\t\t\t<span class=\"news-date\">marzo 9, 2026<\/span>\n\t\t\t\t\n\t\t<h2 class=\"news-title\"><a href=\"https:\/\/www.justice4all.org\/es\/news\/declaracion-de-la-coalicion-sobre-la-aprobacion-de-las-leyes-hb-1092-y-sb-288\/\">Declaraci\u00f3n de la Coalici\u00f3n sobre la aprobaci\u00f3n de las leyes HB 1092 y SB 288<\/a><\/h2>\n\n\t\t\t\t\t\t\t\t\t<a class=\"more\" href=\"https:\/\/www.justice4all.org\/es\/news\/declaracion-de-la-coalicion-sobre-la-aprobacion-de-las-leyes-hb-1092-y-sb-288\/\">Leer m\u00e1s<\/a>\n  <\/div>\n<\/div>\n<!-- END news\/templates\/item.twig  -->\n            <\/div>\n                      <div class=\"col-md-6  item\" data-aos=\"slide-up\" data-aos-once=\"true\">\n              <!-- news\/templates\/item.twig   -->\n<div class=\"card\">\n  <div class=\"card-body\">\n\t\t\t\t\t\t\t\t<span class=\"news-date\">marzo 12, 2026<\/span>\n\t\t\t\t\n\t\t<h2 class=\"news-title\"><a href=\"https:\/\/www.justice4all.org\/news\/fighting-for-workers-in-virginia\/\">Fighting for Workers in Virginia<\/a><\/h2>\n\n\t\t\t\t\t\t\t\t\t<a class=\"more\" href=\"https:\/\/www.justice4all.org\/news\/fighting-for-workers-in-virginia\/\">Leer m\u00e1s<\/a>\n  <\/div>\n<\/div>\n<!-- END news\/templates\/item.twig  -->\n            <\/div>\n                      <div class=\"col-md-6  item\" data-aos=\"slide-up\" data-aos-once=\"true\">\n              <!-- news\/templates\/item.twig   -->\n<div class=\"card\">\n  <div class=\"card-body\">\n\t\t\t\t\t\t\t\t<span class=\"news-date\">marzo 9, 2026<\/span>\n\t\t\t\t\n\t\t<h2 class=\"news-title\"><a href=\"https:\/\/www.justice4all.org\/es\/news\/declaracion-sobre-el-fin-de-la-exencion-de-los-trabajadores-agricolas-al-salario-minimo-de-va\/\">Declaraci\u00f3n sobre el fin de la exenci\u00f3n de los trabajadores agr\u00edcolas al salario m\u00ednimo de VA<\/a><\/h2>\n\n\t\t\t\t\t\t\t\t\t<a class=\"more\" href=\"https:\/\/www.justice4all.org\/es\/news\/declaracion-sobre-el-fin-de-la-exencion-de-los-trabajadores-agricolas-al-salario-minimo-de-va\/\">Leer m\u00e1s<\/a>\n  <\/div>\n<\/div>\n<!-- END news\/templates\/item.twig  -->\n            <\/div>\n                  <\/div>\n          <\/div>\n  <\/div>\n\n  \t\t  <div class=\"container-fluid\">\n    <div class=\"row row-pagination\">\n      <div class=\"col-sm-12 pagination text-center justify-content-center\">\n        <a class=\"page-link load-more btn btn-primary\" href=\"\/es\/wp-json\/wp\/v2\/pages\/10449?block_374a9dbd4bbfecc416bc322f57ce14d7_page=2\" >\n          <span>\n            See More\n          <\/span>\n        <\/a>\n      <\/div>\n    <\/div>\n  <\/div>\n\t<\/div>\n<\/div>\n\n<!-- dbt-acf_gutenberg_blocks\/dbt-post-list\/template.twig -->","protected":false},"excerpt":{"rendered":"","protected":false},"author":4,"featured_media":0,"parent":0,"menu_order":0,"comment_status":"closed","ping_status":"closed","template":"","meta":{"footnotes":""},"lajc-tax-roles":[],"lajc-tax-issues":[],"lajc-tax-locations":[],"class_list":["post-10449","page","type-page","status-publish","hentry"],"acf":[],"yoast_head":"<!-- This site is optimized with the Yoast SEO plugin v27.4 - https:\/\/yoast.com\/product\/yoast-seo-wordpress\/ -->\n<title>Noticias - Legal Aid Justice Center<\/title>\n<meta name=\"robots\" content=\"index, follow, max-snippet:-1, max-image-preview:large, max-video-preview:-1\" \/>\n<link rel=\"canonical\" href=\"https:\/\/www.justice4all.org\/es\/noticias\/\" \/>\n<meta property=\"og:locale\" content=\"es_ES\" \/>\n<meta property=\"og:type\" content=\"article\" \/>\n<meta property=\"og:title\" content=\"Noticias - Legal Aid Justice Center\" \/>\n<meta property=\"og:url\" content=\"https:\/\/www.justice4all.org\/es\/noticias\/\" \/>\n<meta property=\"og:site_name\" content=\"Legal Aid Justice Center\" \/>\n<meta property=\"article:modified_time\" content=\"2023-07-26T07:03:11+00:00\" \/>\n<meta name=\"twitter:card\" content=\"summary_large_image\" \/>\n<script type=\"application\/ld+json\" class=\"yoast-schema-graph\">{\"@context\":\"https:\\\/\\\/schema.org\",\"@graph\":[{\"@type\":\"WebPage\",\"@id\":\"https:\\\/\\\/www.justice4all.org\\\/es\\\/noticias\\\/\",\"url\":\"https:\\\/\\\/www.justice4all.org\\\/es\\\/noticias\\\/\",\"name\":\"Noticias - Legal Aid Justice Center\",\"isPartOf\":{\"@id\":\"https:\\\/\\\/www.justice4all.org\\\/es\\\/#website\"},\"datePublished\":\"2023-03-30T23:02:45+00:00\",\"dateModified\":\"2023-07-26T07:03:11+00:00\",\"breadcrumb\":{\"@id\":\"https:\\\/\\\/www.justice4all.org\\\/es\\\/noticias\\\/#breadcrumb\"},\"inLanguage\":\"es\",\"potentialAction\":[{\"@type\":\"ReadAction\",\"target\":[\"https:\\\/\\\/www.justice4all.org\\\/es\\\/noticias\\\/\"]}]},{\"@type\":\"BreadcrumbList\",\"@id\":\"https:\\\/\\\/www.justice4all.org\\\/es\\\/noticias\\\/#breadcrumb\",\"itemListElement\":[{\"@type\":\"ListItem\",\"position\":1,\"name\":\"Home\",\"item\":\"https:\\\/\\\/www.justice4all.org\\\/es\\\/\"},{\"@type\":\"ListItem\",\"position\":2,\"name\":\"Noticias\"}]},{\"@type\":\"WebSite\",\"@id\":\"https:\\\/\\\/www.justice4all.org\\\/es\\\/#website\",\"url\":\"https:\\\/\\\/www.justice4all.org\\\/es\\\/\",\"name\":\"Legal Aid Justice Center\",\"description\":\"\",\"potentialAction\":[{\"@type\":\"SearchAction\",\"target\":{\"@type\":\"EntryPoint\",\"urlTemplate\":\"https:\\\/\\\/www.justice4all.org\\\/es\\\/?s={search_term_string}\"},\"query-input\":{\"@type\":\"PropertyValueSpecification\",\"valueRequired\":true,\"valueName\":\"search_term_string\"}}],\"inLanguage\":\"es\"}]}<\/script>\n<!-- \/ Yoast SEO plugin. -->","yoast_head_json":{"title":"Noticias - Legal Aid Justice Center","robots":{"index":"index","follow":"follow","max-snippet":"max-snippet:-1","max-image-preview":"max-image-preview:large","max-video-preview":"max-video-preview:-1"},"canonical":"https:\/\/www.justice4all.org\/es\/noticias\/","og_locale":"es_ES","og_type":"article","og_title":"Noticias - Legal Aid Justice Center","og_url":"https:\/\/www.justice4all.org\/es\/noticias\/","og_site_name":"Legal Aid Justice Center","article_modified_time":"2023-07-26T07:03:11+00:00","twitter_card":"summary_large_image","schema":{"@context":"https:\/\/schema.org","@graph":[{"@type":"WebPage","@id":"https:\/\/www.justice4all.org\/es\/noticias\/","url":"https:\/\/www.justice4all.org\/es\/noticias\/","name":"Noticias - Legal Aid Justice Center","isPartOf":{"@id":"https:\/\/www.justice4all.org\/es\/#website"},"datePublished":"2023-03-30T23:02:45+00:00","dateModified":"2023-07-26T07:03:11+00:00","breadcrumb":{"@id":"https:\/\/www.justice4all.org\/es\/noticias\/#breadcrumb"},"inLanguage":"es","potentialAction":[{"@type":"ReadAction","target":["https:\/\/www.justice4all.org\/es\/noticias\/"]}]},{"@type":"BreadcrumbList","@id":"https:\/\/www.justice4all.org\/es\/noticias\/#breadcrumb","itemListElement":[{"@type":"ListItem","position":1,"name":"Home","item":"https:\/\/www.justice4all.org\/es\/"},{"@type":"ListItem","position":2,"name":"Noticias"}]},{"@type":"WebSite","@id":"https:\/\/www.justice4all.org\/es\/#website","url":"https:\/\/www.justice4all.org\/es\/","name":"Legal Aid Justice Center","description":"","potentialAction":[{"@type":"SearchAction","target":{"@type":"EntryPoint","urlTemplate":"https:\/\/www.justice4all.org\/es\/?s={search_term_string}"},"query-input":{"@type":"PropertyValueSpecification","valueRequired":true,"valueName":"search_term_string"}}],"inLanguage":"es"}]}},"_links":{"self":[{"href":"https:\/\/www.justice4all.org\/es\/wp-json\/wp\/v2\/pages\/10449","targetHints":{"allow":["GET"]}}],"collection":[{"href":"https:\/\/www.justice4all.org\/es\/wp-json\/wp\/v2\/pages"}],"about":[{"href":"https:\/\/www.justice4all.org\/es\/wp-json\/wp\/v2\/types\/page"}],"author":[{"embeddable":true,"href":"https:\/\/www.justice4all.org\/es\/wp-json\/wp\/v2\/users\/4"}],"replies":[{"embeddable":true,"href":"https:\/\/www.justice4all.org\/es\/wp-json\/wp\/v2\/comments?post=10449"}],"version-history":[{"count":0,"href":"https:\/\/www.justice4all.org\/es\/wp-json\/wp\/v2\/pages\/10449\/revisions"}],"wp:attachment":[{"href":"https:\/\/www.justice4all.org\/es\/wp-json\/wp\/v2\/media?parent=10449"}],"wp:term":[{"taxonomy":"lajc-tax-roles","embeddable":true,"href":"https:\/\/www.justice4all.org\/es\/wp-json\/wp\/v2\/lajc-tax-roles?post=10449"},{"taxonomy":"lajc-tax-issues","embeddable":true,"href":"https:\/\/www.justice4all.org\/es\/wp-json\/wp\/v2\/lajc-tax-issues?post=10449"},{"taxonomy":"lajc-tax-locations","embeddable":true,"href":"https:\/\/www.justice4all.org\/es\/wp-json\/wp\/v2\/lajc-tax-locations?post=10449"}],"curies":[{"name":"wp","href":"https:\/\/api.w.org\/{rel}","templated":true}]}}