{"id":10447,"date":"2023-03-30T23:02:19","date_gmt":"2023-03-30T23:02:19","guid":{"rendered":"https:\/\/lajc2023stg.wpengine.com\/involucrate\/"},"modified":"2026-04-10T15:27:51","modified_gmt":"2026-04-10T15:27:51","slug":"involucrate","status":"publish","type":"page","link":"https:\/\/www.justice4all.org\/es\/involucrate\/","title":{"rendered":"Invol\u00facrate"},"content":{"rendered":"\n\n\n\n\n\n<div id=\"block_64d66870032a7f4f2fdcf8c828187dcd\" class=\"hero-block\">\n  <div class=\"layout-large has-bg-image\" role=\"img\" style=\"background-image: url(https:\/\/www.justice4all.org\/wp-content\/uploads\/2023\/05\/Umbrella-Family-scaled.jpg);\" title=\"Familia Paraguas\">\n          <div class=\"container-fluid\">\n        <div class=\"row justify-content-center\">\n          <div class=\"col-lg-10\">\n            <h1 class=\"has-white-color\">Invol\u00facrate<\/h1>\n\n                          <h4 class=\"has-white-color\">Inscr\u00edbete en nuestra lista de correo electr\u00f3nico y mantente al d\u00eda de todo lo que ocurre en el LAJC.<\/h4>\n            \n                      <\/div>\n        <\/div>\n      <\/div>\n      <\/div>\n<\/div>\n\n\n\n<div id=\"block_a6eeba9ea8758606f9b06b3a8b6e0870\" class=\"join-us-block\">\n  <div class=\"container-fluid\">\n    <div class=\"row\">\n      <div class=\"col-sm-6 col-lg-7\">\n        <h2>Join Us<\/h2>\n        \n        \n        <form novalidate class=\"needs-validation\">\n          <div class=\"row\">\n            <div class=\"col-lg-6 form-group\">\n              <label>Nombre<\/label>\n              <input type=\"text\" class=\"form-control\" placeholder=\"First name\" id=\"first-name\" name=\"first-name\" >\n              <div class=\"invalid-feedback\">\n                El nombre es obligatorio\n              <\/div>          \n            <\/div>\n\n            <div class=\"col-lg-6 form-group\">\n              <label>Apellidos<\/label>\n              <input type=\"text\" class=\"form-control\" placeholder=\"Last name\" id=\"last-name\" name=\"last-name\" >\n              <div class=\"invalid-feedback\">\n                El apellido es obligatorio\n              <\/div>          \n            <\/div>\n          <\/div>\n\n          <div class=\"form-group\">\n            <label for=\"email-address\">Env\u00eda un correo electr\u00f3nico a<\/label>\n            <input type=\"email\" class=\"form-control\" id=\"email-address\" name=\"email-address\" placeholder=\"Email\" required>\n            <div class=\"invalid-feedback\">\n              Introduce un correo electr\u00f3nico v\u00e1lido\n            <\/div>        \n          <\/div>\n\n          \n          <button type=\"submit\" class=\"btn btn-primary\">I&#8217;m in<\/button>\n        <\/form>\n      <\/div>\n      <div class=\"col-sm-6 col-lg-5\">\n        <div>\n          <img decoding=\"async\" src=\"https:\/\/www.justice4all.org\/wp-content\/uploads\/2023\/05\/Christopher-Rashad-Greene-Organizer-Legal-Aid-Justice-Center-scaled-960x0-c-default.jpg\" alt=\"Christopher Rashad Greene - Organizador - Centro de Justicia de Asistencia Jur\u00eddica\" \/>\n        <\/div>\n      <\/div>\n    <\/div>\n  <\/div>\n<\/div>\n\n\n\n\n<div id=\"block_44ae4b1c6efd4693aad66d5efc9f30e1\" class=\"content-wrapper-block  style-normal bg-width-full \">\n\t<div class=\"container-fluid\">\n\t\t<div class=\"row justify-content-center\">\n\t\t\t<div class=\"col-lg-10\">\n\t\t\t\t\t\t\t\t\t<div class=\"row row-content justify-content-center\">\n\t\t\t\t\t\t\n\n\n\n\n<style type=\"text\/css\">\n\t.edit-post-visual-editor [data-block=\"dc3ac6202fc44e652f7213ab1b990f45\"] {\n\t\twidth: calc((12 \/ 12) * 100%)!important;\n\t\tmin-width: calc((12 \/ 12) * 100%)!important;\n\t}\n<\/style>\n\n<div id=\"block_dc3ac6202fc44e652f7213ab1b990f45\" class=\"col-lg-12 custom-column-block\">\n\t<div class=\"custom-column-wrapper  \">\n\t\t\n\n<h4 class=\"wp-block-heading\">Otras formas de participar:<\/h4>\n\n\n\t<\/div>\n<\/div>\n\n\n\n\n\n<style type=\"text\/css\">\n\t.edit-post-visual-editor [data-block=\"dc3ac6202fc44e652f7213ab1b990f45\"] {\n\t\twidth: calc((12 \/ 12) * 100%)!important;\n\t\tmin-width: calc((12 \/ 12) * 100%)!important;\n\t}\n<\/style>\n\n<div id=\"block_dc3ac6202fc44e652f7213ab1b990f45\" class=\"col-lg-12 custom-column-block\">\n\t<div class=\"custom-column-wrapper  \">\n\t\t\n\n<ul class=\"wp-block-list\">\n<li style=\"font-size:22px;font-style:normal;font-weight:700\"><a href=\"https:\/\/www.justice4all.org\/es\/involucrate\/voluntario\/\">Voluntario<\/a><\/li>\n\n\n\n<li style=\"font-size:22px;font-style:normal;font-weight:700\"><a href=\"https:\/\/www.justice4all.org\/es\/involucrate\/pro-bono\/\">Pro Bono<\/a><\/li>\n\n\n\n<li style=\"font-size:22px;font-style:normal;font-weight:700\"><a href=\"https:\/\/www.justice4all.org\/es\/involucrate\/clinicas-de-la-facultad-de-derecho\/\">Cl\u00ednicas de la Facultad de Derecho<\/a><\/li>\n<\/ul>\n\n\n\t<\/div>\n<\/div>\n\n\t\t\t\t\t<\/div>\n\t\t\t\t\t\t\t\n\t\t\t<\/div>\n\t\t<\/div>\n\t<\/div>\n\n\t<style type=\"text\/css\">\n\t\t.edit-post-visual-editor [data-block=\"44ae4b1c6efd4693aad66d5efc9f30e1\"] .block-editor-block-list__layout {\n\t\t\tjustify-content: center;\n\t\t}\n\n\t\t\t<\/style>\n<\/div>\n","protected":false},"excerpt":{"rendered":"","protected":false},"author":4,"featured_media":0,"parent":0,"menu_order":0,"comment_status":"closed","ping_status":"closed","template":"","meta":{"footnotes":""},"lajc-tax-roles":[],"lajc-tax-issues":[],"lajc-tax-locations":[],"class_list":["post-10447","page","type-page","status-publish","hentry"],"acf":[],"yoast_head":"<!-- This site is optimized with the Yoast SEO plugin v27.4 - https:\/\/yoast.com\/product\/yoast-seo-wordpress\/ -->\n<title>Invol\u00facrate - Legal Aid Justice Center<\/title>\n<meta name=\"robots\" content=\"index, follow, max-snippet:-1, max-image-preview:large, max-video-preview:-1\" \/>\n<link rel=\"canonical\" href=\"https:\/\/www.justice4all.org\/es\/involucrate\/\" \/>\n<meta property=\"og:locale\" content=\"es_ES\" \/>\n<meta property=\"og:type\" content=\"article\" \/>\n<meta property=\"og:title\" content=\"Invol\u00facrate - Legal Aid Justice Center\" \/>\n<meta property=\"og:url\" content=\"https:\/\/www.justice4all.org\/es\/involucrate\/\" \/>\n<meta property=\"og:site_name\" content=\"Legal Aid Justice Center\" \/>\n<meta property=\"article:modified_time\" content=\"2026-04-10T15:27:51+00:00\" \/>\n<meta name=\"twitter:card\" content=\"summary_large_image\" \/>\n<script type=\"application\/ld+json\" class=\"yoast-schema-graph\">{\"@context\":\"https:\\\/\\\/schema.org\",\"@graph\":[{\"@type\":\"WebPage\",\"@id\":\"https:\\\/\\\/www.justice4all.org\\\/es\\\/involucrate\\\/\",\"url\":\"https:\\\/\\\/www.justice4all.org\\\/es\\\/involucrate\\\/\",\"name\":\"Invol\u00facrate - Legal Aid Justice Center\",\"isPartOf\":{\"@id\":\"https:\\\/\\\/www.justice4all.org\\\/es\\\/#website\"},\"datePublished\":\"2023-03-30T23:02:19+00:00\",\"dateModified\":\"2026-04-10T15:27:51+00:00\",\"breadcrumb\":{\"@id\":\"https:\\\/\\\/www.justice4all.org\\\/es\\\/involucrate\\\/#breadcrumb\"},\"inLanguage\":\"es\",\"potentialAction\":[{\"@type\":\"ReadAction\",\"target\":[\"https:\\\/\\\/www.justice4all.org\\\/es\\\/involucrate\\\/\"]}]},{\"@type\":\"BreadcrumbList\",\"@id\":\"https:\\\/\\\/www.justice4all.org\\\/es\\\/involucrate\\\/#breadcrumb\",\"itemListElement\":[{\"@type\":\"ListItem\",\"position\":1,\"name\":\"Home\",\"item\":\"https:\\\/\\\/www.justice4all.org\\\/es\\\/\"},{\"@type\":\"ListItem\",\"position\":2,\"name\":\"Invol\u00facrate\"}]},{\"@type\":\"WebSite\",\"@id\":\"https:\\\/\\\/www.justice4all.org\\\/es\\\/#website\",\"url\":\"https:\\\/\\\/www.justice4all.org\\\/es\\\/\",\"name\":\"Legal Aid Justice Center\",\"description\":\"\",\"potentialAction\":[{\"@type\":\"SearchAction\",\"target\":{\"@type\":\"EntryPoint\",\"urlTemplate\":\"https:\\\/\\\/www.justice4all.org\\\/es\\\/?s={search_term_string}\"},\"query-input\":{\"@type\":\"PropertyValueSpecification\",\"valueRequired\":true,\"valueName\":\"search_term_string\"}}],\"inLanguage\":\"es\"}]}<\/script>\n<!-- \/ Yoast SEO plugin. -->","yoast_head_json":{"title":"Invol\u00facrate - Legal Aid Justice Center","robots":{"index":"index","follow":"follow","max-snippet":"max-snippet:-1","max-image-preview":"max-image-preview:large","max-video-preview":"max-video-preview:-1"},"canonical":"https:\/\/www.justice4all.org\/es\/involucrate\/","og_locale":"es_ES","og_type":"article","og_title":"Invol\u00facrate - Legal Aid Justice Center","og_url":"https:\/\/www.justice4all.org\/es\/involucrate\/","og_site_name":"Legal Aid Justice Center","article_modified_time":"2026-04-10T15:27:51+00:00","twitter_card":"summary_large_image","schema":{"@context":"https:\/\/schema.org","@graph":[{"@type":"WebPage","@id":"https:\/\/www.justice4all.org\/es\/involucrate\/","url":"https:\/\/www.justice4all.org\/es\/involucrate\/","name":"Invol\u00facrate - Legal Aid Justice Center","isPartOf":{"@id":"https:\/\/www.justice4all.org\/es\/#website"},"datePublished":"2023-03-30T23:02:19+00:00","dateModified":"2026-04-10T15:27:51+00:00","breadcrumb":{"@id":"https:\/\/www.justice4all.org\/es\/involucrate\/#breadcrumb"},"inLanguage":"es","potentialAction":[{"@type":"ReadAction","target":["https:\/\/www.justice4all.org\/es\/involucrate\/"]}]},{"@type":"BreadcrumbList","@id":"https:\/\/www.justice4all.org\/es\/involucrate\/#breadcrumb","itemListElement":[{"@type":"ListItem","position":1,"name":"Home","item":"https:\/\/www.justice4all.org\/es\/"},{"@type":"ListItem","position":2,"name":"Invol\u00facrate"}]},{"@type":"WebSite","@id":"https:\/\/www.justice4all.org\/es\/#website","url":"https:\/\/www.justice4all.org\/es\/","name":"Legal Aid Justice Center","description":"","potentialAction":[{"@type":"SearchAction","target":{"@type":"EntryPoint","urlTemplate":"https:\/\/www.justice4all.org\/es\/?s={search_term_string}"},"query-input":{"@type":"PropertyValueSpecification","valueRequired":true,"valueName":"search_term_string"}}],"inLanguage":"es"}]}},"_links":{"self":[{"href":"https:\/\/www.justice4all.org\/es\/wp-json\/wp\/v2\/pages\/10447","targetHints":{"allow":["GET"]}}],"collection":[{"href":"https:\/\/www.justice4all.org\/es\/wp-json\/wp\/v2\/pages"}],"about":[{"href":"https:\/\/www.justice4all.org\/es\/wp-json\/wp\/v2\/types\/page"}],"author":[{"embeddable":true,"href":"https:\/\/www.justice4all.org\/es\/wp-json\/wp\/v2\/users\/4"}],"replies":[{"embeddable":true,"href":"https:\/\/www.justice4all.org\/es\/wp-json\/wp\/v2\/comments?post=10447"}],"version-history":[{"count":0,"href":"https:\/\/www.justice4all.org\/es\/wp-json\/wp\/v2\/pages\/10447\/revisions"}],"wp:attachment":[{"href":"https:\/\/www.justice4all.org\/es\/wp-json\/wp\/v2\/media?parent=10447"}],"wp:term":[{"taxonomy":"lajc-tax-roles","embeddable":true,"href":"https:\/\/www.justice4all.org\/es\/wp-json\/wp\/v2\/lajc-tax-roles?post=10447"},{"taxonomy":"lajc-tax-issues","embeddable":true,"href":"https:\/\/www.justice4all.org\/es\/wp-json\/wp\/v2\/lajc-tax-issues?post=10447"},{"taxonomy":"lajc-tax-locations","embeddable":true,"href":"https:\/\/www.justice4all.org\/es\/wp-json\/wp\/v2\/lajc-tax-locations?post=10447"}],"curies":[{"name":"wp","href":"https:\/\/api.w.org\/{rel}","templated":true}]}}