{"id":10446,"date":"2023-03-30T23:02:06","date_gmt":"2023-03-30T23:02:06","guid":{"rendered":"https:\/\/lajc2023stg.wpengine.com\/que-hacemos\/"},"modified":"2023-07-26T00:05:40","modified_gmt":"2023-07-26T00:05:40","slug":"que-hacemos","status":"publish","type":"page","link":"https:\/\/www.justice4all.org\/es\/que-hacemos\/","title":{"rendered":"Qu\u00e9 hacemos"},"content":{"rendered":"\n\n\n\n\n\n<div id=\"block_c747a00616c2a7b2a15e772c76d21393\" class=\"hero-block\">\n  <div class=\"layout-large has-bg-image\" role=\"img\" style=\"background-image: url(https:\/\/www.justice4all.org\/wp-content\/uploads\/2023\/06\/dsc_0073-scaled.jpg);\" title=\"dsc_0073\">\n          <div class=\"container-fluid\">\n        <div class=\"row justify-content-center\">\n          <div class=\"col-lg-10\">\n            <h1 class=\"has-white-color\">QU\u00c9 HACEMOS<\/h1>\n\n                          <h4 class=\"has-white-color\">Nos asociamos con comunidades y clientes para luchar por la justicia racial, social y econ\u00f3mica. Juntos estamos desmantelando los sistemas que crean y perpet\u00faan la pobreza. <\/h4>\n            \n                      <\/div>\n        <\/div>\n      <\/div>\n      <\/div>\n<\/div>\n\n\n\n\n\n\n<div id=\"block_309957edde5cff4054ec09b052b651fd\" class=\"content-wrapper-block  style-normal bg-width-full \">\n\t<div class=\"container-fluid\">\n\t\t<div class=\"row justify-content-center\">\n\t\t\t<div class=\"col-lg-12\">\n\t\t\t\t\t\t\t\t\t<div class=\"row row-content justify-content-center\">\n\t\t\t\t\t\t\n\n\n\n\n<style type=\"text\/css\">\n\t.edit-post-visual-editor [data-block=\"3d66ffc338487574e2c69387ab2f0f58\"] {\n\t\twidth: calc((6 \/ 12) * 100%)!important;\n\t\tmin-width: calc((6 \/ 12) * 100%)!important;\n\t}\n<\/style>\n\n<div id=\"block_3d66ffc338487574e2c69387ab2f0f58\" class=\"col-lg-6 custom-column-block\">\n\t<div class=\"custom-column-wrapper  \">\n\t\t\n\n<p class=\"has-medium-font-size\"><strong>Entendemos que los problemas jur\u00eddicos de nuestros clientes est\u00e1n inextricablemente vinculados a sistemas globales de injusticia y opresi\u00f3n.<\/strong>  Combinamos la representaci\u00f3n legal individual, los litigios de impacto, las comunicaciones, la defensa de pol\u00edticas y la organizaci\u00f3n para lograr los objetivos de la comunidad.<br><br><strong>M\u00e1s <a href=\"https:\/\/www.justice4all.org\/es\/como-trabajamos\/\">informaci\u00f3n<\/a> sobre c\u00f3mo trabajamos<\/strong><\/p>\n\n\n\t<\/div>\n<\/div>\n\n\t\t\t\t\t<\/div>\n\t\t\t\t\t\t\t\n\t\t\t<\/div>\n\t\t<\/div>\n\t<\/div>\n\n\t<style type=\"text\/css\">\n\t\t.edit-post-visual-editor [data-block=\"309957edde5cff4054ec09b052b651fd\"] .block-editor-block-list__layout {\n\t\t\tjustify-content: center;\n\t\t}\n\n\t\t\t<\/style>\n<\/div>\n\n\n\n\n\n\n\n<!-- check: https:\/\/timber.github.io\/docs\/guides\/acf-cookbook\/ -->\n\n<div id=\"block_ad0628ab09cf76588f479fa82d1ae50a\" class=\"terms-list-block \">\n    \n<div class=\"issue-terms-list\">\n  <div class=\"container-fluid\">\n    <div class=\"row\">\n      <div class=\"col-12\">\n        <div class=\"list-container\">\n                                    <h4 class=\"list-title\">Los problemas<\/h4>\n                      \n            <ul class=\"terms_list\">\n                              <li class=\"item\" data-aos=\"slide-up\" data-aos-once=\"true\">\n                  <h5>Deuda m\u00e9dica y de consumo<\/h5>\n                  <p>Luchamos para proteger a los consumidores que han sido v\u00edctimas de empresas y prestamistas depredadores, proporcion\u00e1ndoles apoyo jur\u00eddico y abogando por reformas sist\u00e9micas.<\/p>\n                  <a class=\"more\" href=\"https:\/\/www.justice4all.org\/es\/what-we-do\/deuda-medica-y-de-consumo\/\">Learn more<\/a>\n                <\/li>\n                              <li class=\"item\" data-aos=\"slide-up\" data-aos-once=\"true\">\n                  <h5>Inmigraci\u00f3n<\/h5>\n                  <p>Trabajamos junto a las comunidades de inmigrantes para luchar contra la deportaci\u00f3n, la detenci\u00f3n y la separaci\u00f3n de las familias inmigrantes, poner fin a los abusos de ICE contra los inmigrantes e incluir a los j\u00f3venes inmigrantes en los beneficios estatales, como la matr\u00edcula estatal.<\/p>\n                  <a class=\"more\" href=\"https:\/\/www.justice4all.org\/es\/what-we-do\/immigration-es\/\">Learn more<\/a>\n                <\/li>\n                              <li class=\"item\" data-aos=\"slide-up\" data-aos-once=\"true\">\n                  <h5>Juventud, Familia y Escuelas<\/h5>\n                  <p>Brindamos servicios legales a j\u00f3venes y familias y abogamos por cambios que mantengan a los j\u00f3venes en la escuela, fuera de los sistemas penales legales y de bienestar infantil, y protegidos contra la discriminaci\u00f3n.<\/p>\n                  <a class=\"more\" href=\"https:\/\/www.justice4all.org\/es\/what-we-do\/youth-family-schools-es\/\">Learn more<\/a>\n                <\/li>\n                              <li class=\"item\" data-aos=\"slide-up\" data-aos-once=\"true\">\n                  <h5>Lugar de trabajo<\/h5>\n                  <p>Organizamos y litigamos en nombre de las comunidades de trabajadores migrantes, inmigrantes y de bajos ingresos en todo el Commonwealth para abogar por mejores salarios laborales y condiciones laborales a escala local, estatal y nacional.<\/p>\n                  <a class=\"more\" href=\"https:\/\/www.justice4all.org\/es\/what-we-do\/workplace-es\/\">Learn more<\/a>\n                <\/li>\n                              <li class=\"item\" data-aos=\"slide-up\" data-aos-once=\"true\">\n                  <h5>Sanidad y prestaciones p\u00fablicas<\/h5>\n                  <p>Promovemos la equidad sanitaria desmantelando las barreras legales y financieras que dificultan el acceso a la atenci\u00f3n sanitaria y protegiendo y promoviendo los derechos de las personas en la administraci\u00f3n de programas de prestaciones p\u00fablicas, como el desempleo, los cupones de alimentos, la asistencia en met\u00e1lico y el seguro de invalidez.<\/p>\n                  <a class=\"more\" href=\"https:\/\/www.justice4all.org\/es\/what-we-do\/sanidad-y-prestaciones-publicas\/\">Learn more<\/a>\n                <\/li>\n                              <li class=\"item\" data-aos=\"slide-up\" data-aos-once=\"true\">\n                  <h5>Sistema Jur\u00eddico Penal<\/h5>\n                  <p>Abogamos junto con aquellos afectados por el sistema legal penal contra los da\u00f1os de la polic\u00eda, el encarcelamiento y el sistema judicial.<\/p>\n                  <a class=\"more\" href=\"https:\/\/www.justice4all.org\/es\/what-we-do\/criminal-legal-system-es\/\">Learn more<\/a>\n                <\/li>\n                              <li class=\"item\" data-aos=\"slide-up\" data-aos-once=\"true\">\n                  <h5>Vivienda<\/h5>\n                  <p>Defendemos los derechos de los inquilinos, luchamos contra los desahucios masivos y desmantelamos las barreras legales y de otro tipo que impiden acceder a una vivienda segura y asequible.<\/p>\n                  <a class=\"more\" href=\"https:\/\/www.justice4all.org\/es\/what-we-do\/vivienda\/\">Learn more<\/a>\n                <\/li>\n                            \n                          <\/ul>\n                    \n                  <\/div>\n      <\/div>\n    <\/div>\n  <\/div>  \n<\/div>\n<\/div>\n","protected":false},"excerpt":{"rendered":"","protected":false},"author":4,"featured_media":0,"parent":0,"menu_order":0,"comment_status":"closed","ping_status":"closed","template":"","meta":{"footnotes":""},"lajc-tax-roles":[],"lajc-tax-issues":[],"lajc-tax-locations":[],"class_list":["post-10446","page","type-page","status-publish","hentry"],"acf":[],"yoast_head":"<!-- This site is optimized with the Yoast SEO plugin v27.3 - https:\/\/yoast.com\/product\/yoast-seo-wordpress\/ -->\n<title>Qu\u00e9 hacemos - Legal Aid Justice Center<\/title>\n<meta name=\"robots\" content=\"index, follow, max-snippet:-1, max-image-preview:large, max-video-preview:-1\" \/>\n<link rel=\"canonical\" href=\"https:\/\/www.justice4all.org\/es\/que-hacemos\/\" \/>\n<meta property=\"og:locale\" content=\"es_ES\" \/>\n<meta property=\"og:type\" content=\"article\" \/>\n<meta property=\"og:title\" content=\"Qu\u00e9 hacemos - Legal Aid Justice Center\" \/>\n<meta property=\"og:url\" content=\"https:\/\/www.justice4all.org\/es\/que-hacemos\/\" \/>\n<meta property=\"og:site_name\" content=\"Legal Aid Justice Center\" \/>\n<meta property=\"article:modified_time\" content=\"2023-07-26T00:05:40+00:00\" \/>\n<meta name=\"twitter:card\" content=\"summary_large_image\" \/>\n<meta name=\"twitter:label1\" content=\"Tiempo de lectura\" \/>\n\t<meta name=\"twitter:data1\" content=\"1 minuto\" \/>\n<script type=\"application\/ld+json\" class=\"yoast-schema-graph\">{\"@context\":\"https:\\\/\\\/schema.org\",\"@graph\":[{\"@type\":\"WebPage\",\"@id\":\"https:\\\/\\\/www.justice4all.org\\\/es\\\/que-hacemos\\\/\",\"url\":\"https:\\\/\\\/www.justice4all.org\\\/es\\\/que-hacemos\\\/\",\"name\":\"Qu\u00e9 hacemos - Legal Aid Justice Center\",\"isPartOf\":{\"@id\":\"https:\\\/\\\/www.justice4all.org\\\/es\\\/#website\"},\"datePublished\":\"2023-03-30T23:02:06+00:00\",\"dateModified\":\"2023-07-26T00:05:40+00:00\",\"breadcrumb\":{\"@id\":\"https:\\\/\\\/www.justice4all.org\\\/es\\\/que-hacemos\\\/#breadcrumb\"},\"inLanguage\":\"es\",\"potentialAction\":[{\"@type\":\"ReadAction\",\"target\":[\"https:\\\/\\\/www.justice4all.org\\\/es\\\/que-hacemos\\\/\"]}]},{\"@type\":\"BreadcrumbList\",\"@id\":\"https:\\\/\\\/www.justice4all.org\\\/es\\\/que-hacemos\\\/#breadcrumb\",\"itemListElement\":[{\"@type\":\"ListItem\",\"position\":1,\"name\":\"Home\",\"item\":\"https:\\\/\\\/www.justice4all.org\\\/es\\\/\"},{\"@type\":\"ListItem\",\"position\":2,\"name\":\"Qu\u00e9 hacemos\"}]},{\"@type\":\"WebSite\",\"@id\":\"https:\\\/\\\/www.justice4all.org\\\/es\\\/#website\",\"url\":\"https:\\\/\\\/www.justice4all.org\\\/es\\\/\",\"name\":\"Legal Aid Justice Center\",\"description\":\"\",\"potentialAction\":[{\"@type\":\"SearchAction\",\"target\":{\"@type\":\"EntryPoint\",\"urlTemplate\":\"https:\\\/\\\/www.justice4all.org\\\/es\\\/?s={search_term_string}\"},\"query-input\":{\"@type\":\"PropertyValueSpecification\",\"valueRequired\":true,\"valueName\":\"search_term_string\"}}],\"inLanguage\":\"es\"}]}<\/script>\n<!-- \/ Yoast SEO plugin. -->","yoast_head_json":{"title":"Qu\u00e9 hacemos - Legal Aid Justice Center","robots":{"index":"index","follow":"follow","max-snippet":"max-snippet:-1","max-image-preview":"max-image-preview:large","max-video-preview":"max-video-preview:-1"},"canonical":"https:\/\/www.justice4all.org\/es\/que-hacemos\/","og_locale":"es_ES","og_type":"article","og_title":"Qu\u00e9 hacemos - Legal Aid Justice Center","og_url":"https:\/\/www.justice4all.org\/es\/que-hacemos\/","og_site_name":"Legal Aid Justice Center","article_modified_time":"2023-07-26T00:05:40+00:00","twitter_card":"summary_large_image","twitter_misc":{"Tiempo de lectura":"1 minuto"},"schema":{"@context":"https:\/\/schema.org","@graph":[{"@type":"WebPage","@id":"https:\/\/www.justice4all.org\/es\/que-hacemos\/","url":"https:\/\/www.justice4all.org\/es\/que-hacemos\/","name":"Qu\u00e9 hacemos - Legal Aid Justice Center","isPartOf":{"@id":"https:\/\/www.justice4all.org\/es\/#website"},"datePublished":"2023-03-30T23:02:06+00:00","dateModified":"2023-07-26T00:05:40+00:00","breadcrumb":{"@id":"https:\/\/www.justice4all.org\/es\/que-hacemos\/#breadcrumb"},"inLanguage":"es","potentialAction":[{"@type":"ReadAction","target":["https:\/\/www.justice4all.org\/es\/que-hacemos\/"]}]},{"@type":"BreadcrumbList","@id":"https:\/\/www.justice4all.org\/es\/que-hacemos\/#breadcrumb","itemListElement":[{"@type":"ListItem","position":1,"name":"Home","item":"https:\/\/www.justice4all.org\/es\/"},{"@type":"ListItem","position":2,"name":"Qu\u00e9 hacemos"}]},{"@type":"WebSite","@id":"https:\/\/www.justice4all.org\/es\/#website","url":"https:\/\/www.justice4all.org\/es\/","name":"Legal Aid Justice Center","description":"","potentialAction":[{"@type":"SearchAction","target":{"@type":"EntryPoint","urlTemplate":"https:\/\/www.justice4all.org\/es\/?s={search_term_string}"},"query-input":{"@type":"PropertyValueSpecification","valueRequired":true,"valueName":"search_term_string"}}],"inLanguage":"es"}]}},"_links":{"self":[{"href":"https:\/\/www.justice4all.org\/es\/wp-json\/wp\/v2\/pages\/10446","targetHints":{"allow":["GET"]}}],"collection":[{"href":"https:\/\/www.justice4all.org\/es\/wp-json\/wp\/v2\/pages"}],"about":[{"href":"https:\/\/www.justice4all.org\/es\/wp-json\/wp\/v2\/types\/page"}],"author":[{"embeddable":true,"href":"https:\/\/www.justice4all.org\/es\/wp-json\/wp\/v2\/users\/4"}],"replies":[{"embeddable":true,"href":"https:\/\/www.justice4all.org\/es\/wp-json\/wp\/v2\/comments?post=10446"}],"version-history":[{"count":0,"href":"https:\/\/www.justice4all.org\/es\/wp-json\/wp\/v2\/pages\/10446\/revisions"}],"wp:attachment":[{"href":"https:\/\/www.justice4all.org\/es\/wp-json\/wp\/v2\/media?parent=10446"}],"wp:term":[{"taxonomy":"lajc-tax-roles","embeddable":true,"href":"https:\/\/www.justice4all.org\/es\/wp-json\/wp\/v2\/lajc-tax-roles?post=10446"},{"taxonomy":"lajc-tax-issues","embeddable":true,"href":"https:\/\/www.justice4all.org\/es\/wp-json\/wp\/v2\/lajc-tax-issues?post=10446"},{"taxonomy":"lajc-tax-locations","embeddable":true,"href":"https:\/\/www.justice4all.org\/es\/wp-json\/wp\/v2\/lajc-tax-locations?post=10446"}],"curies":[{"name":"wp","href":"https:\/\/api.w.org\/{rel}","templated":true}]}}