{"id":10445,"date":"2023-05-11T15:43:09","date_gmt":"2023-05-11T15:43:09","guid":{"rendered":"https:\/\/lajc2023stg.wpengine.com\/mision-y-vision\/"},"modified":"2023-08-30T18:42:50","modified_gmt":"2023-08-30T18:42:50","slug":"mision-y-vision","status":"publish","type":"page","link":"https:\/\/www.justice4all.org\/es\/mision-y-vision\/","title":{"rendered":"Misi\u00f3n y visi\u00f3n"},"content":{"rendered":"\n\n\n\n\n\n<div id=\"block_2c92ee39e117071f68e7f5d0021e2d03\" class=\"hero-block\">\n  <div class=\"layout-large has-bg-image\" role=\"img\" style=\"background-image: url(https:\/\/www.justice4all.org\/wp-content\/uploads\/2023\/05\/9ef8e236-3bf2-422e-927a-b15cb4090a22-scaled.jpeg);\" title=\"9ef8e236-3bf2-422e-927a-b15cb4090a22\">\n          <div class=\"container-fluid\">\n        <div class=\"row justify-content-center\">\n          <div class=\"col-lg-10\">\n            <h1 class=\"has-white-color\">SOBRE LAJC<\/h1>\n\n                          <h4 class=\"has-white-color\">El Centro de Justicia de Asistencia Jur\u00eddica colabora con comunidades y clientes para luchar por la justicia racial, social y econ\u00f3mica desmantelando los sistemas que crean y perpet\u00faan la pobreza.<\/h4>\n            \n                      <\/div>\n        <\/div>\n      <\/div>\n      <\/div>\n<\/div>\n<div style=\"height:30px\" aria-hidden=\"true\" class=\"wp-block-spacer\"><\/div>\n\n\n\n  <style type=\"text\/css\">\n    #block_d02ee5dc3551dbe29d72bf3e9b319580 {\n                        margin-top: calc(0 * 16px);\n                                      \n          }\n\n    @media screen and (min-width: 768px) and (max-width: 991px) {\n      #block_d02ee5dc3551dbe29d72bf3e9b319580 {\n                              margin-top: calc(0 * 12px);  \n                                                  \n              }\n    }\n\n    @media screen and (min-width: 480px) and (max-width: 767px) {\n      #block_d02ee5dc3551dbe29d72bf3e9b319580 {\n                              margin-top: calc(0 * 8px);  \n                                                  \n              }\n    }\n\n    @media screen and (max-width: 479px) {\n      #block_d02ee5dc3551dbe29d72bf3e9b319580 {\n                              margin-top: calc(0 * 4px);  \n                                                  \n              }\n    }\n\n  <\/style>\n\n\n<div id=\"block_d02ee5dc3551dbe29d72bf3e9b319580\" class=\"content-wrapper-block  style-normal bg-width-full \">\n\t<div class=\"container-fluid\">\n\t\t<div class=\"row justify-content-center\">\n\t\t\t<div class=\"col-lg-12\">\n\t\t\t\t\t\t\t\t\t<div class=\"row row-content justify-content-center\">\n\t\t\t\t\t\t\n\n\n\n\n<style type=\"text\/css\">\n\t.edit-post-visual-editor [data-block=\"34fd0737d61f8044db0b848260dee1fd\"] {\n\t\twidth: calc((8 \/ 12) * 100%)!important;\n\t\tmin-width: calc((8 \/ 12) * 100%)!important;\n\t}\n<\/style>\n\n<div id=\"block_34fd0737d61f8044db0b848260dee1fd\" class=\"col-lg-8 custom-column-block\">\n\t<div class=\"custom-column-wrapper  \">\n\t\t\n\n<ul class=\"wp-block-list\">\n<li class=\"has-medium-font-size\">Creemos que los problemas jur\u00eddicos individuales de nuestros clientes est\u00e1n vinculados a sistemas de injusticia y opresi\u00f3n.<\/li>\n\n\n\n<li class=\"has-medium-font-size\">Creemos que las estrategias jur\u00eddicas y organizativas pueden desmantelar los sistemas sociales, raciales y econ\u00f3micos que mantienen a las personas en la pobreza.<\/li>\n\n\n\n<li class=\"has-medium-font-size\">Creemos que la pobreza es una cuesti\u00f3n de justicia racial.<\/li>\n\n\n\n<li class=\"has-medium-font-size\">Creemos que la creaci\u00f3n de un cambio sostenible a largo plazo en las comunidades que sufren la pobreza es la base de nuestra defensa.<\/li>\n\n\n\n<li class=\"has-medium-font-size\">Creemos que la representaci\u00f3n directa forma parte de nuestra estrategia para luchar contra los sistemas de injusticia y opresi\u00f3n.<\/li>\n\n\n\n<li class=\"has-medium-font-size\">Creemos que considerar los casos individuales como parte de sistemas sociales y pol\u00edticos m\u00e1s amplios nos permite establecer nuestras prioridades y distribuir nuestros recursos para lograr el mayor impacto positivo.<\/li>\n\n\n\n<li class=\"has-medium-font-size\">Nos comprometemos a garantizar que tanto nosotros como las organizaciones con las que trabajamos funcionamos de forma acorde con los valores y objetivos de equidad y justicia racial que apoyamos. Esto incluye asegurarse de que la igualdad racial se refleja en la contrataci\u00f3n, la cultura organizativa, las comunicaciones y las asociaciones comunitarias, especialmente con las comunidades de color con bajos ingresos.  <\/li>\n<\/ul>\n\n\n\t<\/div>\n<\/div>\n\n\t\t\t\t\t<\/div>\n\t\t\t\t\t\t\t\n\t\t\t<\/div>\n\t\t<\/div>\n\t<\/div>\n\n\t<style type=\"text\/css\">\n\t\t.edit-post-visual-editor [data-block=\"d02ee5dc3551dbe29d72bf3e9b319580\"] .block-editor-block-list__layout {\n\t\t\tjustify-content: center;\n\t\t}\n\n\t\t\t<\/style>\n<\/div>\n\n<hr class=\"wp-block-separator has-text-color has-green-color has-alpha-channel-opacity has-green-background-color has-background is-style-gradient-secondary\" id=\"plan\"\/>\n\n\n\n\n\n<div id=\"block_66fcd39f8ceee6fe2f138ddcb9a1c0cb\" class=\"content-wrapper-block  style-normal bg-width-full \">\n\t<div class=\"container-fluid\">\n\t\t<div class=\"row justify-content-center\">\n\t\t\t<div class=\"col-lg-12\">\n\t\t\t\t\t\t\t\t\t<div class=\"row row-content justify-content-center\">\n\t\t\t\t\t\t\n\n\n\n\n<style type=\"text\/css\">\n\t.edit-post-visual-editor [data-block=\"7ece6d0ad6aa0ca83f5a6d7407034bc2\"] {\n\t\twidth: calc((12 \/ 12) * 100%)!important;\n\t\tmin-width: calc((12 \/ 12) * 100%)!important;\n\t}\n<\/style>\n\n<div id=\"block_7ece6d0ad6aa0ca83f5a6d7407034bc2\" class=\"col-lg-12 custom-column-block\">\n\t<div class=\"custom-column-wrapper  \">\n\t\t\n\n<h2 class=\"wp-block-heading is-style-underlined-with-icon\">PARA COMUNIDADES CON COMUNIDADES<\/h2>\n\n\n\n<p><strong>Resumen de nuestro Plan Estrat\u00e9gico 2022-2026<\/strong><\/p>\n\n\n\t<\/div>\n<\/div>\n\n\t\t\t\t\t<\/div>\n\t\t\t\t\t\t\t\n\t\t\t<\/div>\n\t\t<\/div>\n\t<\/div>\n\n\t<style type=\"text\/css\">\n\t\t.edit-post-visual-editor [data-block=\"66fcd39f8ceee6fe2f138ddcb9a1c0cb\"] .block-editor-block-list__layout {\n\t\t\tjustify-content: center;\n\t\t}\n\n\t\t\t<\/style>\n<\/div>\n\n\n\n  <style type=\"text\/css\">\n    #block_631d8e1262f337de2ca7a0d6b2c2b2d1 {\n                        margin-top: calc(-2 * 16px);\n                          margin-bottom: calc(3 * 16px);\n                              \n                        padding-top: calc(-6 * 16px);\n                                          }\n\n    @media screen and (min-width: 768px) and (max-width: 991px) {\n      #block_631d8e1262f337de2ca7a0d6b2c2b2d1 {\n                              margin-top: calc(-2 * 12px);  \n                                margin-bottom: calc(3 * 12px);  \n                                        \n                              padding-top: calc(-6 * 12px);\n                                                      }\n    }\n\n    @media screen and (min-width: 480px) and (max-width: 767px) {\n      #block_631d8e1262f337de2ca7a0d6b2c2b2d1 {\n                              margin-top: calc(-2 * 8px);  \n                                margin-bottom: calc(3 * 8px);  \n                                        \n                              padding-top: calc(-6 * 8px);\n                                                      }\n    }\n\n    @media screen and (max-width: 479px) {\n      #block_631d8e1262f337de2ca7a0d6b2c2b2d1 {\n                              margin-top: calc(-2 * 4px);  \n                                margin-bottom: calc(3 * 4px);  \n                                        \n                              padding-top: calc(-6 * 4px);\n                                                      }\n    }\n\n  <\/style>\n\n\n<div id=\"block_631d8e1262f337de2ca7a0d6b2c2b2d1\" class=\"accordion-section-block\">\n  <div class=\"container-fluid\">\n      \n      <div class=\"accordion-section-cols-wrapper has-whisper-background-color has-background-color\">\n        <div class=\"row row-cols\">\n          \n\n\n\n\n<style type=\"text\/css\">\n\t.edit-post-visual-editor [data-block=\"86f1a5d4b75ce59b6e83bf07ad8baa70\"] {\n\t\twidth: calc((6 \/ 12) * 100%)!important;\n\t\tmin-width: calc((6 \/ 12) * 100%)!important;\n\t}\n<\/style>\n\n<div id=\"block_86f1a5d4b75ce59b6e83bf07ad8baa70\" class=\"col-lg-6 custom-column-block\">\n\t<div class=\"custom-column-wrapper  \">\n\t\t\n\n<p><strong>CENTRAREMOS A\u00daN M\u00c1S NUESTRO TRABAJO EN UNA PROFUNDA COLABORACI\u00d3N CON LAS COMUNIDADES DIRECTAMENTE PERJUDICADAS POR EL RACISMO SIST\u00c9MICO.<\/strong><\/p>\n\n\n\n<ul class=\"wp-block-list\">\n<li><em>Es fundamental que establezcamos relaciones de confianza con las comunidades directamente perjudicadas por el racismo sist\u00e9mico. Queremos satisfacer las necesidades urgentes de supervivencia de una comunidad proporcion\u00e1ndoles ayuda jur\u00eddica individualizada, al tiempo que les ayudamos a construir su poder como grupo para que puedan forjar su propio futuro.<\/em><\/li>\n<\/ul>\n\n\n\n<p><strong>NOS EXPANDIREMOS PARA LOGRAR JUSTICIA PARA LAS PERSONAS DE TODA VIRGINIA.<\/strong><\/p>\n\n\n\n<ul class=\"wp-block-list\">\n<li><em>Nuestra labor de defensa de pol\u00edticas, comunicaci\u00f3n, organizaci\u00f3n y litigios de impacto ya tiene repercusiones en todo el estado, por lo que es importante que seamos responsables ante las personas de las comunidades de todo el estado ampliando nuestra presencia geogr\u00e1fica y estableciendo relaciones m\u00e1s s\u00f3lidas con las personas afectadas y los socios comunitarios en zonas donde actualmente no tenemos personal.<\/em><\/li>\n<\/ul>\n\n\n\n<p><strong>COMPARTIREMOS PODER Y RECURSOS.  <\/strong><\/p>\n\n\n\n<ul class=\"wp-block-list\">\n<li><em>Para cumplir nuestra misi\u00f3n, necesitamos aprovechar los conocimientos, las capacidades, el tiempo y el trabajo de otras personas y organizaciones, incluidas las de comunidades con escasos recursos, por lo que debemos buscar formas de compartir nuestros recursos e invitarlas a participar en la toma de decisiones.<\/em><\/li>\n<\/ul>\n\n\n\n<p><strong>APLICAREMOS NUESTROS VALORES A NUESTROS PROPIOS SISTEMAS Y CULTURA INTERNOS.<\/strong><\/p>\n\n\n\n<ul class=\"wp-block-list\">\n<li><em>No podemos lograr el cambio que deseamos ver en el mundo a menos que nosotros mismos adoptemos pol\u00edticas y pr\u00e1cticas antirracistas deliberadas. Es fundamental que integremos el compromiso del LAJC con la justicia racial en toda la organizaci\u00f3n, apoyando el bienestar de nuestro personal y aplicando un an\u00e1lisis antirracista a los programas, la planificaci\u00f3n estrat\u00e9gica y las pol\u00edticas y sistemas internos.<\/em><\/li>\n<\/ul>\n\n\n\t<\/div>\n<\/div>\n\n\n\n\n\n<style type=\"text\/css\">\n\t.edit-post-visual-editor [data-block=\"86f1a5d4b75ce59b6e83bf07ad8baa70\"] {\n\t\twidth: calc((6 \/ 12) * 100%)!important;\n\t\tmin-width: calc((6 \/ 12) * 100%)!important;\n\t}\n<\/style>\n\n<div id=\"block_86f1a5d4b75ce59b6e83bf07ad8baa70\" class=\"col-lg-6 custom-column-block\">\n\t<div class=\"custom-column-wrapper  \">\n\t\t\n\n<p><strong>Para hacer realidad todo esto, nuestro plan prev\u00e9 que demos los siguientes pasos:<\/strong><\/p>\n\n\n\n<ul class=\"wp-block-list\">\n<li>Dise\u00f1ar y aplicar normas en toda la organizaci\u00f3n para centrar las voces de la comunidad en nuestra defensa  <\/li>\n<\/ul>\n\n\n\n<p><\/p>\n\n\n\n<ul class=\"wp-block-list\">\n<li>A partir de nuestro proyecto sobre trabajadores agr\u00edcolas, crear un nuevo programa centrado en los trabajadores y la justicia laboral.<\/li>\n<\/ul>\n\n\n\n<p><\/p>\n\n\n\n<ul class=\"wp-block-list\">\n<li>Invertir en nuestros esfuerzos de justicia sanitaria con la creaci\u00f3n de un nuevo programa dedicado a abordar las enormes disparidades sist\u00e9micas en el acceso a la atenci\u00f3n sanitaria y las prestaciones p\u00fablicas.  <\/li>\n<\/ul>\n\n\n\n<p><\/p>\n\n\n\n<ul class=\"wp-block-list\">\n<li>Ampliar nuestras operaciones f\u00edsicas reconstruyendo nuestra presencia en Petersburg y estableciendo una nueva presencia en Hampton Roads.<\/li>\n\n\n\n<li>Mejorar nuestra capacidad de prestar apoyo jur\u00eddico, organizativo, de recaudaci\u00f3n de fondos, de comunicaci\u00f3n y de otro tipo para ayudar a los grupos comunitarios a alcanzar sus objetivos.  <\/li>\n<\/ul>\n\n\n\n<p><\/p>\n\n\n\n<ul class=\"wp-block-list\">\n<li>Auditar y mejorar nuestros sistemas internos para garantizar que mantienen nuestro compromiso con la equidad, la transparencia y el reparto de poder en toda la organizaci\u00f3n.  <\/li>\n<\/ul>\n\n\n\n<p><\/p>\n\n\n\n<ul class=\"wp-block-list\">\n<li>Proporcionar salarios y prestaciones competitivos, ofrecer trabajo flexible permanente, aumentar el apoyo operativo y administrativo, y mantener una cultura de amor y aceptaci\u00f3n radicales, y de apoyo mutuo.<\/li>\n<\/ul>\n\n\n\t<\/div>\n<\/div>\n\n        <\/div>\n      <\/div>\n  <\/div>\n<\/div>\n\n\n\n\n<div id=\"block_66fcd39f8ceee6fe2f138ddcb9a1c0cb\" class=\"content-wrapper-block  style-normal bg-width-full \">\n\t<div class=\"container-fluid\">\n\t\t<div class=\"row justify-content-center\">\n\t\t\t<div class=\"col-lg-12\">\n\t\t\t\t\t\t\t\t\t<div class=\"row row-content justify-content-center\">\n\t\t\t\t\t\t\n\n\n\n  <style type=\"text\/css\">\n    #block_082fad7f0c60a58c18510bb1b43957c4 > div{\n                                            \n          }\n\n    @media screen and (min-width: 768px) and (max-width: 991px) {\n      #block_082fad7f0c60a58c18510bb1b43957c4 > div{\n                                                          \n              }\n    }\n\n    @media screen and (min-width: 480px) and (max-width: 767px) {\n      #block_082fad7f0c60a58c18510bb1b43957c4 > div{\n                                                          \n              }\n    }\n\n    @media screen and (max-width: 479px) {\n      #block_082fad7f0c60a58c18510bb1b43957c4 > div{\n                                                          \n              }\n    }\n\n  <\/style>\n\n<style type=\"text\/css\">\n\t.edit-post-visual-editor [data-block=\"082fad7f0c60a58c18510bb1b43957c4\"] {\n\t\twidth: calc((12 \/ 12) * 100%)!important;\n\t\tmin-width: calc((12 \/ 12) * 100%)!important;\n\t}\n<\/style>\n\n<div id=\"block_082fad7f0c60a58c18510bb1b43957c4\" class=\"col-lg-12 custom-column-block\">\n\t<div class=\"custom-column-wrapper  \">\n\t\t\n\n<div class=\"wp-block-buttons is-horizontal is-content-justification-center is-nowrap is-layout-flex wp-container-core-buttons-is-layout-40e5ec7a wp-block-buttons-is-layout-flex\">\n<div class=\"wp-block-button is-style-primary\"><a class=\"wp-block-button__link has-white-color has-text-color has-text-align-center wp-element-button\" href=\"https:\/\/www.justice4all.org\/wp-content\/uploads\/2023\/05\/LAJC-Strategic-Plan-Community.pdf\" target=\"_blank\" rel=\"noreferrer noopener\">Haga clic aqu\u00ed para la versi\u00f3n pdf  <\/a><\/div>\n<\/div>\n\n\n\t<\/div>\n<\/div>\n\n\t\t\t\t\t<\/div>\n\t\t\t\t\t\t\t\n\t\t\t<\/div>\n\t\t<\/div>\n\t<\/div>\n\n\t<style type=\"text\/css\">\n\t\t.edit-post-visual-editor [data-block=\"66fcd39f8ceee6fe2f138ddcb9a1c0cb\"] .block-editor-block-list__layout {\n\t\t\tjustify-content: center;\n\t\t}\n\n\t\t\t<\/style>\n<\/div>\n\n<hr class=\"wp-block-separator has-text-color has-green-color has-alpha-channel-opacity has-green-background-color has-background is-style-gradient-secondary\"\/>\n\n\n\n\n\n<div id=\"block_66fcd39f8ceee6fe2f138ddcb9a1c0cb\" class=\"content-wrapper-block  style-normal bg-width-full \">\n\t<div class=\"container-fluid\">\n\t\t<div class=\"row justify-content-center\">\n\t\t\t<div class=\"col-lg-12\">\n\t\t\t\t\t\t\t\t\t<div class=\"row row-content justify-content-center\">\n\t\t\t\t\t\t\n\n\n\n\n<style type=\"text\/css\">\n\t.edit-post-visual-editor [data-block=\"7ece6d0ad6aa0ca83f5a6d7407034bc2\"] {\n\t\twidth: calc((12 \/ 12) * 100%)!important;\n\t\tmin-width: calc((12 \/ 12) * 100%)!important;\n\t}\n<\/style>\n\n<div id=\"block_7ece6d0ad6aa0ca83f5a6d7407034bc2\" class=\"col-lg-12 custom-column-block\">\n\t<div class=\"custom-column-wrapper  \">\n\t\t\n\n<h2 class=\"wp-block-heading is-style-underlined-with-icon\">PLAN ESTRAT\u00c9GICO DE LAJC 2022 - 2026<\/h2>\n\n\n\t<\/div>\n<\/div>\n\n\n\n\n\n<style type=\"text\/css\">\n\t.edit-post-visual-editor [data-block=\"86f1a5d4b75ce59b6e83bf07ad8baa70\"] {\n\t\twidth: calc((6 \/ 12) * 100%)!important;\n\t\tmin-width: calc((6 \/ 12) * 100%)!important;\n\t}\n<\/style>\n\n<div id=\"block_86f1a5d4b75ce59b6e83bf07ad8baa70\" class=\"col-lg-6 custom-column-block\">\n\t<div class=\"custom-column-wrapper  \">\n\t\t\n\n<div class=\"wp-block-buttons is-layout-flex wp-block-buttons-is-layout-flex\">\n<div class=\"wp-block-button is-style-primary\"><a class=\"wp-block-button__link has-white-color has-text-color wp-element-button\" href=\"https:\/\/www.justice4all.org\/es\/mision-y-vision\/plan-estrategico-2022-2026\/\" target=\"_blank\" rel=\"noreferrer noopener\">LEA EL PLAN ESTRAT\u00c9GICO COMPLETO DE LAJC 2022-2026 AQU\u00cd<\/a><\/div>\n<\/div>\n\n\n\t<\/div>\n<\/div>\n\n\n\n\n\n<style type=\"text\/css\">\n\t.edit-post-visual-editor [data-block=\"86f1a5d4b75ce59b6e83bf07ad8baa70\"] {\n\t\twidth: calc((6 \/ 12) * 100%)!important;\n\t\tmin-width: calc((6 \/ 12) * 100%)!important;\n\t}\n<\/style>\n\n<div id=\"block_86f1a5d4b75ce59b6e83bf07ad8baa70\" class=\"col-lg-6 custom-column-block\">\n\t<div class=\"custom-column-wrapper  \">\n\t\t\n\n<div class=\"wp-block-buttons is-layout-flex wp-block-buttons-is-layout-flex\">\n<div class=\"wp-block-button is-style-secondary\"><a class=\"wp-block-button__link has-white-color has-text-color wp-element-button\" href=\"https:\/\/www.justice4all.org\/wp-content\/uploads\/2023\/05\/2020-2025-LAJC-Strategic-Plan-FOR-WEB.pdf\" target=\"_blank\" rel=\"noreferrer noopener\">Lea aqu\u00ed nuestro anterior Plan Estrat\u00e9gico (2019-2022)<\/a><\/div>\n<\/div>\n\n\n\t<\/div>\n<\/div>\n\n\t\t\t\t\t<\/div>\n\t\t\t\t\t\t\t\n\t\t\t<\/div>\n\t\t<\/div>\n\t<\/div>\n\n\t<style type=\"text\/css\">\n\t\t.edit-post-visual-editor [data-block=\"66fcd39f8ceee6fe2f138ddcb9a1c0cb\"] .block-editor-block-list__layout {\n\t\t\tjustify-content: center;\n\t\t}\n\n\t\t\t<\/style>\n<\/div>\n","protected":false},"excerpt":{"rendered":"","protected":false},"author":4,"featured_media":0,"parent":0,"menu_order":0,"comment_status":"closed","ping_status":"closed","template":"","meta":{"footnotes":""},"lajc-tax-roles":[],"lajc-tax-issues":[],"lajc-tax-locations":[],"class_list":["post-10445","page","type-page","status-publish","hentry"],"acf":[],"yoast_head":"<!-- This site is optimized with the Yoast SEO plugin v27.4 - https:\/\/yoast.com\/product\/yoast-seo-wordpress\/ -->\n<title>Misi\u00f3n y visi\u00f3n - Legal Aid Justice Center<\/title>\n<meta name=\"robots\" content=\"index, follow, max-snippet:-1, max-image-preview:large, max-video-preview:-1\" \/>\n<link rel=\"canonical\" href=\"https:\/\/www.justice4all.org\/es\/mision-y-vision\/\" \/>\n<meta property=\"og:locale\" content=\"es_ES\" \/>\n<meta property=\"og:type\" content=\"article\" \/>\n<meta property=\"og:title\" content=\"Misi\u00f3n y visi\u00f3n - Legal Aid Justice Center\" \/>\n<meta property=\"og:url\" content=\"https:\/\/www.justice4all.org\/es\/mision-y-vision\/\" \/>\n<meta property=\"og:site_name\" content=\"Legal Aid Justice Center\" \/>\n<meta property=\"article:modified_time\" content=\"2023-08-30T18:42:50+00:00\" \/>\n<meta name=\"twitter:card\" content=\"summary_large_image\" \/>\n<meta name=\"twitter:label1\" content=\"Tiempo de lectura\" \/>\n\t<meta name=\"twitter:data1\" content=\"4 minuto\" \/>\n<script type=\"application\/ld+json\" class=\"yoast-schema-graph\">{\"@context\":\"https:\\\/\\\/schema.org\",\"@graph\":[{\"@type\":\"WebPage\",\"@id\":\"https:\\\/\\\/www.justice4all.org\\\/es\\\/mision-y-vision\\\/\",\"url\":\"https:\\\/\\\/www.justice4all.org\\\/es\\\/mision-y-vision\\\/\",\"name\":\"Misi\u00f3n y visi\u00f3n - Legal Aid Justice Center\",\"isPartOf\":{\"@id\":\"https:\\\/\\\/www.justice4all.org\\\/es\\\/#website\"},\"datePublished\":\"2023-05-11T15:43:09+00:00\",\"dateModified\":\"2023-08-30T18:42:50+00:00\",\"breadcrumb\":{\"@id\":\"https:\\\/\\\/www.justice4all.org\\\/es\\\/mision-y-vision\\\/#breadcrumb\"},\"inLanguage\":\"es\",\"potentialAction\":[{\"@type\":\"ReadAction\",\"target\":[\"https:\\\/\\\/www.justice4all.org\\\/es\\\/mision-y-vision\\\/\"]}]},{\"@type\":\"BreadcrumbList\",\"@id\":\"https:\\\/\\\/www.justice4all.org\\\/es\\\/mision-y-vision\\\/#breadcrumb\",\"itemListElement\":[{\"@type\":\"ListItem\",\"position\":1,\"name\":\"Home\",\"item\":\"https:\\\/\\\/www.justice4all.org\\\/es\\\/\"},{\"@type\":\"ListItem\",\"position\":2,\"name\":\"Misi\u00f3n y visi\u00f3n\"}]},{\"@type\":\"WebSite\",\"@id\":\"https:\\\/\\\/www.justice4all.org\\\/es\\\/#website\",\"url\":\"https:\\\/\\\/www.justice4all.org\\\/es\\\/\",\"name\":\"Legal Aid Justice Center\",\"description\":\"\",\"potentialAction\":[{\"@type\":\"SearchAction\",\"target\":{\"@type\":\"EntryPoint\",\"urlTemplate\":\"https:\\\/\\\/www.justice4all.org\\\/es\\\/?s={search_term_string}\"},\"query-input\":{\"@type\":\"PropertyValueSpecification\",\"valueRequired\":true,\"valueName\":\"search_term_string\"}}],\"inLanguage\":\"es\"}]}<\/script>\n<!-- \/ Yoast SEO plugin. -->","yoast_head_json":{"title":"Misi\u00f3n y visi\u00f3n - Legal Aid Justice Center","robots":{"index":"index","follow":"follow","max-snippet":"max-snippet:-1","max-image-preview":"max-image-preview:large","max-video-preview":"max-video-preview:-1"},"canonical":"https:\/\/www.justice4all.org\/es\/mision-y-vision\/","og_locale":"es_ES","og_type":"article","og_title":"Misi\u00f3n y visi\u00f3n - Legal Aid Justice Center","og_url":"https:\/\/www.justice4all.org\/es\/mision-y-vision\/","og_site_name":"Legal Aid Justice Center","article_modified_time":"2023-08-30T18:42:50+00:00","twitter_card":"summary_large_image","twitter_misc":{"Tiempo de lectura":"4 minuto"},"schema":{"@context":"https:\/\/schema.org","@graph":[{"@type":"WebPage","@id":"https:\/\/www.justice4all.org\/es\/mision-y-vision\/","url":"https:\/\/www.justice4all.org\/es\/mision-y-vision\/","name":"Misi\u00f3n y visi\u00f3n - Legal Aid Justice Center","isPartOf":{"@id":"https:\/\/www.justice4all.org\/es\/#website"},"datePublished":"2023-05-11T15:43:09+00:00","dateModified":"2023-08-30T18:42:50+00:00","breadcrumb":{"@id":"https:\/\/www.justice4all.org\/es\/mision-y-vision\/#breadcrumb"},"inLanguage":"es","potentialAction":[{"@type":"ReadAction","target":["https:\/\/www.justice4all.org\/es\/mision-y-vision\/"]}]},{"@type":"BreadcrumbList","@id":"https:\/\/www.justice4all.org\/es\/mision-y-vision\/#breadcrumb","itemListElement":[{"@type":"ListItem","position":1,"name":"Home","item":"https:\/\/www.justice4all.org\/es\/"},{"@type":"ListItem","position":2,"name":"Misi\u00f3n y visi\u00f3n"}]},{"@type":"WebSite","@id":"https:\/\/www.justice4all.org\/es\/#website","url":"https:\/\/www.justice4all.org\/es\/","name":"Legal Aid Justice Center","description":"","potentialAction":[{"@type":"SearchAction","target":{"@type":"EntryPoint","urlTemplate":"https:\/\/www.justice4all.org\/es\/?s={search_term_string}"},"query-input":{"@type":"PropertyValueSpecification","valueRequired":true,"valueName":"search_term_string"}}],"inLanguage":"es"}]}},"_links":{"self":[{"href":"https:\/\/www.justice4all.org\/es\/wp-json\/wp\/v2\/pages\/10445","targetHints":{"allow":["GET"]}}],"collection":[{"href":"https:\/\/www.justice4all.org\/es\/wp-json\/wp\/v2\/pages"}],"about":[{"href":"https:\/\/www.justice4all.org\/es\/wp-json\/wp\/v2\/types\/page"}],"author":[{"embeddable":true,"href":"https:\/\/www.justice4all.org\/es\/wp-json\/wp\/v2\/users\/4"}],"replies":[{"embeddable":true,"href":"https:\/\/www.justice4all.org\/es\/wp-json\/wp\/v2\/comments?post=10445"}],"version-history":[{"count":0,"href":"https:\/\/www.justice4all.org\/es\/wp-json\/wp\/v2\/pages\/10445\/revisions"}],"wp:attachment":[{"href":"https:\/\/www.justice4all.org\/es\/wp-json\/wp\/v2\/media?parent=10445"}],"wp:term":[{"taxonomy":"lajc-tax-roles","embeddable":true,"href":"https:\/\/www.justice4all.org\/es\/wp-json\/wp\/v2\/lajc-tax-roles?post=10445"},{"taxonomy":"lajc-tax-issues","embeddable":true,"href":"https:\/\/www.justice4all.org\/es\/wp-json\/wp\/v2\/lajc-tax-issues?post=10445"},{"taxonomy":"lajc-tax-locations","embeddable":true,"href":"https:\/\/www.justice4all.org\/es\/wp-json\/wp\/v2\/lajc-tax-locations?post=10445"}],"curies":[{"name":"wp","href":"https:\/\/api.w.org\/{rel}","templated":true}]}}