{"id":10444,"date":"2023-03-30T03:02:55","date_gmt":"2023-03-30T03:02:55","guid":{"rendered":"https:\/\/lajc2023stg.wpengine.com\/pagina-web\/"},"modified":"2026-01-30T17:42:36","modified_gmt":"2026-01-30T17:42:36","slug":"pagina-web","status":"publish","type":"page","link":"https:\/\/www.justice4all.org\/es\/","title":{"rendered":"P\u00e1gina web"},"content":{"rendered":"\n\n\n\n        \n\n<div id=\"block_521649ccfba670dd08a921b6866dcb9e\" class=\"hero-block\">\n  <div class=\"layout-homepage has-bg-image\" role=\"img\" style=\"background-image: url(https:\/\/www.justice4all.org\/wp-content\/uploads\/2023\/07\/homepage-1-936-scaled.jpg);\" title=\"p\u00e1gina 1-936\">\n          \n      <div class=\"row\">\n        <div class=\"col-lg-12\">\n          <a href=\"https:\/\/www.justice4all.org\/es\/\" class=\"logo\"><\/a>\n          \n          <img decoding=\"async\" class=\"motto-image\" src=\"https:\/\/www.justice4all.org\/wp-content\/uploads\/2023\/04\/more_justice.svg\" \/>\n          \n          <a href=\"\/get-help\/\" class=\"question-text\">\n            <span>\n                                      \u00bfNECESITAS<br>\n                          AYUDA<br>\n                          JUR\u00cdDICA?<br>\n                        <\/span>\n          <\/a>\n        <\/div>\n      <\/div>\n\n            <\/div>\n<\/div>\n\n\n\n<div id=\"block_1d761c919df91515347e0f36e560639b\" class=\"text-image-cta-block layout-primary\">\n   <div class=\"container-fluid\">\n          <div class=\"row\">\n        <div class=\"col-xl-4 col-lg-5 col-md-6 col-sm-7\">\n                      <h2 class=\"has-white-color\">Qu\u00e9 hacemos<\/h2>\n          \n                      <h4 class=\"has-white-color\">Nos asociamos con clientes y comunidades de todo Virginia para luchar por la justicia racial, social y econ\u00f3mica.<\/h4>\n          \n                    <p class=\"has-white-color\">Juntos estamos desmantelando los sistemas que crean y perpet\u00faan la pobreza.  <\/p>\n          \n                      <a class=\"has-white-color more\" href=\"https:\/\/www.justice4all.org\/what-we-do\/\">Conoce m\u00e1s<\/a>\n                  <\/div>\n        <div class=\"col-xl-8 col-lg-7 col-md-6 col-sm-5\">\n          <img decoding=\"async\" src=\"https:\/\/www.justice4all.org\/wp-content\/uploads\/2023\/05\/Christopher-Rashad-Greene-Organizer-Legal-Aid-Justice-Center-scaled-1200x0-c-default.jpg\" alt=\"Christopher Rashad Greene - Organizador - Centro de Justicia de Asistencia Jur\u00eddica\" \/>\n        <\/div>\n      <\/div>\n      \n  <\/div>\n<\/div>\n\n\n\n<div id=\"block_474508e3a190a5d9f4a58fa6819ddfa3\" class=\"card-slider-block\">\n  <div class=\"container-fluid\">\n    <div class=\"cards-wrapper\">\n      <div class=\"cards has-7-cards\">\n                  <div>\n            <div class=\"card\">\n              <div class=\"card-img\">\n                <img decoding=\"async\" src=\"https:\/\/www.justice4all.org\/wp-content\/uploads\/2025\/02\/DESIGN_Rapid-Response-Toolkit-Highlight.jpg\" alt=\"\" \/>\n              <\/div>\n              <div class=\"card-content\">\n                <h3>HERRAMIENTAS DE RESPUESTA R\u00c1PIDA<\/h3>\n                <p>Aqu\u00ed encontrar\u00e1s recursos que te permitir\u00e1n prevenir y estar preparado para emergencias de inmigraci\u00f3n como redadas, visitas del ICE a tu casa, detenci\u00f3n o riesgo de deportaci\u00f3n.  <\/p>\n                <a class=\"more\" href=\"https:\/\/www.justice4all.org\/rapid-response-toolkit\/\">Conoce m\u00e1s<\/a>  \n              <\/div>\n            <\/div>\n          <\/div>\n                  <div>\n            <div class=\"card\">\n              <div class=\"card-img\">\n                <img decoding=\"async\" src=\"https:\/\/www.justice4all.org\/wp-content\/uploads\/2026\/01\/Homepage-section-2.png\" alt=\"\" \/>\n              <\/div>\n              <div class=\"card-content\">\n                <h3>Kit de herramientas SNAP<\/h3>\n                <p>El Programa de Asistencia Nutricional Complementaria (\u00abSNAP\u00bb) proporciona ayuda nutricional a las familias con bajos ingresos.<\/p>\n                <a class=\"more\" href=\"https:\/\/www.justice4all.org\/what-we-do\/healthcare-public-benefits\/snap-toolkit\/\">M\u00e1s informaci\u00f3n:  <\/a>  \n              <\/div>\n            <\/div>\n          <\/div>\n                  <div>\n            <div class=\"card\">\n              <div class=\"card-img\">\n                <img decoding=\"async\" src=\"https:\/\/www.justice4all.org\/wp-content\/uploads\/2026\/01\/Homepage-section-3.jpg\" alt=\"\" \/>\n              <\/div>\n              <div class=\"card-content\">\n                <h3>Un nuevo informe descubre 32 contratos estatales y locales del ICE en Virginia<\/h3>\n                <p>La colaboraci\u00f3n de las fuerzas de seguridad locales y estatales con el ICE es peligrosa, arriesgada y est\u00e1 rodeada de secretismo<\/p>\n                <a class=\"more\" href=\"https:\/\/www.justice4all.org\/news\/press-release-new-resource-reveals-32-state-and-local-government-contracts-with-ice-across-virginia\/\">M\u00e1s informaci\u00f3n:  <\/a>  \n              <\/div>\n            <\/div>\n          <\/div>\n                  <div>\n            <div class=\"card\">\n              <div class=\"card-img\">\n                <img decoding=\"async\" src=\"https:\/\/www.justice4all.org\/wp-content\/uploads\/2026\/01\/big-sq-equal-for-web-slider.png\" alt=\"\" \/>\n              <\/div>\n              <div class=\"card-content\">\n                <h3>Noticias de \u00faltima hora<\/h3>\n                <p>Moci\u00f3n de emergencia para defender la matr\u00edcula estatal para estudiantes inmigrantes presentada por el Centro de Ayuda Jur\u00eddica y Justicia, la ACLU de Virginia y el Dream Project.  <\/p>\n                <a class=\"more\" href=\"https:\/\/www.justice4all.org\/news\/press-release-emergency-motion-to-defend-in-state-tuition-for-immigrant-students\/\">Comunicado de prensa: Moci\u00f3n de urgencia para defender la matr\u00edcula estatal de los estudiantes inmigrantes<\/a>  \n              <\/div>\n            <\/div>\n          <\/div>\n                  <div>\n            <div class=\"card\">\n              <div class=\"card-img\">\n                <img decoding=\"async\" src=\"https:\/\/www.justice4all.org\/wp-content\/uploads\/2026\/01\/Homepage-section-1.png\" alt=\"\" \/>\n              <\/div>\n              <div class=\"card-content\">\n                <h3>Aprender en todas las lenguas<\/h3>\n                <p>Las aulas K-12 de Virginia tienen m\u00e1s diversidad ling\u00fc\u00edstica que nunca, pero miles de alumnos se quedan sin el apoyo que necesitan para triunfar.  <\/p>\n                <a class=\"more\" href=\"https:\/\/www.justice4all.org\/what-we-do\/youth-family-schools\/learning-in-every-language\/\">M\u00e1s informaci\u00f3n:  <\/a>  \n              <\/div>\n            <\/div>\n          <\/div>\n                  <div>\n            <div class=\"card\">\n              <div class=\"card-img\">\n                <img decoding=\"async\" src=\"https:\/\/www.justice4all.org\/wp-content\/uploads\/2025\/10\/Beige-Pink-Step-by-Step-Educational-Seamless-Instagram-Carousel-Post-1.png\" alt=\"\" \/>\n              <\/div>\n              <div class=\"card-content\">\n                <h3>ACTUALIZACI\u00d3N: Beneficios SNAP de noviembre - Anuncio del Gobernador<\/h3>\n                <p>El martes por la noche (28\/10\/2025), la oficina del Gobernador anunci\u00f3 ciertos detalles sobre c\u00f3mo planea garantizar que los virginianos que dependen de las prestaciones del SNAP puedan seguir teniendo acceso a una ayuda vital durante el cierre del gobierno federal.<\/p>\n                <a class=\"more\" href=\"https:\/\/www.justice4all.org\/news\/governor-youngkin-issues-state-of-emergency-as-snap-funding-questions-continue\/\">ACTUALIZADO: Informaci\u00f3n sobre los beneficios del SNAP de noviembre<\/a>  \n              <\/div>\n            <\/div>\n          <\/div>\n                  <div>\n            <div class=\"card\">\n              <div class=\"card-img\">\n                <img decoding=\"async\" src=\"https:\/\/www.justice4all.org\/wp-content\/uploads\/2023\/06\/headway-5QgIuuBxKwM-unsplash-scaled-1.jpg\" alt=\"\" \/>\n              <\/div>\n              <div class=\"card-content\">\n                <h3>\u00a1Estamos contratando!<\/h3>\n                <p>Trabajaremos juntos para lograr la justicia racial, la justicia social y la justicia econ\u00f3mica.<\/p>\n                <a class=\"more\" href=\"https:\/\/www.justice4all.org\/careers\/\">Buscar puestos vacantes<\/a>  \n              <\/div>\n            <\/div>\n          <\/div>\n              <\/div>\n      <div class=\"arrows\">\n        <span class=\"prev\"><\/span>\n        <div class=\"dots\"><\/div>\n        <span class=\"next\"><\/span>  \n      <\/div>\n    <\/div>\n  <\/div>\n<\/div>\n\n\n\n<div id=\"block_3036f0bbf8a43ec81e3c6fc46384ce50\" class=\"text-image-cta-block layout-secondary\">\n   <div class=\"container-fluid\">\n          <div class=\"row\">\n        <div class=\"col-xl-4 col-lg-5 col-md-6 col-sm-7\">\n                      <h2 class=\"has-white-color\">C\u00f3mo trabajamos<\/h2>\n          \n          \n                    <p class=\"has-white-color\">Luchamos por la justicia utilizando la <b>representaci\u00f3n directa, la organizaci\u00f3n comunitaria, los litigios de impacto, la defensa de pol\u00edticas y las relaciones<\/b> p\u00fablicas para promover los objetivos de la comunidad.&nbsp;&nbsp;<\/p>\n          \n                      <a class=\"has-white-color more\" href=\"https:\/\/www.justice4all.org\/how-we-work\/\">Conoce m\u00e1s<\/a>\n                  <\/div>\n        <div class=\"col-xl-8 col-lg-7 col-md-6 col-sm-5\">\n          <img decoding=\"async\" src=\"https:\/\/www.justice4all.org\/wp-content\/uploads\/2023\/04\/74531615_10157746776107579_7154111786403233792_n-1-1200x0-c-default.jpg\" alt=\"74531615_10157746776107579_7154111786403233792_n 1\" \/>\n        <\/div>\n      <\/div>\n      \n  <\/div>\n<\/div>\n\n\n\n\n<!-- check: https:\/\/timber.github.io\/docs\/guides\/acf-cookbook\/ -->\n\n<div id=\"block_43ad24bb6b75b502f1449c75f3c44bd1\" class=\"terms-list-block \">\n    \n<div class=\"issue-terms-list\">\n  <div class=\"container-fluid\">\n    <div class=\"row\">\n      <div class=\"col-12\">\n        <div class=\"list-container\">\n                                    <h4 class=\"list-title\">Los problemas<\/h4>\n                      \n            <ul class=\"terms_list\">\n                              <li class=\"item\" data-aos=\"slide-up\" data-aos-once=\"true\">\n                  <h5>Deuda m\u00e9dica y de consumo<\/h5>\n                  <p>Luchamos para proteger a los consumidores que han sido v\u00edctimas de empresas y prestamistas depredadores, proporcion\u00e1ndoles apoyo jur\u00eddico y abogando por reformas sist\u00e9micas.<\/p>\n                  <a class=\"more\" href=\"https:\/\/www.justice4all.org\/es\/what-we-do\/deuda-medica-y-de-consumo\/\">Learn more<\/a>\n                <\/li>\n                              <li class=\"item\" data-aos=\"slide-up\" data-aos-once=\"true\">\n                  <h5>Inmigraci\u00f3n<\/h5>\n                  <p>Trabajamos junto a las comunidades de inmigrantes para luchar contra la deportaci\u00f3n, la detenci\u00f3n y la separaci\u00f3n de las familias inmigrantes, poner fin a los abusos de ICE contra los inmigrantes e incluir a los j\u00f3venes inmigrantes en los beneficios estatales, como la matr\u00edcula estatal.<\/p>\n                  <a class=\"more\" href=\"https:\/\/www.justice4all.org\/es\/what-we-do\/immigration-es\/\">Learn more<\/a>\n                <\/li>\n                              <li class=\"item\" data-aos=\"slide-up\" data-aos-once=\"true\">\n                  <h5>Juventud, Familia y Escuelas<\/h5>\n                  <p>Brindamos servicios legales a j\u00f3venes y familias y abogamos por cambios que mantengan a los j\u00f3venes en la escuela, fuera de los sistemas penales legales y de bienestar infantil, y protegidos contra la discriminaci\u00f3n.<\/p>\n                  <a class=\"more\" href=\"https:\/\/www.justice4all.org\/es\/what-we-do\/youth-family-schools-es\/\">Learn more<\/a>\n                <\/li>\n                              <li class=\"item\" data-aos=\"slide-up\" data-aos-once=\"true\">\n                  <h5>Lugar de trabajo<\/h5>\n                  <p>Organizamos y litigamos en nombre de las comunidades de trabajadores migrantes, inmigrantes y de bajos ingresos en todo el Commonwealth para abogar por mejores salarios laborales y condiciones laborales a escala local, estatal y nacional.<\/p>\n                  <a class=\"more\" href=\"https:\/\/www.justice4all.org\/es\/what-we-do\/workplace-es\/\">Learn more<\/a>\n                <\/li>\n                              <li class=\"item\" data-aos=\"slide-up\" data-aos-once=\"true\">\n                  <h5>Sanidad y prestaciones p\u00fablicas<\/h5>\n                  <p>Promovemos la equidad sanitaria desmantelando las barreras legales y financieras que dificultan el acceso a la atenci\u00f3n sanitaria y protegiendo y promoviendo los derechos de las personas en la administraci\u00f3n de programas de prestaciones p\u00fablicas, como el desempleo, los cupones de alimentos, la asistencia en met\u00e1lico y el seguro de invalidez.<\/p>\n                  <a class=\"more\" href=\"https:\/\/www.justice4all.org\/es\/what-we-do\/sanidad-y-prestaciones-publicas\/\">Learn more<\/a>\n                <\/li>\n                              <li class=\"item\" data-aos=\"slide-up\" data-aos-once=\"true\">\n                  <h5>Sistema Jur\u00eddico Penal<\/h5>\n                  <p>Abogamos junto con aquellos afectados por el sistema legal penal contra los da\u00f1os de la polic\u00eda, el encarcelamiento y el sistema judicial.<\/p>\n                  <a class=\"more\" href=\"https:\/\/www.justice4all.org\/es\/what-we-do\/criminal-legal-system-es\/\">Learn more<\/a>\n                <\/li>\n                              <li class=\"item\" data-aos=\"slide-up\" data-aos-once=\"true\">\n                  <h5>Vivienda<\/h5>\n                  <p>Defendemos los derechos de los inquilinos, luchamos contra los desahucios masivos y desmantelamos las barreras legales y de otro tipo que impiden acceder a una vivienda segura y asequible.<\/p>\n                  <a class=\"more\" href=\"https:\/\/www.justice4all.org\/es\/what-we-do\/vivienda\/\">Learn more<\/a>\n                <\/li>\n                            \n                          <\/ul>\n                    \n                  <\/div>\n      <\/div>\n    <\/div>\n  <\/div>  \n<\/div>\n<\/div>\n\n\n\n\n<div id=\"block_b95fba7f5280dbe729c209edd388cfc4\" class=\"join-us-block\">\n  <div class=\"container-fluid\">\n    <div class=\"row\">\n      <div class=\"col-sm-6 col-lg-7\">\n        <h2>\u00danase a nosotros<\/h2>\n        \n        \n        <form novalidate class=\"needs-validation\">\n          <div class=\"row\">\n            <div class=\"col-lg-6 form-group\">\n              <label>Nombre<\/label>\n              <input type=\"text\" class=\"form-control\" placeholder=\"First name\" id=\"first-name\" name=\"first-name\" required>\n              <div class=\"invalid-feedback\">\n                El nombre es obligatorio\n              <\/div>          \n            <\/div>\n\n            <div class=\"col-lg-6 form-group\">\n              <label>Apellidos<\/label>\n              <input type=\"text\" class=\"form-control\" placeholder=\"Last name\" id=\"last-name\" name=\"last-name\" required>\n              <div class=\"invalid-feedback\">\n                El apellido es obligatorio\n              <\/div>          \n            <\/div>\n          <\/div>\n\n          <div class=\"form-group\">\n            <label for=\"email-address\">Env\u00eda un correo electr\u00f3nico a<\/label>\n            <input type=\"email\" class=\"form-control\" id=\"email-address\" name=\"email-address\" placeholder=\"Email\" required>\n            <div class=\"invalid-feedback\">\n              Introduce un correo electr\u00f3nico v\u00e1lido\n            <\/div>        \n          <\/div>\n\n                      <small>\n              <p>Al enviar este formulario das tu consentimiento para recibir comunicaciones de <br><span style=\"font-family: inherit\">Legal Aid Justice Center.<\/span><\/p>\n            <\/small>\n          \n          <button type=\"submit\" class=\"btn btn-primary\">Cuenten conmigo<\/button>\n        <\/form>\n      <\/div>\n      <div class=\"col-sm-6 col-lg-5\">\n        <div>\n          <img decoding=\"async\" src=\"https:\/\/www.justice4all.org\/wp-content\/uploads\/2023\/04\/74531615_10157746776107579_7154111786403233792_n_2-960x0-c-default.jpg\" alt=\"74531615_10157746776107579_7154111786403233792_n_2\" \/>\n        <\/div>\n      <\/div>\n    <\/div>\n  <\/div>\n<\/div>\n\n\n\n\n<!-- check: https:\/\/timber.github.io\/docs\/guides\/acf-cookbook\/ -->\n\n<!-- dbt-acf_gutenberg_blocks\/dbt-post-list\/template.twig -->\n\n<div id=\"block_1f9248c08937047f950bb1ffa9b615b0\" class=\"block_1f9248c08937047f950bb1ffa9b615b0 post_list_block  news_list_template_a\">\n\n  \n      <div class=\"container-fluid\">\n      <div class=\"underlined-title-with-icon\">\n                  <h4>\u00daltimas noticias<\/h4>\n        \n                  <a class=\"view-all\" href=\"\/news\/\">Ver todos<\/a>\n              <\/div>\n    <\/div>\n  \n\t    \n    \n<div class=\"list-container\">\n  <div class=\"results-area list news-list-a \" id=\"post_list_block_1f9248c08937047f950bb1ffa9b615b0\">\n    <div class=\"container-fluid\">\n                    \n        <div class=\"row\">\n                      <div class=\"col-md-6  item\">\n              <!-- news\/templates\/item.twig -->\n<div class=\"card\">\n  <div class=\"card-body\">\n\t\t<span class=\"news-date\">abril 9, 2026<\/span>\n\n\t\t<h2 class=\"news-title\"><a href=\"https:\/\/www.justice4all.org\/es\/news\/los-trabajadores-agricolas-incluidos-en-el-salario-minimo-de-virginia-tras-la-firma-de-la-ley-por-el-gobernador\/\">Los trabajadores agr\u00edcolas incluidos en el salario m\u00ednimo de Virginia tras la firma de la ley por el gobernador.<\/a><\/h2>\n\n\t\t\t\t\t\t\t\t\t\n\t\t<a class=\"more\" href=\"https:\/\/www.justice4all.org\/es\/news\/los-trabajadores-agricolas-incluidos-en-el-salario-minimo-de-virginia-tras-la-firma-de-la-ley-por-el-gobernador\/\">Leer m\u00e1s<\/a>\n  <\/div>\n<\/div>\n<!-- END news\/templates\/item.twig -->            <\/div>\n                      <div class=\"col-md-6  item\">\n              <!-- news\/templates\/item.twig -->\n<div class=\"card\">\n  <div class=\"card-body\">\n\t\t<span class=\"news-date\">marzo 31, 2026<\/span>\n\n\t\t<h2 class=\"news-title\"><a href=\"https:\/\/www.justice4all.org\/es\/news\/el-personal-del-centro-de-justicia-de-asistencia-juridica-recibe-el-reconocimiento-voluntario-y-se-convierte-en-el-primer-sindicato-de-asistencia-juridica-de-virginia\/\">El personal del Centro de Justicia de Asistencia Jur\u00eddica recibe el reconocimiento voluntario y se convierte en el primer sindicato de asistencia jur\u00eddica de Virginia<\/a><\/h2>\n\n\t\t\t\t\t\t\t\t\t\n\t\t<a class=\"more\" href=\"https:\/\/www.justice4all.org\/es\/news\/el-personal-del-centro-de-justicia-de-asistencia-juridica-recibe-el-reconocimiento-voluntario-y-se-convierte-en-el-primer-sindicato-de-asistencia-juridica-de-virginia\/\">Leer m\u00e1s<\/a>\n  <\/div>\n<\/div>\n<!-- END news\/templates\/item.twig -->            <\/div>\n                  <\/div>\n          <\/div>\n  <\/div>\n\n  <\/div>\n\n<\/div>\n\n<!-- dbt-acf_gutenberg_blocks\/dbt-post-list\/template.twig -->","protected":false},"excerpt":{"rendered":"","protected":false},"author":4,"featured_media":0,"parent":0,"menu_order":0,"comment_status":"closed","ping_status":"closed","template":"","meta":{"footnotes":""},"lajc-tax-roles":[],"lajc-tax-issues":[],"lajc-tax-locations":[],"class_list":["post-10444","page","type-page","status-publish","hentry"],"acf":[],"yoast_head":"<!-- This site is optimized with the Yoast SEO plugin v27.4 - https:\/\/yoast.com\/product\/yoast-seo-wordpress\/ -->\n<title>P\u00e1gina web - Legal Aid Justice Center<\/title>\n<meta name=\"robots\" content=\"index, follow, max-snippet:-1, max-image-preview:large, max-video-preview:-1\" \/>\n<link rel=\"canonical\" href=\"https:\/\/www.justice4all.org\/es\/\" \/>\n<meta property=\"og:locale\" content=\"es_ES\" \/>\n<meta property=\"og:type\" content=\"article\" \/>\n<meta property=\"og:title\" content=\"P\u00e1gina web - Legal Aid Justice Center\" \/>\n<meta property=\"og:url\" content=\"https:\/\/www.justice4all.org\/es\/\" \/>\n<meta property=\"og:site_name\" content=\"Legal Aid Justice Center\" \/>\n<meta property=\"article:modified_time\" content=\"2026-01-30T17:42:36+00:00\" \/>\n<meta name=\"twitter:card\" content=\"summary_large_image\" \/>\n<script type=\"application\/ld+json\" class=\"yoast-schema-graph\">{\"@context\":\"https:\\\/\\\/schema.org\",\"@graph\":[{\"@type\":\"WebPage\",\"@id\":\"https:\\\/\\\/www.justice4all.org\\\/es\\\/\",\"url\":\"https:\\\/\\\/www.justice4all.org\\\/es\\\/\",\"name\":\"P\u00e1gina web - Legal Aid Justice Center\",\"isPartOf\":{\"@id\":\"https:\\\/\\\/www.justice4all.org\\\/es\\\/#website\"},\"datePublished\":\"2023-03-30T03:02:55+00:00\",\"dateModified\":\"2026-01-30T17:42:36+00:00\",\"breadcrumb\":{\"@id\":\"https:\\\/\\\/www.justice4all.org\\\/es\\\/#breadcrumb\"},\"inLanguage\":\"es\",\"potentialAction\":[{\"@type\":\"ReadAction\",\"target\":[\"https:\\\/\\\/www.justice4all.org\\\/es\\\/\"]}]},{\"@type\":\"BreadcrumbList\",\"@id\":\"https:\\\/\\\/www.justice4all.org\\\/es\\\/#breadcrumb\",\"itemListElement\":[{\"@type\":\"ListItem\",\"position\":1,\"name\":\"Home\",\"item\":\"https:\\\/\\\/www.justice4all.org\\\/es\\\/\"},{\"@type\":\"ListItem\",\"position\":2,\"name\":\"P\u00e1gina web\"}]},{\"@type\":\"WebSite\",\"@id\":\"https:\\\/\\\/www.justice4all.org\\\/es\\\/#website\",\"url\":\"https:\\\/\\\/www.justice4all.org\\\/es\\\/\",\"name\":\"Legal Aid Justice Center\",\"description\":\"\",\"potentialAction\":[{\"@type\":\"SearchAction\",\"target\":{\"@type\":\"EntryPoint\",\"urlTemplate\":\"https:\\\/\\\/www.justice4all.org\\\/es\\\/?s={search_term_string}\"},\"query-input\":{\"@type\":\"PropertyValueSpecification\",\"valueRequired\":true,\"valueName\":\"search_term_string\"}}],\"inLanguage\":\"es\"}]}<\/script>\n<!-- \/ Yoast SEO plugin. -->","yoast_head_json":{"title":"P\u00e1gina web - Legal Aid Justice Center","robots":{"index":"index","follow":"follow","max-snippet":"max-snippet:-1","max-image-preview":"max-image-preview:large","max-video-preview":"max-video-preview:-1"},"canonical":"https:\/\/www.justice4all.org\/es\/","og_locale":"es_ES","og_type":"article","og_title":"P\u00e1gina web - Legal Aid Justice Center","og_url":"https:\/\/www.justice4all.org\/es\/","og_site_name":"Legal Aid Justice Center","article_modified_time":"2026-01-30T17:42:36+00:00","twitter_card":"summary_large_image","schema":{"@context":"https:\/\/schema.org","@graph":[{"@type":"WebPage","@id":"https:\/\/www.justice4all.org\/es\/","url":"https:\/\/www.justice4all.org\/es\/","name":"P\u00e1gina web - Legal Aid Justice Center","isPartOf":{"@id":"https:\/\/www.justice4all.org\/es\/#website"},"datePublished":"2023-03-30T03:02:55+00:00","dateModified":"2026-01-30T17:42:36+00:00","breadcrumb":{"@id":"https:\/\/www.justice4all.org\/es\/#breadcrumb"},"inLanguage":"es","potentialAction":[{"@type":"ReadAction","target":["https:\/\/www.justice4all.org\/es\/"]}]},{"@type":"BreadcrumbList","@id":"https:\/\/www.justice4all.org\/es\/#breadcrumb","itemListElement":[{"@type":"ListItem","position":1,"name":"Home","item":"https:\/\/www.justice4all.org\/es\/"},{"@type":"ListItem","position":2,"name":"P\u00e1gina web"}]},{"@type":"WebSite","@id":"https:\/\/www.justice4all.org\/es\/#website","url":"https:\/\/www.justice4all.org\/es\/","name":"Legal Aid Justice Center","description":"","potentialAction":[{"@type":"SearchAction","target":{"@type":"EntryPoint","urlTemplate":"https:\/\/www.justice4all.org\/es\/?s={search_term_string}"},"query-input":{"@type":"PropertyValueSpecification","valueRequired":true,"valueName":"search_term_string"}}],"inLanguage":"es"}]}},"_links":{"self":[{"href":"https:\/\/www.justice4all.org\/es\/wp-json\/wp\/v2\/pages\/10444","targetHints":{"allow":["GET"]}}],"collection":[{"href":"https:\/\/www.justice4all.org\/es\/wp-json\/wp\/v2\/pages"}],"about":[{"href":"https:\/\/www.justice4all.org\/es\/wp-json\/wp\/v2\/types\/page"}],"author":[{"embeddable":true,"href":"https:\/\/www.justice4all.org\/es\/wp-json\/wp\/v2\/users\/4"}],"replies":[{"embeddable":true,"href":"https:\/\/www.justice4all.org\/es\/wp-json\/wp\/v2\/comments?post=10444"}],"version-history":[{"count":0,"href":"https:\/\/www.justice4all.org\/es\/wp-json\/wp\/v2\/pages\/10444\/revisions"}],"wp:attachment":[{"href":"https:\/\/www.justice4all.org\/es\/wp-json\/wp\/v2\/media?parent=10444"}],"wp:term":[{"taxonomy":"lajc-tax-roles","embeddable":true,"href":"https:\/\/www.justice4all.org\/es\/wp-json\/wp\/v2\/lajc-tax-roles?post=10444"},{"taxonomy":"lajc-tax-issues","embeddable":true,"href":"https:\/\/www.justice4all.org\/es\/wp-json\/wp\/v2\/lajc-tax-issues?post=10444"},{"taxonomy":"lajc-tax-locations","embeddable":true,"href":"https:\/\/www.justice4all.org\/es\/wp-json\/wp\/v2\/lajc-tax-locations?post=10444"}],"curies":[{"name":"wp","href":"https:\/\/api.w.org\/{rel}","templated":true}]}}